{"id":107,"date":"2023-10-10T20:57:50","date_gmt":"2023-10-10T20:57:50","guid":{"rendered":"https:\/\/licencegrid.com\/?post_type=product&#038;p=107"},"modified":"2025-05-07T12:07:10","modified_gmt":"2025-05-07T12:07:10","slug":"adobe-acrobat-pro-dc-1-jaar-1-gebruiker-pc-mac","status":"publish","type":"product","link":"https:\/\/licencegrid.com\/de\/produkt\/adobe-acrobat-pro-dc-1-jaar-1-gebruiker-pc-mac\/","title":{"rendered":"Adobe Acrobat Professional 2020 - MacOS\/Windows"},"content":{"rendered":"<p>Adobe Acrobat Pro DC ist die am weitesten verbreitete PDF-Software f\u00fcr den privaten und professionellen Einsatz. Mit dieser umfassenden PDF-Verschl\u00fcsselung k\u00f6nnen Sie problemlos Dokumente erstellen, bearbeiten, konvertieren und ausgeben und haben die volle Kontrolle \u00fcber Ihre digitalen Dokumente und Arbeitsabl\u00e4ufe. Ob Sie nun in einem Unternehmen, als Freiberufler oder als Angestellter arbeiten, Adobe Acrobat Pro DC bietet Ihnen die Werkzeuge, die Sie ben\u00f6tigen, um effizienter zu arbeiten und professionelle Dokumente zu erstellen.<\/p>\n<p><strong>Wichtigste Hinweise:<\/strong><\/p>\n<ol>\n<li><strong>PDF-Erstellung und -Bearbeitung:<\/strong> Mit Adobe Acrobat Pro DC k\u00f6nnen Sie PDF-Dokumente in verschiedenen Formaten erstellen und diese an andere Anwendungen anpassen. Sie k\u00f6nnen Dokumente erstellen, verwalten oder bearbeiten, Seiten erstellen und vieles mehr - alles mit der intuitiven Adobe-Oberfl\u00e4che.<\/li>\n<li><strong>Krachtige Konvertierungswerkzeuge:<\/strong> Konvertieren Sie PDF-Dokumente in andere Formate wie Word, Excel oder PowerPoint und profitieren Sie dabei von der hohen Qualit\u00e4t und Offenheit Ihrer Dokumente.<\/li>\n<li><strong>Dokumentenbeveiligung:<\/strong> Bescherm vertrouwelijke informatie met geavanceerde beveiligingsfuncties. Adobe Acrobat Pro DC eignet sich hervorragend zum Eintragen von Texten, zum Kennenlernen von Funktionen, zum Erstellen von digitalen Handb\u00fcchern und zum Versenden von Dokumenten f\u00fcr die Zusammenarbeit.<\/li>\n<li><strong>Effici\u00ebnt samenwerken:<\/strong> Verbessern Sie die Zusammenarbeit innerhalb von Teams mit Opmerkingen, Markeringen und Revisietools. Sie k\u00f6nnen eenvoudig feedback verzamelen en wijzigingen bijhouden, waardoor het revisieproces gestroomlijnd wordt.<\/li>\n<li><strong>Integratie met cloudopslag:<\/strong> Adobe Acrobat Pro DC l\u00e4sst sich nahtlos in die Adobe Document Cloud integrieren, mit der Sie Dokumente in der Cloud speichern und abrufen k\u00f6nnen. Das macht es einfach, einen Gesamt\u00fcbergang zu den eigenen Best\u00e4nden zu schaffen, ohne dass ein anderes Ger\u00e4t verwendet werden muss.<\/li>\n<li><strong>Mobiele toegang:<\/strong> Mit der Adobe Acrobat Reader-App haben Sie einen umfassenden Zugang zu Ihren PDF-Dokumenten. Sie k\u00f6nnen Dokumente auf Ihrem mobilen Ger\u00e4t bekijken, bearbeiten und weiterverarbeiten.<\/li>\n<\/ol>\n<p>Adobe Acrobat Pro DC bietet die Werkzeuge, die Sie ben\u00f6tigen, um Ihre Dokumente zu bearbeiten und professionelle Ergebnisse zu erzielen. Ob Sie nun PDFs erstellen, bearbeiten, konvertieren oder anzeigen lassen, diese Software ist f\u00fcr professionelle Anwender, die mit digitalen Dokumenten arbeiten, unerl\u00e4sslich. Sie unterst\u00fctzt Sie dabei, Ihre Produktivit\u00e4t zu steigern und Dokumente von hoher Qualit\u00e4t zu erstellen. Nutzen Sie die Vorteile von Adobe Acrobat Pro DC und bringen Sie Ihre Dokumente auf ein h\u00f6heres Niveau.<\/p>","protected":false},"excerpt":{"rendered":"<p>Adobe Acrobat Pro DC ist die am weitesten verbreitete PDF-Software f\u00fcr den privaten und professionellen Einsatz. Mit dieser umfassenden PDF-Verschl\u00fcsselung k\u00f6nnen Sie problemlos Dokumente erstellen, bearbeiten, konvertieren und ausgeben und haben die volle Kontrolle \u00fcber Ihre digitalen Dokumente und Arbeitsabl\u00e4ufe. Ob Sie nun in einem Unternehmen, als Freiberufler oder als Angestellter arbeiten, Adobe Acrobat Pro DC bietet Ihnen die Werkzeuge, die Sie ben\u00f6tigen, um effizienter zu arbeiten und professionelle Dokumente zu erstellen.<\/p>\n<h5><img decoding=\"async\" class=\"wp-image-38007 alignnone\" src=\"https:\/\/licencegrid.com\/wp-content\/uploads\/2022\/02\/blue-mark.png\" alt=\"\" width=\"25\" height=\"25\" srcset=\"https:\/\/licencegrid.com\/wp-content\/uploads\/2022\/02\/blue-mark.png 225w, https:\/\/licencegrid.com\/wp-content\/uploads\/2022\/02\/blue-mark-150x150.png 150w\" sizes=\"(max-width: 25px) 100vw, 25px\" \/>\u00a0<strong>Goedkoop en simpel software aanschaffen!<br \/>\n<\/strong><img decoding=\"async\" class=\"wp-image-38007 alignnone\" src=\"https:\/\/licencegrid.com\/wp-content\/uploads\/2022\/02\/blue-mark.png\" alt=\"\" width=\"25\" height=\"25\" srcset=\"https:\/\/licencegrid.com\/wp-content\/uploads\/2022\/02\/blue-mark.png 225w, https:\/\/licencegrid.com\/wp-content\/uploads\/2022\/02\/blue-mark-150x150.png 150w\" sizes=\"(max-width: 25px) 100vw, 25px\" \/>\u00a0<strong>Innerhalb weniger Sekunden, digitaal geleverd!<br \/>\n<\/strong><img decoding=\"async\" class=\"wp-image-38007 alignnone\" src=\"https:\/\/licencegrid.com\/wp-content\/uploads\/2022\/02\/blue-mark.png\" alt=\"\" width=\"25\" height=\"25\" srcset=\"https:\/\/licencegrid.com\/wp-content\/uploads\/2022\/02\/blue-mark.png 225w, https:\/\/licencegrid.com\/wp-content\/uploads\/2022\/02\/blue-mark-150x150.png 150w\" sizes=\"(max-width: 25px) 100vw, 25px\" \/>\u00a0<strong>Niet goed = Geld terug!<br \/>\n<\/strong><img decoding=\"async\" class=\"wp-image-38007 alignnone\" src=\"https:\/\/licencegrid.com\/wp-content\/uploads\/2022\/02\/blue-mark.png\" alt=\"\" width=\"25\" height=\"25\" srcset=\"https:\/\/licencegrid.com\/wp-content\/uploads\/2022\/02\/blue-mark.png 225w, https:\/\/licencegrid.com\/wp-content\/uploads\/2022\/02\/blue-mark-150x150.png 150w\" sizes=\"(max-width: 25px) 100vw, 25px\" \/> Klantenservice bis 23:00 Uhr bereikbaar!<br \/>\n<img decoding=\"async\" class=\"wp-image-38007 alignnone\" src=\"https:\/\/licencegrid.com\/wp-content\/uploads\/2022\/02\/blue-mark.png\" alt=\"\" width=\"25\" height=\"25\" srcset=\"https:\/\/licencegrid.com\/wp-content\/uploads\/2022\/02\/blue-mark.png 225w, https:\/\/licencegrid.com\/wp-content\/uploads\/2022\/02\/blue-mark-150x150.png 150w\" sizes=\"(max-width: 25px) 100vw, 25px\" \/> Vertrouwd kopen bij een Nederlandse webshop met een webshop keurmerk!<\/h5>\n<h3><\/h3>","protected":false},"featured_media":38908,"template":"","meta":{"inline_featured_image":false},"product_brand":[],"product_cat":[19],"product_tag":[],"class_list":{"0":"post-107","1":"product","2":"type-product","3":"status-publish","4":"has-post-thumbnail","6":"product_cat-multimedia","8":"first","9":"instock","10":"sale","11":"taxable","12":"shipping-taxable","13":"purchasable","14":"product-type-simple"},"_links":{"self":[{"href":"https:\/\/licencegrid.com\/de\/wp-json\/wp\/v2\/product\/107","targetHints":{"allow":["GET"]}}],"collection":[{"href":"https:\/\/licencegrid.com\/de\/wp-json\/wp\/v2\/product"}],"about":[{"href":"https:\/\/licencegrid.com\/de\/wp-json\/wp\/v2\/types\/product"}],"wp:featuredmedia":[{"embeddable":true,"href":"https:\/\/licencegrid.com\/de\/wp-json\/wp\/v2\/media\/38908"}],"wp:attachment":[{"href":"https:\/\/licencegrid.com\/de\/wp-json\/wp\/v2\/media?parent=107"}],"wp:term":[{"taxonomy":"product_brand","embeddable":true,"href":"https:\/\/licencegrid.com\/de\/wp-json\/wp\/v2\/product_brand?post=107"},{"taxonomy":"product_cat","embeddable":true,"href":"https:\/\/licencegrid.com\/de\/wp-json\/wp\/v2\/product_cat?post=107"},{"taxonomy":"product_tag","embeddable":true,"href":"https:\/\/licencegrid.com\/de\/wp-json\/wp\/v2\/product_tag?post=107"}],"curies":[{"name":"wp","href":"https:\/\/api.w.org\/{rel}","templated":true}]}}