{"id":14,"date":"2022-02-26T09:21:11","date_gmt":"2022-02-26T09:21:11","guid":{"rendered":"https:\/\/licencegrid.com\/?post_type=product&#038;p=14"},"modified":"2025-05-07T11:46:59","modified_gmt":"2025-05-07T11:46:59","slug":"windows-10-pro","status":"publish","type":"product","link":"https:\/\/licencegrid.com\/de\/produkt\/windows-10-pro\/","title":{"rendered":"Windows 10\/11 ( home - pro ) Lizenz auf Lebenszeit"},"content":{"rendered":"<h3 class=\"wp-block-heading\"><strong>\ud83e\ude9f \u00dcbertragbare vs. nicht \u00fcbertragbare Windows-Lizenz - Vollst\u00e4ndiger Vergleich<\/strong><\/h3>\n\n\n\n<figure class=\"wp-block-table\"><table class=\"has-fixed-layout\"><tbody><tr><td><strong>Merkmal<\/strong><\/td><td><strong>\u00dcbertragbare Lizenz<\/strong><\/td><td><strong>nicht - \u00fcbertragbare Lizenz<\/strong><\/td><\/tr><tr><td><strong>\u00dcbertragbar auf einen anderen PC<\/strong><\/td><td><strong>\u2705 Ja<\/strong><\/td><td><strong>Nein - gebunden an das erste Ger\u00e4t, auf dem es aktiviert wird<\/strong><\/td><\/tr><tr><td><strong>Kann mit jedem Microsoft-Konto verkn\u00fcpft werden<\/strong><\/td><td><strong>\u2705 Ja<\/strong><\/td><td><strong>\u274c Nein<\/strong><\/td><\/tr><tr><td><strong>Reaktivierung nach Hardwarewechsel<\/strong><\/td><td><strong>\u2705 Einfach \u00fcber Aktivierungs-Troubleshooter<\/strong><\/td><td><strong>\u274c Scheitert oft - neue Lizenz kann erforderlich sein<\/strong><\/td><\/tr><tr><td><strong>Preisgestaltung<\/strong><\/td><td><strong>\ud83d\udcb0 H\u00f6her (aber flexibler)<\/strong><\/td><td><strong>\ud83d\udcb0 Niedriger (aber gesperrt)<\/strong><\/td><\/tr><\/tbody><\/table><\/figure>\n\n\n\n<p><\/p>\n\n\n\n<p><\/p>\n\n\n\n<h3 class=\"wp-block-heading\"><strong>Warum Sie noch heute auf die Pro-Version upgraden sollten\u00a0<\/strong><\/h3>\n\n\n\n<figure class=\"wp-block-table\"><table class=\"has-fixed-layout\"><tbody><tr><td><strong>Merkmal<\/strong><\/td><td><strong>Windows Startseite<\/strong><\/td><td><strong>Windows Pro<\/strong><\/td><\/tr><tr><td><strong>BitLocker-Verschl\u00fcsselung<\/strong><\/td><td>\u274c Nicht verf\u00fcgbar<\/td><td>\u2705 Eingeschlossen<\/td><\/tr><tr><td><strong>Entfernter Desktop (Host)<\/strong><\/td><td>\u274c Host nicht m\u00f6glich<\/td><td>\u2705 Kann Fernverbindungen aufnehmen<\/td><\/tr><tr><td><strong>Gruppenrichtlinien-Editor<\/strong><\/td><td>\u274c Nicht verf\u00fcgbar<\/td><td>\u2705 Eingeschlossen<\/td><\/tr><tr><td><strong>Dom\u00e4nenbeitritt \/ Azure AD Beitritt<\/strong><\/td><td>\u274c Nicht unterst\u00fctzt<\/td><td>\u2705 Unterst\u00fctzt<\/td><\/tr><tr><td><strong>Windows-Sandkasten\/Hyper-V<\/strong><\/td><td>\u274c Nicht unterst\u00fctzt<\/td><td>\u2705 Verf\u00fcgbar (f\u00fcr Virtualisierung und Tests)<\/td><\/tr><tr><td><strong>Zugewiesener Zugang \/ Kiosk-Modus<\/strong><\/td><td>\u274c Nicht verf\u00fcgbar<\/td><td>\u2705 Verf\u00fcgbar<\/td><\/tr><tr><td><strong>Windows Update f\u00fcr Unternehmen<\/strong><\/td><td>\u274c Nicht enthalten<\/td><td>\u2705 Eingeschlossen<\/td><\/tr><tr><td><strong>Maximale RAM-Unterst\u00fctzung<\/strong><\/td><td>Bis zu 128 GB (Win 11)<\/td><td>Bis zu 2 TB (Win 11)<br><br><br><br><\/td><\/tr><\/tbody><\/table><\/figure>\n\n\n\n<h4 class=\"wp-block-heading\"><strong>\u26a0\ufe0f Wichtig:<\/strong><\/h4>\n\n\n\n<ul class=\"wp-block-list\">\n<li><strong>Dies ist ein digitales Produkt - es wird kein physisches Produkt versandt.<\/strong><\/li>\n<\/ul>\n\n\n\n<p><\/p>","protected":false},"excerpt":{"rendered":"<h3><b>\u2705Was ist im Lieferumfang enthalten:<\/b><\/h3>\n<ul>\n<li aria-level=\"1\"><b>Echter Windows-Lizenzschl\u00fcssel\u00a0<\/b><\/li>\n<\/ul>\n<ul>\n<li aria-level=\"1\"><b>Sofortige E-Mail-Zustellung<\/b><\/li>\n<\/ul>\n<ul>\n<li aria-level=\"1\"><b>Schritt-f\u00fcr-Schritt-Anleitung zur Aktivierung<\/b><\/li>\n<\/ul>\n<ul>\n<li aria-level=\"1\"><b>24 Stunden freundlicher Kundensupport bei Bedarf<\/b><\/li>\n<\/ul>\n<p>&nbsp;<\/p>","protected":false},"featured_media":51858,"template":"","meta":{"inline_featured_image":false},"product_brand":[],"product_cat":[16],"product_tag":[],"class_list":{"0":"post-14","1":"product","2":"type-product","3":"status-publish","4":"has-post-thumbnail","6":"product_cat-operation-system","8":"first","9":"instock","10":"taxable","11":"shipping-taxable","12":"purchasable","13":"product-type-variable"},"_links":{"self":[{"href":"https:\/\/licencegrid.com\/de\/wp-json\/wp\/v2\/product\/14","targetHints":{"allow":["GET"]}}],"collection":[{"href":"https:\/\/licencegrid.com\/de\/wp-json\/wp\/v2\/product"}],"about":[{"href":"https:\/\/licencegrid.com\/de\/wp-json\/wp\/v2\/types\/product"}],"wp:featuredmedia":[{"embeddable":true,"href":"https:\/\/licencegrid.com\/de\/wp-json\/wp\/v2\/media\/51858"}],"wp:attachment":[{"href":"https:\/\/licencegrid.com\/de\/wp-json\/wp\/v2\/media?parent=14"}],"wp:term":[{"taxonomy":"product_brand","embeddable":true,"href":"https:\/\/licencegrid.com\/de\/wp-json\/wp\/v2\/product_brand?post=14"},{"taxonomy":"product_cat","embeddable":true,"href":"https:\/\/licencegrid.com\/de\/wp-json\/wp\/v2\/product_cat?post=14"},{"taxonomy":"product_tag","embeddable":true,"href":"https:\/\/licencegrid.com\/de\/wp-json\/wp\/v2\/product_tag?post=14"}],"curies":[{"name":"wp","href":"https:\/\/api.w.org\/{rel}","templated":true}]}}