{"id":22,"date":"2023-10-10T21:00:15","date_gmt":"2023-10-10T21:00:15","guid":{"rendered":"https:\/\/licencegrid.com\/?post_type=product&#038;p=22"},"modified":"2023-10-19T22:37:40","modified_gmt":"2023-10-19T22:37:40","slug":"office-2013-home-and-business","status":"publish","type":"product","link":"https:\/\/licencegrid.com\/de\/produkt\/office-2013-home-and-business\/","title":{"rendered":"Office 2013 Home und Business"},"content":{"rendered":"<p><strong>Office 2013 Home und Business<\/strong><\/p>\n<p>Office Home &amp; Business 2013 wurde entwickelt, um schneller zu arbeiten und zu kommunizieren, mit neuen, sparsamen Funktionen und einer einfachen, modernen Benutzeroberfl\u00e4che. Au\u00dferdem k\u00f6nnen Sie Ihre Dokumente mit SkyDrive in der Cloud speichern, so dass Sie immer auf dem neuesten Stand sind.<\/p>\n<p>Kenmerken<br \/>\n- Installatietaal: Nederlands- Languagepacks voor diverse Europese talen beschikbaar, instructies worden meegeleverd<br \/>\n- Das Paket enth\u00e4lt Word, Excel, PowerPoint, OneNote und Outlook<\/p>\n<p><strong>Systeemeisen<\/strong><br \/>\nPlattform<br \/>\nWindows<br \/>\nInnerst\u00e4dtische Bestattungssysteme<br \/>\nWindows 7 (32-Bit oder 64-Bit)<br \/>\nWindows 8 (32-Bit oder 64-Bit)<br \/>\nWindows 8.1 (32-Bit oder 64-Bit)<br \/>\nWindows 10 (32-Bit oder 64-Bit)<br \/>\nWindows Server 2008 R2 (64-Bit)<br \/>\nWindows Server 2012 (64-Bit)<br \/>\nProzessor<br \/>\nx86- oder x64-Prozessor mit 1 Gigahertz (GHz) und SSE2-Instructieset<\/p>\n<p>Werkgehege<br \/>\n1 GB RAM (32 Bit)<br \/>\n2 GB RAM (64 Bit)<br \/>\nSchijfruimte<br \/>\n3 GB<br \/>\nGrafische kaart<br \/>\nF\u00fcr die Grafik-Hardware-Beschleunigung ist DirectX 10 mit einer kompatiblen Grafikkarte und einem Display mit einer Aufl\u00f6sung von 1024 x 576 verf\u00fcgbar.<br \/>\nGeluidskaart<br \/>\n\/<\/p>","protected":false},"excerpt":{"rendered":"<p>Office Home &amp; Business 2013 wurde entwickelt, um schneller zu arbeiten und zu kommunizieren, mit neuen, \u00fcbersichtlichen Funktionen und einer klaren, modernen Benutzerf\u00fchrung.<\/p>\n<h5><img decoding=\"async\" class=\"wp-image-38007 alignnone\" src=\"https:\/\/licencegrid.com\/wp-content\/uploads\/2022\/02\/blue-mark.png\" alt=\"\" width=\"25\" height=\"25\" srcset=\"https:\/\/licencegrid.com\/wp-content\/uploads\/2022\/02\/blue-mark.png 225w, https:\/\/licencegrid.com\/wp-content\/uploads\/2022\/02\/blue-mark-150x150.png 150w\" sizes=\"(max-width: 25px) 100vw, 25px\" \/>\u00a0<strong>Goedkoop en simpel software aanschaffen!<br \/>\n<\/strong><img decoding=\"async\" class=\"wp-image-38007 alignnone\" src=\"https:\/\/licencegrid.com\/wp-content\/uploads\/2022\/02\/blue-mark.png\" alt=\"\" width=\"25\" height=\"25\" srcset=\"https:\/\/licencegrid.com\/wp-content\/uploads\/2022\/02\/blue-mark.png 225w, https:\/\/licencegrid.com\/wp-content\/uploads\/2022\/02\/blue-mark-150x150.png 150w\" sizes=\"(max-width: 25px) 100vw, 25px\" \/>\u00a0<strong>Innerhalb weniger Sekunden, digitaal geleverd!<br \/>\n<\/strong><img decoding=\"async\" class=\"wp-image-38007 alignnone\" src=\"https:\/\/licencegrid.com\/wp-content\/uploads\/2022\/02\/blue-mark.png\" alt=\"\" width=\"25\" height=\"25\" srcset=\"https:\/\/licencegrid.com\/wp-content\/uploads\/2022\/02\/blue-mark.png 225w, https:\/\/licencegrid.com\/wp-content\/uploads\/2022\/02\/blue-mark-150x150.png 150w\" sizes=\"(max-width: 25px) 100vw, 25px\" \/>\u00a0<strong>Niet goed = Geld terug!<br \/>\n<\/strong><img decoding=\"async\" class=\"wp-image-38007 alignnone\" src=\"https:\/\/licencegrid.com\/wp-content\/uploads\/2022\/02\/blue-mark.png\" alt=\"\" width=\"25\" height=\"25\" srcset=\"https:\/\/licencegrid.com\/wp-content\/uploads\/2022\/02\/blue-mark.png 225w, https:\/\/licencegrid.com\/wp-content\/uploads\/2022\/02\/blue-mark-150x150.png 150w\" sizes=\"(max-width: 25px) 100vw, 25px\" \/> Klantenservice bis 23:00 Uhr bereikbaar!<br \/>\n<img decoding=\"async\" class=\"wp-image-38007 alignnone\" src=\"https:\/\/licencegrid.com\/wp-content\/uploads\/2022\/02\/blue-mark.png\" alt=\"\" width=\"25\" height=\"25\" srcset=\"https:\/\/licencegrid.com\/wp-content\/uploads\/2022\/02\/blue-mark.png 225w, https:\/\/licencegrid.com\/wp-content\/uploads\/2022\/02\/blue-mark-150x150.png 150w\" sizes=\"(max-width: 25px) 100vw, 25px\" \/> Vertrouwd kopen bij een Nederlandse webshop met een webshop keurmerk!<\/h5>\n<h3><\/h3>","protected":false},"featured_media":53,"template":"","meta":{"inline_featured_image":false},"product_brand":[],"product_cat":[17],"product_tag":[],"class_list":{"0":"post-22","1":"product","2":"type-product","3":"status-publish","4":"has-post-thumbnail","6":"product_cat-microsoft-office","8":"first","9":"instock","10":"sale","11":"taxable","12":"shipping-taxable","13":"purchasable","14":"product-type-simple"},"_links":{"self":[{"href":"https:\/\/licencegrid.com\/de\/wp-json\/wp\/v2\/product\/22","targetHints":{"allow":["GET"]}}],"collection":[{"href":"https:\/\/licencegrid.com\/de\/wp-json\/wp\/v2\/product"}],"about":[{"href":"https:\/\/licencegrid.com\/de\/wp-json\/wp\/v2\/types\/product"}],"wp:featuredmedia":[{"embeddable":true,"href":"https:\/\/licencegrid.com\/de\/wp-json\/wp\/v2\/media\/53"}],"wp:attachment":[{"href":"https:\/\/licencegrid.com\/de\/wp-json\/wp\/v2\/media?parent=22"}],"wp:term":[{"taxonomy":"product_brand","embeddable":true,"href":"https:\/\/licencegrid.com\/de\/wp-json\/wp\/v2\/product_brand?post=22"},{"taxonomy":"product_cat","embeddable":true,"href":"https:\/\/licencegrid.com\/de\/wp-json\/wp\/v2\/product_cat?post=22"},{"taxonomy":"product_tag","embeddable":true,"href":"https:\/\/licencegrid.com\/de\/wp-json\/wp\/v2\/product_tag?post=22"}],"curies":[{"name":"wp","href":"https:\/\/api.w.org\/{rel}","templated":true}]}}