{"id":34,"date":"2023-10-10T21:00:58","date_gmt":"2023-10-10T21:00:58","guid":{"rendered":"https:\/\/licencegrid.com\/?post_type=product&#038;p=34"},"modified":"2023-10-19T22:37:55","modified_gmt":"2023-10-19T22:37:55","slug":"adobe-photoshop-cs6","status":"publish","type":"product","link":"https:\/\/licencegrid.com\/de\/produkt\/adobe-photoshop-cs6\/","title":{"rendered":"Adobe Photoshop CS6"},"content":{"rendered":"<p><strong>Adobe Photoshop CS6<\/strong><\/p>\n<p>&nbsp;<\/p>\n<p><strong>Adobe Creative Suite 6 Photoshop<\/strong><\/p>\n<p>Die Adobe Creative Suite 6 Design Standard bietet Ihnen mit der neuen Mercury Graphics Engine in Adobe Photoshop\u00ae und dem Mercury Performance System in Adobe Illustrator ein H\u00f6chstma\u00df an kreativen M\u00f6glichkeiten. Mit Adobe Photoshop k\u00f6nnen Sie neue Projekte erstellen, z. B. Videos, und mit Adobe InDesign auf iPads und anderen Tablets arbeiten. Versnelreden terugkerende verbeterd voor afdrukproductie met tientallen tijdbesparende verbeteringen.<\/p>\n<p><strong>Bekijk de best nieuwe functies in CS6 Design Standard<\/strong><\/p>\n<p>Werk supersnel aan complexe bestanden dankzij de Adobe Mercury Graphics Engine in Photoshop * en het Mercury Performance System in Illustrator. Bespaar tijd met saaie product ontwikkeld door tientallen verbeteringen InDesign om rijkelijk eBooks of publications for the iPad en andere tablets on the stellen.<\/p>\n<p><strong>Was man machen kann, muss man wissen<\/strong><\/p>\n<p>Lever buitengewone resultsaten met de ultieme werkset voor drukwerkontwerpen en digital publicaties. Digitale Bilder, Vektorgrafiken und Seiten f\u00fcr Drucksachen, eBooks und iPad-Publikationen erstellen.<\/p>\n<p><strong>Bitte beachten Sie, welche Zeitspanne Sie mit der CS5 \u00fcberbr\u00fcckt haben.<\/strong><\/p>\n<p>Wir bieten Ihnen einen \u00dcberblick \u00fcber die wichtigsten neuen und verbesserten Funktionen in Photoshop, Illustrator und InDesign.<\/p>\n<p><strong>Snellere ontwerptaken in Photoshop<\/strong><\/p>\n<p>Verfijn detailsnel met nieuwe en opnieuw gemaakte gereedschappen. Passieren Sie Techniken, verwenden Sie Vektorlagen, um Objekte zuzuordnen und an Vektorobjekte zu verlinken, erstellen Sie angepasste und gebrochene Linien, suchen Sie schnell nach Lagen und vieles mehr.<\/p>\n<p><strong>Illustraties overtrekken in Illustrator<\/strong><\/p>\n<p>Konvertieren Sie Rasterbilder in bearbeitbare Vektoren mit einer v\u00f6llig neuen Engine f\u00fcr das \u00dcbertragen von Bildern. Behaal zuivere lijnen, schoonstellingen en goede resultaten zonder complexe besturingselementen.<\/p>\n<p><strong>Alternatieve Gestaltung in InDesign<\/strong><\/p>\n<p>Erstellen und Anzeigen von Dokumenten mit Hilfe von alternativen Layouts, die den Inhalt der Seite platzieren und mit anderen Seitenformaten, St\u00e4nden oder Ger\u00e4ten synchronisiert werden k\u00f6nnen.<\/p>\n<p><strong>Videobearbeitung in Photoshop<\/strong><\/p>\n<p>Bewerken Sie Videos in Photoshop und f\u00fcgen Sie sie in Ihre digitalen Bearbeitungsprojekte ein. Kombinieren Sie kleine Videofragmente und stilistische Elemente mit Hilfe von \u00dcberg\u00e4ngen, Audio und Effekten, wie z.B. Pannen und Zoomen.<\/p>\n<p><strong>Verbreitete Autokorrekturen in Photoshop<\/strong><\/p>\n<p>Verbeter Curven, Niveaus en Helderheid \/ Kontrast. Eine h\u00f6here Intelligenz der Hand sorgt f\u00fcr eine st\u00e4rkere Unterst\u00fctzung bei der Erstellung von Passagen.<\/p>\n<p><strong>Schlankes Anpassen an den Tekstkader in InDesign<\/strong><\/p>\n<p>Stellen Sie den Kader mit Hilfe von verschiedenen Parametern so ein, dass er bei Bedarf vergroten werden kann, wenn die Technik in Betrieb ist. Lassen Sie den Kader automatisch vergroten und verkleinern f\u00fcr Kopteksten, toelichtingen oder andere eigentijdse inhoud.<\/p>\n<p><strong>Vullen met behoud van inhoud in Photoshop<\/strong><\/p>\n<p>Verwidern Sie ein bestimmtes Detail des Objekts und sehen Sie, wie mit der Funktion \"Vullen\" im Inneren des Objekts die leuchtenden Farben auf eine wunderbare Art und Weise dargestellt werden. Stem belichting, kleurtoon en ruis zo op elkaar, dat het ook de verwijderde inhoud nooit in de afbeelding stond.<\/p>\n<p><strong>\u00a0<\/strong><\/p>","protected":false},"excerpt":{"rendered":"<h5><img decoding=\"async\" class=\"wp-image-38007 alignnone\" src=\"https:\/\/licencegrid.com\/wp-content\/uploads\/2022\/02\/blue-mark.png\" alt=\"\" width=\"25\" height=\"25\" srcset=\"https:\/\/licencegrid.com\/wp-content\/uploads\/2022\/02\/blue-mark.png 225w, https:\/\/licencegrid.com\/wp-content\/uploads\/2022\/02\/blue-mark-150x150.png 150w\" sizes=\"(max-width: 25px) 100vw, 25px\" \/>\u00a0<strong>Goedkoop en simpel software aanschaffen!<br \/>\n<\/strong><img decoding=\"async\" class=\"wp-image-38007 alignnone\" src=\"https:\/\/licencegrid.com\/wp-content\/uploads\/2022\/02\/blue-mark.png\" alt=\"\" width=\"25\" height=\"25\" srcset=\"https:\/\/licencegrid.com\/wp-content\/uploads\/2022\/02\/blue-mark.png 225w, https:\/\/licencegrid.com\/wp-content\/uploads\/2022\/02\/blue-mark-150x150.png 150w\" sizes=\"(max-width: 25px) 100vw, 25px\" \/>\u00a0<strong>Innerhalb weniger Sekunden, digitaal geleverd!<br \/>\n<\/strong><img decoding=\"async\" class=\"wp-image-38007 alignnone\" src=\"https:\/\/licencegrid.com\/wp-content\/uploads\/2022\/02\/blue-mark.png\" alt=\"\" width=\"25\" height=\"25\" srcset=\"https:\/\/licencegrid.com\/wp-content\/uploads\/2022\/02\/blue-mark.png 225w, https:\/\/licencegrid.com\/wp-content\/uploads\/2022\/02\/blue-mark-150x150.png 150w\" sizes=\"(max-width: 25px) 100vw, 25px\" \/>\u00a0<strong>Niet goed = Geld terug!<br \/>\n<\/strong><img decoding=\"async\" class=\"wp-image-38007 alignnone\" src=\"https:\/\/licencegrid.com\/wp-content\/uploads\/2022\/02\/blue-mark.png\" alt=\"\" width=\"25\" height=\"25\" srcset=\"https:\/\/licencegrid.com\/wp-content\/uploads\/2022\/02\/blue-mark.png 225w, https:\/\/licencegrid.com\/wp-content\/uploads\/2022\/02\/blue-mark-150x150.png 150w\" sizes=\"(max-width: 25px) 100vw, 25px\" \/> Klantenservice bis 23:00 Uhr bereikbaar!<br \/>\n<img decoding=\"async\" class=\"wp-image-38007 alignnone\" src=\"https:\/\/licencegrid.com\/wp-content\/uploads\/2022\/02\/blue-mark.png\" alt=\"\" width=\"25\" height=\"25\" srcset=\"https:\/\/licencegrid.com\/wp-content\/uploads\/2022\/02\/blue-mark.png 225w, https:\/\/licencegrid.com\/wp-content\/uploads\/2022\/02\/blue-mark-150x150.png 150w\" sizes=\"(max-width: 25px) 100vw, 25px\" \/> Vertrouwd kopen bij een Nederlandse webshop met een webshop keurmerk!<\/h5>\n<h3><\/h3>","protected":false},"featured_media":75,"template":"","meta":{"inline_featured_image":false},"product_brand":[],"product_cat":[19],"product_tag":[],"class_list":{"0":"post-34","1":"product","2":"type-product","3":"status-publish","4":"has-post-thumbnail","6":"product_cat-multimedia","8":"first","9":"outofstock","10":"sale","11":"taxable","12":"shipping-taxable","13":"purchasable","14":"product-type-simple"},"_links":{"self":[{"href":"https:\/\/licencegrid.com\/de\/wp-json\/wp\/v2\/product\/34","targetHints":{"allow":["GET"]}}],"collection":[{"href":"https:\/\/licencegrid.com\/de\/wp-json\/wp\/v2\/product"}],"about":[{"href":"https:\/\/licencegrid.com\/de\/wp-json\/wp\/v2\/types\/product"}],"wp:featuredmedia":[{"embeddable":true,"href":"https:\/\/licencegrid.com\/de\/wp-json\/wp\/v2\/media\/75"}],"wp:attachment":[{"href":"https:\/\/licencegrid.com\/de\/wp-json\/wp\/v2\/media?parent=34"}],"wp:term":[{"taxonomy":"product_brand","embeddable":true,"href":"https:\/\/licencegrid.com\/de\/wp-json\/wp\/v2\/product_brand?post=34"},{"taxonomy":"product_cat","embeddable":true,"href":"https:\/\/licencegrid.com\/de\/wp-json\/wp\/v2\/product_cat?post=34"},{"taxonomy":"product_tag","embeddable":true,"href":"https:\/\/licencegrid.com\/de\/wp-json\/wp\/v2\/product_tag?post=34"}],"curies":[{"name":"wp","href":"https:\/\/api.w.org\/{rel}","templated":true}]}}