{"id":37,"date":"2023-10-10T20:56:38","date_gmt":"2023-10-10T20:56:38","guid":{"rendered":"https:\/\/licencegrid.com\/?post_type=product&#038;p=37"},"modified":"2023-10-28T18:14:43","modified_gmt":"2023-10-28T18:14:43","slug":"mcafee-internet-security-10pc-1-jaar","status":"publish","type":"product","link":"https:\/\/licencegrid.com\/de\/produkt\/mcafee-internet-security-10pc-1-jaar\/","title":{"rendered":"McAfee Internet Security 10PC - 1 JAAR"},"content":{"rendered":"<p>McAfee Internet Security ist ein umfassendes Sicherheitsprogramm, das speziell auf die Bed\u00fcrfnisse Ihrer Online-Erfahrung zugeschnitten ist. Mit einer 1-Jahres-Lizenz f\u00fcr 10 PCs sind Sie ein Jahr lang vor einer Vielzahl von Online-Bedrohungen gesch\u00fctzt, darunter Viren, Malware, Phishing-Angriffe und vieles mehr.<\/p>\n<p><strong>Belangrijkste Kenmerken:<\/strong> McAfee Internet Security bietet eine Vielzahl von M\u00f6glichkeiten, um zu erkennen und zu vermeiden, was zu tun ist:<\/p>\n<ul>\n<li><strong>Antivirus und Antispyware:<\/strong> Bescherm je PC tegen virussen, malware en spyware om je gegevens en privacy veilig te houden.<\/li>\n<li><strong>Firewall:<\/strong> Stellen Sie den Zugang zu Ihrem System sicher und sorgen Sie daf\u00fcr, dass Ihr Netzwerk f\u00fcr einen reibungslosen Online-Einsatz zur Verf\u00fcgung steht.<\/li>\n<li><strong>Antiphishing:<\/strong> Erkennen und blockieren Sie Phishing-Plagiate, um zu verhindern, dass Ihre pers\u00f6nlichen Daten in falsche H\u00e4nde geraten.<\/li>\n<li><strong>Bescherming van Financi\u00eble Transacties:<\/strong> Beveilig je online betalingen en banktransacties met extra beschermingslagen.<\/li>\n<li><strong>Beveiligde Browsen:<\/strong> Geniet van veilig browsing met realtime bescherming tegen gevaarlijke websites en downloads.<\/li>\n<li><strong>Geoptimaliseerd Systeemgebruik:<\/strong> McAfee's beveiligingsoplossing heeft minimale invloed op systeemprestaties voor een soepele ervaring.<\/li>\n<\/ul>\n<p><strong>Kompatibilit\u00e4t:<\/strong> McAfee Internet Security ist mit Windows-Bestandsf\u00fchrungssystemen kompatibel und kann problemlos mit der besten Software und den besten Programmen kombiniert werden.<\/p>\n<p><strong>Systeemvereisten:<\/strong> Um McAfee Internet Security zu installieren und zu verwenden, m\u00fcssen Sie einen Computer mit den folgenden minimalen Systemanforderungen konfigurieren:<\/p>\n<ul>\n<li><strong>Best\u00e4tigungssystem:<\/strong> Windows 7\/8\/10.<\/li>\n<li><strong>Prozessor:<\/strong> 1 GHz von sneller.<\/li>\n<li><strong>Geheugen (RAM):<\/strong> Mindestens 2 GB RAM.<\/li>\n<li><strong>Vaste schijf:<\/strong> Mindestens 500 MB Speicherplatz.<\/li>\n<li><strong>Internet-Verbindung:<\/strong> F\u00fcr die Aktivierung und Aktualisierung.<\/li>\n<\/ul>","protected":false},"excerpt":{"rendered":"<p>McAfee Internet Security ist ein umfassendes Sicherheitsprogramm, das speziell auf die Bed\u00fcrfnisse Ihrer Online-Erfahrung zugeschnitten ist. Mit einer 1-Jahres-Lizenz f\u00fcr 10 PCs sind Sie ein Jahr lang vor einer Vielzahl von Online-Bedrohungen gesch\u00fctzt, darunter Viren, Malware, Phishing-Angriffe und vieles mehr.<\/p>\n<h5><img decoding=\"async\" class=\"wp-image-38007 alignnone\" src=\"https:\/\/licencegrid.com\/wp-content\/uploads\/2022\/02\/blue-mark.png\" alt=\"\" width=\"25\" height=\"25\" srcset=\"https:\/\/licencegrid.com\/wp-content\/uploads\/2022\/02\/blue-mark.png 225w, https:\/\/licencegrid.com\/wp-content\/uploads\/2022\/02\/blue-mark-150x150.png 150w\" sizes=\"(max-width: 25px) 100vw, 25px\" \/>\u00a0<strong>Goedkoop en simpel software aanschaffen!<br \/>\n<\/strong><img decoding=\"async\" class=\"wp-image-38007 alignnone\" src=\"https:\/\/licencegrid.com\/wp-content\/uploads\/2022\/02\/blue-mark.png\" alt=\"\" width=\"25\" height=\"25\" srcset=\"https:\/\/licencegrid.com\/wp-content\/uploads\/2022\/02\/blue-mark.png 225w, https:\/\/licencegrid.com\/wp-content\/uploads\/2022\/02\/blue-mark-150x150.png 150w\" sizes=\"(max-width: 25px) 100vw, 25px\" \/>\u00a0<strong>Innerhalb weniger Sekunden, digitaal geleverd!<br \/>\n<\/strong><img decoding=\"async\" class=\"wp-image-38007 alignnone\" src=\"https:\/\/licencegrid.com\/wp-content\/uploads\/2022\/02\/blue-mark.png\" alt=\"\" width=\"25\" height=\"25\" srcset=\"https:\/\/licencegrid.com\/wp-content\/uploads\/2022\/02\/blue-mark.png 225w, https:\/\/licencegrid.com\/wp-content\/uploads\/2022\/02\/blue-mark-150x150.png 150w\" sizes=\"(max-width: 25px) 100vw, 25px\" \/>\u00a0<strong>Niet goed = Geld terug!<br \/>\n<\/strong><img decoding=\"async\" class=\"wp-image-38007 alignnone\" src=\"https:\/\/licencegrid.com\/wp-content\/uploads\/2022\/02\/blue-mark.png\" alt=\"\" width=\"25\" height=\"25\" srcset=\"https:\/\/licencegrid.com\/wp-content\/uploads\/2022\/02\/blue-mark.png 225w, https:\/\/licencegrid.com\/wp-content\/uploads\/2022\/02\/blue-mark-150x150.png 150w\" sizes=\"(max-width: 25px) 100vw, 25px\" \/> Klantenservice bis 23:00 Uhr bereikbaar!<br \/>\n<img decoding=\"async\" class=\"wp-image-38007 alignnone\" src=\"https:\/\/licencegrid.com\/wp-content\/uploads\/2022\/02\/blue-mark.png\" alt=\"\" width=\"25\" height=\"25\" srcset=\"https:\/\/licencegrid.com\/wp-content\/uploads\/2022\/02\/blue-mark.png 225w, https:\/\/licencegrid.com\/wp-content\/uploads\/2022\/02\/blue-mark-150x150.png 150w\" sizes=\"(max-width: 25px) 100vw, 25px\" \/> Vertrouwd kopen bij een Nederlandse webshop met een webshop keurmerk!<\/h5>","protected":false},"featured_media":72,"template":"","meta":{"inline_featured_image":false},"product_brand":[],"product_cat":[18],"product_tag":[],"class_list":{"0":"post-37","1":"product","2":"type-product","3":"status-publish","4":"has-post-thumbnail","6":"product_cat-antivirus","8":"first","9":"instock","10":"sale","11":"taxable","12":"shipping-taxable","13":"purchasable","14":"product-type-simple"},"_links":{"self":[{"href":"https:\/\/licencegrid.com\/de\/wp-json\/wp\/v2\/product\/37","targetHints":{"allow":["GET"]}}],"collection":[{"href":"https:\/\/licencegrid.com\/de\/wp-json\/wp\/v2\/product"}],"about":[{"href":"https:\/\/licencegrid.com\/de\/wp-json\/wp\/v2\/types\/product"}],"wp:featuredmedia":[{"embeddable":true,"href":"https:\/\/licencegrid.com\/de\/wp-json\/wp\/v2\/media\/72"}],"wp:attachment":[{"href":"https:\/\/licencegrid.com\/de\/wp-json\/wp\/v2\/media?parent=37"}],"wp:term":[{"taxonomy":"product_brand","embeddable":true,"href":"https:\/\/licencegrid.com\/de\/wp-json\/wp\/v2\/product_brand?post=37"},{"taxonomy":"product_cat","embeddable":true,"href":"https:\/\/licencegrid.com\/de\/wp-json\/wp\/v2\/product_cat?post=37"},{"taxonomy":"product_tag","embeddable":true,"href":"https:\/\/licencegrid.com\/de\/wp-json\/wp\/v2\/product_tag?post=37"}],"curies":[{"name":"wp","href":"https:\/\/api.w.org\/{rel}","templated":true}]}}