{"id":51846,"date":"2025-05-07T11:19:30","date_gmt":"2025-05-07T11:19:30","guid":{"rendered":"https:\/\/licencegrid.com\/?post_type=product&#038;p=51846"},"modified":"2025-05-07T11:22:03","modified_gmt":"2025-05-07T11:22:03","slug":"microsoft-office-professional-plus-2024-for-windows","status":"publish","type":"product","link":"https:\/\/licencegrid.com\/de\/produkt\/microsoft-office-professional-plus-2024-for-windows\/","title":{"rendered":"Microsoft Office Professional Plus 2024 f\u00fcr Windows"},"content":{"rendered":"<p><\/p>\n\n\n\n<p><\/p>\n\n\n\n<h3 class=\"wp-block-heading\"><strong>Microsoft Office 2024 - Lizenzvergleich<\/strong><\/h3>\n\n\n\n<figure class=\"wp-block-table\"><table class=\"has-fixed-layout\"><tbody><tr><td><strong>Ausgabe<\/strong><\/td><td><strong>Gebunden an ein Microsoft-Konto?<\/strong><\/td><td><strong>\u00dcbertragbar auf einen anderen PC?<\/strong><\/td><td><strong>G\u00fcltigkeit\/Abonnement<\/strong><\/td><td><strong>Enthaltene Apps<\/strong><\/td><\/tr><tr><td><a href=\"https:\/\/keyupmart.com\/product\/microsoft-office-2024-home-for-mac\/\">B\u00fcro 2024 Startseite<\/a><\/td><td><img decoding=\"async\" alt=\"\u2705\" src=\"https:\/\/lh7-rt.googleusercontent.com\/docsz\/AD_4nXeeM6JqiqdRzoIVG-Eno-Bu3QNA-G9J8chlF1DZKVO9FfAtTIlmXw8GBRVoZ_AxDb8UGlTMWnFeR9t4GA84rYmPLY-mYZutLjiFQtk3symlD6CBxkxt8D_JM-9DQEZbw7YXLCC3Qw?key=ZEq9EJ2Ghj5RLTZI0cDDDw\" width=\"19\" height=\"19\"> Ja<\/td><td><img decoding=\"async\" alt=\"\u2705\" src=\"https:\/\/lh7-rt.googleusercontent.com\/docsz\/AD_4nXfnwLjrwuK6NoCMP7r-YA1qki5QXDX5uBA3W_I4cEGaQnBoMR4kZQKlPmaw5PqKwGOEqAlFvsTklLuPBYKTDOohD4ra096hCFkF5mdZmwT56U-Ed4ukprMIcCi5T6ZLCIi4T_pWZg?key=ZEq9EJ2Ghj5RLTZI0cDDDw\" width=\"19\" height=\"19\"> Ja<\/td><td>Einmalig\/Lebenslang<\/td><td>Word, Excel, PowerPoint, OneNote<\/td><\/tr><tr><td><a href=\"https:\/\/keyupmart.com\/product\/microsoft-office-2024-home-business-for-mac\/\">B\u00fcro 2024 Home &amp; Business<\/a><\/td><td><img decoding=\"async\" alt=\"\u2705\" src=\"https:\/\/lh7-rt.googleusercontent.com\/docsz\/AD_4nXfcihwDucxfkuSPALbaklch0O5ntrtl4c_jJCjevCeCS0mPVnERKKyqdHmpK2CSUQtELnfss6LhafDEmOsUBqKLut6VnqCyv3pENmYCj7ztuK3Pf1_Ng5qG63UDhRevw2rCFkHL?key=ZEq9EJ2Ghj5RLTZI0cDDDw\" width=\"19\" height=\"19\"> Ja<\/td><td><img loading=\"lazy\" decoding=\"async\" alt=\"\u2705\" src=\"https:\/\/lh7-rt.googleusercontent.com\/docsz\/AD_4nXfBEAEB2R5P69hVuB_qDs4c0XuZZWez9Hce-dz8N7-rx_QqmwmtpR8T_NyYeG1cOj7tuZZtt1ZzGScyfUWb3nelVZqn6W8LFCo_UNErkTE_BtCneCxwrNTl83QUmmxN6DISd8nW?key=ZEq9EJ2Ghj5RLTZI0cDDDw\" width=\"19\" height=\"19\"> Ja<\/td><td>Einmalig\/Lebenslang<\/td><td>Word, Excel, PowerPoint, OneNote, Outlook<\/td><\/tr><tr><td>Office 2024 professional plus<a href=\"https:\/\/keyupmart.com\/product\/microsoft-office-2024-standard-ltsc-for-mac\/\"> <\/a>( Fenster)<\/td><td><img loading=\"lazy\" decoding=\"async\" alt=\"\u274c\" src=\"https:\/\/lh7-rt.googleusercontent.com\/docsz\/AD_4nXf0NcHBmksHfJgD9C9rKJ9s87_L2Qi7muLS-wAH5YHRD9prXaPgm5yxPhXkowuNpZ4q8f80KrnrjdIJ3PGXg3qr--4sc2BnhJY6NU84fG6WTGngKQDfEFn92338Kx_rE0ykx6BczQ?key=ZEq9EJ2Ghj5RLTZI0cDDDw\" width=\"19\" height=\"19\"> Nein<\/td><td><img loading=\"lazy\" decoding=\"async\" alt=\"\u274c\" src=\"https:\/\/lh7-rt.googleusercontent.com\/docsz\/AD_4nXfcJG6p4ZsYQCZ24TvD8IxqWE4WPyp99SDWxy6S4LIvKu01fcrBBGQe2RFud3QlmY4u0oZoR65xksgOyAfymJ6I9DU64vvmfhQcBadftP1wNTU18QG7EiYNRguVilCSFFq_pE-28g?key=ZEq9EJ2Ghj5RLTZI0cDDDw\" width=\"19\" height=\"19\"> Nein<\/td><td>Einmalig\/Lebenslang (Einzel-PC)<\/td><td>Word, Excel, PowerPoint, OneNote, access, Outlook&nbsp;<\/td><\/tr><tr><td>Office 2024 professional plus<a href=\"https:\/\/keyupmart.com\/product\/microsoft-office-2024-standard-ltsc-for-mac\/\"> <\/a>( mac )<\/td><td><img loading=\"lazy\" decoding=\"async\" alt=\"\u274c\" src=\"https:\/\/lh7-rt.googleusercontent.com\/docsz\/AD_4nXf0NcHBmksHfJgD9C9rKJ9s87_L2Qi7muLS-wAH5YHRD9prXaPgm5yxPhXkowuNpZ4q8f80KrnrjdIJ3PGXg3qr--4sc2BnhJY6NU84fG6WTGngKQDfEFn92338Kx_rE0ykx6BczQ?key=ZEq9EJ2Ghj5RLTZI0cDDDw\" width=\"19\" height=\"19\"> Nein<\/td><td><img loading=\"lazy\" decoding=\"async\" alt=\"\u274c\" src=\"https:\/\/lh7-rt.googleusercontent.com\/docsz\/AD_4nXfcJG6p4ZsYQCZ24TvD8IxqWE4WPyp99SDWxy6S4LIvKu01fcrBBGQe2RFud3QlmY4u0oZoR65xksgOyAfymJ6I9DU64vvmfhQcBadftP1wNTU18QG7EiYNRguVilCSFFq_pE-28g?key=ZEq9EJ2Ghj5RLTZI0cDDDw\" width=\"19\" height=\"19\"> Nein<\/td><td>Einmalig\/Lebenslang (Einzel-PC)<\/td><td>Word, Excel, PowerPoint, OneNote, Microsoft Defender, Outlook&nbsp;<\/td><\/tr><\/tbody><\/table><\/figure>\n\n\n\n<h4 class=\"wp-block-heading\"><img loading=\"lazy\" decoding=\"async\" alt=\"\u2699\ufe0f\" src=\"https:\/\/lh7-rt.googleusercontent.com\/docsz\/AD_4nXeWIfOY-ixWHvXI-TFCpRtC1RHNFvpHHFglrlze8cNGG3uQuBtHoYVcbwPNU-130cORbXFBcKrnzZyAt7tgF-LmW1hpM8WRS7urZJa7BjVShqQ3KA89Ao0SwNaPbfRaUE7S_9n6oQ?key=ZEq9EJ2Ghj5RLTZI0cDDDw\" width=\"24\" height=\"24\"><strong> Details zum Produkt<\/strong><\/h4>\n\n\n\n<ul class=\"wp-block-list\">\n<li><strong>Kompatibilit\u00e4t:<\/strong> Windows 11 &amp; Windows 10 <\/li>\n\n\n\n<li><strong>Anmerkung:<\/strong> Nicht kompatibel mit Windows 7 oder 8. Verwenden Sie Office 2016 Pro Plus f\u00fcr diese Systeme.<\/li>\n\n\n\n<li><strong>Lieferung:<\/strong> Digitaler Download per E-Mail - sofort (innerhalb von 1 Minute), einfach den Gutschein einl\u00f6sen&nbsp;<\/li>\n\n\n\n<li><strong>Aktivierung:<\/strong> Einmalige Aktivierung - Lebenslanger Zugang f\u00fcr 1 PC<\/li>\n\n\n\n<li><strong>Sprachen:<\/strong> Mehrsprachig - alle Sprachen werden unterst\u00fctzt<\/li>\n<\/ul>\n\n\n\n<p><strong>Aktualisierungen:<\/strong> St\u00e4ndige Aktualisierungen enthalten<\/p>\n\n\n\n<p><\/p>\n\n\n\n<h4 class=\"wp-block-heading\"><img loading=\"lazy\" decoding=\"async\" alt=\"\u26a0\ufe0f\" src=\"https:\/\/lh7-rt.googleusercontent.com\/docsz\/AD_4nXdIgjgg7loqjBUmqGOy6Ww730AUbEKbejyLql8RZ--o1MKtX7yV6fPbZx3vNqoPDoYmz4YzqJx0F0_dvBUodDJtH4qdpvwzGirkaz62rXQ1VhZJG6QMonPjGoS5zqRIDyBPf1pe?key=ZEq9EJ2Ghj5RLTZI0cDDDw\" width=\"24\" height=\"24\"><strong> Wichtige Hinweise<\/strong><\/h4>\n\n\n\n<p>Wenn Sie Ihren Schl\u00fcssel \u00fcber die Microsoft-Website einl\u00f6sen m\u00f6chten (<a href=\"https:\/\/setup.office.com\/),\">https:\/\/setup.office.com\/),<\/a> Die Office LTSC-Editionen m\u00fcssen direkt \u00fcber die Office-Anwendung und nicht \u00fcber das Online-Portal aktiviert werden.<\/p>\n\n\n\n<p><\/p>","protected":false},"excerpt":{"rendered":"<h4><b>Was Sie erhalten werden<\/b><\/h4>\n<ul>\n<li style=\"font-weight: 400;\" aria-level=\"1\"><span style=\"font-weight: 400;\"> Aktivierungsschl\u00fcssel<\/span><\/li>\n<li style=\"font-weight: 400;\" aria-level=\"1\"><span style=\"font-weight: 400;\"> Link zum Herunterladen<\/span><\/li>\n<li style=\"font-weight: 400;\" aria-level=\"1\"><span style=\"font-weight: 400;\"> Vollst\u00e4ndige Installationsanleitung<\/span><\/li>\n<\/ul>","protected":false},"featured_media":51847,"template":"","meta":{"inline_featured_image":false},"product_brand":[],"product_cat":[17],"product_tag":[],"class_list":{"0":"post-51846","1":"product","2":"type-product","3":"status-publish","4":"has-post-thumbnail","6":"product_cat-microsoft-office","8":"first","9":"instock","10":"taxable","11":"shipping-taxable","12":"purchasable","13":"product-type-simple"},"_links":{"self":[{"href":"https:\/\/licencegrid.com\/de\/wp-json\/wp\/v2\/product\/51846","targetHints":{"allow":["GET"]}}],"collection":[{"href":"https:\/\/licencegrid.com\/de\/wp-json\/wp\/v2\/product"}],"about":[{"href":"https:\/\/licencegrid.com\/de\/wp-json\/wp\/v2\/types\/product"}],"wp:featuredmedia":[{"embeddable":true,"href":"https:\/\/licencegrid.com\/de\/wp-json\/wp\/v2\/media\/51847"}],"wp:attachment":[{"href":"https:\/\/licencegrid.com\/de\/wp-json\/wp\/v2\/media?parent=51846"}],"wp:term":[{"taxonomy":"product_brand","embeddable":true,"href":"https:\/\/licencegrid.com\/de\/wp-json\/wp\/v2\/product_brand?post=51846"},{"taxonomy":"product_cat","embeddable":true,"href":"https:\/\/licencegrid.com\/de\/wp-json\/wp\/v2\/product_cat?post=51846"},{"taxonomy":"product_tag","embeddable":true,"href":"https:\/\/licencegrid.com\/de\/wp-json\/wp\/v2\/product_tag?post=51846"}],"curies":[{"name":"wp","href":"https:\/\/api.w.org\/{rel}","templated":true}]}}