{"id":51872,"date":"2025-05-07T13:11:31","date_gmt":"2025-05-07T13:11:31","guid":{"rendered":"https:\/\/licencegrid.com\/?post_type=product&#038;p=51872"},"modified":"2025-05-07T13:13:27","modified_gmt":"2025-05-07T13:13:27","slug":"autocad-2025-3-year-subscription-multi-device-access-license-linked-to-your-email","status":"publish","type":"product","link":"https:\/\/licencegrid.com\/de\/produkt\/autocad-2025-3-year-subscription-multi-device-access-license-linked-to-your-email\/","title":{"rendered":"AutoCAD 2025 - 3-Jahres-Abonnement | Multi-Device-Zugang | Lizenz an Ihre E-Mail gebunden"},"content":{"rendered":"<h3 class=\"wp-block-heading\"><strong>AutoCAD 2025 - 3-Jahres-Abonnement (E-Mail-Einladung - Multi-Device-Zugang)<\/strong><\/h3>\n\n\n\n<p>Sch\u00f6pfen Sie die volle Leistung von <strong>AutoCAD 2025<\/strong> mit unserem <strong>Offizieller 3-Jahres-Abonnementplan<\/strong> - per Einladung direkt an Ihre E-Mail zugestellt. Perfekt f\u00fcr Fachleute, Studenten, Architekten und Ingenieure, die eine <strong>zuverl\u00e4ssige und langfristige CAD-L\u00f6sung<\/strong>.<\/p>\n\n\n\n<hr class=\"wp-block-separator has-alpha-channel-opacity\"\/>\n\n\n\n<h4 class=\"wp-block-heading\">\u2705 <strong>Was Sie bekommen:<\/strong><\/h4>\n\n\n\n<ul class=\"wp-block-list\">\n<li><strong>Offizielle 3-Jahres-AutoCAD-Lizenz<\/strong> - Zustellung an Ihre E-Mail<\/li>\n\n\n\n<li><strong>Privater Zugang per E-Mail-Einladung<\/strong> (Keine gemeinsamen Konten)<\/li>\n\n\n\n<li><strong>Multi-Device-Nutzung<\/strong> - Gleichzeitige Aktivierung auf mehreren Ger\u00e4ten<\/li>\n\n\n\n<li><strong>Alle Funktionen von AutoCAD 2025<\/strong> - Umfasst 2D\/3D-Design, Dokumentationswerkzeuge und mehr<\/li>\n\n\n\n<li>Kompatibel mit <strong>Windows und macOS<\/strong><\/li>\n\n\n\n<li>Direkt von der offiziellen Plattform von Autodesk<\/li>\n\n\n\n<li>Sicher, privat und voll funktionsf\u00e4hig<\/li>\n<\/ul>\n\n\n\n<hr class=\"wp-block-separator has-alpha-channel-opacity\"\/>\n\n\n\n<h4 class=\"wp-block-heading\">\u2705<strong>Wie es funktioniert:<\/strong><\/h4>\n\n\n\n<ol class=\"wp-block-list\">\n<li>Senden Sie uns nach dem Kauf Ihre E-Mail-Adresse.<\/li>\n\n\n\n<li>Wir werden Sie direkt einladen, auf Ihre AutoCAD-Lizenz zuzugreifen.<\/li>\n\n\n\n<li>Nehmen Sie die Einladung an, und verwenden Sie AutoCAD auf allen Ihren Ger\u00e4ten.<\/li>\n\n\n\n<li>Genie\u00dfen Sie <strong>3 volle Jahre ununterbrochener Zugang<\/strong> - keine monatlichen Geb\u00fchren, keine Tests.<\/li>\n<\/ol>\n\n\n\n<hr class=\"wp-block-separator has-alpha-channel-opacity\"\/>\n\n\n\n<h4 class=\"wp-block-heading\">\u2705Ideal f\u00fcr:<\/h4>\n\n\n\n<ul class=\"wp-block-list\">\n<li>Architekten und Ingenieure<\/li>\n\n\n\n<li>Innenarchitekten<\/li>\n\n\n\n<li>Produktdesigner<\/li>\n\n\n\n<li>Studenten und P\u00e4dagogen<\/li>\n\n\n\n<li>Baufachmann<\/li>\n<\/ul>\n\n\n\n<p>\u26a0\ufe0f <strong>Zeitlich begrenztes Angebot<\/strong> - Profitieren Sie von unserem Sonderpreis und genie\u00dfen Sie 3 Jahre lang ein professionelles AutoCAD-Erlebnis.<\/p>","protected":false},"excerpt":{"rendered":"<p>\u2714\ufe0f100% Originalversion ohne Crack \u2714\ufe0fRuns F\u00fcr Windows-PC und Mac \u2714\ufe0fDownload Produkt(e) von der offiziellen Website von Autodesk \u2714\ufe0f Kann auf mehreren Ger\u00e4ten verwendet werden \u2714\ufe0f Wir f\u00fcgen Ihre E-Mail zum System hinzu und Sie erhalten eine Einladung, um auf Ihre Lizenz zuzugreifen.<\/p>","protected":false},"featured_media":51875,"template":"","meta":{"inline_featured_image":false},"product_brand":[],"product_cat":[30],"product_tag":[],"class_list":{"0":"post-51872","1":"product","2":"type-product","3":"status-publish","4":"has-post-thumbnail","6":"product_cat-autodesk","8":"first","9":"instock","10":"taxable","11":"shipping-taxable","12":"purchasable","13":"product-type-simple"},"_links":{"self":[{"href":"https:\/\/licencegrid.com\/de\/wp-json\/wp\/v2\/product\/51872","targetHints":{"allow":["GET"]}}],"collection":[{"href":"https:\/\/licencegrid.com\/de\/wp-json\/wp\/v2\/product"}],"about":[{"href":"https:\/\/licencegrid.com\/de\/wp-json\/wp\/v2\/types\/product"}],"wp:featuredmedia":[{"embeddable":true,"href":"https:\/\/licencegrid.com\/de\/wp-json\/wp\/v2\/media\/51875"}],"wp:attachment":[{"href":"https:\/\/licencegrid.com\/de\/wp-json\/wp\/v2\/media?parent=51872"}],"wp:term":[{"taxonomy":"product_brand","embeddable":true,"href":"https:\/\/licencegrid.com\/de\/wp-json\/wp\/v2\/product_brand?post=51872"},{"taxonomy":"product_cat","embeddable":true,"href":"https:\/\/licencegrid.com\/de\/wp-json\/wp\/v2\/product_cat?post=51872"},{"taxonomy":"product_tag","embeddable":true,"href":"https:\/\/licencegrid.com\/de\/wp-json\/wp\/v2\/product_tag?post=51872"}],"curies":[{"name":"wp","href":"https:\/\/api.w.org\/{rel}","templated":true}]}}