{"id":51893,"date":"2025-05-09T15:46:43","date_gmt":"2025-05-09T15:46:43","guid":{"rendered":"https:\/\/licencegrid.com\/?post_type=product&#038;p=51893"},"modified":"2025-05-09T15:47:11","modified_gmt":"2025-05-09T15:47:11","slug":"microsoft-windows-server-2019-2025-standard-datacenter-editions","status":"publish","type":"product","link":"https:\/\/licencegrid.com\/de\/produkt\/microsoft-windows-server-2019-2025-standard-datacenter-editions\/","title":{"rendered":"Microsoft Windows Server 2019-2025 | Standard &amp; Datacenter Editionen\u00a0"},"content":{"rendered":"<h4 class=\"wp-block-heading\"><\/h4>\n\n\n\n<p><\/p>\n\n\n\n<h4 class=\"wp-block-heading\">Standard vs. Datacenter \u2013 Key Differences<\/h4>\n\n\n\n<figure class=\"wp-block-table\"><table class=\"has-fixed-layout\"><thead><tr><th>Merkmal<\/th><th>Standard<\/th><th>Datacenter<\/th><\/tr><\/thead><tbody><tr><td>Cost<\/td><td>Lower \u2013 for small\/medium use<\/td><td>Higher \u2013 built for scaling<\/td><\/tr><tr><td>Virtualization<\/td><td>2 VMs per server<\/td><td>Unlimited VMs<\/td><\/tr><tr><td>\ufe0f Shielded VMs<\/td><td>\u274c Nicht enthalten<\/td><td>\u2705 Eingeschlossen<\/td><\/tr><tr><td>Storage Replica<\/td><td>Limited (1 partner, 2TB)<\/td><td>Unlimited<\/td><\/tr><tr><td>SDN \/ S2D<\/td><td>\u274c Nicht verf\u00fcgbar<\/td><td>\u2705 Eingeschlossen<\/td><\/tr><tr><td>Licensing<\/td><td>Core-based (min. 16)<\/td><td>Core-based (min. 16)<\/td><\/tr><\/tbody><\/table><\/figure>\n\n\n\n<h4 class=\"wp-block-heading\">\u26a0\ufe0f Bekanntmachung \u00fcber die Einhaltung der Lizenzbestimmungen<\/h4>\n\n\n\n<p>Obwohl Sie technisch gesehen mehr als 2 virtuelle Maschinen mit der Standard-Edition installieren oder die Lizenz auf einem Server mit mehr als 16 Kernen aktivieren k\u00f6nnen, ist dies nicht m\u00f6glich. <strong>gegen die offiziellen Lizenzbedingungen von Microsoft verst\u00f6\u00dft<\/strong>.<\/p>\n\n\n\n<p>Wenn Ihr Server zum Beispiel \u00fcber <strong>32 physische Kerne<\/strong> und Sie kaufen nur eine <strong>16-Kern-Lizenz<\/strong>wird das System dennoch erfolgreich installiert und aktiviert. Allerdings, <strong>Sie sind nicht berechtigt, Windows Server legal in dieser Konfiguration auszuf\u00fchren.<\/strong>. Microsoft verlangt, dass Sie alle physischen Kerne des Servers lizenzieren, mindestens jedoch 16 Kerne pro Server und 8 Kerne pro Prozessor.<\/p>\n\n\n\n<p>Bei einer Pr\u00fcfung kann Microsoft dies als <strong>Unterlizenzierung<\/strong> und Geldstrafen verh\u00e4ngen, Nachzahlungen verlangen oder eine ordnungsgem\u00e4\u00dfe Lizenzierung verlangen, um die volle Hardwarekapazit\u00e4t Ihres Servers abzudecken.<\/p>\n\n\n\n<p>Achten Sie stets darauf, dass die Anzahl der erworbenen Kernlizenzen mit Ihrer physischen Serverkonfiguration \u00fcbereinstimmt, um die Vorschriften einzuhalten und rechtliche oder finanzielle Risiken zu vermeiden.<\/p>","protected":false},"excerpt":{"rendered":"<p>Standard vs. Datacenter \u2013 Key Differences Feature Standard Datacenter Cost Lower \u2013 for small\/medium use Higher \u2013 built for scaling Virtualization 2 VMs per server Unlimited VMs \ufe0f Shielded VMs \u274c Not included \u2705 Included Storage Replica Limited (1 partner, 2TB) Unlimited SDN \/ S2D \u274c Not available \u2705 Included Licensing Core-based (min. 16) Core-based [&hellip;]<\/p>","protected":false},"featured_media":51897,"template":"","meta":{"inline_featured_image":false},"product_brand":[],"product_cat":[20],"product_tag":[],"class_list":{"0":"post-51893","1":"product","2":"type-product","3":"status-publish","4":"has-post-thumbnail","6":"product_cat-server","8":"first","9":"instock","10":"taxable","11":"shipping-taxable","12":"purchasable","13":"product-type-variable"},"_links":{"self":[{"href":"https:\/\/licencegrid.com\/de\/wp-json\/wp\/v2\/product\/51893","targetHints":{"allow":["GET"]}}],"collection":[{"href":"https:\/\/licencegrid.com\/de\/wp-json\/wp\/v2\/product"}],"about":[{"href":"https:\/\/licencegrid.com\/de\/wp-json\/wp\/v2\/types\/product"}],"wp:featuredmedia":[{"embeddable":true,"href":"https:\/\/licencegrid.com\/de\/wp-json\/wp\/v2\/media\/51897"}],"wp:attachment":[{"href":"https:\/\/licencegrid.com\/de\/wp-json\/wp\/v2\/media?parent=51893"}],"wp:term":[{"taxonomy":"product_brand","embeddable":true,"href":"https:\/\/licencegrid.com\/de\/wp-json\/wp\/v2\/product_brand?post=51893"},{"taxonomy":"product_cat","embeddable":true,"href":"https:\/\/licencegrid.com\/de\/wp-json\/wp\/v2\/product_cat?post=51893"},{"taxonomy":"product_tag","embeddable":true,"href":"https:\/\/licencegrid.com\/de\/wp-json\/wp\/v2\/product_tag?post=51893"}],"curies":[{"name":"wp","href":"https:\/\/api.w.org\/{rel}","templated":true}]}}