{"id":51898,"date":"2025-05-09T15:54:51","date_gmt":"2025-05-09T15:54:51","guid":{"rendered":"https:\/\/licencegrid.com\/?post_type=product&#038;p=51898"},"modified":"2025-05-09T16:01:14","modified_gmt":"2025-05-09T16:01:14","slug":"microsoft-windows-server-rds-50-cals","status":"publish","type":"product","link":"https:\/\/licencegrid.com\/de\/produkt\/microsoft-windows-server-rds-50-cals\/","title":{"rendered":"Microsoft Windows Server RDS 50 CALs"},"content":{"rendered":"<h4 class=\"wp-block-heading\"><\/h4>\n\n\n\n<p><\/p>\n\n\n\n<h4 class=\"wp-block-heading\"><strong><em>Unterschied zwischen Nutzer- und Ger\u00e4te-CALs<\/em><\/strong><br><\/h4>\n\n\n\n<figure class=\"wp-block-table\"><table class=\"has-fixed-layout\"><thead><tr><td><strong>Typ<\/strong><\/td><td><strong>Beschreibung<\/strong><\/td><\/tr><\/thead><tbody><tr><td><strong>Benutzer CAL<\/strong><\/td><td>Eine Lizenz pro&nbsp;<strong>Benutzer<\/strong>. Der lizenzierte Benutzer kann von mehreren Ger\u00e4ten aus auf den Server zugreifen.<br>Am besten f\u00fcr Mitarbeiter, die mehrere Ger\u00e4te verwenden (z. B. Laptop, Desktop, Tablet).<\/td><\/tr><tr><td><strong>Ger\u00e4t CAL<\/strong><\/td><td>Eine Lizenz pro&nbsp;<strong>Ger\u00e4t<\/strong>. Eine beliebige Anzahl von Benutzern kann von dem lizenzierten Ger\u00e4t aus auf den Server zugreifen.<br>Ideal f\u00fcr gemeinsam genutzte Ger\u00e4te (z. B. in Labors, Bibliotheken oder bei Wechselschichtarbeit).<\/td><\/tr><\/tbody><\/table><\/figure>\n\n\n\n<p><\/p>\n\n\n\n<h4 class=\"wp-block-heading\">\u26a0\ufe0f Bekanntmachung \u00fcber die Einhaltung der Lizenzbestimmungen<\/h4>\n\n\n\n<p>Obwohl Sie technisch gesehen mehr als 2 virtuelle Maschinen mit der Standard-Edition installieren oder die Lizenz auf einem Server mit mehr als 16 Kernen aktivieren k\u00f6nnen, ist dies nicht m\u00f6glich. <strong>gegen die offiziellen Lizenzbedingungen von Microsoft verst\u00f6\u00dft<\/strong>.<\/p>\n\n\n\n<p>Wenn Ihr Server zum Beispiel \u00fcber <strong>32 physische Kerne<\/strong> und Sie kaufen nur eine <strong>16-Kern-Lizenz<\/strong>wird das System dennoch erfolgreich installiert und aktiviert. Allerdings, <strong>Sie sind nicht berechtigt, Windows Server legal in dieser Konfiguration auszuf\u00fchren.<\/strong>. Microsoft verlangt, dass Sie alle physischen Kerne des Servers lizenzieren, mindestens jedoch 16 Kerne pro Server und 8 Kerne pro Prozessor.<\/p>\n\n\n\n<p>Bei einer Pr\u00fcfung kann Microsoft dies als <strong>Unterlizenzierung<\/strong> und Geldstrafen verh\u00e4ngen, Nachzahlungen verlangen oder eine ordnungsgem\u00e4\u00dfe Lizenzierung verlangen, um die volle Hardwarekapazit\u00e4t Ihres Servers abzudecken.<\/p>\n\n\n\n<p>Achten Sie stets darauf, dass die Anzahl der erworbenen Kernlizenzen mit Ihrer physischen Serverkonfiguration \u00fcbereinstimmt, um die Vorschriften einzuhalten und rechtliche oder finanzielle Risiken zu vermeiden.<\/p>\n\n\n\n<p><strong><em>\u2705CALs erforderlich Erforderlich: Client-Zugangslizenzen (CALs) f\u00fcr Benutzer oder Ger\u00e4te, die auf den Server zugreifen; diese k\u00f6nnen Sie separat erwerben<\/em><\/strong><\/p>\n\n\n\n<p><\/p>","protected":false},"excerpt":{"rendered":"<p>Different between User and Device CALs Type Description User CAL One license per&nbsp;user. The licensed user can access the server from multiple devices.Best for employees who use several devices (e.g., laptop, desktop, tablet). Device CAL One license per&nbsp;device. Any number of users can access the server from the licensed device.Ideal for shared devices (e.g., in [&hellip;]<\/p>","protected":false},"featured_media":51897,"template":"","meta":{"inline_featured_image":false},"product_brand":[],"product_cat":[20],"product_tag":[],"class_list":{"0":"post-51898","1":"product","2":"type-product","3":"status-publish","4":"has-post-thumbnail","6":"product_cat-server","8":"first","9":"instock","10":"taxable","11":"shipping-taxable","12":"purchasable","13":"product-type-variable"},"_links":{"self":[{"href":"https:\/\/licencegrid.com\/de\/wp-json\/wp\/v2\/product\/51898","targetHints":{"allow":["GET"]}}],"collection":[{"href":"https:\/\/licencegrid.com\/de\/wp-json\/wp\/v2\/product"}],"about":[{"href":"https:\/\/licencegrid.com\/de\/wp-json\/wp\/v2\/types\/product"}],"wp:featuredmedia":[{"embeddable":true,"href":"https:\/\/licencegrid.com\/de\/wp-json\/wp\/v2\/media\/51897"}],"wp:attachment":[{"href":"https:\/\/licencegrid.com\/de\/wp-json\/wp\/v2\/media?parent=51898"}],"wp:term":[{"taxonomy":"product_brand","embeddable":true,"href":"https:\/\/licencegrid.com\/de\/wp-json\/wp\/v2\/product_brand?post=51898"},{"taxonomy":"product_cat","embeddable":true,"href":"https:\/\/licencegrid.com\/de\/wp-json\/wp\/v2\/product_cat?post=51898"},{"taxonomy":"product_tag","embeddable":true,"href":"https:\/\/licencegrid.com\/de\/wp-json\/wp\/v2\/product_tag?post=51898"}],"curies":[{"name":"wp","href":"https:\/\/api.w.org\/{rel}","templated":true}]}}