{"id":51907,"date":"2025-05-19T23:25:05","date_gmt":"2025-05-19T23:25:05","guid":{"rendered":"https:\/\/licencegrid.com\/?post_type=product&#038;p=51907"},"modified":"2025-05-19T23:27:10","modified_gmt":"2025-05-19T23:27:10","slug":"microsoft-office-365-pro-plus-1-or-3-year-subscription-1-user-5-devices-per-user-pc-mac-mobile-100gb-cloud-storage","status":"publish","type":"product","link":"https:\/\/licencegrid.com\/de\/produkt\/microsoft-office-365-pro-plus-1-or-3-year-subscription-1-user-5-devices-per-user-pc-mac-mobile-100gb-cloud-storage\/","title":{"rendered":"Microsoft Office 365 Pro Plus - 1 oder 3-Jahres-Abonnement | 1 Benutzer | 5 Ger\u00e4te pro Benutzer | PC, Mac &amp; Mobile | 100GB Cloud-Speicher"},"content":{"rendered":"<p><\/p>\n\n\n\n<h4 class=\"wp-block-heading\"><strong>Wichtige Informationen<\/strong><\/h4>\n\n\n\n<p><\/p>\n\n\n\n<p>Sie erhalten eine&nbsp;<strong>einzigartige, brandneue Microsoft 365 E-Mail und Passwort<\/strong>.<\/p>\n\n\n\n<p><strong>E-Mail kann nicht ge\u00e4ndert werden<\/strong>aber Sie&nbsp;<strong>kann das Passwort \u00e4ndern<\/strong>.<\/p>\n\n\n\n<p>Diese Konten sind&nbsp;<strong>direkt \u00fcber Microsoft neu generiert<\/strong>&nbsp;und pro Kunde verkauft-<strong>wir verkaufen keine Konten weiter<\/strong>.<\/p>\n\n\n\n<p><\/p>\n\n\n\n<h3 class=\"wp-block-heading\"><strong>Was ist inbegriffen?<\/strong><\/h3>\n\n\n\n<p>\u2714\u00a0<strong>Brandneues Microsoft 365-Konto<\/strong>\u00a0- Eindeutige Anmeldedaten<br><br>\u2714\u00a0<strong>Vollst\u00e4ndige Desktop-Anwendungen<\/strong>\u00a0- Word, Excel, PowerPoint, Outlook, OneNote, Publisher, Access, Skype<br><br>\u2714\u00a0<strong>Massiver 100GB OneDrive Cloud-Speicher<\/strong>\u00a0- Sicheres Speichern und Zugreifen auf Dateien<br><br>\u2714\u00a0<strong>Online oder Offline verwenden<\/strong>\u00a0- Jederzeit und \u00fcberall arbeiten<br><br>\u2714\u00a0<strong>Installation auf bis zu 5 Ger\u00e4ten<\/strong>\u00a0- Kompatibel mit PC, Mac, iOS, Android, Tablet und Telefon<br><br>\u2714\u00a0<strong>Automatische Aktualisierungen<\/strong>\u00a0- Bleiben Sie immer auf dem Laufenden mit den neuesten Funktionen<br><br>\u2714\u00a0<strong>Mehrsprachige Unterst\u00fctzung<\/strong>\u00a0- Weltweiter Einsatz in mehreren Sprachen<br><br>\u2714\u00a0<strong>Sofortige digitale E-Mail-Zustellung<\/strong>\u00a0- Benutzen Sie Ihr Konto sofort<br><\/p>\n\n\n\n<h3 class=\"wp-block-heading\"><strong>Erschlie\u00dfen Sie Ihre Produktivit\u00e4t mit Microsoft Office 365 Pro Plus<\/strong><\/h3>\n\n\n\n<p>Nutzen Sie die Vorteile der weltweit leistungsst\u00e4rksten Suite von Office-Tools mit einem\u00a0<strong>Microsoft Office 365 Pro Plus-Konto<\/strong>. Ob Sie Student, Berufst\u00e4tiger, Unternehmer sind oder Produktivit\u00e4tswerkzeuge f\u00fcr den privaten Gebrauch ben\u00f6tigen<br><\/p>\n\n\n\n<h4 class=\"wp-block-heading\"><strong>Warum Microsoft Office 365 Pro Plus w\u00e4hlen?<\/strong><\/h4>\n\n\n\n<p><br>\u2705\u00a0<strong>Vollst\u00e4ndige Suite von Microsoft-Anwendungen<\/strong>\u00a0- Erstellen, bearbeiten und zusammenarbeiten mit\u00a0<strong>Word, Excel, PowerPoint, Outlook, OneNote, Access und mehr<\/strong>.<br><br>\u2705\u00a0<strong>Nahtlose Kompatibilit\u00e4t<\/strong>\u00a0- Arbeiten \u00fcber\u00a0<strong>Windows, Mac, iOS und Android<\/strong>.<br><br>\u2705\u00a0<strong>100 GB OneDrive-Speicher<\/strong>\u00a0- Sicherer Cloud-Speicher f\u00fcr einfachen Zugriff und gemeinsame Nutzung von Dateien.<br><br>\u2705\u00a0<strong>Regelm\u00e4\u00dfige Updates<\/strong>\u00a0- Bleiben Sie mit den neuesten Funktionen und Sicherheitsverbesserungen auf dem Laufenden.<br><br>\u2705\u00a0<strong>Einfache Einrichtung<\/strong>\u00a0- Schnelle Installation mit schrittweiser Anleitung.<\/p>\n\n\n\n<h3 class=\"wp-block-heading\"><strong>F\u00fcr wen ist das?<\/strong><\/h3>\n\n\n\n<p>\u2714&nbsp;<strong>Studenten und P\u00e4dagogen<\/strong>&nbsp;- Holen Sie sich die besten Werkzeuge zum Lernen und Lehren.<br><br>\u2714&nbsp;<strong>Fachleute und Unternehmen<\/strong>&nbsp;- Steigern Sie die Produktivit\u00e4t und rationalisieren Sie Arbeitsabl\u00e4ufe.<br><br>\u2714&nbsp;<strong>Unternehmer und Freiberufler<\/strong>&nbsp;- Verwalten Sie Projekte, erstellen Sie Berichte und behalten Sie den \u00dcberblick.<br><br>\u2714&nbsp;<strong>Familien und pers\u00f6nlicher Gebrauch<\/strong>&nbsp;- Zugriff auf erstklassige Office-Anwendungen f\u00fcr allt\u00e4gliche Aufgaben.<\/p>\n\n\n\n<h3 class=\"wp-block-heading\"><strong>Warum warten? Fangen Sie noch heute an!<\/strong><\/h3>\n\n\n\n<p><\/p>\n\n\n\n<p>\ud83d\ude80&nbsp;<strong>Bestellen Sie jetzt und arbeiten Sie intelligenter, nicht h\u00e4rter!<\/strong><\/p>","protected":false},"excerpt":{"rendered":"<p>Important Information You will receive a&nbsp;unique, brand-new Microsoft 365 email and password. Email cannot be changed, but you&nbsp;can change the password. These accounts are&nbsp;newly generated directly via Microsoft&nbsp;and sold per customer\u2014we do not resell accounts. What\u2019s Included? \u2714\u00a0Brand New Microsoft 365 Account\u00a0\u2013 Unique login credentials \u2714\u00a0Full Desktop Applications\u00a0\u2013 Word, Excel, PowerPoint, Outlook, OneNote, Publisher, Access, [&hellip;]<\/p>","protected":false},"featured_media":51912,"template":"","meta":{"inline_featured_image":false},"product_brand":[],"product_cat":[17],"product_tag":[],"class_list":{"0":"post-51907","1":"product","2":"type-product","3":"status-publish","4":"has-post-thumbnail","6":"product_cat-microsoft-office","8":"first","9":"instock","10":"taxable","11":"shipping-taxable","12":"purchasable","13":"product-type-variable"},"_links":{"self":[{"href":"https:\/\/licencegrid.com\/de\/wp-json\/wp\/v2\/product\/51907","targetHints":{"allow":["GET"]}}],"collection":[{"href":"https:\/\/licencegrid.com\/de\/wp-json\/wp\/v2\/product"}],"about":[{"href":"https:\/\/licencegrid.com\/de\/wp-json\/wp\/v2\/types\/product"}],"wp:featuredmedia":[{"embeddable":true,"href":"https:\/\/licencegrid.com\/de\/wp-json\/wp\/v2\/media\/51912"}],"wp:attachment":[{"href":"https:\/\/licencegrid.com\/de\/wp-json\/wp\/v2\/media?parent=51907"}],"wp:term":[{"taxonomy":"product_brand","embeddable":true,"href":"https:\/\/licencegrid.com\/de\/wp-json\/wp\/v2\/product_brand?post=51907"},{"taxonomy":"product_cat","embeddable":true,"href":"https:\/\/licencegrid.com\/de\/wp-json\/wp\/v2\/product_cat?post=51907"},{"taxonomy":"product_tag","embeddable":true,"href":"https:\/\/licencegrid.com\/de\/wp-json\/wp\/v2\/product_tag?post=51907"}],"curies":[{"name":"wp","href":"https:\/\/api.w.org\/{rel}","templated":true}]}}