{"id":51913,"date":"2025-05-19T23:34:40","date_gmt":"2025-05-19T23:34:40","guid":{"rendered":"https:\/\/licencegrid.com\/?post_type=product&#038;p=51913"},"modified":"2025-05-27T10:50:51","modified_gmt":"2025-05-27T10:50:51","slug":"microsoft-office-365-personal-1-year-subscription-1-user-5-device-per-user-pc-mac-mobile-1tb-cloud-storage","status":"publish","type":"product","link":"https:\/\/licencegrid.com\/de\/produkt\/microsoft-office-365-personal-1-year-subscription-1-user-5-device-per-user-pc-mac-mobile-1tb-cloud-storage\/","title":{"rendered":"Microsoft Office 365 Family- 1-Jahres-Abonnement | 6 Benutzer | 5 Ger\u00e4te pro Benutzer | PC, Mac &amp; Mobile | 6TB Cloud-Speicher"},"content":{"rendered":"<p><\/p>\n\n\n\n<h4 class=\"wp-block-heading\">Entdecken Sie noch mehr Vorteile von Microsoft 365<\/h4>\n\n\n\n<figure class=\"wp-block-image\"><img decoding=\"async\" src=\"https:\/\/cdn-dynmedia-1.microsoft.com\/is\/image\/microsoftcorp\/Defender-CC-H-111x111-1?fmt=png-alpha&amp;wid=111&amp;hei=111&amp;fit=crop\" alt=\"\"\/><\/figure>\n\n\n\n<h3 class=\"wp-block-heading\">Vereinfachen Sie Ihre Online-Sicherheit<\/h3>\n\n\n\n<p>Sorgen Sie daf\u00fcr, dass Sie und Ihre Familie online sicherer sind - mit kontinuierlicher \u00dcberwachung auf Bedrohungen, Echtzeitwarnungen, Tipps und Expertenratschl\u00e4gen von Microsoft Defender.<\/p>\n\n\n\n<figure class=\"wp-block-image\"><img decoding=\"async\" src=\"https:\/\/cdn-dynmedia-1.microsoft.com\/is\/image\/microsoftcorp\/Icon-M365-Office-Mobile-App-logo-111x111-1?fmt=png-alpha&amp;wid=111&amp;hei=111&amp;fit=crop\" alt=\"\"\/><\/figure>\n\n\n\n<h3 class=\"wp-block-heading\">Leistungsstarke Produktivit\u00e4tsanwendungen mit KI<\/h3>\n\n\n\n<p>Nutzen Sie Word, Excel und PowerPoint f\u00fcr die Zusammenarbeit in Echtzeit oder arbeiten Sie offline, jetzt mit Microsoft Copilot.<sup>Fu\u00dfnote1<\/sup><\/p>\n\n\n\n<figure class=\"wp-block-image\"><img decoding=\"async\" src=\"https:\/\/cdn-dynmedia-1.microsoft.com\/is\/image\/microsoftcorp\/Icon-OneDrive-111x111?fmt=png-alpha&amp;wid=111&amp;hei=111&amp;fit=crop\" alt=\"\"\/><\/figure>\n\n\n\n<h3 class=\"wp-block-heading\">Zuverl\u00e4ssige Aufbewahrung f\u00fcr unbezahlbare Erinnerungen<\/h3>\n\n\n\n<p>Mit OneDrive und Microsoft 365 k\u00f6nnen Sie Ihre Fotos und Dateien schnell speichern, freigeben und bearbeiten.<\/p>\n\n\n\n<figure class=\"wp-block-image\"><img decoding=\"async\" src=\"https:\/\/cdn-dynmedia-1.microsoft.com\/is\/image\/microsoftcorp\/Icon-Outlook-111x111?fmt=png-alpha&amp;wid=111&amp;hei=111&amp;fit=crop\" alt=\"\"\/><\/figure>\n\n\n\n<h3 class=\"wp-block-heading\">Machen Sie das Beste aus Ihrem Tag<\/h3>\n\n\n\n<p>Mit Outlook als Kommandozentrale verbringen Sie weniger Zeit damit, Ihr Leben zu organisieren, und haben mehr Zeit, es zu genie\u00dfen.<\/p>\n\n\n\n<figure class=\"wp-block-image\"><img decoding=\"async\" src=\"https:\/\/cdn-dynmedia-1.microsoft.com\/is\/image\/microsoftcorp\/OneNote-CC-H-111x111?fmt=png-alpha&amp;wid=111&amp;hei=111&amp;fit=crop\" alt=\"\"\/><\/figure>\n\n\n\n<h3 class=\"wp-block-heading\">Alle Ihre Ideen an einem Ort<\/h3>\n\n\n\n<p>Halten Sie Inspirationen in Text, Audio, Fotos und Videos fest, um Ihre n\u00e4chste gro\u00dfe Idee mit OneNote zu entwickeln.<\/p>\n\n\n\n<figure class=\"wp-block-image\"><img decoding=\"async\" src=\"https:\/\/cdn-dynmedia-1.microsoft.com\/is\/image\/microsoftcorp\/Clipchamp-CC-H-111x111?fmt=png-alpha&amp;wid=111&amp;hei=111&amp;fit=crop\" alt=\"\"\/><\/figure>\n\n\n\n<h3 class=\"wp-block-heading\">Erz\u00e4hlen Sie Ihre Geschichte, auf Ihre Weise<\/h3>\n\n\n\n<p>Verwandeln Sie mit Clipchamp und Microsoft 365 aufgenommene Erinnerungen ganz einfach in wundersch\u00f6ne Videos.<\/p>\n\n\n\n<p><\/p>\n\n\n\n<figure class=\"wp-block-image\"><img decoding=\"async\" src=\"https:\/\/cdn.cs.1worldsync.com\/syndication\/mediaserverredirect\/18167acda95f7f3ccddba91869f2ee91\/width(1200).png\" alt=\"Erreichen Sie das Au\u00dfergew\u00f6hnliche mit AI in Microsoft 365\"\/><\/figure>\n\n\n\n<p><a href=\"https:\/\/cdn.cs.1worldsync.com\/syndication\/mediaserverredirect\/18167acda95f7f3ccddba91869f2ee91\/original.png\"><\/a><\/p>\n\n\n\n<h3 class=\"wp-block-heading\">Leistungsstarke Produktivit\u00e4tsanwendungen und Kreativit\u00e4tswerkzeuge<\/h3>\n\n\n\n<p>Microsoft 365 ist jetzt noch besser. Schalten Sie neue Funktionen frei, bauen Sie Ihre F\u00e4higkeiten aus und entdecken Sie Welten der M\u00f6glichkeiten mit neuen KI-gest\u00fctzten Funktionen - alles in einem Plan.<\/p>\n\n\n\n<figure class=\"wp-block-image\"><img decoding=\"async\" src=\"https:\/\/cdn.cs.1worldsync.com\/syndication\/mediaserverredirect\/6390c1c5895724c5e8e47985fcd6bfc8\/width(1200).png\" alt=\"Erleichterung der t\u00e4glichen Aufgaben\"\/><\/figure>\n\n\n\n<p><a href=\"https:\/\/cdn.cs.1worldsync.com\/syndication\/mediaserverredirect\/6390c1c5895724c5e8e47985fcd6bfc8\/original.png\"><\/a><\/p>\n\n\n\n<figure class=\"wp-block-image\"><img decoding=\"async\" src=\"https:\/\/cdn.cs.1worldsync.com\/syndication\/mediaserverredirect\/c278cc4c01c31be22aa5c6c4d39c0c3d\/width(1200).png\" alt=\"Entfesseln Sie Ihre Kreativit\u00e4t\"\/><\/figure>\n\n\n\n<p><a href=\"https:\/\/cdn.cs.1worldsync.com\/syndication\/mediaserverredirect\/c278cc4c01c31be22aa5c6c4d39c0c3d\/original.png\"><\/a><\/p>\n\n\n\n<figure class=\"wp-block-image\"><img decoding=\"async\" src=\"https:\/\/cdn.cs.1worldsync.com\/syndication\/mediaserverredirect\/a8129fb3f59b349c84c78500437670e3\/width(1200).png\" alt=\"Maximieren Sie Ihren Schutz\"\/><\/figure>\n\n\n\n<p><a href=\"https:\/\/cdn.cs.1worldsync.com\/syndication\/mediaserverredirect\/a8129fb3f59b349c84c78500437670e3\/original.png\"><\/a><\/p>\n\n\n\n<figure class=\"wp-block-image\"><img decoding=\"async\" src=\"https:\/\/cdn.cs.1worldsync.com\/syndication\/mediaserverredirect\/6390c1c5895724c5e8e47985fcd6bfc8\/width(1200).png\" alt=\"Erleichterung der t\u00e4glichen Aufgaben\"\/><\/figure>\n\n\n\n<p><a href=\"https:\/\/cdn.cs.1worldsync.com\/syndication\/mediaserverredirect\/6390c1c5895724c5e8e47985fcd6bfc8\/original.png\"><\/a><\/p>\n\n\n\n<figure class=\"wp-block-image\"><img decoding=\"async\" src=\"https:\/\/cdn.cs.1worldsync.com\/syndication\/mediaserverredirect\/c278cc4c01c31be22aa5c6c4d39c0c3d\/width(1200).png\" alt=\"Entfesseln Sie Ihre Kreativit\u00e4t\"\/><\/figure>\n\n\n\n<p><a href=\"https:\/\/cdn.cs.1worldsync.com\/syndication\/mediaserverredirect\/c278cc4c01c31be22aa5c6c4d39c0c3d\/original.png\"><\/a><\/p>\n\n\n\n<figure class=\"wp-block-image\"><img decoding=\"async\" src=\"https:\/\/cdn.cs.1worldsync.com\/syndication\/mediaserverredirect\/a8129fb3f59b349c84c78500437670e3\/width(1200).png\" alt=\"Maximieren Sie Ihren Schutz\"\/><\/figure>\n\n\n\n<p><a href=\"https:\/\/cdn.cs.1worldsync.com\/syndication\/mediaserverredirect\/a8129fb3f59b349c84c78500437670e3\/original.png\"><\/a><\/p>\n\n\n\n<figure class=\"wp-block-image\"><img decoding=\"async\" src=\"https:\/\/cdn.cs.1worldsync.com\/syndication\/mediaserverredirect\/6390c1c5895724c5e8e47985fcd6bfc8\/width(1200).png\" alt=\"Erleichterung der t\u00e4glichen Aufgaben\"\/><\/figure>\n\n\n\n<p><a href=\"https:\/\/cdn.cs.1worldsync.com\/syndication\/mediaserverredirect\/6390c1c5895724c5e8e47985fcd6bfc8\/original.png\"><\/a><\/p>\n\n\n\n<ul class=\"wp-block-list\">\n<li><a href=\"javascript:;\"><\/a><\/li>\n\n\n\n<li><a href=\"javascript:;\"><\/a><\/li>\n\n\n\n<li><a href=\"javascript:;\"><\/a><\/li>\n<\/ul>\n\n\n\n<p><a href=\"javascript:;\"><\/a><a href=\"javascript:;\"><\/a><\/p>\n\n\n\n<h3 class=\"wp-block-heading\">Nutzen Sie die Vorteile von KI mit Microsoft 365<\/h3>\n\n\n\n<figure class=\"wp-block-image\"><img decoding=\"async\" src=\"https:\/\/cdn.cs.1worldsync.com\/syndication\/mediaserverredirect\/baf1a596d3b06b257e862c81ac1f2875\/width(1200).png\" alt=\"Microsoft 365 Familie\"\/><\/figure>\n\n\n\n<figure class=\"wp-block-image\"><img decoding=\"async\" src=\"https:\/\/cdn.cs.1worldsync.com\/syndication\/mediaserverredirect\/ceea866506897cf6a29b6c3b298ae5db\/width(1200).png\" alt=\"Vereinfachen Sie Ihre Online-Sicherheit\"\/><\/figure>\n\n\n\n<p><a href=\"https:\/\/cdn.cs.1worldsync.com\/syndication\/mediaserverredirect\/ceea866506897cf6a29b6c3b298ae5db\/original.png\"><\/a><\/p>\n\n\n\n<figure class=\"wp-block-image\"><img decoding=\"async\" src=\"https:\/\/cdn.cs.1worldsync.com\/syndication\/mediaserverredirect\/88116b0801f035ef8594132326838290\/maxsize(400x500).png\" alt=\"Sch\u00fctzen Sie Ihr digitales Leben\"\/><\/figure>\n\n\n\n<p><a href=\"https:\/\/cdn.cs.1worldsync.com\/syndication\/mediaserverredirect\/88116b0801f035ef8594132326838290\/original.png\"><\/a><\/p>\n\n\n\n<figure class=\"wp-block-image\"><img decoding=\"async\" src=\"https:\/\/cdn.cs.1worldsync.com\/syndication\/mediaserverredirect\/f6d9ea7d627eb5c532a0c0ea260c30d1\/maxsize(400x500).png\" alt=\"E-Mail mit Leichtigkeit\"\/><\/figure>\n\n\n\n<p><a href=\"https:\/\/cdn.cs.1worldsync.com\/syndication\/mediaserverredirect\/f6d9ea7d627eb5c532a0c0ea260c30d1\/original.png\"><\/a><\/p>\n\n\n\n<figure class=\"wp-block-image\"><img decoding=\"async\" src=\"https:\/\/cdn.cs.1worldsync.com\/syndication\/mediaserverredirect\/7cbf6c5758930d92fa633f16eeb4be9e\/maxsize(400x500).png\" alt=\"Sparen mit Vertrauen\"\/><\/figure>\n\n\n\n<p><a href=\"https:\/\/cdn.cs.1worldsync.com\/syndication\/mediaserverredirect\/7cbf6c5758930d92fa633f16eeb4be9e\/original.png\"><\/a><\/p>\n\n\n\n<figure class=\"wp-block-image\"><img decoding=\"async\" src=\"https:\/\/cdn.cs.1worldsync.com\/syndication\/mediaserverredirect\/3786298798f9e636bec2b1d14f59fc88\/maxsize(400x500).png\" alt=\"Schutz f\u00fcr bis zu 5 Ger\u00e4te pro Person \"\/><\/figure>\n\n\n\n<p><a href=\"https:\/\/cdn.cs.1worldsync.com\/syndication\/mediaserverredirect\/3786298798f9e636bec2b1d14f59fc88\/original.png\"><\/a><\/p>\n\n\n\n<h3 class=\"wp-block-heading\">Sch\u00fctzen Sie Ihr digitales Leben<\/h3>\n\n\n\n<p>Sch\u00fctzen Sie Ihre Fotos, Dokumente, E-Mails und pers\u00f6nlichen Daten in Outlook.<\/p>\n\n\n\n<h3 class=\"wp-block-heading\">E-Mail mit Leichtigkeit<\/h3>\n\n\n\n<p>Sicherheits- und Verwaltungsfunktionen sorgen daf\u00fcr, dass Ihre E-Mails, Kalender und Kontakte sicher und organisiert sind.<\/p>\n\n\n\n<h3 class=\"wp-block-heading\">Sparen mit Vertrauen<\/h3>\n\n\n\n<p>Sichere Speicherung von Fotos, Videos und Dokumenten in OneDrive mit integrierter Ransomware-Erkennung.<\/p>\n\n\n\n<h3 class=\"wp-block-heading\">Schutz f\u00fcr bis zu 5 Ger\u00e4te pro Person<\/h3>\n\n\n\n<p>Kontinuierliches Scannen<sup>5<\/sup>&nbsp;pr\u00fcft auf Viren, b\u00f6sartige Anwendungen und Ransomware.<\/p>\n\n\n\n<figure class=\"wp-block-image\"><img decoding=\"async\" src=\"https:\/\/cdn.cs.1worldsync.com\/syndication\/mediaserverredirect\/b2a59715b1dced1edc53234cc3621f86\/width(1200).png\" alt=\"Microsoft 365 unterst\u00fctzt Sie bei all Ihren Unternehmungen\"\/><\/figure>\n\n\n\n<p><a href=\"https:\/\/cdn.cs.1worldsync.com\/syndication\/mediaserverredirect\/b2a59715b1dced1edc53234cc3621f86\/original.png\"><\/a><\/p>\n\n\n\n<h3 class=\"wp-block-heading\">Produktivit\u00e4ts-Apps mit integrierten Funktionen, die Ihnen Empfehlungen geben, damit Sie Ihre Ideen in die Tat umsetzen k\u00f6nnen.<\/h3>\n\n\n\n<figure class=\"wp-block-image\"><img decoding=\"async\" src=\"https:\/\/cdn.cs.1worldsync.com\/syndication\/mediaserverredirect\/02885bb8943850cf4f25d168a814a998\/maxsize(400x500).png\" alt=\"Verbessern Sie Ihre Inhalte mit Microsoft 365\"\/><\/figure>\n\n\n\n<p><a href=\"https:\/\/cdn.cs.1worldsync.com\/syndication\/mediaserverredirect\/02885bb8943850cf4f25d168a814a998\/original.png\"><\/a><\/p>\n\n\n\n<figure class=\"wp-block-image\"><img decoding=\"async\" src=\"https:\/\/cdn.cs.1worldsync.com\/syndication\/mediaserverredirect\/b8b23be4e10f478087dbcdb7d2cc3c31\/maxsize(400x500).png\" alt=\"Vom Gew\u00f6hnlichen zum Herausragenden\"\/><\/figure>\n\n\n\n<p><a href=\"https:\/\/cdn.cs.1worldsync.com\/syndication\/mediaserverredirect\/b8b23be4e10f478087dbcdb7d2cc3c31\/original.png\"><\/a><\/p>\n\n\n\n<figure class=\"wp-block-image\"><img decoding=\"async\" src=\"https:\/\/cdn.cs.1worldsync.com\/syndication\/mediaserverredirect\/f8f5beb1afa286f0d627c22e9c3a4dfd\/maxsize(400x500).png\" alt=\"Ihre Ideen klar und selbstbewusst ausdr\u00fccken\"\/><\/figure>\n\n\n\n<p><a href=\"https:\/\/cdn.cs.1worldsync.com\/syndication\/mediaserverredirect\/f8f5beb1afa286f0d627c22e9c3a4dfd\/original.png\"><\/a><\/p>\n\n\n\n<h3 class=\"wp-block-heading\">Verbessern Sie Ihre Inhalte mit<br>Microsoft 365<\/h3>\n\n\n\n<p>W\u00e4hlen Sie aus einer Vielzahl von Themen, Designs oder Layouts und nutzen Sie die integrierten Werkzeuge, um Ihr Projekt schnell fertigzustellen.<\/p>\n\n\n\n<h3 class=\"wp-block-heading\">Vom Gew\u00f6hnlichen zum Herausragenden<\/h3>\n\n\n\n<p>Intelligente Formatierungs-, Schriftart- und Formatvorlagenvorschl\u00e4ge in Word, Excel und PowerPoint helfen Ihnen, Ihr Dokument fast so einzigartig zu gestalten wie Sie selbst - und das m\u00fchelos.<\/p>\n\n\n\n<h3 class=\"wp-block-heading\">Ihre Ideen klar und selbstbewusst ausdr\u00fccken<\/h3>\n\n\n\n<p>Mit den integrierten Tools in Word, PowerPoint und Clipchamp k\u00f6nnen Sie Ihre Gedanken in Form von Texten, Diashows und Videos erstellen, verfeinern und weitergeben.<\/p>\n\n\n\n<h3 class=\"wp-block-heading\">Ein Microsoft 365 Family-Abonnement schaltet Premium-Funktionen in diesen Anwendungen und Diensten frei:<\/h3>\n\n\n\n<figure class=\"wp-block-image\"><img decoding=\"async\" src=\"https:\/\/cdn.cs.1worldsync.com\/syndication\/mediaserverredirect\/352cfa323dad248af35010013b3d36f2\/width(1200).jpg\" alt=\"Das Microsoft 365 Family-Abonnement schaltet Premium-Funktionen in diesen Anwendungen und Diensten frei\"\/><\/figure>\n\n\n\n<p><a href=\"https:\/\/cdn.cs.1worldsync.com\/syndication\/mediaserverredirect\/352cfa323dad248af35010013b3d36f2\/original.jpg\"><\/a><\/p>","protected":false},"excerpt":{"rendered":"<p>Explore even more benefits of Microsoft 365\u202f Simplify your online security Keep you and your family safer online with continuous monitoring for threats, real-time alerts, tips, and expert guidance from Microsoft Defender. Powerful productivity apps with AI Use Word, Excel, and PowerPoint to collaborate in real time or work offline, now with Microsoft Copilot.Footnote1 Trusted [&hellip;]<\/p>","protected":false},"featured_media":51917,"template":"","meta":{"inline_featured_image":false},"product_brand":[],"product_cat":[17],"product_tag":[],"class_list":{"0":"post-51913","1":"product","2":"type-product","3":"status-publish","4":"has-post-thumbnail","6":"product_cat-microsoft-office","8":"first","9":"instock","10":"taxable","11":"shipping-taxable","12":"purchasable","13":"product-type-simple"},"_links":{"self":[{"href":"https:\/\/licencegrid.com\/de\/wp-json\/wp\/v2\/product\/51913","targetHints":{"allow":["GET"]}}],"collection":[{"href":"https:\/\/licencegrid.com\/de\/wp-json\/wp\/v2\/product"}],"about":[{"href":"https:\/\/licencegrid.com\/de\/wp-json\/wp\/v2\/types\/product"}],"wp:featuredmedia":[{"embeddable":true,"href":"https:\/\/licencegrid.com\/de\/wp-json\/wp\/v2\/media\/51917"}],"wp:attachment":[{"href":"https:\/\/licencegrid.com\/de\/wp-json\/wp\/v2\/media?parent=51913"}],"wp:term":[{"taxonomy":"product_brand","embeddable":true,"href":"https:\/\/licencegrid.com\/de\/wp-json\/wp\/v2\/product_brand?post=51913"},{"taxonomy":"product_cat","embeddable":true,"href":"https:\/\/licencegrid.com\/de\/wp-json\/wp\/v2\/product_cat?post=51913"},{"taxonomy":"product_tag","embeddable":true,"href":"https:\/\/licencegrid.com\/de\/wp-json\/wp\/v2\/product_tag?post=51913"}],"curies":[{"name":"wp","href":"https:\/\/api.w.org\/{rel}","templated":true}]}}