{"id":51919,"date":"2025-05-20T00:21:32","date_gmt":"2025-05-20T00:21:32","guid":{"rendered":"https:\/\/licencegrid.com\/?post_type=product&#038;p=51919"},"modified":"2025-05-20T00:24:04","modified_gmt":"2025-05-20T00:24:04","slug":"canva-pro-toolkit-1-3-year-plans-linked-to-your-personal-email-unlimited-ai-credits-premium-templates","status":"publish","type":"product","link":"https:\/\/licencegrid.com\/de\/produkt\/canva-pro-toolkit-1-3-year-plans-linked-to-your-personal-email-unlimited-ai-credits-premium-templates\/","title":{"rendered":"Canva Pro Toolkit - 1 &amp; 3-Jahres-Pl\u00e4ne | Verkn\u00fcpft mit Ihrer pers\u00f6nlichen E-Mail | Unbegrenzte AI-Credits &amp; Premium-Vorlagen"},"content":{"rendered":"<h3 class=\"wp-block-heading\">\u2705 Was ist in Canva Pro enthalten:<\/h3>\n\n\n\n<ul class=\"wp-block-list\">\n<li>Einfacher Drag-and-Drop-Editor<\/li>\n\n\n\n<li>2M+ professionell gestaltete Vorlagen<\/li>\n\n\n\n<li>Mehr als 1000 Designtypen (z. B. Social Posts, Dokumente, Pr\u00e4sentationen und mehr)<\/li>\n\n\n\n<li>Mehr als 4,5 Millionen Archivfotos und Grafiken<\/li>\n\n\n\n<li>KI-unterst\u00fctzte Design-, Bild- und Texterstellung<\/li>\n\n\n\n<li>Interaktive Designwerkzeuge und Erfahrungen mit AI<\/li>\n\n\n\n<li>Kombinieren Sie mehrere Formate in einem einzigen Entwurf<\/li>\n\n\n\n<li>Design, Druck und Lieferoptionen<\/li>\n\n\n\n<li><strong>Unbegrenzter Zugang zu Premium-Vorlagen<\/strong><\/li>\n\n\n\n<li>Mehr als 140 Millionen hochwertige Fotos, Videos, Grafiken und Audiodateien<\/li>\n\n\n\n<li>1000 Brand Kits zur Verwaltung Ihrer Marke<\/li>\n\n\n\n<li>Sofortige Gr\u00f6\u00dfen\u00e4nderung und \u00dcbersetzung von Designs<\/li>\n\n\n\n<li>Hintergrundentfernung mit einem Klick<\/li>\n\n\n\n<li>Stapelweise Gr\u00f6\u00dfen\u00e4nderung, \u00dcbersetzung und Hintergrundentfernung<\/li>\n\n\n\n<li>Steigern Sie Ihre Produktivit\u00e4t mit \u00fcber 25 KI-Tools<\/li>\n\n\n\n<li>Terminierung und Planung von Inhalten f\u00fcr soziale Medien<\/li>\n\n\n\n<li><strong>1 TB Cloud-Speicher<\/strong> (Canva Pro Stufe)<\/li>\n<\/ul>\n\n\n\n<p>\u2705 Was Sie erhalten werden <\/p>\n\n\n\n<p>1. Sie erhalten die Einladung direkt an Ihre pers\u00f6nliche E-Mail Adresse. <\/p>\n\n\n\n<p>2. Genie\u00dfen Sie vollen Zugriff auf die Funktionen und Werkzeuge von Canva Pro!<\/p>\n\n\n\n<p><\/p>\n\n\n\n<p>\u2705 Wichtiger Hinweis :\u00a0 <\/p>\n\n\n\n<p><\/p>\n\n\n\n<p>Um Ihnen diesen erstaunlichen, erschwinglichen Preis anbieten zu k\u00f6nnen, wird Ihr Canva Pro-Konto Teil eines Gruppenplans sein. <\/p>\n\n\n\n<p>\ud83d\udd12 Ihre Entw\u00fcrfe bleiben v\u00f6llig privat und k\u00f6nnen von niemandem gesehen werden. Sie haben die volle Kontrolle \u00fcber Ihre Kontoeinstellungen. <\/p>\n\n\n\n<p>\ud83d\udc49 Wenn Sie ein ganz individuelles Abonnement bevorzugen, k\u00f6nnen Sie es direkt bei Canva.com erwerben.<\/p>","protected":false},"excerpt":{"rendered":"<p>\u2705 What\u2019s Included with Canva Pro: \u2705 What You Will Receive 1. You will receive the invitation directly to your personal email address. 2. Enjoy full access to Canva Pro features and tools! \u2705 Important note :\u00a0 To offer you this amazing, affordable price, your Canva Pro account will be part of a group plan. [&hellip;]<\/p>","protected":false},"featured_media":51922,"template":"","meta":{"inline_featured_image":false},"product_brand":[],"product_cat":[],"product_tag":[],"class_list":{"0":"post-51919","1":"product","2":"type-product","3":"status-publish","4":"has-post-thumbnail","7":"first","8":"instock","9":"taxable","10":"shipping-taxable","11":"purchasable","12":"product-type-variable"},"_links":{"self":[{"href":"https:\/\/licencegrid.com\/de\/wp-json\/wp\/v2\/product\/51919","targetHints":{"allow":["GET"]}}],"collection":[{"href":"https:\/\/licencegrid.com\/de\/wp-json\/wp\/v2\/product"}],"about":[{"href":"https:\/\/licencegrid.com\/de\/wp-json\/wp\/v2\/types\/product"}],"wp:featuredmedia":[{"embeddable":true,"href":"https:\/\/licencegrid.com\/de\/wp-json\/wp\/v2\/media\/51922"}],"wp:attachment":[{"href":"https:\/\/licencegrid.com\/de\/wp-json\/wp\/v2\/media?parent=51919"}],"wp:term":[{"taxonomy":"product_brand","embeddable":true,"href":"https:\/\/licencegrid.com\/de\/wp-json\/wp\/v2\/product_brand?post=51919"},{"taxonomy":"product_cat","embeddable":true,"href":"https:\/\/licencegrid.com\/de\/wp-json\/wp\/v2\/product_cat?post=51919"},{"taxonomy":"product_tag","embeddable":true,"href":"https:\/\/licencegrid.com\/de\/wp-json\/wp\/v2\/product_tag?post=51919"}],"curies":[{"name":"wp","href":"https:\/\/api.w.org\/{rel}","templated":true}]}}