{"id":78,"date":"2022-02-26T09:22:02","date_gmt":"2022-02-26T09:22:02","guid":{"rendered":"https:\/\/licencegrid.com\/?post_type=product&#038;p=78"},"modified":"2023-10-26T13:12:38","modified_gmt":"2023-10-26T13:12:38","slug":"microsoft-server-2019-datacenter-2-cores","status":"publish","type":"product","link":"https:\/\/licencegrid.com\/de\/produkt\/microsoft-server-2019-datacenter-2-cores\/","title":{"rendered":"Microsoft Server 2019 Datacenter - 2 Kerne"},"content":{"rendered":"<div class=\"flex-1 overflow-hidden\">\n<div class=\"react-scroll-to-bottom--css-leeyc-79elbk h-full dark:bg-gray-800\">\n<div class=\"react-scroll-to-bottom--css-leeyc-1n7m0yu\">\n<div class=\"flex flex-col text-sm gizmo:pb-9 dark:bg-gray-800\">\n<div class=\"group final-completion w-full text-token-text-primary border-b border-black\/10 gizmo:border-0 dark:border-gray-900\/50 gizmo:dark:border-0 bg-gray-50 gizmo:bg-transparent dark:bg-[#444654] gizmo:dark:bg-transparent\" data-testid=\"conversation-turn-33\">\n<div class=\"p-4 gizmo:py-2 justify-center text-base md:gap-6 md:py-6 m-auto\">\n<div class=\"flex flex-1 gap-4 text-base mx-auto md:gap-6 gizmo:gap-3 gizmo:md:px-5 gizmo:lg:px-1 gizmo:xl:px-5 md:max-w-2xl lg:max-w-[38rem] gizmo:md:max-w-3xl gizmo:lg:max-w-[40rem] gizmo:xl:max-w-[48rem] xl:max-w-3xl }\">\n<div class=\"relative flex w-[calc(100%-50px)] flex-col gizmo:w-full lg:w-[calc(100%-115px)] agent-turn\">\n<div class=\"flex-col gap-1 md:gap-3\">\n<div class=\"flex flex-grow flex-col gap-3 max-w-full\">\n<div class=\"min-h-[20px] flex flex-col items-start gap-3 whitespace-pre-wrap break-words overflow-x-auto\">\n<div class=\"markdown prose w-full break-words dark:prose-invert dark\">\n<h3 style=\"text-align: center;\">Krachtige Datacenterprestaties mit Microsoft Windows Server 2019 Datacenter - 2 Kerne<\/h3>\n<p>Steigen Sie mit Microsoft Windows Server 2019 Datacenter in die Welt der Rechenzentren ein, um den h\u00f6chsten Anspr\u00fcchen moderner Unternehmen gerecht zu werden. Mit der Flexibilit\u00e4t von 2 Kernen ist Windows Server 2019 Datacenter die ideale L\u00f6sung f\u00fcr die Optimierung Ihrer Rechenzentrumsumgebung und die Optimierung von kritischen Unternehmensabl\u00e4ufen.<\/p>\n<p><strong>Belangrijkste Kenmerken:<\/strong><\/p>\n<ul>\n<li><strong>Krachtige Virtualisatie:<\/strong> Beheer en schaal uw virtuele omgeving met Hyper-V en bied een betrouwbare infrastructuur.<\/li>\n<li><strong>Software Defined Networking (SDN):<\/strong> Vereenvoudig netwerkbeheer en verbeter prestaties met software defined networking.<\/li>\n<li><strong>Geavanceerd Beheer:<\/strong> Vereenvoudig uw datacenterbeheer met verbeterde tools en automatisering.<\/li>\n<\/ul>\n<p><strong>Voordelen:<\/strong> Met Microsoft Windows Server 2019 Datacenter - 2 Cores kunt u:<\/p>\n<ul>\n<li>Maximale Betriebszeit und Sicherheit sind f\u00fcr kritische Kunden realisierbar.<\/li>\n<li>Die Kosten werden durch die Virtualisierung und den Verzicht auf die Nutzung des Internets gesenkt.<\/li>\n<li>Unser Rechenzentrum schalen und passen sich an die gro\u00dfen Anforderungen unserer Organisation an.<\/li>\n<\/ul>\n<p><strong>Systeemvereisten:<\/strong> Um Microsoft Windows Server 2019 Datacenter - 2 Cores zu verwenden, m\u00fcssen Sie den folgenden Hinweis beachten:<\/p>\n<ul>\n<li><strong>Prozessor:<\/strong> 64-Bit-Prozessor mit mindestens 2 Kernen.<\/li>\n<li><strong>Geheugen:<\/strong> 512 MB RAM oder mehr.<\/li>\n<li><strong>Opslag:<\/strong> 32 GB vrije schijfruimte of meer.<\/li>\n<li><strong>Grafische kaart:<\/strong> Super VGA (800\u00d7600) mit hoher Aufl\u00f6sung.<\/li>\n<li><strong>Internet-Verbindung:<\/strong> F\u00fcr bestimmte Funktionen wird ein Internet-Zugang angeboten.<\/li>\n<\/ul>\n<p><strong>Gebruiksscenario's:<\/strong> Wenn Sie eine kleine bis mittelgro\u00dfe Rechenzentrumsumgebung haben oder eine kritische Umgebung ben\u00f6tigen, bietet Microsoft Windows Server 2019 Datacenter mit 2 Kernen die Vorz\u00fcge und den Komfort, den Sie sich w\u00fcnschen.<\/p>\n<p><strong>Installatie en Configuratie:<\/strong> Microsoft Windows Server 2019 Datacenter - 2 Cores ist einfach zu installieren und zu konfigurieren, mit detaillierter Dokumentation und Online-Einf\u00fchrung.<\/p>\n<p><strong>Neuerungen und Aktualisierungen:<\/strong> Profitieren Sie von umfassenden technischen Anpassungen und regelm\u00e4\u00dfigen Updates, damit Ihr Rechenzentrum optimal funktioniert.<\/p>\n<p><strong>Schlussfolgerungen:<\/strong> Microsoft Windows Server 2019 Datacenter - 2 Cores ist die L\u00f6sung f\u00fcr ein optimiertes und effizientes Rechenzentrum. Erh\u00f6hen Sie die Leistung Ihres Rechenzentrums mit dieser leistungsstarken L\u00f6sung.<\/p>\n<\/div>\n<\/div>\n<\/div>\n<\/div>\n<\/div>\n<\/div>\n<\/div>\n<\/div>\n<\/div>\n<\/div>\n<\/div>\n<\/div>","protected":false},"excerpt":{"rendered":"<p>Steigen Sie mit Microsoft Windows Server 2019 Datacenter in die Welt der Rechenzentren ein, um den h\u00f6chsten Anspr\u00fcchen moderner Unternehmen gerecht zu werden. Mit der Flexibilit\u00e4t von 2 Kernen ist Windows Server 2019 Datacenter die ideale L\u00f6sung f\u00fcr die Optimierung Ihrer Rechenzentrumsumgebung und die Optimierung von kritischen Unternehmensabl\u00e4ufen.<\/p>\n<h5><img decoding=\"async\" class=\"wp-image-38007 alignnone\" src=\"https:\/\/licencegrid.com\/wp-content\/uploads\/2022\/02\/blue-mark.png\" alt=\"\" width=\"25\" height=\"25\" srcset=\"https:\/\/licencegrid.com\/wp-content\/uploads\/2022\/02\/blue-mark.png 225w, https:\/\/licencegrid.com\/wp-content\/uploads\/2022\/02\/blue-mark-150x150.png 150w\" sizes=\"(max-width: 25px) 100vw, 25px\" \/>\u00a0<strong>Goedkoop en simpel software aanschaffen!<br \/>\n<\/strong><img decoding=\"async\" class=\"wp-image-38007 alignnone\" src=\"https:\/\/licencegrid.com\/wp-content\/uploads\/2022\/02\/blue-mark.png\" alt=\"\" width=\"25\" height=\"25\" srcset=\"https:\/\/licencegrid.com\/wp-content\/uploads\/2022\/02\/blue-mark.png 225w, https:\/\/licencegrid.com\/wp-content\/uploads\/2022\/02\/blue-mark-150x150.png 150w\" sizes=\"(max-width: 25px) 100vw, 25px\" \/>\u00a0<strong>Innerhalb weniger Sekunden, digitaal geleverd!<br \/>\n<\/strong><img decoding=\"async\" class=\"wp-image-38007 alignnone\" src=\"https:\/\/licencegrid.com\/wp-content\/uploads\/2022\/02\/blue-mark.png\" alt=\"\" width=\"25\" height=\"25\" srcset=\"https:\/\/licencegrid.com\/wp-content\/uploads\/2022\/02\/blue-mark.png 225w, https:\/\/licencegrid.com\/wp-content\/uploads\/2022\/02\/blue-mark-150x150.png 150w\" sizes=\"(max-width: 25px) 100vw, 25px\" \/>\u00a0<strong>Niet goed = Geld terug!<br \/>\n<\/strong><img decoding=\"async\" class=\"wp-image-38007 alignnone\" src=\"https:\/\/licencegrid.com\/wp-content\/uploads\/2022\/02\/blue-mark.png\" alt=\"\" width=\"25\" height=\"25\" srcset=\"https:\/\/licencegrid.com\/wp-content\/uploads\/2022\/02\/blue-mark.png 225w, https:\/\/licencegrid.com\/wp-content\/uploads\/2022\/02\/blue-mark-150x150.png 150w\" sizes=\"(max-width: 25px) 100vw, 25px\" \/> Klantenservice bis 23:00 Uhr bereikbaar!<br \/>\n<img decoding=\"async\" class=\"wp-image-38007 alignnone\" src=\"https:\/\/licencegrid.com\/wp-content\/uploads\/2022\/02\/blue-mark.png\" alt=\"\" width=\"25\" height=\"25\" srcset=\"https:\/\/licencegrid.com\/wp-content\/uploads\/2022\/02\/blue-mark.png 225w, https:\/\/licencegrid.com\/wp-content\/uploads\/2022\/02\/blue-mark-150x150.png 150w\" sizes=\"(max-width: 25px) 100vw, 25px\" \/> Vertrouwd kopen bij een Nederlandse webshop met een webshop keurmerk!<\/h5>\n<h3><\/h3>","protected":false},"featured_media":112,"template":"","meta":{"inline_featured_image":false},"product_brand":[],"product_cat":[20],"product_tag":[],"class_list":{"0":"post-78","1":"product","2":"type-product","3":"status-publish","4":"has-post-thumbnail","6":"product_cat-server","8":"first","9":"instock","10":"sale","11":"taxable","12":"shipping-taxable","13":"purchasable","14":"product-type-simple"},"_links":{"self":[{"href":"https:\/\/licencegrid.com\/de\/wp-json\/wp\/v2\/product\/78","targetHints":{"allow":["GET"]}}],"collection":[{"href":"https:\/\/licencegrid.com\/de\/wp-json\/wp\/v2\/product"}],"about":[{"href":"https:\/\/licencegrid.com\/de\/wp-json\/wp\/v2\/types\/product"}],"wp:featuredmedia":[{"embeddable":true,"href":"https:\/\/licencegrid.com\/de\/wp-json\/wp\/v2\/media\/112"}],"wp:attachment":[{"href":"https:\/\/licencegrid.com\/de\/wp-json\/wp\/v2\/media?parent=78"}],"wp:term":[{"taxonomy":"product_brand","embeddable":true,"href":"https:\/\/licencegrid.com\/de\/wp-json\/wp\/v2\/product_brand?post=78"},{"taxonomy":"product_cat","embeddable":true,"href":"https:\/\/licencegrid.com\/de\/wp-json\/wp\/v2\/product_cat?post=78"},{"taxonomy":"product_tag","embeddable":true,"href":"https:\/\/licencegrid.com\/de\/wp-json\/wp\/v2\/product_tag?post=78"}],"curies":[{"name":"wp","href":"https:\/\/api.w.org\/{rel}","templated":true}]}}