{"id":80,"date":"2023-10-10T21:00:58","date_gmt":"2023-10-10T21:00:58","guid":{"rendered":"https:\/\/licencegrid.com\/?post_type=product&#038;p=80"},"modified":"2023-10-19T22:38:45","modified_gmt":"2023-10-19T22:38:45","slug":"adobe-cs6-design-web-premium","status":"publish","type":"product","link":"https:\/\/licencegrid.com\/de\/produkt\/adobe-cs6-design-web-premium\/","title":{"rendered":"Adobe CS6 Design &amp; Web Premium"},"content":{"rendered":"<p>Adobe CS6 Design Web Premium ist das ultimative Werk f\u00fcr professionelle Anwender. Es bietet eine Vielzahl von digitalen M\u00f6glichkeiten und eine Vielzahl von Materialien, die die Arbeit vereinfachen und erleichtern. Kreieren Sie Layouts von un\u00fcbersichtlichen Seiten f\u00fcr die Druckerei mit einfacher Typografie, erstellen Sie HTML5\/CSS3-Websites, die auf jedem Bildschirm fantastisch aussehen und entwickeln Sie Apps f\u00fcr Tablets und Smartphones.<\/p>\n<p>Cre\u00eber opvallend digitaal beeldmateriaal<br \/>\nMit Adobe CS6 Design Web Premium k\u00f6nnen Sie noch mehr aus Ihrem Leben machen. Erstellen Sie prachtvolle digitale Bilder mit der neuen Adobe Photoshop CS6 Extended-Software, kreieren Sie gehaltvolle Vektorgrafiken, die f\u00fcr andere Medien geeignet sind, mit Adobe Illustrator CS6 und lassen Sie sich von den praktischen Adobe Touch Apps f\u00fcr Ihr iPad oder Android\u2122-Tablet inspirieren.<\/p>\n<p>Entdecken Sie die neuen M\u00f6glichkeiten f\u00fcr Berufst\u00e4tige<br \/>\nArbeiten Sie mit der neuen Adobe Mercury Graphics Engine in Adobe Photoshop Extended und dem Mercury Performance System in Adobe Illustrator an komplexen Aufgaben. Gestalten Sie das Layout von Publikationen f\u00fcr das iPad und andere Tablets mit Adobe InDesign und erstellen Sie HTML5\/CSS3-Websites in Adobe Dreamweaver.<\/p>\n<p>Ideaal voor professionele webontwerpers<br \/>\nEntwickeln Sie neue Websites auf der Basis der neuesten HTML5\/CSS3-Standards und nutzen Sie die g\u00e4ngigen FTP-Pr\u00e4zisionen in Dreamweaver. Erstellen Sie Inhalte f\u00fcr eine Vielzahl von Ger\u00e4ten und Plattformen. Erstellen Sie aussagekr\u00e4ftige Grafiken und Illustrationen mit Adobe CS6 Design Web Premium.<\/p>\n<p>Was man machen kann, muss man wissen<br \/>\nMit dem ultimativen Toolkit f\u00fcr professionelles Arbeiten lassen sich die besten Ideen f\u00fcr die unterschiedlichsten Medien umsetzen. Erstellen Sie hochwertige Inhalte f\u00fcr die Presse, das Internet, Tablets und Smartphones mit modernsten Medien. Arbeiten Sie mit supersneller Kreativit\u00e4t und einfacher Kontrolle.<\/p>\n<p>Afbeeldingen overtrekken in Illustrator<br \/>\nKonvertieren Sie Rasterdaten in bearbeitbare Vektoren mit einer v\u00f6llig neuen Engine f\u00fcr das \u00dcbertragen von Daten. Behaal zuivere lijnen, nauwkeurige aanpassingen en betrouwbaardere resultaten zonder complexe besturingselementen.<\/p>\n<p>Opslaan op de achtergrond in Photoshop Extended<br \/>\nBescherm je tegen het verlies van je werk, bijvoorbeeld wanneer je computer onverwacht wordt uitgeschakeld. Lassen Sie Ihre Arbeit automatisch durch den Ausgang brechen. Sie k\u00f6nnen auch die T\u00fcr \u00f6ffnen, wenn gro\u00dfe Photoshop-Best\u00e4nde auf der rechten Seite angezeigt werden.<\/p>\n<p>Gestroomlijnde gebruikersinterface in Photoshop Extended<br \/>\nDank der unmittelbaren Verbreitungsm\u00f6glichkeiten in der Benutzeroberfl\u00e4che k\u00f6nnen Sie schnell und einfach alle digitalen Anwendungen nutzen. Wijzig en verbeter eenvoudig de kleur en kleurtoon vanuit het deelvenster Aanpassingen en maak en bewerk snel maskers vanuit het deelvenster Masker.<\/p>\n<p>Inhoud verpakking<\/p>\n<p>Photoshop CS6 erweitert<\/p>\n<p>Illustrator CS6<\/p>\n<p>InDesign CS6<\/p>\n<p>Dreamweaver CS6<\/p>\n<p>Flash\u00ae Professional CS6<\/p>\n<p>Feuerwerk CS6<\/p>\n<p>Acrobat X Pro<\/p>\n<p>Br\u00fccke CS6<\/p>\n<p>Media Encoder CS6<\/p>\n<p>Systeemeisen<\/p>\n<p>Intel Pentium 4- oder AMD Athlon\u00ae 64-Prozessor<\/p>\n<p>Microsoft Windows\u00ae XP (mit Service Pack 3) oder Windows 7 (mit Service Pack 1)<\/p>\n<p>2 GB RAM (3 GB aanbevolen) f\u00fcr 32 Bit; 2 GB RAM (8 GB aanbevolen) f\u00fcr 64 Bit<\/p>\n<p>11 GB freier Speicherplatz auf der Festplatte f\u00fcr die Installation; w\u00e4hrend der Installation ist zus\u00e4tzlicher freier Speicherplatz erforderlich (kann nicht f\u00fcr verwaiste Flash-Operationsger\u00e4te installiert werden)<\/p>\n<p>Monitor mit einer Aufl\u00f6sung von 1.280 x 800 (1.280 x 1.024 aanbevolen) mit 16-Bit-Klarheit und 512 MB VRAM<\/p>\n<p>Voor OpenGL 2.0 geschikt systeem<\/p>\n<p>Dvd-rom-station kompatibel mit dvd's met twee lagen<\/p>\n<p>Java-Laufzeitumgebung 1.6 (inbegrepen)<\/p>\n<p>QuickTime 7.6.6 wurde f\u00fcr die Wiedergabe von HTML5-Medien und Multimedia-Funktionen optimiert.<\/p>\n<p>Adobe Flash Player 10 ist bereit, SWF-Best\u00e4nde zu exportieren<\/p>\n<p>&nbsp;<\/p>\n<p><a href=\"https:\/\/www.bol.com\/nl\/p\/adobe-design-and-web-premium-cs6-windows-english\/9200000055886525\/\" style=\"display:none\">outb<\/a><\/p>\n<p><a href=\"https:\/\/www.bol.com\/nl\/p\/adobe-design-en-web-premium-cs6-win-engels\/1003004012253410\/\" style=\"display:none\">outb<\/a><\/p>\n<p><a href=\"https:\/\/tweakers.net\/pricewatch\/314830\/adobe-creative-suite-cs6-design-and-web-premium.html\" style=\"display:none\">outb<\/a><\/p>\n<p><a href=\"https:\/\/licencegrid.com\/de\/product\/adobe-premiere-elements\/\" style=\"display:none\">inb<\/a><\/p>\n<p><a href=\"https:\/\/licencegrid.com\/de\/produkt\/adobe-photoshop-cs6\/\" style=\"display:none\"><\/a><\/p>\n<p><a href=\"https:\/\/licencegrid.com\/de\/produkt\/adobe-cs6-design-standaard\/\" style=\"display:none\"><\/a><\/p>","protected":false},"excerpt":{"rendered":"<h5><img decoding=\"async\" class=\"wp-image-38007 alignnone\" src=\"https:\/\/licencegrid.com\/wp-content\/uploads\/2022\/02\/blue-mark.png\" alt=\"\" width=\"25\" height=\"25\" srcset=\"https:\/\/licencegrid.com\/wp-content\/uploads\/2022\/02\/blue-mark.png 225w, https:\/\/licencegrid.com\/wp-content\/uploads\/2022\/02\/blue-mark-150x150.png 150w\" sizes=\"(max-width: 25px) 100vw, 25px\" \/>\u00a0<strong>Goedkoop en simpel software aanschaffen!<br \/>\n<\/strong><img decoding=\"async\" class=\"wp-image-38007 alignnone\" src=\"https:\/\/licencegrid.com\/wp-content\/uploads\/2022\/02\/blue-mark.png\" alt=\"\" width=\"25\" height=\"25\" srcset=\"https:\/\/licencegrid.com\/wp-content\/uploads\/2022\/02\/blue-mark.png 225w, https:\/\/licencegrid.com\/wp-content\/uploads\/2022\/02\/blue-mark-150x150.png 150w\" sizes=\"(max-width: 25px) 100vw, 25px\" \/>\u00a0<strong>Innerhalb weniger Sekunden, digitaal geleverd!<br \/>\n<\/strong><img decoding=\"async\" class=\"wp-image-38007 alignnone\" src=\"https:\/\/licencegrid.com\/wp-content\/uploads\/2022\/02\/blue-mark.png\" alt=\"\" width=\"25\" height=\"25\" srcset=\"https:\/\/licencegrid.com\/wp-content\/uploads\/2022\/02\/blue-mark.png 225w, https:\/\/licencegrid.com\/wp-content\/uploads\/2022\/02\/blue-mark-150x150.png 150w\" sizes=\"(max-width: 25px) 100vw, 25px\" \/>\u00a0<strong>Niet goed = Geld terug!<br \/>\n<\/strong><img decoding=\"async\" class=\"wp-image-38007 alignnone\" src=\"https:\/\/licencegrid.com\/wp-content\/uploads\/2022\/02\/blue-mark.png\" alt=\"\" width=\"25\" height=\"25\" srcset=\"https:\/\/licencegrid.com\/wp-content\/uploads\/2022\/02\/blue-mark.png 225w, https:\/\/licencegrid.com\/wp-content\/uploads\/2022\/02\/blue-mark-150x150.png 150w\" sizes=\"(max-width: 25px) 100vw, 25px\" \/> Klantenservice bis 23:00 Uhr bereikbaar!<br \/>\n<img decoding=\"async\" class=\"wp-image-38007 alignnone\" src=\"https:\/\/licencegrid.com\/wp-content\/uploads\/2022\/02\/blue-mark.png\" alt=\"\" width=\"25\" height=\"25\" srcset=\"https:\/\/licencegrid.com\/wp-content\/uploads\/2022\/02\/blue-mark.png 225w, https:\/\/licencegrid.com\/wp-content\/uploads\/2022\/02\/blue-mark-150x150.png 150w\" sizes=\"(max-width: 25px) 100vw, 25px\" \/> Vertrouwd kopen bij een Nederlandse webshop met een webshop keurmerk!<\/h5>\n<h3><\/h3>","protected":false},"featured_media":114,"template":"","meta":{"inline_featured_image":false},"product_brand":[],"product_cat":[19],"product_tag":[],"class_list":{"0":"post-80","1":"product","2":"type-product","3":"status-publish","4":"has-post-thumbnail","6":"product_cat-multimedia","8":"first","9":"outofstock","10":"sale","11":"taxable","12":"shipping-taxable","13":"purchasable","14":"product-type-simple"},"_links":{"self":[{"href":"https:\/\/licencegrid.com\/de\/wp-json\/wp\/v2\/product\/80","targetHints":{"allow":["GET"]}}],"collection":[{"href":"https:\/\/licencegrid.com\/de\/wp-json\/wp\/v2\/product"}],"about":[{"href":"https:\/\/licencegrid.com\/de\/wp-json\/wp\/v2\/types\/product"}],"wp:featuredmedia":[{"embeddable":true,"href":"https:\/\/licencegrid.com\/de\/wp-json\/wp\/v2\/media\/114"}],"wp:attachment":[{"href":"https:\/\/licencegrid.com\/de\/wp-json\/wp\/v2\/media?parent=80"}],"wp:term":[{"taxonomy":"product_brand","embeddable":true,"href":"https:\/\/licencegrid.com\/de\/wp-json\/wp\/v2\/product_brand?post=80"},{"taxonomy":"product_cat","embeddable":true,"href":"https:\/\/licencegrid.com\/de\/wp-json\/wp\/v2\/product_cat?post=80"},{"taxonomy":"product_tag","embeddable":true,"href":"https:\/\/licencegrid.com\/de\/wp-json\/wp\/v2\/product_tag?post=80"}],"curies":[{"name":"wp","href":"https:\/\/api.w.org\/{rel}","templated":true}]}}