{"id":92,"date":"2023-10-10T20:57:58","date_gmt":"2023-10-10T20:57:58","guid":{"rendered":"https:\/\/licencegrid.com\/?post_type=product&#038;p=92"},"modified":"2023-12-13T10:38:08","modified_gmt":"2023-12-13T10:38:08","slug":"adobe-creative-cloud-individual-100gb-1-jaar-pc-mac","status":"publish","type":"product","link":"https:\/\/licencegrid.com\/de\/produkt\/adobe-creative-cloud-individual-100gb-1-jaar-pc-mac\/","title":{"rendered":"Adobe Creative Cloud Individual 100GB - 2 Apparate - 1 Jaar - PC\/MAC"},"content":{"rendered":"<p>Mit Adobe Creative Cloud Individual 80GB k\u00f6nnen Sie Ihre kreativen Projekte auf ein h\u00f6heres Niveau bringen. Die alles-in-einem-Plattform bietet Zugang zu den weltweit besten Kreativprogrammen und 100 GB Cloud-Speicherplatz, um Ihre Projekte zu optimieren, die Sie selbst erstellt haben. Ob Sie nun ein Grafiker, Fotograf, Videobearbeiter, Webdesigner oder ein anderer kreativer Profi sind, Adobe Creative Cloud bietet alles, was Sie brauchen, um Ihre Vision zu verwirklichen.<\/p>\n<p><strong>Wichtigste Hinweise:<\/strong><\/p>\n<ol>\n<li><strong>Der \u00dcbergang zur vollst\u00e4ndigen Suite von Adobe Creative Apps:<\/strong> Mit Creative Cloud Individual haben Sie direkten Zugang zu Adobes breitem Sortiment an Kreativsoftware, darunter Photoshop, Illustrator, InDesign, Premiere Pro, After Effects und vieles mehr. Damit sind Sie f\u00fcr alles ger\u00fcstet, von pr\u00e4chtigen Bildern und Illustrationen bis hin zu anspruchsvollen Videos und Webinaren.<\/li>\n<li><strong>80GB Cloudopslag:<\/strong> Bewahren Sie Ihre Daten sicher in der Cloud mit 100 GB Speicherplatz. Das macht es m\u00f6glich, die Arbeit mit Mitarbeitern, Kunden und anderen zu erledigen und gibt Ihnen die Gewissheit, dass Ihre Dateien immer noch sehr zuverl\u00e4ssig sind, auch wenn Sie die Anwendung nicht kennen.<\/li>\n<li><strong>Regelm\u00e4\u00dfige Updates und neue Funktionen:<\/strong> Adobe bietet Creative Cloud mit regelm\u00e4\u00dfigen Updates und neuen Funktionen an, so dass Sie immer \u00fcber die neuesten Werkzeuge und Technologien informiert sind, um Ihre kreativen Projekte zu verwirklichen.<\/li>\n<li><strong>Krachtige integratie:<\/strong> Creative Cloud ist eng mit anderen Adobe-Produkten und -Diensten verkn\u00fcpft, mit denen Sie problemlos arbeiten und mit Partnern zusammenarbeiten k\u00f6nnen.<\/li>\n<li><strong>Plattform\u00fcbergreifende Kompatibilit\u00e4t:<\/strong> Wenn Sie auf einem Windows- oder Mac-Computer arbeiten, ist Creative Cloud Individual mit beiden Betriebssystemen kompatibel, sodass Sie bei der Arbeit an Ihrem Arbeitsplatz flexibel sind.<\/li>\n<\/ol>\n<p><strong>Systeemeisen:<\/strong><\/p>\n<p>Um Adobe Creative Cloud Individual 100 GB optimal nutzen zu k\u00f6nnen, m\u00fcssen die folgenden Systemvoraussetzungen erf\u00fcllt sein:<\/p>\n<p><strong>F\u00fcr Windows:<\/strong><\/p>\n<ul>\n<li>Besturingssysteem: Minimaal Windows 10 (64-bits)<\/li>\n<li>Prozessor: Multicore Intel- oder AMD-Prozessor mit 64-Bit Ondersteuning<\/li>\n<li>Geheugen: 16 GB RAM (von mehr aanbevolen)<\/li>\n<li>Opslag: SSD mit 4 GB freiem Speicherplatz f\u00fcr die Installation; zus\u00e4tzlicher freier Speicherplatz w\u00e4hrend der Installation m\u00f6glich<\/li>\n<li>Grafische kaart: GPU met DirectX 12-ondersteuning<\/li>\n<\/ul>\n<p><strong>F\u00fcr den Mac:<\/strong><\/p>\n<ul>\n<li>Besturingssysteem: macOS 10.14 (Mojave) oder h\u00f6her<\/li>\n<li>Prozessor: Intel-Multicore-Prozessor mit 64-Bit-Unterst\u00fctzung<\/li>\n<li>Geheugen: 16 GB RAM (von mehr aanbevolen)<\/li>\n<li>Opslag: SSD mit 4 GB freiem Speicherplatz f\u00fcr die Installation; zus\u00e4tzlicher freier Speicherplatz w\u00e4hrend der Installation m\u00f6glich<\/li>\n<\/ul>\n<p>Au\u00dferdem haben Sie eine Internetverbindung, um Creative Cloud-Apps herunterzuladen, zu aktualisieren und zu aktivieren, auch f\u00fcr den Zugang zu Online-Diensten und Cloudopslag.<\/p>\n<p>Mit Adobe Creative Cloud Individual 100GB haben Sie alle Werkzeuge und Hilfsmittel, um Ihre kreativen Visionen zu verwirklichen. Ob es um die Erstellung umfangreicher Anwendungen oder um die Produktion von Videos geht, diese Suite ist f\u00fcr jeden modernen Kreativprofi unverzichtbar. Aktualisieren Sie jetzt und erfahren Sie, was Sie mit Adobe Creative Cloud alles machen k\u00f6nnen!<\/p>","protected":false},"excerpt":{"rendered":"<p>Sie sind kreativ, haben viele Ideen und suchen nach einer M\u00f6glichkeit, alle Ideen zu verwirklichen. Hierf\u00fcr stehen Ihnen verschiedene Programme zur Verf\u00fcgung. Creative Cloud ist ein Zusammenschluss von mehr als\u00a0<b>20 Desktop- und mobile Anwendungen und Dienste<\/b>\u00a0f\u00fcr Fotografie, Internet, Video, Web, UX und vieles mehr.<\/p>\n<p><img decoding=\"async\" class=\"wp-image-38007 alignnone\" src=\"https:\/\/licencegrid.com\/wp-content\/uploads\/2022\/02\/blue-mark.png\" alt=\"\" width=\"25\" height=\"25\" srcset=\"https:\/\/licencegrid.com\/wp-content\/uploads\/2022\/02\/blue-mark.png 225w, https:\/\/licencegrid.com\/wp-content\/uploads\/2022\/02\/blue-mark-150x150.png 150w\" sizes=\"(max-width: 25px) 100vw, 25px\" \/>\u00a0<strong>Goedkoop en simpel software aanschaffen!<br \/>\n<\/strong><img decoding=\"async\" class=\"wp-image-38007 alignnone\" src=\"https:\/\/licencegrid.com\/wp-content\/uploads\/2022\/02\/blue-mark.png\" alt=\"\" width=\"25\" height=\"25\" srcset=\"https:\/\/licencegrid.com\/wp-content\/uploads\/2022\/02\/blue-mark.png 225w, https:\/\/licencegrid.com\/wp-content\/uploads\/2022\/02\/blue-mark-150x150.png 150w\" sizes=\"(max-width: 25px) 100vw, 25px\" \/>\u00a0<strong>Innerhalb weniger Sekunden, digitaal geleverd!<br \/>\n<\/strong><img decoding=\"async\" class=\"wp-image-38007 alignnone\" src=\"https:\/\/licencegrid.com\/wp-content\/uploads\/2022\/02\/blue-mark.png\" alt=\"\" width=\"25\" height=\"25\" srcset=\"https:\/\/licencegrid.com\/wp-content\/uploads\/2022\/02\/blue-mark.png 225w, https:\/\/licencegrid.com\/wp-content\/uploads\/2022\/02\/blue-mark-150x150.png 150w\" sizes=\"(max-width: 25px) 100vw, 25px\" \/>\u00a0<strong>Niet goed = Geld terug!<br \/>\n<\/strong><img decoding=\"async\" class=\"wp-image-38007 alignnone\" src=\"https:\/\/licencegrid.com\/wp-content\/uploads\/2022\/02\/blue-mark.png\" alt=\"\" width=\"25\" height=\"25\" srcset=\"https:\/\/licencegrid.com\/wp-content\/uploads\/2022\/02\/blue-mark.png 225w, https:\/\/licencegrid.com\/wp-content\/uploads\/2022\/02\/blue-mark-150x150.png 150w\" sizes=\"(max-width: 25px) 100vw, 25px\" \/> <strong>Klantenservice bis 23:00 Uhr bereikbaar!<\/strong><br \/>\n<img decoding=\"async\" class=\"wp-image-38007 alignnone\" src=\"https:\/\/licencegrid.com\/wp-content\/uploads\/2022\/02\/blue-mark.png\" alt=\"\" width=\"25\" height=\"25\" srcset=\"https:\/\/licencegrid.com\/wp-content\/uploads\/2022\/02\/blue-mark.png 225w, https:\/\/licencegrid.com\/wp-content\/uploads\/2022\/02\/blue-mark-150x150.png 150w\" sizes=\"(max-width: 25px) 100vw, 25px\" \/> <strong>Vertrouwd kopen bij een Nederlandse webshop met een webshop keurmerk!<\/strong><\/p>\n<h3><\/h3>","protected":false},"featured_media":38212,"template":"","meta":{"inline_featured_image":false},"product_brand":[],"product_cat":[19],"product_tag":[],"class_list":{"0":"post-92","1":"product","2":"type-product","3":"status-publish","4":"has-post-thumbnail","6":"product_cat-multimedia","8":"first","9":"instock","10":"sale","11":"taxable","12":"shipping-taxable","13":"purchasable","14":"product-type-simple"},"_links":{"self":[{"href":"https:\/\/licencegrid.com\/de\/wp-json\/wp\/v2\/product\/92","targetHints":{"allow":["GET"]}}],"collection":[{"href":"https:\/\/licencegrid.com\/de\/wp-json\/wp\/v2\/product"}],"about":[{"href":"https:\/\/licencegrid.com\/de\/wp-json\/wp\/v2\/types\/product"}],"wp:featuredmedia":[{"embeddable":true,"href":"https:\/\/licencegrid.com\/de\/wp-json\/wp\/v2\/media\/38212"}],"wp:attachment":[{"href":"https:\/\/licencegrid.com\/de\/wp-json\/wp\/v2\/media?parent=92"}],"wp:term":[{"taxonomy":"product_brand","embeddable":true,"href":"https:\/\/licencegrid.com\/de\/wp-json\/wp\/v2\/product_brand?post=92"},{"taxonomy":"product_cat","embeddable":true,"href":"https:\/\/licencegrid.com\/de\/wp-json\/wp\/v2\/product_cat?post=92"},{"taxonomy":"product_tag","embeddable":true,"href":"https:\/\/licencegrid.com\/de\/wp-json\/wp\/v2\/product_tag?post=92"}],"curies":[{"name":"wp","href":"https:\/\/api.w.org\/{rel}","templated":true}]}}