{"id":3,"date":"2022-02-26T08:29:23","date_gmt":"2022-02-26T08:29:23","guid":{"rendered":"https:\/\/licencegrid.com\/?page_id=3"},"modified":"2025-05-07T13:41:23","modified_gmt":"2025-05-07T13:41:23","slug":"privacybeleid","status":"publish","type":"page","link":"https:\/\/licencegrid.com\/fr\/privacybeleid\/","title":{"rendered":"Protection de la vie priv\u00e9e"},"content":{"rendered":"<div data-elementor-type=\"wp-page\" data-elementor-id=\"3\" class=\"elementor elementor-3\" data-elementor-post-type=\"page\">\n\t\t\t\t\t\t<section class=\"elementor-section elementor-top-section elementor-element elementor-element-608aeb6 elementor-section-boxed elementor-section-height-default elementor-section-height-default\" data-id=\"608aeb6\" data-element_type=\"section\" data-settings=\"{&quot;background_background&quot;:&quot;classic&quot;}\">\n\t\t\t\t\t\t<div class=\"elementor-container elementor-column-gap-default\">\n\t\t\t\t\t<div class=\"elementor-column elementor-col-100 elementor-top-column elementor-element elementor-element-1fc69a9\" data-id=\"1fc69a9\" data-element_type=\"column\">\n\t\t\t<div class=\"elementor-widget-wrap elementor-element-populated\">\n\t\t\t\t\t\t<div class=\"elementor-element elementor-element-a5407db elementor-widget elementor-widget-heading\" data-id=\"a5407db\" data-element_type=\"widget\" data-widget_type=\"heading.default\">\n\t\t\t\t<div class=\"elementor-widget-container\">\n\t\t\t\t\t<h1 class=\"elementor-heading-title elementor-size-default\">Politique de confidentialit\u00e9<\/h1>\t\t\t\t<\/div>\n\t\t\t\t<\/div>\n\t\t\t\t<div class=\"elementor-element elementor-element-e2cd66b elementor-widget elementor-widget-text-editor\" data-id=\"e2cd66b\" data-element_type=\"widget\" data-widget_type=\"text-editor.default\">\n\t\t\t\t<div class=\"elementor-widget-container\">\n\t\t\t\t\t\t\t\t\t<p>Nous sommes conscients de la confiance que vous nous accordez. Nous consid\u00e9rons donc qu'il est de notre responsabilit\u00e9 de prot\u00e9ger votre vie priv\u00e9e. Sur cette page, nous vous indiquons quelles donn\u00e9es nous collectons lorsque vous utilisez notre site web, pourquoi nous collectons ces donn\u00e9es et comment nous les utilisons pour am\u00e9liorer votre exp\u00e9rience d'utilisateur. Vous comprendrez ainsi exactement comment nous travaillons.<\/p><p>Cette politique de confidentialit\u00e9 s'applique aux services de SoftLoad. Vous devez savoir que SoftLoad n'est pas responsable de la politique de confidentialit\u00e9 d'autres sites et sources. En utilisant ce site web, vous indiquez que vous acceptez la politique de confidentialit\u00e9.<\/p><p>\u00a0<\/p><div id=\"tw-target-text-container\" class=\"tw-ta-container tw-nfl\" tabindex=\"0\" role=\"text\"><pre id=\"tw-target-text\" class=\"tw-data-text tw-text-large tw-ta\" dir=\"ltr\" data-placeholder=\"Translation\" data-ved=\"2ahUKEwj735uRoJGNAxXQ8LsIHS-ZELAQ3ewLegQIChAV\" aria-label=\"Texte traduit : Notre utilisation des donn\u00e9es collect\u00e9es\"><span class=\"Y2IQFc\" lang=\"en\">Notre utilisation des donn\u00e9es collect\u00e9es<\/span><\/pre><\/div><p>Utilisation de nos services Lorsque vous vous inscrivez \u00e0 l'un de nos services, nous vous demandons de fournir des donn\u00e9es personnelles. Ces donn\u00e9es sont utilis\u00e9es pour ex\u00e9cuter le service. Les donn\u00e9es sont stock\u00e9es sur les propres serveurs s\u00e9curis\u00e9s de SoftLoad ou sur ceux d'un tiers. Nous ne combinerons pas ces donn\u00e9es avec d'autres donn\u00e9es personnelles dont nous disposons.<\/p><pre id=\"tw-target-text\" class=\"tw-data-text tw-text-large tw-ta\" dir=\"ltr\" data-placeholder=\"Translation\" data-ved=\"2ahUKEwj735uRoJGNAxXQ8LsIHS-ZELAQ3ewLegQIChAV\" aria-label=\"Texte traduit : Communication\"><span class=\"Y2IQFc\" lang=\"en\">Communication<\/span><\/pre><p>Lorsque vous nous envoyez des courriers \u00e9lectroniques ou d'autres messages, nous pouvons conserver ces messages. Parfois, nous vous demandons vos informations personnelles qui sont pertinentes pour la situation en question. Cela permet de traiter vos questions et de r\u00e9pondre \u00e0 vos demandes. Les donn\u00e9es sont stock\u00e9es sur les propres serveurs s\u00e9curis\u00e9s de SoftLoad ou sur ceux d'un tiers. Nous ne combinerons pas ces donn\u00e9es avec d'autres donn\u00e9es personnelles dont nous disposons.<\/p><pre id=\"tw-target-text\" class=\"tw-data-text tw-text-large tw-ta\" dir=\"ltr\" data-placeholder=\"Translation\" data-ved=\"2ahUKEwj735uRoJGNAxXQ8LsIHS-ZELAQ3ewLegQIChAV\" aria-label=\"Texte traduit : Cookies\"><span class=\"Y2IQFc\" lang=\"en\">Cookies<\/span><\/pre><p><br \/>Nous collectons des donn\u00e9es \u00e0 des fins de recherche afin de mieux comprendre nos clients et d'adapter nos services en cons\u00e9quence. Ce site web utilise des \"cookies\" (fichiers texte plac\u00e9s sur votre ordinateur) pour aider le site web \u00e0 analyser l'utilisation qu'en font les utilisateurs. Les informations g\u00e9n\u00e9r\u00e9es par le cookie concernant votre utilisation du site web peuvent \u00eatre transf\u00e9r\u00e9es vers les serveurs s\u00e9curis\u00e9s de SoftLoad ou ceux d'un tiers. Nous utilisons ces informations pour savoir comment vous utilisez le site web, pour compiler des rapports sur l'activit\u00e9 du site web et pour fournir d'autres services li\u00e9s \u00e0 l'activit\u00e9 du site web et \u00e0 l'utilisation d'Internet.<\/p><pre id=\"tw-target-text\" class=\"tw-data-text tw-text-large tw-ta\" dir=\"ltr\" data-placeholder=\"Translation\" data-ved=\"2ahUKEwj735uRoJGNAxXQ8LsIHS-ZELAQ3ewLegQIChAV\" aria-label=\"Texte traduit : Objectifs\"><span class=\"Y2IQFc\" lang=\"en\">Objectifs<\/span><\/pre><p><br \/>Nous ne collectons ni n'utilisons d'informations \u00e0 d'autres fins que celles d\u00e9crites dans la pr\u00e9sente politique de protection de la vie priv\u00e9e, sauf si nous avons obtenu votre consentement pr\u00e9alable.<\/p><div id=\"tw-target-text-container\" class=\"tw-ta-container tw-nfl\" tabindex=\"0\" role=\"text\"><pre id=\"tw-target-text\" class=\"tw-data-text tw-text-large tw-ta\" dir=\"ltr\" data-placeholder=\"Translation\" data-ved=\"2ahUKEwj735uRoJGNAxXQ8LsIHS-ZELAQ3ewLegQIChAV\" aria-label=\"Texte traduit : Tiers\"><span class=\"Y2IQFc\" lang=\"en\">Tiers<\/span><\/pre><\/div><p>Les informations ne sont pas communiqu\u00e9es \u00e0 des tiers, \u00e0 l'exception des applications web que nous utilisons pour notre boutique en ligne. Il s'agit notamment du syst\u00e8me d'\u00e9valuation WebwinkelKeur. Ces donn\u00e9es ne seront utilis\u00e9es qu'aux fins de l'application en question et ne seront pas diffus\u00e9es ult\u00e9rieurement. En outre, dans certains cas, les informations peuvent \u00eatre partag\u00e9es en interne. Nos employ\u00e9s sont tenus de respecter la confidentialit\u00e9 de vos donn\u00e9es.<\/p><pre id=\"tw-target-text\" class=\"tw-data-text tw-text-large tw-ta\" dir=\"ltr\" data-placeholder=\"Translation\" data-ved=\"2ahUKEwj735uRoJGNAxXQ8LsIHS-ZELAQ3ewLegQIChAV\" aria-label=\"Texte traduit : Changements\"><span class=\"Y2IQFc\" lang=\"en\">Changements<\/span><\/pre><p><br \/>Cette d\u00e9claration de confidentialit\u00e9 est adapt\u00e9e \u00e0 l'utilisation et aux possibilit\u00e9s de ce site. Toute adaptation et\/ou modification de ce site peut entra\u00eener des changements dans la pr\u00e9sente d\u00e9claration de confidentialit\u00e9. Il est donc conseill\u00e9 de consulter r\u00e9guli\u00e8rement cette d\u00e9claration de confidentialit\u00e9.<\/p><pre id=\"tw-target-text\" class=\"tw-data-text tw-text-large tw-ta\" dir=\"ltr\" data-placeholder=\"Translation\" data-ved=\"2ahUKEwj735uRoJGNAxXQ8LsIHS-ZELAQ3ewLegQIChAV\" aria-label=\"Texte traduit : Choix en mati\u00e8re de donn\u00e9es personnelles\"><span class=\"Y2IQFc\" lang=\"en\">Choix des donn\u00e9es personnelles<\/span>Nous donnons \u00e0 tous les utilisateurs la possibilit\u00e9 d'entrer, de consulter ou de modifier toutes les informations personnelles qui nous sont communiqu\u00e9es \u00e0 tout moment.<\/pre><p>Ajuster\/d\u00e9sabonner le service de newsletter Au bas de chaque mailing, vous trouverez l'option d'ajuster vos donn\u00e9es ou de vous d\u00e9sabonner. Adaptation\/d\u00e9sinscription communication Si vous souhaitez adapter vos donn\u00e9es ou vous d\u00e9sinscrire de nos fichiers, vous pouvez nous contacter. Voir les coordonn\u00e9es ci-dessous. D\u00e9sactiver les cookies La plupart des navigateurs sont configur\u00e9s pour accepter les cookies par d\u00e9faut, mais vous pouvez r\u00e9initialiser votre navigateur pour qu'il refuse tous les cookies ou pour qu'il indique lorsqu'un cookie est envoy\u00e9. Toutefois, il est possible que certaines fonctions et certains services, sur notre site et sur d'autres sites, ne fonctionnent pas correctement si les cookies sont d\u00e9sactiv\u00e9s dans votre navigateur. Questions et commentaires Nous v\u00e9rifions r\u00e9guli\u00e8rement si nous respectons la pr\u00e9sente politique de confidentialit\u00e9. Si vous avez des questions concernant cette politique de confidentialit\u00e9, vous pouvez nous contacter :<\/p><p>info@licencegrid.com<\/p><p><div class=\"video-container\"><blockquote class=\"wp-embedded-content\" data-secret=\"a4f1UxlJka\"><a href=\"https:\/\/licencegrid.com\/fr\/\">Accueil<\/a><\/blockquote><iframe class=\"wp-embedded-content\" sandbox=\"allow-scripts\" security=\"restricted\" style=\"position: absolute; visibility: hidden;\" title=\"&quot;Accueil&quot; - LicenceGrid\" src=\"https:\/\/licencegrid.com\/embed\/#?secret=Hg9L5KLXIo#?secret=a4f1UxlJka\" data-secret=\"a4f1UxlJka\" width=\"600\" height=\"338\" frameborder=\"0\" marginwidth=\"0\" marginheight=\"0\" scrolling=\"no\"><\/iframe><\/div><\/p><p>Nous ne mettrons pas vos informations personnelles \u00e0 la disposition de tiers sans votre autorisation. Nous appr\u00e9cions la confiance que vous nous accordez et nous ferons tout ce qui est en notre pouvoir pour prot\u00e9ger vos informations personnelles. Les informations personnelles ne sont utilis\u00e9es que pour les services pour lesquels vous nous les avez confi\u00e9es. Vous pouvez faire effacer vos donn\u00e9es en nous envoyant un courriel. https:\/\/licencegrid.com utilise des cookies et d'autres technologies pour am\u00e9liorer votre exp\u00e9rience d'utilisateur en ligne et pour suivre l'utilisation du site afin d'am\u00e9liorer la qualit\u00e9 de nos services en fonction de cela. Les r\u00e9seaux publicitaires (y compris Google Adsense) qui font de la publicit\u00e9 sur ce site peuvent placer des cookies sur votre PC ou utiliser des balises web pour collecter des informations. https:\/\/licencegrid.com n'a aucun acc\u00e8s ou contr\u00f4le sur ces cookies utilis\u00e9s par des annonceurs tiers. Vous devez consulter les politiques de confidentialit\u00e9 de ces tiers pour obtenir des informations plus d\u00e9taill\u00e9es sur leurs pratiques, ainsi que des instructions sur la mani\u00e8re de refuser certaines choses. La politique de confidentialit\u00e9 de https:\/\/licencegrid.com ne s'applique pas ici et nous n'avons aucun contr\u00f4le sur les activit\u00e9s de ces autres annonceurs ou sites web. Lorsque vous visitez notre site web ou utilisez certains de nos produits, nos serveurs enregistrent automatiquement des informations telles que l'URL, l'adresse IP, le type de navigateur et la langue, ainsi que la date et l'heure de votre visite.<\/p>\t\t\t\t\t\t\t\t<\/div>\n\t\t\t\t<\/div>\n\t\t\t\t\t<\/div>\n\t\t<\/div>\n\t\t\t\t\t<\/div>\n\t\t<\/section>\n\t\t\t\t<\/div>","protected":false},"excerpt":{"rendered":"<p>Privacy Policy We are aware that you place your trust in us. We therefore see it as our responsibility to protect your privacy. On this page we let you know what data we collect when you use our website, why we collect this data and how we use it to improve your user experience. This [&hellip;]<\/p>","protected":false},"author":1,"featured_media":0,"parent":0,"menu_order":0,"comment_status":"closed","ping_status":"open","template":"elementor_header_footer","meta":{"inline_featured_image":false,"footnotes":""},"class_list":["post-3","page","type-page","status-publish","hentry"],"_links":{"self":[{"href":"https:\/\/licencegrid.com\/fr\/wp-json\/wp\/v2\/pages\/3","targetHints":{"allow":["GET"]}}],"collection":[{"href":"https:\/\/licencegrid.com\/fr\/wp-json\/wp\/v2\/pages"}],"about":[{"href":"https:\/\/licencegrid.com\/fr\/wp-json\/wp\/v2\/types\/page"}],"author":[{"embeddable":true,"href":"https:\/\/licencegrid.com\/fr\/wp-json\/wp\/v2\/users\/1"}],"replies":[{"embeddable":true,"href":"https:\/\/licencegrid.com\/fr\/wp-json\/wp\/v2\/comments?post=3"}],"version-history":[{"count":3,"href":"https:\/\/licencegrid.com\/fr\/wp-json\/wp\/v2\/pages\/3\/revisions"}],"predecessor-version":[{"id":51890,"href":"https:\/\/licencegrid.com\/fr\/wp-json\/wp\/v2\/pages\/3\/revisions\/51890"}],"wp:attachment":[{"href":"https:\/\/licencegrid.com\/fr\/wp-json\/wp\/v2\/media?parent=3"}],"curies":[{"name":"wp","href":"https:\/\/api.w.org\/{rel}","templated":true}]}}