{"id":106,"date":"2023-10-10T20:57:49","date_gmt":"2023-10-10T20:57:49","guid":{"rendered":"https:\/\/licencegrid.com\/?post_type=product&#038;p=106"},"modified":"2024-01-11T11:52:26","modified_gmt":"2024-01-11T11:52:26","slug":"adobe-cc-ai-2022-macos-windows-1-apparaat-1-jaar","status":"publish","type":"product","link":"https:\/\/licencegrid.com\/fr\/produit\/adobe-cc-ai-2022-macos-windows-1-apparaat-1-jaar\/","title":{"rendered":"Adobe CC Ai - MacOS\/Windows - 1 Apparaat - 1 Jaar"},"content":{"rendered":"<p>Adobe Creative Cloud AI est la nouvelle suite logicielle la plus innovante pour les professionnels de la cr\u00e9ation, et elle est disponible dans un an. Ce kit d'outils sophistiqu\u00e9 associe les fonctions phares d'Adobe Creative Cloud \u00e0 l'intelligence artificielle (IA) pour vous permettre de r\u00e9volutionner votre cr\u00e9ativit\u00e9. Que vous soyez graphiste, photographe, vid\u00e9aste ou d\u00e9veloppeur web, Adobe Creative Cloud AI est l\u00e0 pour vous aider \u00e0 acc\u00e9l\u00e9rer votre processus cr\u00e9atif et \u00e0 donner une nouvelle dimension \u00e0 vos projets.<\/p>\n<p><strong>Les points forts de l'entreprise :<\/strong><\/p>\n<ol>\n<li><strong>AI-aangedreven creativiteit :<\/strong> Adobe Creative Cloud AI fait appel \u00e0 une intelligence artificielle g\u00e9ante pour vous aider \u00e0 mettre au point de nouvelles m\u00e9thodes cr\u00e9atives. Que vous soyez \u00e0 la recherche d'inspiration, de retouches de photos, d'optimisation de vid\u00e9os ou d'\u00e9l\u00e9ments graphiques, l'IA est toujours l\u00e0 pour vous aider.<\/li>\n<li><strong>Productivit\u00e9 accrue :<\/strong> Cette version apporte des am\u00e9liorations au niveau du flux de travail et propose de nouvelles fonctionnalit\u00e9s pour renforcer votre productivit\u00e9. Gr\u00e2ce \u00e0 des outils performants, tels que des m\u00e9canismes de travail plus efficaces, une automatisation fine et l'int\u00e9gration \u00e0 Adobe Document Cloud, vous pouvez travailler plus efficacement qu'auparavant.<\/li>\n<li><strong>Une collaboration cr\u00e9ative :<\/strong> Adobe Creative Cloud AI rend le travail collaboratif plus efficace que jamais. Gr\u00e2ce \u00e0 des outils perfectionn\u00e9s pour l'\u00e9laboration et le traitement des commandes, \u00e0 la collaboration en temps r\u00e9el et \u00e0 l'acc\u00e8s \u00e0 vos projets depuis n'importe quel appareil, vous pouvez collaborer en toute simplicit\u00e9 avec vos coll\u00e8gues et vos clients, qui sont eux aussi des experts.<\/li>\n<li><strong>Un mod\u00e8le cr\u00e9atif unique :<\/strong> Cette suite comprend des applications cr\u00e9atives populaires telles que Photoshop, Illustrator, Premiere Pro et After Effects, ainsi que de nouvelles fonctions \u00e0 base d'IA pour chacun de ces programmes. Si vous avez besoin de faire de la peinture, de l'illustration, de la vid\u00e9o ou de l'animation, Adobe Creative Cloud AI contient tout ce dont vous avez besoin.<\/li>\n<li><strong>Des mises \u00e0 jour r\u00e9guli\u00e8res et des nuages de points :<\/strong> Adobe Creative Cloud AI vous donne acc\u00e8s aux nouvelles mises \u00e0 jour et fonctionnalit\u00e9s si elles sont disponibles. De plus, vous b\u00e9n\u00e9ficiez de 100 Go de stockage dans le nuage, ce qui vous permet d'utiliser vos donn\u00e9es de fa\u00e7on transparente et de les partager avec d'autres utilisateurs.<\/li>\n<\/ol>\n<p>Adobe Creative Cloud AI (1 an de rabais) est le meilleur outil pour les professionnels de la cr\u00e9ation qui souhaitent innover et am\u00e9liorer leur travail. Gr\u00e2ce \u00e0 l'intelligence artificielle et \u00e0 la qualit\u00e9 exceptionnelle d'Adobe, cette suite offre de nouvelles possibilit\u00e9s pour vos projets cr\u00e9atifs. Commencez d\u00e8s aujourd'hui avec Adobe Creative Cloud AI 2022 et d\u00e9couvrez comment votre vision cr\u00e9ative devient r\u00e9alit\u00e9.<\/p>","protected":false},"excerpt":{"rendered":"<p>Adobe Creative Cloud AI est la nouvelle suite logicielle la plus innovante pour les professionnels de la cr\u00e9ation, et elle est disponible dans un an. Ce kit d'outils sophistiqu\u00e9 associe les fonctions phares d'Adobe Creative Cloud \u00e0 l'intelligence artificielle (IA) pour vous permettre de r\u00e9volutionner votre cr\u00e9ativit\u00e9. Que vous soyez graphiste, photographe, vid\u00e9aste ou d\u00e9veloppeur web, Adobe Creative Cloud AI est l\u00e0 pour vous aider \u00e0 acc\u00e9l\u00e9rer votre processus cr\u00e9atif et \u00e0 donner une nouvelle dimension \u00e0 vos projets.<\/p>\n<h5><img decoding=\"async\" class=\"wp-image-38007 alignnone\" src=\"https:\/\/licencegrid.com\/wp-content\/uploads\/2022\/02\/blue-mark.png\" alt=\"\" width=\"25\" height=\"25\" srcset=\"https:\/\/licencegrid.com\/wp-content\/uploads\/2022\/02\/blue-mark.png 225w, https:\/\/licencegrid.com\/wp-content\/uploads\/2022\/02\/blue-mark-150x150.png 150w\" sizes=\"(max-width: 25px) 100vw, 25px\" \/>\u00a0<strong>Un logiciel simple et efficace !<br \/>\n<\/strong><img decoding=\"async\" class=\"wp-image-38007 alignnone\" src=\"https:\/\/licencegrid.com\/wp-content\/uploads\/2022\/02\/blue-mark.png\" alt=\"\" width=\"25\" height=\"25\" srcset=\"https:\/\/licencegrid.com\/wp-content\/uploads\/2022\/02\/blue-mark.png 225w, https:\/\/licencegrid.com\/wp-content\/uploads\/2022\/02\/blue-mark-150x150.png 150w\" sizes=\"(max-width: 25px) 100vw, 25px\" \/>\u00a0<strong>En deux temps trois mouvements, num\u00e9ris\u00e9 !<br \/>\n<\/strong><img decoding=\"async\" class=\"wp-image-38007 alignnone\" src=\"https:\/\/licencegrid.com\/wp-content\/uploads\/2022\/02\/blue-mark.png\" alt=\"\" width=\"25\" height=\"25\" srcset=\"https:\/\/licencegrid.com\/wp-content\/uploads\/2022\/02\/blue-mark.png 225w, https:\/\/licencegrid.com\/wp-content\/uploads\/2022\/02\/blue-mark-150x150.png 150w\" sizes=\"(max-width: 25px) 100vw, 25px\" \/>\u00a0<strong>Niet goed = Geld terug !<br \/>\n<\/strong><img decoding=\"async\" class=\"wp-image-38007 alignnone\" src=\"https:\/\/licencegrid.com\/wp-content\/uploads\/2022\/02\/blue-mark.png\" alt=\"\" width=\"25\" height=\"25\" srcset=\"https:\/\/licencegrid.com\/wp-content\/uploads\/2022\/02\/blue-mark.png 225w, https:\/\/licencegrid.com\/wp-content\/uploads\/2022\/02\/blue-mark-150x150.png 150w\" sizes=\"(max-width: 25px) 100vw, 25px\" \/> Le service client jusqu'\u00e0 23h00 est disponible !<br \/>\n<img decoding=\"async\" class=\"wp-image-38007 alignnone\" src=\"https:\/\/licencegrid.com\/wp-content\/uploads\/2022\/02\/blue-mark.png\" alt=\"\" width=\"25\" height=\"25\" srcset=\"https:\/\/licencegrid.com\/wp-content\/uploads\/2022\/02\/blue-mark.png 225w, https:\/\/licencegrid.com\/wp-content\/uploads\/2022\/02\/blue-mark-150x150.png 150w\" sizes=\"(max-width: 25px) 100vw, 25px\" \/> Ouvrez une boutique en ligne aux Pays-Bas avec un mot de passe de boutique en ligne !<\/h5>\n<h3><\/h3>","protected":false},"featured_media":128,"template":"","meta":{"inline_featured_image":false},"product_brand":[],"product_cat":[19],"product_tag":[],"class_list":{"0":"post-106","1":"product","2":"type-product","3":"status-publish","4":"has-post-thumbnail","6":"product_cat-multimedia","8":"first","9":"outofstock","10":"sale","11":"taxable","12":"shipping-taxable","13":"purchasable","14":"product-type-simple"},"_links":{"self":[{"href":"https:\/\/licencegrid.com\/fr\/wp-json\/wp\/v2\/product\/106","targetHints":{"allow":["GET"]}}],"collection":[{"href":"https:\/\/licencegrid.com\/fr\/wp-json\/wp\/v2\/product"}],"about":[{"href":"https:\/\/licencegrid.com\/fr\/wp-json\/wp\/v2\/types\/product"}],"wp:featuredmedia":[{"embeddable":true,"href":"https:\/\/licencegrid.com\/fr\/wp-json\/wp\/v2\/media\/128"}],"wp:attachment":[{"href":"https:\/\/licencegrid.com\/fr\/wp-json\/wp\/v2\/media?parent=106"}],"wp:term":[{"taxonomy":"product_brand","embeddable":true,"href":"https:\/\/licencegrid.com\/fr\/wp-json\/wp\/v2\/product_brand?post=106"},{"taxonomy":"product_cat","embeddable":true,"href":"https:\/\/licencegrid.com\/fr\/wp-json\/wp\/v2\/product_cat?post=106"},{"taxonomy":"product_tag","embeddable":true,"href":"https:\/\/licencegrid.com\/fr\/wp-json\/wp\/v2\/product_tag?post=106"}],"curies":[{"name":"wp","href":"https:\/\/api.w.org\/{rel}","templated":true}]}}