{"id":107,"date":"2023-10-10T20:57:50","date_gmt":"2023-10-10T20:57:50","guid":{"rendered":"https:\/\/licencegrid.com\/?post_type=product&#038;p=107"},"modified":"2025-05-07T12:07:10","modified_gmt":"2025-05-07T12:07:10","slug":"adobe-acrobat-pro-dc-1-jaar-1-gebruiker-pc-mac","status":"publish","type":"product","link":"https:\/\/licencegrid.com\/fr\/produit\/adobe-acrobat-pro-dc-1-jaar-1-gebruiker-pc-mac\/","title":{"rendered":"Adobe Acrobat Professional 2020 - MacOS\/Windows"},"content":{"rendered":"<p>Adobe Acrobat Pro DC est le logiciel PDF le plus r\u00e9pandu pour les particuliers et les professionnels. Ce logiciel PDF r\u00e9volutionnaire vous permet d'\u00e9laborer, de traiter, de convertir et de distribuer des documents de qualit\u00e9 sup\u00e9rieure, tout en vous offrant un contr\u00f4le total sur vos documents num\u00e9riques et vos flux de travail. Que vous travailliez dans une entreprise, en tant qu'ind\u00e9pendant ou \u00e0 votre compte, Adobe Acrobat Pro DC vous offre les outils dont vous avez besoin pour travailler efficacement et produire des documents professionnels.<\/p>\n<p><strong>Les points forts de l'entreprise :<\/strong><\/p>\n<ol>\n<li><strong>Cr\u00e9ation et lecture de PDF :<\/strong> Avec Adobe Acrobat Pro DC, vous pouvez cr\u00e9er des documents PDF \u00e0 l'aide de divers outils et les transmettre \u00e0 l'ext\u00e9rieur. Vous pouvez modifier les textes et les images, les imprimer ou les modifier, changer les pages et bien plus encore, le tout gr\u00e2ce \u00e0 l'interface simplifi\u00e9e d'Adobe.<\/li>\n<li><strong>Krachtige conversietools :<\/strong> Convertir des documents PDF vers d'autres formats, tels que Word, Excel ou PowerPoint, et v\u00e9rifier ainsi l'exactitude et la qualit\u00e9 de vos documents.<\/li>\n<li><strong>Documentbeveiliging :<\/strong> Il vous permet d'obtenir des informations d\u00e9taill\u00e9es gr\u00e2ce \u00e0 des fonctions de visualisation performantes. Adobe Acrobat Pro DC permet de saisir des mots, d'effectuer des manipulations, d'utiliser des outils num\u00e9riques et de modifier des documents pour les rendre plus fiables.<\/li>\n<li><strong>Des \u00e9changes efficaces :<\/strong> Facilitez la collaboration au sein des \u00e9quipes gr\u00e2ce \u00e0 des outils, des rep\u00e8res et des outils de r\u00e9vision. Vous pouvez obtenir un retour d'information important et des suggestions pour que le processus de r\u00e9vision se d\u00e9roule de mani\u00e8re satisfaisante.<\/li>\n<li><strong>L'int\u00e9gration avec le logiciel de gestion des nuages :<\/strong> Adobe Acrobat Pro DC est compatible avec Adobe Document Cloud, qui vous permet d'ouvrir et de publier des documents dans le nuage. Il est ainsi plus facile d'acc\u00e9der \u00e0 l'ensemble de vos supports, \u00e0 partir de n'importe quel appareil.<\/li>\n<li><strong>Un acc\u00e8s facile :<\/strong> L'application Adobe Acrobat Reader vous permet d'acc\u00e9der \u00e0 l'ensemble des documents PDF. Vous pouvez lire, modifier et imprimer des documents sur votre appareil mobile.<\/li>\n<\/ol>\n<p>Adobe Acrobat Pro DC offre les outils dont vous avez besoin pour am\u00e9liorer la qualit\u00e9 de vos documents et obtenir des r\u00e9sultats professionnels. Si vous cr\u00e9ez, traitez, convertissez ou r\u00e9v\u00e9lez des PDF, ce logiciel est essentiel pour les professionnels qui travaillent avec des documents num\u00e9riques. Il vous permet de renforcer votre productivit\u00e9 et d'am\u00e9liorer la qualit\u00e9 de vos documents. Utilisez Adobe Acrobat Pro DC pour am\u00e9liorer la qualit\u00e9 de vos documents.<\/p>","protected":false},"excerpt":{"rendered":"<p>Adobe Acrobat Pro DC est le logiciel PDF le plus r\u00e9pandu pour les particuliers et les professionnels. Ce logiciel PDF r\u00e9volutionnaire vous permet d'\u00e9laborer, de traiter, de convertir et de distribuer des documents de qualit\u00e9 sup\u00e9rieure, tout en vous offrant un contr\u00f4le total sur vos documents num\u00e9riques et vos flux de travail. Que vous travailliez dans une entreprise, en tant qu'ind\u00e9pendant ou \u00e0 votre compte, Adobe Acrobat Pro DC vous offre les outils dont vous avez besoin pour travailler efficacement et produire des documents professionnels.<\/p>\n<h5><img decoding=\"async\" class=\"wp-image-38007 alignnone\" src=\"https:\/\/licencegrid.com\/wp-content\/uploads\/2022\/02\/blue-mark.png\" alt=\"\" width=\"25\" height=\"25\" srcset=\"https:\/\/licencegrid.com\/wp-content\/uploads\/2022\/02\/blue-mark.png 225w, https:\/\/licencegrid.com\/wp-content\/uploads\/2022\/02\/blue-mark-150x150.png 150w\" sizes=\"(max-width: 25px) 100vw, 25px\" \/>\u00a0<strong>Un logiciel simple et efficace !<br \/>\n<\/strong><img decoding=\"async\" class=\"wp-image-38007 alignnone\" src=\"https:\/\/licencegrid.com\/wp-content\/uploads\/2022\/02\/blue-mark.png\" alt=\"\" width=\"25\" height=\"25\" srcset=\"https:\/\/licencegrid.com\/wp-content\/uploads\/2022\/02\/blue-mark.png 225w, https:\/\/licencegrid.com\/wp-content\/uploads\/2022\/02\/blue-mark-150x150.png 150w\" sizes=\"(max-width: 25px) 100vw, 25px\" \/>\u00a0<strong>En deux temps trois mouvements, num\u00e9ris\u00e9 !<br \/>\n<\/strong><img decoding=\"async\" class=\"wp-image-38007 alignnone\" src=\"https:\/\/licencegrid.com\/wp-content\/uploads\/2022\/02\/blue-mark.png\" alt=\"\" width=\"25\" height=\"25\" srcset=\"https:\/\/licencegrid.com\/wp-content\/uploads\/2022\/02\/blue-mark.png 225w, https:\/\/licencegrid.com\/wp-content\/uploads\/2022\/02\/blue-mark-150x150.png 150w\" sizes=\"(max-width: 25px) 100vw, 25px\" \/>\u00a0<strong>Niet goed = Geld terug !<br \/>\n<\/strong><img decoding=\"async\" class=\"wp-image-38007 alignnone\" src=\"https:\/\/licencegrid.com\/wp-content\/uploads\/2022\/02\/blue-mark.png\" alt=\"\" width=\"25\" height=\"25\" srcset=\"https:\/\/licencegrid.com\/wp-content\/uploads\/2022\/02\/blue-mark.png 225w, https:\/\/licencegrid.com\/wp-content\/uploads\/2022\/02\/blue-mark-150x150.png 150w\" sizes=\"(max-width: 25px) 100vw, 25px\" \/> Le service client jusqu'\u00e0 23h00 est disponible !<br \/>\n<img decoding=\"async\" class=\"wp-image-38007 alignnone\" src=\"https:\/\/licencegrid.com\/wp-content\/uploads\/2022\/02\/blue-mark.png\" alt=\"\" width=\"25\" height=\"25\" srcset=\"https:\/\/licencegrid.com\/wp-content\/uploads\/2022\/02\/blue-mark.png 225w, https:\/\/licencegrid.com\/wp-content\/uploads\/2022\/02\/blue-mark-150x150.png 150w\" sizes=\"(max-width: 25px) 100vw, 25px\" \/> Ouvrez une boutique en ligne aux Pays-Bas avec un mot de passe de boutique en ligne !<\/h5>\n<h3><\/h3>","protected":false},"featured_media":38908,"template":"","meta":{"inline_featured_image":false},"product_brand":[],"product_cat":[19],"product_tag":[],"class_list":{"0":"post-107","1":"product","2":"type-product","3":"status-publish","4":"has-post-thumbnail","6":"product_cat-multimedia","8":"first","9":"instock","10":"sale","11":"taxable","12":"shipping-taxable","13":"purchasable","14":"product-type-simple"},"_links":{"self":[{"href":"https:\/\/licencegrid.com\/fr\/wp-json\/wp\/v2\/product\/107","targetHints":{"allow":["GET"]}}],"collection":[{"href":"https:\/\/licencegrid.com\/fr\/wp-json\/wp\/v2\/product"}],"about":[{"href":"https:\/\/licencegrid.com\/fr\/wp-json\/wp\/v2\/types\/product"}],"wp:featuredmedia":[{"embeddable":true,"href":"https:\/\/licencegrid.com\/fr\/wp-json\/wp\/v2\/media\/38908"}],"wp:attachment":[{"href":"https:\/\/licencegrid.com\/fr\/wp-json\/wp\/v2\/media?parent=107"}],"wp:term":[{"taxonomy":"product_brand","embeddable":true,"href":"https:\/\/licencegrid.com\/fr\/wp-json\/wp\/v2\/product_brand?post=107"},{"taxonomy":"product_cat","embeddable":true,"href":"https:\/\/licencegrid.com\/fr\/wp-json\/wp\/v2\/product_cat?post=107"},{"taxonomy":"product_tag","embeddable":true,"href":"https:\/\/licencegrid.com\/fr\/wp-json\/wp\/v2\/product_tag?post=107"}],"curies":[{"name":"wp","href":"https:\/\/api.w.org\/{rel}","templated":true}]}}