{"id":109,"date":"2023-10-10T20:57:47","date_gmt":"2023-10-10T20:57:47","guid":{"rendered":"https:\/\/licencegrid.com\/?post_type=product&#038;p=109"},"modified":"2023-11-05T19:49:39","modified_gmt":"2023-11-05T19:49:39","slug":"adobe-stock-1-maand-40-assets","status":"publish","type":"product","link":"https:\/\/licencegrid.com\/fr\/produit\/adobe-stock-1-maand-40-assets\/","title":{"rendered":"Adobe Stock -1 Maand - 40 Assets"},"content":{"rendered":"<p><strong>Description du produit Adobe Stock (Abonnement de base) :<\/strong><\/p>\n\n\n\n<p>Adobe Stock est une plateforme polyvalente pour la recherche, la licence et l'utilisation d'images, d'illustrations, de vid\u00e9os et d'audios de grande qualit\u00e9 pour les professionnels de la cr\u00e9ation comme pour les particuliers. Gr\u00e2ce \u00e0 un abonnement flexible et de longue dur\u00e9e, je peux d\u00e9sormais acc\u00e9der \u00e0 la vaste biblioth\u00e8que de livres cr\u00e9atifs afin d'aider votre vision \u00e0 s'\u00e9panouir.<\/p>\n\n\n\n<p><strong>Les points forts de l'entreprise :<\/strong><\/p>\n\n\n\n<ol class=\"wp-block-list\">\n<li><strong>Enorme beeldbank :<\/strong> Adobe Stock propose un grand nombre de photos, d'illustrations, de vid\u00e9os et de supports audio, ce qui vous permet de trouver le milieu id\u00e9al pour vos projets.<\/li>\n\n\n\n<li><strong>Un voyage en toute s\u00e9r\u00e9nit\u00e9 :<\/strong> Tous les fichiers d'Adobe Stock ont \u00e9t\u00e9 s\u00e9lectionn\u00e9s par des photographes, des artistes et des vid\u00e9astes renomm\u00e9s et sont conformes aux normes de qualit\u00e9 les plus strictes.<\/li>\n\n\n\n<li><strong>Int\u00e9gration avec Adobe Creative Cloud :<\/strong> L'int\u00e9gration compl\u00e8te avec les applications Adobe Creative Cloud, notamment Adobe Photoshop, Adobe Illustrator et Adobe Premiere Pro, vous permet d'am\u00e9liorer et d'optimiser les dessins et les illustrations dans vos projets.<\/li>\n\n\n\n<li><strong>Licenci\u00e9s-opties :<\/strong> Adobe Stock propose diff\u00e9rentes options de licence, notamment des licences standard pour l'utilisation g\u00e9n\u00e9rale et des licences \u00e9tendues pour les projets commerciaux.<\/li>\n\n\n\n<li><strong>Zoek- et ontdekkingsmogelijkheden :<\/strong> Utilisez des filtres de recherche g\u00e9ants et des cat\u00e9gories pour trouver le meilleur contenu, ou laissez-vous inspirer par les cr\u00e9ations d'Adobe en vous basant sur les tendances actuelles et les th\u00e8mes populaires.<\/li>\n\n\n\n<li><strong>Contr\u00f4le de la consommation et de l'utilisation des ressources :<\/strong> Adobe Stock vous permet d'organiser vos images en collections, de mettre en place des contr\u00f4les pour votre \u00e9quipe et de conna\u00eetre l'\u00e9tat de vos licences.<\/li>\n<\/ol>\n\n\n\n<p><strong>Maandelijks Abonnement :<\/strong><\/p>\n\n\n\n<p>Avec l'abonnement \u00e0 Adobe Stock, vous acc\u00e9dez \u00e0 la vaste biblioth\u00e8que de photos cr\u00e9atives. Vous pouvez t\u00e9l\u00e9charger chaque nouvel album et profiter de la flexibilit\u00e9 d'un abonnement qui vous a d\u00e9j\u00e0 \u00e9t\u00e9 propos\u00e9.<\/p>\n\n\n\n<p>Si vous avez besoin d'informations r\u00e9guli\u00e8res pour vos projets cr\u00e9atifs ou si vous souhaitez obtenir des images de qualit\u00e9, l'abonnement \u00e0 Adobe Stock est l'outil id\u00e9al pour vous permettre d'acc\u00e9der \u00e0 un monde cr\u00e9atif et inspirant. Cette plateforme est un outil essentiel pour les professionnels de la cr\u00e9ation dans le monde entier et vous permet d'obtenir des visions cr\u00e9atives et de les am\u00e9liorer gr\u00e2ce \u00e0 des images de qualit\u00e9.<\/p>","protected":false},"excerpt":{"rendered":"<p>Adobe Stock est une plateforme polyvalente pour la recherche, la licence et l'utilisation d'images, d'illustrations, de vid\u00e9os et d'audios de grande qualit\u00e9 pour les professionnels de la cr\u00e9ation comme pour les particuliers. Gr\u00e2ce \u00e0 un abonnement flexible et de longue dur\u00e9e, je peux d\u00e9sormais acc\u00e9der \u00e0 la vaste biblioth\u00e8que de livres cr\u00e9atifs afin d'aider votre vision \u00e0 s'\u00e9panouir.<\/p>\n<h5><img decoding=\"async\" class=\"wp-image-38007 alignnone\" src=\"https:\/\/licencegrid.com\/wp-content\/uploads\/2022\/02\/blue-mark.png\" alt=\"\" width=\"25\" height=\"25\" srcset=\"https:\/\/licencegrid.com\/wp-content\/uploads\/2022\/02\/blue-mark.png 225w, https:\/\/licencegrid.com\/wp-content\/uploads\/2022\/02\/blue-mark-150x150.png 150w\" sizes=\"(max-width: 25px) 100vw, 25px\" \/>\u00a0<strong>Un logiciel simple et efficace !<br \/>\n<\/strong><img decoding=\"async\" class=\"wp-image-38007 alignnone\" src=\"https:\/\/licencegrid.com\/wp-content\/uploads\/2022\/02\/blue-mark.png\" alt=\"\" width=\"25\" height=\"25\" srcset=\"https:\/\/licencegrid.com\/wp-content\/uploads\/2022\/02\/blue-mark.png 225w, https:\/\/licencegrid.com\/wp-content\/uploads\/2022\/02\/blue-mark-150x150.png 150w\" sizes=\"(max-width: 25px) 100vw, 25px\" \/>\u00a0<strong>En deux temps trois mouvements, num\u00e9ris\u00e9 !<br \/>\n<\/strong><img decoding=\"async\" class=\"wp-image-38007 alignnone\" src=\"https:\/\/licencegrid.com\/wp-content\/uploads\/2022\/02\/blue-mark.png\" alt=\"\" width=\"25\" height=\"25\" srcset=\"https:\/\/licencegrid.com\/wp-content\/uploads\/2022\/02\/blue-mark.png 225w, https:\/\/licencegrid.com\/wp-content\/uploads\/2022\/02\/blue-mark-150x150.png 150w\" sizes=\"(max-width: 25px) 100vw, 25px\" \/>\u00a0<strong>Niet goed = Geld terug !<br \/>\n<\/strong><img decoding=\"async\" class=\"wp-image-38007 alignnone\" src=\"https:\/\/licencegrid.com\/wp-content\/uploads\/2022\/02\/blue-mark.png\" alt=\"\" width=\"25\" height=\"25\" srcset=\"https:\/\/licencegrid.com\/wp-content\/uploads\/2022\/02\/blue-mark.png 225w, https:\/\/licencegrid.com\/wp-content\/uploads\/2022\/02\/blue-mark-150x150.png 150w\" sizes=\"(max-width: 25px) 100vw, 25px\" \/> Le service client jusqu'\u00e0 23h00 est disponible !<br \/>\n<img decoding=\"async\" class=\"wp-image-38007 alignnone\" src=\"https:\/\/licencegrid.com\/wp-content\/uploads\/2022\/02\/blue-mark.png\" alt=\"\" width=\"25\" height=\"25\" srcset=\"https:\/\/licencegrid.com\/wp-content\/uploads\/2022\/02\/blue-mark.png 225w, https:\/\/licencegrid.com\/wp-content\/uploads\/2022\/02\/blue-mark-150x150.png 150w\" sizes=\"(max-width: 25px) 100vw, 25px\" \/> Ouvrez une boutique en ligne aux Pays-Bas avec un mot de passe de boutique en ligne !<\/h5>\n<h3><\/h3>","protected":false},"featured_media":131,"template":"","meta":{"inline_featured_image":false},"product_brand":[],"product_cat":[19],"product_tag":[],"class_list":{"0":"post-109","1":"product","2":"type-product","3":"status-publish","4":"has-post-thumbnail","6":"product_cat-multimedia","8":"first","9":"instock","10":"taxable","11":"shipping-taxable","12":"purchasable","13":"product-type-simple"},"_links":{"self":[{"href":"https:\/\/licencegrid.com\/fr\/wp-json\/wp\/v2\/product\/109","targetHints":{"allow":["GET"]}}],"collection":[{"href":"https:\/\/licencegrid.com\/fr\/wp-json\/wp\/v2\/product"}],"about":[{"href":"https:\/\/licencegrid.com\/fr\/wp-json\/wp\/v2\/types\/product"}],"wp:featuredmedia":[{"embeddable":true,"href":"https:\/\/licencegrid.com\/fr\/wp-json\/wp\/v2\/media\/131"}],"wp:attachment":[{"href":"https:\/\/licencegrid.com\/fr\/wp-json\/wp\/v2\/media?parent=109"}],"wp:term":[{"taxonomy":"product_brand","embeddable":true,"href":"https:\/\/licencegrid.com\/fr\/wp-json\/wp\/v2\/product_brand?post=109"},{"taxonomy":"product_cat","embeddable":true,"href":"https:\/\/licencegrid.com\/fr\/wp-json\/wp\/v2\/product_cat?post=109"},{"taxonomy":"product_tag","embeddable":true,"href":"https:\/\/licencegrid.com\/fr\/wp-json\/wp\/v2\/product_tag?post=109"}],"curies":[{"name":"wp","href":"https:\/\/api.w.org\/{rel}","templated":true}]}}