{"id":14,"date":"2022-02-26T09:21:11","date_gmt":"2022-02-26T09:21:11","guid":{"rendered":"https:\/\/licencegrid.com\/?post_type=product&#038;p=14"},"modified":"2025-05-07T11:46:59","modified_gmt":"2025-05-07T11:46:59","slug":"windows-10-pro","status":"publish","type":"product","link":"https:\/\/licencegrid.com\/fr\/produit\/windows-10-pro\/","title":{"rendered":"Windows 10\/11 ( home - pro ) Licence \u00e0 vie"},"content":{"rendered":"<h3 class=\"wp-block-heading\"><strong>\ud83e\ude9f Licence Windows transf\u00e9rable ou non transf\u00e9rable - Comparaison compl\u00e8te<\/strong><\/h3>\n\n\n\n<figure class=\"wp-block-table\"><table class=\"has-fixed-layout\"><tbody><tr><td><strong>Fonctionnalit\u00e9<\/strong><\/td><td><strong>Licence transf\u00e9rable<\/strong><\/td><td><strong>non - Licence transf\u00e9rable<\/strong><\/td><\/tr><tr><td><strong>Transf\u00e9rable sur un autre PC<\/strong><\/td><td><strong>\u2705 Oui<\/strong><\/td><td><strong>\u274c Non - li\u00e9 au premier appareil sur lequel il est activ\u00e9<\/strong><\/td><\/tr><tr><td><strong>Peut \u00eatre li\u00e9 \u00e0 n'importe quel compte Microsoft<\/strong><\/td><td><strong>\u2705 Oui<\/strong><\/td><td><strong>\u274c Non<\/strong><\/td><\/tr><tr><td><strong>R\u00e9activation apr\u00e8s un changement de mat\u00e9riel<\/strong><\/td><td><strong>\u2705 D\u00e9pannage facile via l'activation<\/strong><\/td><td><strong>\u274c \u00c9chec fr\u00e9quent - une nouvelle licence peut \u00eatre n\u00e9cessaire<\/strong><\/td><\/tr><tr><td><strong>Tarification<\/strong><\/td><td><strong>\ud83d\udcb0 Plus \u00e9lev\u00e9 (mais plus flexible)<\/strong><\/td><td><strong>\ud83d\udcb0 Plus bas (mais bloqu\u00e9)<\/strong><\/td><\/tr><\/tbody><\/table><\/figure>\n\n\n\n<p><\/p>\n\n\n\n<p><\/p>\n\n\n\n<h3 class=\"wp-block-heading\"><strong>Pourquoi passer \u00e0 la version pro d\u00e8s aujourd'hui\u00a0<\/strong><\/h3>\n\n\n\n<figure class=\"wp-block-table\"><table class=\"has-fixed-layout\"><tbody><tr><td><strong>Fonctionnalit\u00e9<\/strong><\/td><td><strong>Windows Home<\/strong><\/td><td><strong>Windows Pro<\/strong><\/td><\/tr><tr><td><strong>Chiffrement BitLocker<\/strong><\/td><td>\u274c Non disponible<\/td><td>\u2705 Inclus<\/td><\/tr><tr><td><strong>Bureau \u00e0 distance (h\u00f4te)<\/strong><\/td><td>\u274c Impossible d'h\u00e9berger<\/td><td>Peut accueillir des connexions \u00e0 distance<\/td><\/tr><tr><td><strong>\u00c9diteur de strat\u00e9gie de groupe<\/strong><\/td><td>\u274c Non disponible<\/td><td>\u2705 Inclus<\/td><\/tr><tr><td><strong>Jointure de domaine \/ Jointure Azure AD<\/strong><\/td><td>\u274c Non pris en charge<\/td><td>\u2705 Support\u00e9<\/td><\/tr><tr><td><strong>Bac \u00e0 sable Windows \/ Hyper-V<\/strong><\/td><td>\u274c Non pris en charge<\/td><td>\u2705 Disponible (pour la virtualisation et les tests)<\/td><\/tr><tr><td><strong>Acc\u00e8s assign\u00e9 \/ Mode kiosque<\/strong><\/td><td>\u274c Non disponible<\/td><td>\u2705 Disponible<\/td><\/tr><tr><td><strong>Mise \u00e0 jour de Windows pour les entreprises<\/strong><\/td><td>\u274c Non inclus<\/td><td>\u2705 Inclus<\/td><\/tr><tr><td><strong>Prise en charge maximale de la m\u00e9moire vive<\/strong><\/td><td>Jusqu'\u00e0 128 Go (Win 11)<\/td><td>Jusqu'\u00e0 2 To (Win 11)<br><br><br><br><\/td><\/tr><\/tbody><\/table><\/figure>\n\n\n\n<h4 class=\"wp-block-heading\"><strong>\u26a0\ufe0f Important :<\/strong><\/h4>\n\n\n\n<ul class=\"wp-block-list\">\n<li><strong>Il s'agit d'un produit num\u00e9rique - aucun article physique ne sera exp\u00e9di\u00e9.<\/strong><\/li>\n<\/ul>\n\n\n\n<p><\/p>","protected":false},"excerpt":{"rendered":"<h3><b>\u2705What's Included :<\/b><\/h3>\n<ul>\n<li aria-level=\"1\"><b>Cl\u00e9 de licence Windows authentique\u00a0<\/b><\/li>\n<\/ul>\n<ul>\n<li aria-level=\"1\"><b>Livraison instantan\u00e9e du courrier \u00e9lectronique<\/b><\/li>\n<\/ul>\n<ul>\n<li aria-level=\"1\"><b>Instructions d'activation \u00e9tape par \u00e9tape<\/b><\/li>\n<\/ul>\n<ul>\n<li aria-level=\"1\"><b>24 heures d'assistance amicale \u00e0 la client\u00e8le en cas de besoin<\/b><\/li>\n<\/ul>\n<p>&nbsp;<\/p>","protected":false},"featured_media":51858,"template":"","meta":{"inline_featured_image":false},"product_brand":[],"product_cat":[16],"product_tag":[],"class_list":{"0":"post-14","1":"product","2":"type-product","3":"status-publish","4":"has-post-thumbnail","6":"product_cat-operation-system","8":"first","9":"instock","10":"taxable","11":"shipping-taxable","12":"purchasable","13":"product-type-variable"},"_links":{"self":[{"href":"https:\/\/licencegrid.com\/fr\/wp-json\/wp\/v2\/product\/14","targetHints":{"allow":["GET"]}}],"collection":[{"href":"https:\/\/licencegrid.com\/fr\/wp-json\/wp\/v2\/product"}],"about":[{"href":"https:\/\/licencegrid.com\/fr\/wp-json\/wp\/v2\/types\/product"}],"wp:featuredmedia":[{"embeddable":true,"href":"https:\/\/licencegrid.com\/fr\/wp-json\/wp\/v2\/media\/51858"}],"wp:attachment":[{"href":"https:\/\/licencegrid.com\/fr\/wp-json\/wp\/v2\/media?parent=14"}],"wp:term":[{"taxonomy":"product_brand","embeddable":true,"href":"https:\/\/licencegrid.com\/fr\/wp-json\/wp\/v2\/product_brand?post=14"},{"taxonomy":"product_cat","embeddable":true,"href":"https:\/\/licencegrid.com\/fr\/wp-json\/wp\/v2\/product_cat?post=14"},{"taxonomy":"product_tag","embeddable":true,"href":"https:\/\/licencegrid.com\/fr\/wp-json\/wp\/v2\/product_tag?post=14"}],"curies":[{"name":"wp","href":"https:\/\/api.w.org\/{rel}","templated":true}]}}