{"id":31,"date":"2023-10-10T20:56:38","date_gmt":"2023-10-10T20:56:38","guid":{"rendered":"https:\/\/licencegrid.com\/?post_type=product&#038;p=31"},"modified":"2023-10-28T18:12:22","modified_gmt":"2023-10-28T18:12:22","slug":"mcafee-internet-security-1pc-1-jaar","status":"publish","type":"product","link":"https:\/\/licencegrid.com\/fr\/produit\/mcafee-internet-security-1pc-1-jaar\/","title":{"rendered":"McAfee Internet Security 1PC - 1 JAAR"},"content":{"rendered":"<p>McAfee Internet Security est un logiciel de s\u00e9curit\u00e9 complet qui a \u00e9t\u00e9 sp\u00e9cialement con\u00e7u pour am\u00e9liorer votre s\u00e9curit\u00e9 en ligne. Avec une licence d'un an pour un PC, vous \u00eates prot\u00e9g\u00e9 pendant un an contre les menaces en ligne, notamment les virus, les logiciels malveillants, les attaques par hame\u00e7onnage et bien plus encore.<\/p>\n<p><strong>Les prix les plus bas :<\/strong> McAfee Internet Security offre une large gamme de services de protection et d'assistance, notamment en mati\u00e8re de s\u00e9curit\u00e9 :<\/p>\n<ul>\n<li><strong>Antivirus et Antispyware :<\/strong> Prot\u00e9gez votre PC contre les virus, les logiciels malveillants et les logiciels espions afin de pr\u00e9server vos donn\u00e9es et votre vie priv\u00e9e.<\/li>\n<li><strong>Pare-feu :<\/strong> Il s'agit de mettre en place un syst\u00e8me s\u00e9curis\u00e9 et d'utiliser votre r\u00e9seau pour un service en ligne en toute tranquillit\u00e9.<\/li>\n<li><strong>Antiphishing :<\/strong> D\u00e9tecter et bloquer les tentatives d'hame\u00e7onnage afin d'\u00e9viter que vos donn\u00e9es personnelles ne soient divulgu\u00e9es \u00e0 des tiers.<\/li>\n<li><strong>La gestion des transactions financi\u00e8res :<\/strong> R\u00e9alisez des transactions en ligne et des op\u00e9rations bancaires avec des frais suppl\u00e9mentaires.<\/li>\n<li><strong>Naviguer en toute s\u00e9curit\u00e9 :<\/strong> Permet de naviguer en toute s\u00e9curit\u00e9 et en temps r\u00e9el sur des sites web et des t\u00e9l\u00e9chargements de grande qualit\u00e9.<\/li>\n<li><strong>Syst\u00e8me optimis\u00e9 :<\/strong> La perte de donn\u00e9es de McAfee n'a qu'une incidence minimale sur les \u00e9tats du syst\u00e8me, ce qui permet un fonctionnement sans heurts.<\/li>\n<\/ul>\n<p><strong>Compatibilit\u00e9 :<\/strong> McAfee Internet Security est compatible avec les syst\u00e8mes d'exploitation Windows et peut \u00eatre associ\u00e9 aux meilleurs logiciels et programmes.<\/p>\n<p><strong>Systeemvereisten :<\/strong> Pour installer et utiliser McAfee Internet Security, vous devez v\u00e9rifier que votre ordinateur pr\u00e9sente les caract\u00e9ristiques minimales suivantes :<\/p>\n<ul>\n<li><strong>Besturingssysteem :<\/strong> Windows 7\/8\/10.<\/li>\n<li><strong>Processeur :<\/strong> 1 GHz d'h\u00e9lice.<\/li>\n<li><strong>Geheugen (RAM) :<\/strong> 2 Go de RAM au minimum.<\/li>\n<li><strong>Tr\u00e8s bien :<\/strong> Fichier de 500 Mo au minimum.<\/li>\n<li><strong>Reliure Internet :<\/strong> Pour l'activation et les mises \u00e0 jour.<\/li>\n<\/ul>","protected":false},"excerpt":{"rendered":"<p>McAfee internet security combine \"The award winning AntiVirus Cloud\" avec une surveillance en ligne intelligente dans un paquet pratique.<\/p>\n<h5><img decoding=\"async\" class=\"wp-image-38007 alignnone\" src=\"https:\/\/licencegrid.com\/wp-content\/uploads\/2022\/02\/blue-mark.png\" alt=\"\" width=\"25\" height=\"25\" srcset=\"https:\/\/licencegrid.com\/wp-content\/uploads\/2022\/02\/blue-mark.png 225w, https:\/\/licencegrid.com\/wp-content\/uploads\/2022\/02\/blue-mark-150x150.png 150w\" sizes=\"(max-width: 25px) 100vw, 25px\" \/>\u00a0<strong>Un logiciel simple et efficace !<br \/>\n<\/strong><img decoding=\"async\" class=\"wp-image-38007 alignnone\" src=\"https:\/\/licencegrid.com\/wp-content\/uploads\/2022\/02\/blue-mark.png\" alt=\"\" width=\"25\" height=\"25\" srcset=\"https:\/\/licencegrid.com\/wp-content\/uploads\/2022\/02\/blue-mark.png 225w, https:\/\/licencegrid.com\/wp-content\/uploads\/2022\/02\/blue-mark-150x150.png 150w\" sizes=\"(max-width: 25px) 100vw, 25px\" \/>\u00a0<strong>En deux temps trois mouvements, num\u00e9ris\u00e9 !<br \/>\n<\/strong><img decoding=\"async\" class=\"wp-image-38007 alignnone\" src=\"https:\/\/licencegrid.com\/wp-content\/uploads\/2022\/02\/blue-mark.png\" alt=\"\" width=\"25\" height=\"25\" srcset=\"https:\/\/licencegrid.com\/wp-content\/uploads\/2022\/02\/blue-mark.png 225w, https:\/\/licencegrid.com\/wp-content\/uploads\/2022\/02\/blue-mark-150x150.png 150w\" sizes=\"(max-width: 25px) 100vw, 25px\" \/>\u00a0<strong>Niet goed = Geld terug !<br \/>\n<\/strong><img decoding=\"async\" class=\"wp-image-38007 alignnone\" src=\"https:\/\/licencegrid.com\/wp-content\/uploads\/2022\/02\/blue-mark.png\" alt=\"\" width=\"25\" height=\"25\" srcset=\"https:\/\/licencegrid.com\/wp-content\/uploads\/2022\/02\/blue-mark.png 225w, https:\/\/licencegrid.com\/wp-content\/uploads\/2022\/02\/blue-mark-150x150.png 150w\" sizes=\"(max-width: 25px) 100vw, 25px\" \/> Le service client jusqu'\u00e0 23h00 est disponible !<br \/>\n<img decoding=\"async\" class=\"wp-image-38007 alignnone\" src=\"https:\/\/licencegrid.com\/wp-content\/uploads\/2022\/02\/blue-mark.png\" alt=\"\" width=\"25\" height=\"25\" srcset=\"https:\/\/licencegrid.com\/wp-content\/uploads\/2022\/02\/blue-mark.png 225w, https:\/\/licencegrid.com\/wp-content\/uploads\/2022\/02\/blue-mark-150x150.png 150w\" sizes=\"(max-width: 25px) 100vw, 25px\" \/> Ouvrez une boutique en ligne aux Pays-Bas avec un mot de passe de boutique en ligne !<\/h5>\n<h3><\/h3>","protected":false},"featured_media":72,"template":"","meta":{"inline_featured_image":false},"product_brand":[],"product_cat":[18],"product_tag":[],"class_list":{"0":"post-31","1":"product","2":"type-product","3":"status-publish","4":"has-post-thumbnail","6":"product_cat-antivirus","8":"first","9":"instock","10":"sale","11":"taxable","12":"shipping-taxable","13":"purchasable","14":"product-type-simple"},"_links":{"self":[{"href":"https:\/\/licencegrid.com\/fr\/wp-json\/wp\/v2\/product\/31","targetHints":{"allow":["GET"]}}],"collection":[{"href":"https:\/\/licencegrid.com\/fr\/wp-json\/wp\/v2\/product"}],"about":[{"href":"https:\/\/licencegrid.com\/fr\/wp-json\/wp\/v2\/types\/product"}],"wp:featuredmedia":[{"embeddable":true,"href":"https:\/\/licencegrid.com\/fr\/wp-json\/wp\/v2\/media\/72"}],"wp:attachment":[{"href":"https:\/\/licencegrid.com\/fr\/wp-json\/wp\/v2\/media?parent=31"}],"wp:term":[{"taxonomy":"product_brand","embeddable":true,"href":"https:\/\/licencegrid.com\/fr\/wp-json\/wp\/v2\/product_brand?post=31"},{"taxonomy":"product_cat","embeddable":true,"href":"https:\/\/licencegrid.com\/fr\/wp-json\/wp\/v2\/product_cat?post=31"},{"taxonomy":"product_tag","embeddable":true,"href":"https:\/\/licencegrid.com\/fr\/wp-json\/wp\/v2\/product_tag?post=31"}],"curies":[{"name":"wp","href":"https:\/\/api.w.org\/{rel}","templated":true}]}}