{"id":32,"date":"2023-10-10T20:56:38","date_gmt":"2023-10-10T20:56:38","guid":{"rendered":"https:\/\/licencegrid.com\/?post_type=product&#038;p=32"},"modified":"2023-11-05T19:50:44","modified_gmt":"2023-11-05T19:50:44","slug":"mcafee-antivirus-plus","status":"publish","type":"product","link":"https:\/\/licencegrid.com\/fr\/produit\/mcafee-antivirus-plus\/","title":{"rendered":"McAfee Antivirus Plus"},"content":{"rendered":"<p>McAfee Antivirus Plus est un logiciel de protection de grande envergure qui a \u00e9t\u00e9 con\u00e7u pour prot\u00e9ger votre environnement num\u00e9rique contre les menaces de virus, de logiciels malveillants, de logiciels espions et d'autres nuisances en ligne. Ce logiciel antivirus innovant prot\u00e8ge non seulement votre PC, mais aussi tous vos appareils et assure la s\u00e9curit\u00e9 de votre environnement num\u00e9rique.<\/p>\n<p><strong>Les points forts de l'entreprise :<\/strong><\/p>\n<ol>\n<li><strong>Bescherming en temps r\u00e9el :<\/strong> McAfee Antivirus Plus offre une protection continue et en temps r\u00e9el contre les virus et les logiciels malveillants, afin de prot\u00e9ger votre ordinateur et vos donn\u00e9es personnelles.<\/li>\n<li><strong>Pare-feu et s\u00e9curit\u00e9 du r\u00e9seau :<\/strong> Le pare-feu int\u00e9gr\u00e9 et l'\u00e9quipement r\u00e9seau permettent d'\u00e9viter des probl\u00e8mes de s\u00e9curit\u00e9 et d'acc\u00e8s, au risque de porter atteinte \u00e0 la vie priv\u00e9e et \u00e0 l'identit\u00e9.<\/li>\n<li><strong>Webbeveiliging :<\/strong> Le logiciel vous prot\u00e8ge contre les sites Web potentiellement dangereux et bloque les tentatives d'hame\u00e7onnage, si vous ne pouvez pas naviguer en toute s\u00e9curit\u00e9.<\/li>\n<li><strong>Optimalisatie van Systeemprestaties :<\/strong> McAfee Antivirus Plus g\u00e8re l'\u00e9tat du syst\u00e8me gr\u00e2ce \u00e0 des mises \u00e0 jour automatiques et \u00e0 des mises \u00e0 jour de l'\u00e9tat de votre ordinateur.<\/li>\n<li><strong>R\u00e8glement g\u00e9n\u00e9ral sur la protection de l'environnement :<\/strong> Les avis juridiques sont susceptibles d'\u00eatre contest\u00e9s et modifi\u00e9s, \u00e0 moins que vous n'ayez d\u00e9cid\u00e9 d'en tenir compte dans votre d\u00e9cision.<\/li>\n<li><strong>Bescherming Multi-Device :<\/strong> Avec un abonnement, vous pouvez acheter tous vos appareils, y compris les PC, les Mac, les smartphones et les tablettes.<\/li>\n<li><strong>24\/7 Klantenondersteuning :<\/strong> McAfee est un outil d'aide \u00e0 la d\u00e9cision qui permet de r\u00e9soudre rapidement les probl\u00e8mes et les difficult\u00e9s.<\/li>\n<\/ol>\n<p><strong>Systeemvereisten :<\/strong><\/p>\n<p>Pour que McAfee Antivirus Plus s'installe et fonctionne de mani\u00e8re optimale, vous devez vous r\u00e9f\u00e9rer \u00e0 la liste minimale du syst\u00e8me :<\/p>\n<ul>\n<li>Syst\u00e8me d'exploitation : Windows 7, 8, 8.1 ou 10 (32-bit ou 64-bit)<\/li>\n<li>Processeur : 1 GHz de sneller<\/li>\n<li>RAM : 2 Go de m\u00e9moire<\/li>\n<li>Taille de l'image : 500 Mo de m\u00e9moire vive<\/li>\n<li>Internetverbinding : Liste des mises \u00e0 jour et des demandes en temps r\u00e9el<\/li>\n<\/ul>\n<p>McAfee Antivirus Plus est un logiciel de protection efficace qui prot\u00e8ge votre vie num\u00e9rique, que vous soyez connect\u00e9 \u00e0 Internet, \u00e0 une banque, \u00e0 un service de courrier \u00e9lectronique ou que vous soyez en train de naviguer. Gr\u00e2ce \u00e0 des mises \u00e0 jour constantes et \u00e0 des technologies de pointe, ce logiciel est fiable, ce qui signifie que vos appareils et vos donn\u00e9es sont adapt\u00e9s aux nouvelles exigences. Il s'agit d'un outil essentiel pour tous ceux qui souhaitent b\u00e9n\u00e9ficier d'une protection en ligne.<\/p>","protected":false},"excerpt":{"rendered":"<p>McAfee Antivirus Plus est un logiciel de protection de grande envergure qui a \u00e9t\u00e9 con\u00e7u pour prot\u00e9ger votre environnement num\u00e9rique contre les menaces de virus, de logiciels malveillants, de logiciels espions et d'autres nuisances en ligne. Ce logiciel antivirus innovant prot\u00e8ge non seulement votre PC, mais aussi tous vos appareils et assure la s\u00e9curit\u00e9 de votre environnement num\u00e9rique.<\/p>\n<h5><img decoding=\"async\" class=\"wp-image-38007 alignnone\" src=\"https:\/\/licencegrid.com\/wp-content\/uploads\/2022\/02\/blue-mark.png\" alt=\"\" width=\"25\" height=\"25\" srcset=\"https:\/\/licencegrid.com\/wp-content\/uploads\/2022\/02\/blue-mark.png 225w, https:\/\/licencegrid.com\/wp-content\/uploads\/2022\/02\/blue-mark-150x150.png 150w\" sizes=\"(max-width: 25px) 100vw, 25px\" \/>\u00a0<strong>Un logiciel simple et efficace !<br \/>\n<\/strong><img decoding=\"async\" class=\"wp-image-38007 alignnone\" src=\"https:\/\/licencegrid.com\/wp-content\/uploads\/2022\/02\/blue-mark.png\" alt=\"\" width=\"25\" height=\"25\" srcset=\"https:\/\/licencegrid.com\/wp-content\/uploads\/2022\/02\/blue-mark.png 225w, https:\/\/licencegrid.com\/wp-content\/uploads\/2022\/02\/blue-mark-150x150.png 150w\" sizes=\"(max-width: 25px) 100vw, 25px\" \/>\u00a0<strong>En deux temps trois mouvements, num\u00e9ris\u00e9 !<br \/>\n<\/strong><img decoding=\"async\" class=\"wp-image-38007 alignnone\" src=\"https:\/\/licencegrid.com\/wp-content\/uploads\/2022\/02\/blue-mark.png\" alt=\"\" width=\"25\" height=\"25\" srcset=\"https:\/\/licencegrid.com\/wp-content\/uploads\/2022\/02\/blue-mark.png 225w, https:\/\/licencegrid.com\/wp-content\/uploads\/2022\/02\/blue-mark-150x150.png 150w\" sizes=\"(max-width: 25px) 100vw, 25px\" \/>\u00a0<strong>Niet goed = Geld terug !<br \/>\n<\/strong><img decoding=\"async\" class=\"wp-image-38007 alignnone\" src=\"https:\/\/licencegrid.com\/wp-content\/uploads\/2022\/02\/blue-mark.png\" alt=\"\" width=\"25\" height=\"25\" srcset=\"https:\/\/licencegrid.com\/wp-content\/uploads\/2022\/02\/blue-mark.png 225w, https:\/\/licencegrid.com\/wp-content\/uploads\/2022\/02\/blue-mark-150x150.png 150w\" sizes=\"(max-width: 25px) 100vw, 25px\" \/> Le service client jusqu'\u00e0 23h00 est disponible !<br \/>\n<img decoding=\"async\" class=\"wp-image-38007 alignnone\" src=\"https:\/\/licencegrid.com\/wp-content\/uploads\/2022\/02\/blue-mark.png\" alt=\"\" width=\"25\" height=\"25\" srcset=\"https:\/\/licencegrid.com\/wp-content\/uploads\/2022\/02\/blue-mark.png 225w, https:\/\/licencegrid.com\/wp-content\/uploads\/2022\/02\/blue-mark-150x150.png 150w\" sizes=\"(max-width: 25px) 100vw, 25px\" \/> Ouvrez une boutique en ligne aux Pays-Bas avec un mot de passe de boutique en ligne !<\/h5>\n<h3><\/h3>","protected":false},"featured_media":73,"template":"","meta":{"inline_featured_image":false},"product_brand":[],"product_cat":[18],"product_tag":[],"class_list":{"0":"post-32","1":"product","2":"type-product","3":"status-publish","4":"has-post-thumbnail","6":"product_cat-antivirus","8":"first","9":"instock","10":"sale","11":"taxable","12":"shipping-taxable","13":"purchasable","14":"product-type-simple"},"_links":{"self":[{"href":"https:\/\/licencegrid.com\/fr\/wp-json\/wp\/v2\/product\/32","targetHints":{"allow":["GET"]}}],"collection":[{"href":"https:\/\/licencegrid.com\/fr\/wp-json\/wp\/v2\/product"}],"about":[{"href":"https:\/\/licencegrid.com\/fr\/wp-json\/wp\/v2\/types\/product"}],"wp:featuredmedia":[{"embeddable":true,"href":"https:\/\/licencegrid.com\/fr\/wp-json\/wp\/v2\/media\/73"}],"wp:attachment":[{"href":"https:\/\/licencegrid.com\/fr\/wp-json\/wp\/v2\/media?parent=32"}],"wp:term":[{"taxonomy":"product_brand","embeddable":true,"href":"https:\/\/licencegrid.com\/fr\/wp-json\/wp\/v2\/product_brand?post=32"},{"taxonomy":"product_cat","embeddable":true,"href":"https:\/\/licencegrid.com\/fr\/wp-json\/wp\/v2\/product_cat?post=32"},{"taxonomy":"product_tag","embeddable":true,"href":"https:\/\/licencegrid.com\/fr\/wp-json\/wp\/v2\/product_tag?post=32"}],"curies":[{"name":"wp","href":"https:\/\/api.w.org\/{rel}","templated":true}]}}