{"id":34,"date":"2023-10-10T21:00:58","date_gmt":"2023-10-10T21:00:58","guid":{"rendered":"https:\/\/licencegrid.com\/?post_type=product&#038;p=34"},"modified":"2023-10-19T22:37:55","modified_gmt":"2023-10-19T22:37:55","slug":"adobe-photoshop-cs6","status":"publish","type":"product","link":"https:\/\/licencegrid.com\/fr\/produit\/adobe-photoshop-cs6\/","title":{"rendered":"Adobe Photoshop CS6"},"content":{"rendered":"<p><strong>Adobe Photoshop CS6<\/strong><\/p>\n<p>&nbsp;<\/p>\n<p><strong>Adobe Creative Suite 6 Photoshop<\/strong><\/p>\n<p>Adobe Creative Suite 6 Design Standard offre une cr\u00e9ativit\u00e9 exceptionnelle gr\u00e2ce au nouveau moteur graphique Mercury d'Adobe Photoshop\u00ae et au syst\u00e8me Mercury Performance d'Adobe Illustrator. Travaillez sans rel\u00e2che sur de nouveaux projets de cr\u00e9ation, tels que la r\u00e9alisation de vid\u00e9os avec Adobe Photoshop, et sur des projets pour iPads et autres tablettes avec Adobe InDesign. Vous avez travaill\u00e9 sur des documents de qualit\u00e9 pour des produits alimentaires en utilisant des techniques de pointe.<\/p>\n<p><strong>D\u00e9couvrez les meilleures nouvelles fonctions dans CS6 Design Standard<\/strong><\/p>\n<p>Travaillez de mani\u00e8re optimale sur des supports complexes gr\u00e2ce \u00e0 Adobe Mercury Graphics Engine dans Photoshop * et \u00e0 Mercury Performance System dans Illustrator. Vous avez besoin d'un produit qui a \u00e9t\u00e9 d\u00e9velopp\u00e9 \u00e0 l'aide de la technologie InDesign pour cr\u00e9er des livres \u00e9lectroniques ou des publications pour l'iPad et d'autres tablettes sur le march\u00e9.<\/p>\n<p><strong>Ce qu'il faut faire pour gagner de l'argent<\/strong><\/p>\n<p>Obtenez des r\u00e9sultats probants avec l'ultime outil de travail pour les projets de construction et les publications num\u00e9riques. Digital Images, cr\u00e9e des images vectorielles et des pages ouvertes pour les livres, les eBooks et les publications pour iPad.<\/p>\n<p><strong>Voyez \u00e0 quel moment vous avez commenc\u00e9 \u00e0 travailler avec CS5.<\/strong><\/p>\n<p>Nous vous aidons \u00e0 d\u00e9couvrir les nouvelles fonctions les plus performantes de Photoshop, Illustrator et InDesign.<\/p>\n<p><strong>Snellere ontwerptaken in Photoshop<\/strong><\/p>\n<p>V\u00e9rifier les d\u00e9tails en toute simplicit\u00e9 avec des applications nouvelles et in\u00e9dites. Ne pas utiliser d'outils de dessin, se servir d'outils vectoriels pour faire passer des objets vectoriels et les faire appara\u00eetre, faire des dessins en couleur et non cass\u00e9s, chercher rapidement la couleur et bien d'autres choses encore.<\/p>\n<p><strong>Illustrations r\u00e9alis\u00e9es dans Illustrator<\/strong><\/p>\n<p>Convertir des donn\u00e9es matricielles en vecteurs complexes gr\u00e2ce \u00e0 un moteur enti\u00e8rement nouveau pour l'analyse des donn\u00e9es. Il permet d'obtenir de bons r\u00e9sultats avec des \u00e9l\u00e9ments de mesure complexes.<\/p>\n<p><strong>Mise en page alternative dans InDesign<\/strong><\/p>\n<p>Maak et klaar voor gebruik Document et met behoud van controle Alternatieve lay-outs die content op de pagina plaatsen and tekst synchroniseren voor een paginaformaten, standen of apparaten.<\/p>\n<p><strong>Traitement vid\u00e9o dans Photoshop<\/strong><\/p>\n<p>Cr\u00e9ez des vid\u00e9os dans Photoshop et int\u00e9grez-les dans vos projets d'\u00e9dition num\u00e9rique. Combinez de petits segments vid\u00e9o et des \u00e9l\u00e9ments fixes \u00e0 l'aide de combinaisons, d'audio et d'effets, tels que des panners et des zooms.<\/p>\n<p><strong>Rectifications automatiques dans Photoshop<\/strong><\/p>\n<p>Verbeter Curven, Niveaus en Helderheid \/ contraste. L'intelligence globale de la main permet d'am\u00e9liorer la qualit\u00e9 de l'image lors de la r\u00e9alisation d'un passage.<\/p>\n<p><strong>Passage \u00e0 l'\u00e9cran dans InDesign<\/strong><\/p>\n<p>Ajuster les param\u00e8tres de l'appareil de mani\u00e8re \u00e0 ce qu'il soit plus pr\u00e9cis lorsque la temp\u00e9rature est trop \u00e9lev\u00e9e. Laver et nettoyer automatiquement l'appareil pour les objets en relief, les outils ou d'autres \u00e9l\u00e9ments particuliers.<\/p>\n<p><strong>Vullen met behoud van inhoud in Photoshop (en anglais)<\/strong><\/p>\n<p>Verwijder elk gewenst afbeeldingsdetail van -object en zie hoe met de functie Vullen met behoud van inhoud de lege ruimte op bijna miraculeuze wijze wordt gevuld. Stem belichting, kleurtoon en ruis zo op elkaar, dat het ook de verwijderde inhoud nooit in de afbeelding stond.<\/p>\n<p><strong>\u00a0<\/strong><\/p>","protected":false},"excerpt":{"rendered":"<h5><img decoding=\"async\" class=\"wp-image-38007 alignnone\" src=\"https:\/\/licencegrid.com\/wp-content\/uploads\/2022\/02\/blue-mark.png\" alt=\"\" width=\"25\" height=\"25\" srcset=\"https:\/\/licencegrid.com\/wp-content\/uploads\/2022\/02\/blue-mark.png 225w, https:\/\/licencegrid.com\/wp-content\/uploads\/2022\/02\/blue-mark-150x150.png 150w\" sizes=\"(max-width: 25px) 100vw, 25px\" \/>\u00a0<strong>Un logiciel simple et efficace !<br \/>\n<\/strong><img decoding=\"async\" class=\"wp-image-38007 alignnone\" src=\"https:\/\/licencegrid.com\/wp-content\/uploads\/2022\/02\/blue-mark.png\" alt=\"\" width=\"25\" height=\"25\" srcset=\"https:\/\/licencegrid.com\/wp-content\/uploads\/2022\/02\/blue-mark.png 225w, https:\/\/licencegrid.com\/wp-content\/uploads\/2022\/02\/blue-mark-150x150.png 150w\" sizes=\"(max-width: 25px) 100vw, 25px\" \/>\u00a0<strong>En deux temps trois mouvements, num\u00e9ris\u00e9 !<br \/>\n<\/strong><img decoding=\"async\" class=\"wp-image-38007 alignnone\" src=\"https:\/\/licencegrid.com\/wp-content\/uploads\/2022\/02\/blue-mark.png\" alt=\"\" width=\"25\" height=\"25\" srcset=\"https:\/\/licencegrid.com\/wp-content\/uploads\/2022\/02\/blue-mark.png 225w, https:\/\/licencegrid.com\/wp-content\/uploads\/2022\/02\/blue-mark-150x150.png 150w\" sizes=\"(max-width: 25px) 100vw, 25px\" \/>\u00a0<strong>Niet goed = Geld terug !<br \/>\n<\/strong><img decoding=\"async\" class=\"wp-image-38007 alignnone\" src=\"https:\/\/licencegrid.com\/wp-content\/uploads\/2022\/02\/blue-mark.png\" alt=\"\" width=\"25\" height=\"25\" srcset=\"https:\/\/licencegrid.com\/wp-content\/uploads\/2022\/02\/blue-mark.png 225w, https:\/\/licencegrid.com\/wp-content\/uploads\/2022\/02\/blue-mark-150x150.png 150w\" sizes=\"(max-width: 25px) 100vw, 25px\" \/> Le service client jusqu'\u00e0 23h00 est disponible !<br \/>\n<img decoding=\"async\" class=\"wp-image-38007 alignnone\" src=\"https:\/\/licencegrid.com\/wp-content\/uploads\/2022\/02\/blue-mark.png\" alt=\"\" width=\"25\" height=\"25\" srcset=\"https:\/\/licencegrid.com\/wp-content\/uploads\/2022\/02\/blue-mark.png 225w, https:\/\/licencegrid.com\/wp-content\/uploads\/2022\/02\/blue-mark-150x150.png 150w\" sizes=\"(max-width: 25px) 100vw, 25px\" \/> Ouvrez une boutique en ligne aux Pays-Bas avec un mot de passe de boutique en ligne !<\/h5>\n<h3><\/h3>","protected":false},"featured_media":75,"template":"","meta":{"inline_featured_image":false},"product_brand":[],"product_cat":[19],"product_tag":[],"class_list":{"0":"post-34","1":"product","2":"type-product","3":"status-publish","4":"has-post-thumbnail","6":"product_cat-multimedia","8":"first","9":"outofstock","10":"sale","11":"taxable","12":"shipping-taxable","13":"purchasable","14":"product-type-simple"},"_links":{"self":[{"href":"https:\/\/licencegrid.com\/fr\/wp-json\/wp\/v2\/product\/34","targetHints":{"allow":["GET"]}}],"collection":[{"href":"https:\/\/licencegrid.com\/fr\/wp-json\/wp\/v2\/product"}],"about":[{"href":"https:\/\/licencegrid.com\/fr\/wp-json\/wp\/v2\/types\/product"}],"wp:featuredmedia":[{"embeddable":true,"href":"https:\/\/licencegrid.com\/fr\/wp-json\/wp\/v2\/media\/75"}],"wp:attachment":[{"href":"https:\/\/licencegrid.com\/fr\/wp-json\/wp\/v2\/media?parent=34"}],"wp:term":[{"taxonomy":"product_brand","embeddable":true,"href":"https:\/\/licencegrid.com\/fr\/wp-json\/wp\/v2\/product_brand?post=34"},{"taxonomy":"product_cat","embeddable":true,"href":"https:\/\/licencegrid.com\/fr\/wp-json\/wp\/v2\/product_cat?post=34"},{"taxonomy":"product_tag","embeddable":true,"href":"https:\/\/licencegrid.com\/fr\/wp-json\/wp\/v2\/product_tag?post=34"}],"curies":[{"name":"wp","href":"https:\/\/api.w.org\/{rel}","templated":true}]}}