{"id":42,"date":"2022-02-26T09:21:14","date_gmt":"2022-02-26T09:21:14","guid":{"rendered":"https:\/\/licencegrid.com\/?post_type=product&#038;p=42"},"modified":"2023-10-27T18:10:15","modified_gmt":"2023-10-27T18:10:15","slug":"microsoft-access-2019","status":"publish","type":"product","link":"https:\/\/licencegrid.com\/fr\/produit\/microsoft-access-2019\/","title":{"rendered":"Microsoft Access 2021"},"content":{"rendered":"<h3 style=\"text-align: center;\">Microsoft Access 2021<\/h3>\n<p>Microsoft Access 2021 est le logiciel de gestion de bases de donn\u00e9es le plus utilis\u00e9 par les organisations et les professionnels pour organiser, g\u00e9rer et analyser les donn\u00e9es. Gr\u00e2ce \u00e0 cet outil puissant, vous pouvez cr\u00e9er des bases de donn\u00e9es performantes et analyser efficacement les donn\u00e9es afin d'obtenir une meilleure compr\u00e9hension et de r\u00e9soudre les probl\u00e8mes de mani\u00e8re plus efficace.<\/p>\n<p><strong>Les prix les plus bas :<\/strong> L'acc\u00e8s 2021 offre un grand nombre de possibilit\u00e9s, notamment en ce qui concerne l'acc\u00e8s \u00e0 l'information et \u00e0 la formation :<\/p>\n<ul>\n<li><strong>Bases de donn\u00e9es Ontwerpen :<\/strong> Cr\u00e9ez des bases de donn\u00e9es compl\u00e8tes \u00e0 l'aide d'outils et de fonctions intuitifs afin d'obtenir des r\u00e9sultats d'une mani\u00e8re structur\u00e9e.<\/li>\n<li><strong>Les droits \u00e0 l'importation et \u00e0 l'exportation :<\/strong> Des donn\u00e9es importantes sur les diff\u00e9rentes branches et des tableaux crois\u00e9s pour comprendre les relations complexes.<\/li>\n<li><strong>Formules et rapports :<\/strong> Formulez des demandes d'information et cr\u00e9ez des rapports pour l'analyse et la pr\u00e9sentation des donn\u00e9es.<\/li>\n<li><strong>Query's et Scripting :<\/strong> Utilisez des requ\u00eates pour extraire des donn\u00e9es et \u00e9crivez des scripts de substitution pour une automatisation plus pouss\u00e9e.<\/li>\n<li><strong>Samenwerking et Delen :<\/strong> Travailler en \u00e9quipe sur une base de donn\u00e9es unique et \u00e9changer des informations avec d'autres.<\/li>\n<li><strong>Int\u00e9gration avec d'autres outils :<\/strong> Int\u00e9grez Access \u00e0 d'autres applications Office, telles qu'Excel et SharePoint, pour un travail en r\u00e9seau \u00e0 grande \u00e9chelle.<\/li>\n<\/ul>\n<p><strong>Compatibilit\u00e9 :<\/strong> Microsoft Access 2021 est compatible avec d'autres applications Office et permet d'obtenir et d'analyser des donn\u00e9es en toute simplicit\u00e9. Il s'int\u00e8gre \u00e9galement \u00e0 des services en nuage et \u00e0 des r\u00e9seaux externes pour assurer la connectivit\u00e9 des donn\u00e9es.<\/p>\n<p><strong>Systeemvereisten :<\/strong> Pour installer et utiliser Access 2021, vous devez disposer d'un ordinateur dot\u00e9 des syst\u00e8mes minimaux suivants :<\/p>\n<ul>\n<li><strong>Besturingssysteem :<\/strong> Windows 10 de hoger.<\/li>\n<li><strong>Processeur :<\/strong> 1,6 GHz de sneller, dual-core.<\/li>\n<li><strong>Geheugen (RAM) :<\/strong> 4 Go de RAM au minimum.<\/li>\n<li><strong>Tr\u00e8s bien :<\/strong> M\u00e9moire de 4 Go au minimum.<\/li>\n<li><strong>Beeldscherm :<\/strong> Un \u00e9cran tactile d'une r\u00e9solution minimale de 1280 x 800 pixels.<\/li>\n<\/ul>","protected":false},"excerpt":{"rendered":"<p>Microsoft Access 2021 est le logiciel de gestion de bases de donn\u00e9es le plus utilis\u00e9 par les organisations et les professionnels pour organiser, g\u00e9rer et analyser les donn\u00e9es. Gr\u00e2ce \u00e0 cet outil puissant, vous pouvez cr\u00e9er des bases de donn\u00e9es performantes et analyser efficacement les donn\u00e9es afin d'obtenir une meilleure compr\u00e9hension et de r\u00e9soudre les probl\u00e8mes de mani\u00e8re plus efficace.<\/p>\n<h5>\n<img decoding=\"async\" class=\"wp-image-38007 alignnone\" src=\"https:\/\/licencegrid.com\/wp-content\/uploads\/2022\/02\/blue-mark.png\" alt=\"\" width=\"25\" height=\"25\" srcset=\"https:\/\/licencegrid.com\/wp-content\/uploads\/2022\/02\/blue-mark.png 225w, https:\/\/licencegrid.com\/wp-content\/uploads\/2022\/02\/blue-mark-150x150.png 150w\" sizes=\"(max-width: 25px) 100vw, 25px\" \/>\u00a0<strong>Un logiciel simple et efficace !<br \/>\n<\/strong><img decoding=\"async\" class=\"wp-image-38007 alignnone\" src=\"https:\/\/licencegrid.com\/wp-content\/uploads\/2022\/02\/blue-mark.png\" alt=\"\" width=\"25\" height=\"25\" srcset=\"https:\/\/licencegrid.com\/wp-content\/uploads\/2022\/02\/blue-mark.png 225w, https:\/\/licencegrid.com\/wp-content\/uploads\/2022\/02\/blue-mark-150x150.png 150w\" sizes=\"(max-width: 25px) 100vw, 25px\" \/>\u00a0<strong>En deux temps trois mouvements, num\u00e9ris\u00e9 !<br \/>\n<\/strong><img decoding=\"async\" class=\"wp-image-38007 alignnone\" src=\"https:\/\/licencegrid.com\/wp-content\/uploads\/2022\/02\/blue-mark.png\" alt=\"\" width=\"25\" height=\"25\" srcset=\"https:\/\/licencegrid.com\/wp-content\/uploads\/2022\/02\/blue-mark.png 225w, https:\/\/licencegrid.com\/wp-content\/uploads\/2022\/02\/blue-mark-150x150.png 150w\" sizes=\"(max-width: 25px) 100vw, 25px\" \/>\u00a0<strong>Niet goed = Geld terug !<br \/>\n<\/strong><img decoding=\"async\" class=\"wp-image-38007 alignnone\" src=\"https:\/\/licencegrid.com\/wp-content\/uploads\/2022\/02\/blue-mark.png\" alt=\"\" width=\"25\" height=\"25\" srcset=\"https:\/\/licencegrid.com\/wp-content\/uploads\/2022\/02\/blue-mark.png 225w, https:\/\/licencegrid.com\/wp-content\/uploads\/2022\/02\/blue-mark-150x150.png 150w\" sizes=\"(max-width: 25px) 100vw, 25px\" \/> Le service client jusqu'\u00e0 23h00 est disponible !<br \/>\n<img decoding=\"async\" class=\"wp-image-38007 alignnone\" src=\"https:\/\/licencegrid.com\/wp-content\/uploads\/2022\/02\/blue-mark.png\" alt=\"\" width=\"25\" height=\"25\" srcset=\"https:\/\/licencegrid.com\/wp-content\/uploads\/2022\/02\/blue-mark.png 225w, https:\/\/licencegrid.com\/wp-content\/uploads\/2022\/02\/blue-mark-150x150.png 150w\" sizes=\"(max-width: 25px) 100vw, 25px\" \/> Ouvrez une boutique en ligne aux Pays-Bas avec un mot de passe de boutique en ligne !<\/h5>\n<h3><\/h3>","protected":false},"featured_media":38348,"template":"","meta":{"inline_featured_image":false},"product_brand":[],"product_cat":[17],"product_tag":[],"class_list":{"0":"post-42","1":"product","2":"type-product","3":"status-publish","4":"has-post-thumbnail","6":"product_cat-microsoft-office","8":"first","9":"instock","10":"sale","11":"taxable","12":"shipping-taxable","13":"purchasable","14":"product-type-simple"},"_links":{"self":[{"href":"https:\/\/licencegrid.com\/fr\/wp-json\/wp\/v2\/product\/42","targetHints":{"allow":["GET"]}}],"collection":[{"href":"https:\/\/licencegrid.com\/fr\/wp-json\/wp\/v2\/product"}],"about":[{"href":"https:\/\/licencegrid.com\/fr\/wp-json\/wp\/v2\/types\/product"}],"wp:featuredmedia":[{"embeddable":true,"href":"https:\/\/licencegrid.com\/fr\/wp-json\/wp\/v2\/media\/38348"}],"wp:attachment":[{"href":"https:\/\/licencegrid.com\/fr\/wp-json\/wp\/v2\/media?parent=42"}],"wp:term":[{"taxonomy":"product_brand","embeddable":true,"href":"https:\/\/licencegrid.com\/fr\/wp-json\/wp\/v2\/product_brand?post=42"},{"taxonomy":"product_cat","embeddable":true,"href":"https:\/\/licencegrid.com\/fr\/wp-json\/wp\/v2\/product_cat?post=42"},{"taxonomy":"product_tag","embeddable":true,"href":"https:\/\/licencegrid.com\/fr\/wp-json\/wp\/v2\/product_tag?post=42"}],"curies":[{"name":"wp","href":"https:\/\/api.w.org\/{rel}","templated":true}]}}