{"id":46749,"date":"2024-02-03T15:52:02","date_gmt":"2024-02-03T15:52:02","guid":{"rendered":"https:\/\/licencegrid.com\/?post_type=product&#038;p=46749"},"modified":"2024-02-07T14:56:32","modified_gmt":"2024-02-07T14:56:32","slug":"adobe-photoshop-premiere-elements-2024-voor-windows-macos","status":"publish","type":"product","link":"https:\/\/licencegrid.com\/fr\/produit\/adobe-photoshop-premiere-elements-2024-voor-windows-macos\/","title":{"rendered":"Adobe Photoshop + Premiere Elements 2024 - pour Windows\/MacOS"},"content":{"rendered":"<p class=\"has-text-align-center has-medium-font-size\"><strong>Adobe Photoshop Elements + Premiere Elements 2024 : Un ensemble complet pour la photographie et la vid\u00e9o<\/strong><\/p>\n\n\n\n<p>D\u00e9couvrez Adobe Photoshop Elements + Premiere Elements 2024, le meilleur ensemble d'outils de pointe pour la photographie et la vid\u00e9o. Gr\u00e2ce \u00e0 cette combinaison, les utilisateurs peuvent cr\u00e9er, traiter et diffuser des photos de qualit\u00e9 sup\u00e9rieure et produire, traiter et pr\u00e9senter des vid\u00e9os de qualit\u00e9 sup\u00e9rieure.<\/p>\n\n\n\n<p><strong>Des outils de travail photographiques tr\u00e8s performants :<\/strong> Adobe Photoshop Elements 2024 offre une interface utilisateur intuitive et de nombreux outils de travail qui permettent aux utilisateurs d'obtenir des photos nettes et pr\u00e9cises, de les retoucher et de les am\u00e9liorer.<\/p>\n\n\n\n<p><strong>Optiques cr\u00e9atives automatiques :<\/strong> Gr\u00e2ce \u00e0 des fonctions telles que la technologie Adobe Sensei AI, les utilisateurs peuvent passer automatiquement des effets, des filtres et des filtres pour am\u00e9liorer et transformer leurs photos en un seul clic.<\/p>\n\n\n\n<p><strong>Fonctions d'alimentation pour les photos :<\/strong> Outre de nombreux outils de travail, Adobe Photoshop Elements 2024 propose \u00e9galement des fonctions de travail importantes, telles que des filtres, des masques et des outils de contournement, qui permettent aux utilisateurs d'exploiter leur cr\u00e9ativit\u00e9 et d'effectuer des travaux complexes.<\/p>\n\n\n\n<p><strong>Des outils de travail vid\u00e9o performants :<\/strong> Adobe Premiere Elements 2024 offre une interface utilisateur intuitive et de nombreux outils de travail qui permettent aux utilisateurs de cr\u00e9er, de monter et de visionner des vid\u00e9os nettes et pr\u00e9cises.<\/p>\n\n\n\n<p><strong>Optiques de cr\u00e9ation automatique pour les vid\u00e9os :<\/strong> Gr\u00e2ce \u00e0 des fonctions telles que la technologie Adobe Sensei AI, les utilisateurs peuvent automatiser les effets, les changements et les corrections de couleur pour que leurs vid\u00e9os soient am\u00e9lior\u00e9es et transform\u00e9es en un seul clic.<\/p>\n\n\n\n<p><strong>Fonctionnalit\u00e9s d'alimentation pour les vid\u00e9os :<\/strong> En plus de ses nombreux outils de traitement, Adobe Premiere Elements 2024 propose des fonctions de traitement importantes, telles que le traitement multicam, les effets d'incrustation et l'incrustation chromatique, qui permettent aux utilisateurs de laisser libre cours \u00e0 leur cr\u00e9ativit\u00e9 et d'utiliser des traitements complexes.<\/p>\n\n\n\n<p><strong>Mise \u00e0 jour pour Windows et macOS :<\/strong> Adobe Photoshop Elements + Premiere Elements 2024 est compatible aussi bien avec Windows qu'avec macOS, ce qui permet aux utilisateurs des diff\u00e9rentes plates-formes de profiter des fonctionnalit\u00e9s photo et vid\u00e9o les plus performantes du logiciel.<\/p>\n\n\n\n<p>Systeemvereisten :<\/p>\n\n\n\n<p><strong>Pour Windows :<\/strong><\/p>\n\n\n\n<ul class=\"wp-block-list\">\n<li>Syst\u00e8me d'optimisation : Windows 10 (64-bits) version 1903 ou ult\u00e9rieure<\/li>\n\n\n\n<li>Processeur : 2 GHz de processeur avec SSE2-ondersteuning ; processeur double c\u0153ur pour la lecture HDV<\/li>\n\n\n\n<li>RAM : 4 Go de m\u00e9moire (8 Go par an)<\/li>\n\n\n\n<li>M\u00e9moire : 15 Go de m\u00e9moire sur le disque dur pour l'installation de tous les programmes<\/li>\n\n\n\n<li>R\u00e9solution de l'\u00e9cran : 1280\u00d7800 schermresolutie (bij 100% schaling)<\/li>\n\n\n\n<li>Carte graphique : GPU avec DirectX 12 en plus<\/li>\n<\/ul>\n\n\n\n<p><strong>Pour macOS :<\/strong><\/p>\n\n\n\n<ul class=\"wp-block-list\">\n<li>Meilleur syst\u00e8me : 3 versions les plus r\u00e9centes de MacOS<\/li>\n\n\n\n<li>Processeur : Intel multicore-processor avec 64 bits d'ondersteuning<\/li>\n\n\n\n<li>RAM : 4 Go de m\u00e9moire (8 Go par an)<\/li>\n\n\n\n<li>M\u00e9moire : 18 Go de m\u00e9moire sur le disque dur pour l'installation de tous les programmes<\/li>\n\n\n\n<li>R\u00e9solution de l'\u00e9cran : 1280\u00d7800 schermresolutie (bij 100% schaling)<\/li>\n<\/ul>\n\n\n\n<p>Que vous soyez un d\u00e9butant qui s'initie \u00e0 la photographie et \u00e0 la vid\u00e9o ou un utilisateur chevronn\u00e9 \u00e0 la recherche d'outils de travail performants, Adobe Photoshop Elements + Premiere Elements 2024 vous offre l'ensemble complet d'outils et de m\u00e9thodes dont vous avez besoin pour r\u00e9aliser des photos de qualit\u00e9, produire des vid\u00e9os et les diffuser dans le monde entier. D\u00e9couvrez Adobe Photoshop Elements + Premiere Elements 2024 et laissez libre cours \u00e0 votre cr\u00e9ativit\u00e9.<\/p>","protected":false},"excerpt":{"rendered":"<p>D\u00e9couvrez Adobe Photoshop Elements + Premiere Elements 2024, le meilleur ensemble d'outils de pointe pour la photographie et la vid\u00e9o. Gr\u00e2ce \u00e0 cette combinaison, les utilisateurs peuvent cr\u00e9er, traiter et diffuser des photos de qualit\u00e9 sup\u00e9rieure et produire, traiter et pr\u00e9senter des vid\u00e9os de qualit\u00e9 sup\u00e9rieure.<\/p>\n<h5><img decoding=\"async\" class=\"wp-image-38007 alignnone\" src=\"https:\/\/licencegrid.com\/wp-content\/uploads\/2022\/02\/blue-mark.png\" alt=\"\" width=\"25\" height=\"25\" srcset=\"https:\/\/licencegrid.com\/wp-content\/uploads\/2022\/02\/blue-mark.png 225w, https:\/\/licencegrid.com\/wp-content\/uploads\/2022\/02\/blue-mark-150x150.png 150w\" sizes=\"(max-width: 25px) 100vw, 25px\" \/>\u00a0<strong>Un logiciel simple et efficace !<br \/><\/strong><img decoding=\"async\" class=\"wp-image-38007 alignnone\" src=\"https:\/\/licencegrid.com\/wp-content\/uploads\/2022\/02\/blue-mark.png\" alt=\"\" width=\"25\" height=\"25\" srcset=\"https:\/\/licencegrid.com\/wp-content\/uploads\/2022\/02\/blue-mark.png 225w, https:\/\/licencegrid.com\/wp-content\/uploads\/2022\/02\/blue-mark-150x150.png 150w\" sizes=\"(max-width: 25px) 100vw, 25px\" \/>\u00a0<strong>En deux temps trois mouvements, num\u00e9ris\u00e9 !<br \/><\/strong><img decoding=\"async\" class=\"wp-image-38007 alignnone\" src=\"https:\/\/licencegrid.com\/wp-content\/uploads\/2022\/02\/blue-mark.png\" alt=\"\" width=\"25\" height=\"25\" srcset=\"https:\/\/licencegrid.com\/wp-content\/uploads\/2022\/02\/blue-mark.png 225w, https:\/\/licencegrid.com\/wp-content\/uploads\/2022\/02\/blue-mark-150x150.png 150w\" sizes=\"(max-width: 25px) 100vw, 25px\" \/>\u00a0<strong>Niet goed = Geld terug !<br \/><\/strong><img decoding=\"async\" class=\"wp-image-38007 alignnone\" src=\"https:\/\/licencegrid.com\/wp-content\/uploads\/2022\/02\/blue-mark.png\" alt=\"\" width=\"25\" height=\"25\" srcset=\"https:\/\/licencegrid.com\/wp-content\/uploads\/2022\/02\/blue-mark.png 225w, https:\/\/licencegrid.com\/wp-content\/uploads\/2022\/02\/blue-mark-150x150.png 150w\" sizes=\"(max-width: 25px) 100vw, 25px\" \/>\u00a0Le service client jusqu'\u00e0 23h00 est disponible !<br \/><img decoding=\"async\" class=\"wp-image-38007 alignnone\" src=\"https:\/\/licencegrid.com\/wp-content\/uploads\/2022\/02\/blue-mark.png\" alt=\"\" width=\"25\" height=\"25\" srcset=\"https:\/\/licencegrid.com\/wp-content\/uploads\/2022\/02\/blue-mark.png 225w, https:\/\/licencegrid.com\/wp-content\/uploads\/2022\/02\/blue-mark-150x150.png 150w\" sizes=\"(max-width: 25px) 100vw, 25px\" \/>\u00a0Ouvrez une boutique en ligne aux Pays-Bas avec un mot de passe de boutique en ligne !<\/h5>","protected":false},"featured_media":46750,"template":"","meta":{"inline_featured_image":false},"product_brand":[],"product_cat":[19],"product_tag":[],"class_list":{"0":"post-46749","1":"product","2":"type-product","3":"status-publish","4":"has-post-thumbnail","6":"product_cat-multimedia","8":"first","9":"instock","10":"sale","11":"taxable","12":"shipping-taxable","13":"purchasable","14":"product-type-simple"},"_links":{"self":[{"href":"https:\/\/licencegrid.com\/fr\/wp-json\/wp\/v2\/product\/46749","targetHints":{"allow":["GET"]}}],"collection":[{"href":"https:\/\/licencegrid.com\/fr\/wp-json\/wp\/v2\/product"}],"about":[{"href":"https:\/\/licencegrid.com\/fr\/wp-json\/wp\/v2\/types\/product"}],"wp:featuredmedia":[{"embeddable":true,"href":"https:\/\/licencegrid.com\/fr\/wp-json\/wp\/v2\/media\/46750"}],"wp:attachment":[{"href":"https:\/\/licencegrid.com\/fr\/wp-json\/wp\/v2\/media?parent=46749"}],"wp:term":[{"taxonomy":"product_brand","embeddable":true,"href":"https:\/\/licencegrid.com\/fr\/wp-json\/wp\/v2\/product_brand?post=46749"},{"taxonomy":"product_cat","embeddable":true,"href":"https:\/\/licencegrid.com\/fr\/wp-json\/wp\/v2\/product_cat?post=46749"},{"taxonomy":"product_tag","embeddable":true,"href":"https:\/\/licencegrid.com\/fr\/wp-json\/wp\/v2\/product_tag?post=46749"}],"curies":[{"name":"wp","href":"https:\/\/api.w.org\/{rel}","templated":true}]}}