{"id":51848,"date":"2025-05-07T11:23:07","date_gmt":"2025-05-07T11:23:07","guid":{"rendered":"https:\/\/licencegrid.com\/?post_type=product&#038;p=51848"},"modified":"2025-05-07T11:24:33","modified_gmt":"2025-05-07T11:24:33","slug":"microsoft-office-professional-plus-2024-mac","status":"publish","type":"product","link":"https:\/\/licencegrid.com\/fr\/produit\/microsoft-office-professional-plus-2024-mac\/","title":{"rendered":"Microsoft Office professional plus 2024 Mac"},"content":{"rendered":"<p><\/p>\n\n\n\n<p><\/p>\n\n\n\n<h3 class=\"wp-block-heading\"><strong>Microsoft Office 2024 - Comparaison des licences<\/strong><\/h3>\n\n\n\n<figure class=\"wp-block-table\"><table class=\"has-fixed-layout\"><tbody><tr><td><strong>\u00c9dition<\/strong><\/td><td><strong>Li\u00e9 au compte Microsoft ?<\/strong><\/td><td><strong>Transf\u00e9rable sur un autre PC ?<\/strong><\/td><td><strong>Validit\u00e9 \/ Abonnement<\/strong><\/td><td><strong>Applications incluses<\/strong><\/td><\/tr><tr><td><a href=\"https:\/\/keyupmart.com\/product\/microsoft-office-2024-home-for-mac\/\">Bureau 2024 Accueil<\/a><\/td><td><img decoding=\"async\" alt=\"\u2705\" src=\"https:\/\/lh7-rt.googleusercontent.com\/docsz\/AD_4nXeeM6JqiqdRzoIVG-Eno-Bu3QNA-G9J8chlF1DZKVO9FfAtTIlmXw8GBRVoZ_AxDb8UGlTMWnFeR9t4GA84rYmPLY-mYZutLjiFQtk3symlD6CBxkxt8D_JM-9DQEZbw7YXLCC3Qw?key=ZEq9EJ2Ghj5RLTZI0cDDDw\" width=\"19\" height=\"19\"> Oui<\/td><td><img decoding=\"async\" alt=\"\u2705\" src=\"https:\/\/lh7-rt.googleusercontent.com\/docsz\/AD_4nXfnwLjrwuK6NoCMP7r-YA1qki5QXDX5uBA3W_I4cEGaQnBoMR4kZQKlPmaw5PqKwGOEqAlFvsTklLuPBYKTDOohD4ra096hCFkF5mdZmwT56U-Ed4ukprMIcCi5T6ZLCIi4T_pWZg?key=ZEq9EJ2Ghj5RLTZI0cDDDw\" width=\"19\" height=\"19\"> Oui<\/td><td>Unique \/ \u00e0 vie<\/td><td>Word, Excel, PowerPoint, OneNote<\/td><\/tr><tr><td><a href=\"https:\/\/keyupmart.com\/product\/microsoft-office-2024-home-business-for-mac\/\">Office 2024 Home &amp; Business<\/a><\/td><td><img decoding=\"async\" alt=\"\u2705\" src=\"https:\/\/lh7-rt.googleusercontent.com\/docsz\/AD_4nXfcihwDucxfkuSPALbaklch0O5ntrtl4c_jJCjevCeCS0mPVnERKKyqdHmpK2CSUQtELnfss6LhafDEmOsUBqKLut6VnqCyv3pENmYCj7ztuK3Pf1_Ng5qG63UDhRevw2rCFkHL?key=ZEq9EJ2Ghj5RLTZI0cDDDw\" width=\"19\" height=\"19\"> Oui<\/td><td><img loading=\"lazy\" decoding=\"async\" alt=\"\u2705\" src=\"https:\/\/lh7-rt.googleusercontent.com\/docsz\/AD_4nXfBEAEB2R5P69hVuB_qDs4c0XuZZWez9Hce-dz8N7-rx_QqmwmtpR8T_NyYeG1cOj7tuZZtt1ZzGScyfUWb3nelVZqn6W8LFCo_UNErkTE_BtCneCxwrNTl83QUmmxN6DISd8nW?key=ZEq9EJ2Ghj5RLTZI0cDDDw\" width=\"19\" height=\"19\"> Oui<\/td><td>Unique \/ \u00e0 vie<\/td><td>Word, Excel, PowerPoint, OneNote, Outlook<\/td><\/tr><tr><td>Office 2024 professional plus<a href=\"https:\/\/keyupmart.com\/product\/microsoft-office-2024-standard-ltsc-for-mac\/\"> <\/a>( fen\u00eatres )<\/td><td><img loading=\"lazy\" decoding=\"async\" alt=\"\u274c\" src=\"https:\/\/lh7-rt.googleusercontent.com\/docsz\/AD_4nXf0NcHBmksHfJgD9C9rKJ9s87_L2Qi7muLS-wAH5YHRD9prXaPgm5yxPhXkowuNpZ4q8f80KrnrjdIJ3PGXg3qr--4sc2BnhJY6NU84fG6WTGngKQDfEFn92338Kx_rE0ykx6BczQ?key=ZEq9EJ2Ghj5RLTZI0cDDDw\" width=\"19\" height=\"19\"> Non<\/td><td><img loading=\"lazy\" decoding=\"async\" alt=\"\u274c\" src=\"https:\/\/lh7-rt.googleusercontent.com\/docsz\/AD_4nXfcJG6p4ZsYQCZ24TvD8IxqWE4WPyp99SDWxy6S4LIvKu01fcrBBGQe2RFud3QlmY4u0oZoR65xksgOyAfymJ6I9DU64vvmfhQcBadftP1wNTU18QG7EiYNRguVilCSFFq_pE-28g?key=ZEq9EJ2Ghj5RLTZI0cDDDw\" width=\"19\" height=\"19\"> Non<\/td><td>Unique \/ \u00e0 vie (PC unique)<\/td><td>Word, Excel, PowerPoint, OneNote, Access, Outlook&nbsp;<\/td><\/tr><tr><td>Office 2024 professional plus<a href=\"https:\/\/keyupmart.com\/product\/microsoft-office-2024-standard-ltsc-for-mac\/\"> <\/a>( mac )<\/td><td><img loading=\"lazy\" decoding=\"async\" alt=\"\u274c\" src=\"https:\/\/lh7-rt.googleusercontent.com\/docsz\/AD_4nXf0NcHBmksHfJgD9C9rKJ9s87_L2Qi7muLS-wAH5YHRD9prXaPgm5yxPhXkowuNpZ4q8f80KrnrjdIJ3PGXg3qr--4sc2BnhJY6NU84fG6WTGngKQDfEFn92338Kx_rE0ykx6BczQ?key=ZEq9EJ2Ghj5RLTZI0cDDDw\" width=\"19\" height=\"19\"> Non<\/td><td><img loading=\"lazy\" decoding=\"async\" alt=\"\u274c\" src=\"https:\/\/lh7-rt.googleusercontent.com\/docsz\/AD_4nXfcJG6p4ZsYQCZ24TvD8IxqWE4WPyp99SDWxy6S4LIvKu01fcrBBGQe2RFud3QlmY4u0oZoR65xksgOyAfymJ6I9DU64vvmfhQcBadftP1wNTU18QG7EiYNRguVilCSFFq_pE-28g?key=ZEq9EJ2Ghj5RLTZI0cDDDw\" width=\"19\" height=\"19\"> Non<\/td><td>Unique \/ \u00e0 vie (PC unique)<\/td><td>Word, Excel, PowerPoint, OneNote, Microsoft Defender, Outlook&nbsp;<\/td><\/tr><\/tbody><\/table><\/figure>\n\n\n\n<h4 class=\"wp-block-heading\"><img loading=\"lazy\" decoding=\"async\" alt=\"\u2699\ufe0f\" src=\"https:\/\/lh7-rt.googleusercontent.com\/docsz\/AD_4nXeWIfOY-ixWHvXI-TFCpRtC1RHNFvpHHFglrlze8cNGG3uQuBtHoYVcbwPNU-130cORbXFBcKrnzZyAt7tgF-LmW1hpM8WRS7urZJa7BjVShqQ3KA89Ao0SwNaPbfRaUE7S_9n6oQ?key=ZEq9EJ2Ghj5RLTZI0cDDDw\" width=\"24\" height=\"24\"><strong> D\u00e9tails du produit<\/strong><\/h4>\n\n\n\n<ul class=\"wp-block-list\">\n<li><strong>Compatibilit\u00e9 :<\/strong> toutes les versions de Mac sup\u00e9rieures \u00e0 12 <\/li>\n\n\n\n<li><strong>Livraison :<\/strong> T\u00e9l\u00e9chargement num\u00e9rique par e-mail - instantan\u00e9 (dans la minute), il vous suffit d'\u00e9changer votre bon.&nbsp;<\/li>\n\n\n\n<li><strong>Activation :<\/strong> Activation unique - Acc\u00e8s \u00e0 vie pour 1 PC<\/li>\n\n\n\n<li><strong>Langues :<\/strong> Multilingue - toutes les langues sont prises en charge<\/li>\n<\/ul>\n\n\n\n<p><strong>Mises \u00e0 jour :<\/strong> Les mises \u00e0 jour permanentes comprennent<\/p>\n\n\n\n<p><\/p>\n\n\n\n<h4 class=\"wp-block-heading\"><img loading=\"lazy\" decoding=\"async\" alt=\"\u26a0\ufe0f\" src=\"https:\/\/lh7-rt.googleusercontent.com\/docsz\/AD_4nXdIgjgg7loqjBUmqGOy6Ww730AUbEKbejyLql8RZ--o1MKtX7yV6fPbZx3vNqoPDoYmz4YzqJx0F0_dvBUodDJtH4qdpvwzGirkaz62rXQ1VhZJG6QMonPjGoS5zqRIDyBPf1pe?key=ZEq9EJ2Ghj5RLTZI0cDDDw\" width=\"24\" height=\"24\"><strong> Notes importantes<\/strong><\/h4>\n\n\n\n<p>-Si vous souhaitez \u00e9changer votre cl\u00e9 par l'interm\u00e9diaire du site web de Microsoft (<a href=\"https:\/\/setup.office.com\/),\">https:\/\/setup.office.com\/),<\/a> vous devez acheter Office Home ou Home &amp; Business <\/p>\n\n\n\n<p>Les \u00e9ditions Office pro plus doivent \u00eatre activ\u00e9es directement via l'application Office, et non via le portail en ligne.<\/p>\n\n\n\n<p><\/p>","protected":false},"excerpt":{"rendered":"<h4><b>Ce que vous recevrez<\/b><\/h4>\n<ul>\n<li style=\"font-weight: 400;\" aria-level=\"1\"><span style=\"font-weight: 400;\"> Cl\u00e9 d'activation<\/span><\/li>\n<li style=\"font-weight: 400;\" aria-level=\"1\"><span style=\"font-weight: 400;\"> Lien de t\u00e9l\u00e9chargement<\/span><\/li>\n<li style=\"font-weight: 400;\" aria-level=\"1\"><span style=\"font-weight: 400;\"> Instructions d'installation compl\u00e8tes<\/span><\/li>\n<\/ul>","protected":false},"featured_media":51849,"template":"","meta":{"inline_featured_image":false},"product_brand":[],"product_cat":[17],"product_tag":[],"class_list":{"0":"post-51848","1":"product","2":"type-product","3":"status-publish","4":"has-post-thumbnail","6":"product_cat-microsoft-office","8":"first","9":"instock","10":"taxable","11":"shipping-taxable","12":"purchasable","13":"product-type-simple"},"_links":{"self":[{"href":"https:\/\/licencegrid.com\/fr\/wp-json\/wp\/v2\/product\/51848","targetHints":{"allow":["GET"]}}],"collection":[{"href":"https:\/\/licencegrid.com\/fr\/wp-json\/wp\/v2\/product"}],"about":[{"href":"https:\/\/licencegrid.com\/fr\/wp-json\/wp\/v2\/types\/product"}],"wp:featuredmedia":[{"embeddable":true,"href":"https:\/\/licencegrid.com\/fr\/wp-json\/wp\/v2\/media\/51849"}],"wp:attachment":[{"href":"https:\/\/licencegrid.com\/fr\/wp-json\/wp\/v2\/media?parent=51848"}],"wp:term":[{"taxonomy":"product_brand","embeddable":true,"href":"https:\/\/licencegrid.com\/fr\/wp-json\/wp\/v2\/product_brand?post=51848"},{"taxonomy":"product_cat","embeddable":true,"href":"https:\/\/licencegrid.com\/fr\/wp-json\/wp\/v2\/product_cat?post=51848"},{"taxonomy":"product_tag","embeddable":true,"href":"https:\/\/licencegrid.com\/fr\/wp-json\/wp\/v2\/product_tag?post=51848"}],"curies":[{"name":"wp","href":"https:\/\/api.w.org\/{rel}","templated":true}]}}