{"id":51867,"date":"2025-05-07T12:54:18","date_gmt":"2025-05-07T12:54:18","guid":{"rendered":"https:\/\/licencegrid.com\/?post_type=product&#038;p=51867"},"modified":"2025-05-07T12:58:18","modified_gmt":"2025-05-07T12:58:18","slug":"microsoft-project-professional-2024","status":"publish","type":"product","link":"https:\/\/licencegrid.com\/fr\/produit\/microsoft-project-professional-2024\/","title":{"rendered":"Microsoft Project Professional 2024"},"content":{"rendered":"<h3 style=\"text-align: center;\">Microsoft Project Professional 2024<\/h3>\n<h3><b>Microsoft Project &amp; Visio 2024 - Comparaison des licences<\/b><\/h3>\n<table>\n<tbody>\n<tr>\n<td>\n<p><b>\u00c9dition<\/b><\/p>\n<\/td>\n<td>\n<p><b>Li\u00e9 au compte Microsoft ?<\/b><\/p>\n<\/td>\n<td>\n<p><b>Transf\u00e9rable sur un autre PC ?<\/b><\/p>\n<\/td>\n<td>\n<p><b>Validit\u00e9 \/ Abonnement<\/b><\/p>\n<\/td>\n<td>\n<p><b>Peut \u00eatre \u00e9chang\u00e9 sur\u00a0<\/b><\/p>\n<p><a href=\"https:\/\/setup.office.com\/redeem\/enter-key\"><b>setup.office.com<\/b><\/a><\/p>\n<\/td>\n<\/tr>\n<tr>\n<td>\n<p><span style=\"font-weight: 400;\">Microsoft Project ou Visio 2024 Retail\u00a0<\/span><\/p>\n<\/td>\n<td>\n<p><span style=\"font-weight: 400;\"> Oui<\/span><\/p>\n<\/td>\n<td>\n<p><span style=\"font-weight: 400;\"> Oui<\/span><\/p>\n<\/td>\n<td>\n<p><span style=\"font-weight: 400;\">Unique \/ \u00e0 vie<\/span><\/p>\n<\/td>\n<td>\n<p><span style=\"font-weight: 400;\"> Oui<\/span><\/p>\n<\/td>\n<\/tr>\n<tr>\n<td>\n<p><span style=\"font-weight: 400;\">Microsoft Project ou Visio 2024 LTSC<\/span><\/p>\n<\/td>\n<td>\n<p><span style=\"font-weight: 400;\"> Non<\/span><\/p>\n<\/td>\n<td>\n<p><span style=\"font-weight: 400;\"> Non<\/span><\/p>\n<\/td>\n<td>\n<p><span style=\"font-weight: 400;\">Unique \/ \u00e0 vie<\/span><\/p>\n<\/td>\n<td>\n<p><span style=\"font-weight: 400;\"> Non<\/span><\/p>\n<p><span style=\"font-weight: 400;\">Il ne peut \u00eatre rembours\u00e9 qu'\u00e0 partir du logiciel.<\/span><\/p>\n<\/td>\n<\/tr>\n<\/tbody>\n<\/table>\n<p>\u00a0<\/p>\n<h3><b>\ud83d\udcdd Visio 2024 Professional - Fonctionnalit\u00e9s<\/b><\/h3>\n<table class=\"table table-grid border-bottom-0 compare-chart compare-chart-3\">\n<tbody>\n<tr class=\"material-surface text-left align-top\">\n<th scope=\"row\">\n<div class=\"cc-rowheader-wrapper\">\n<div class=\"cc-rowheader\">\n<div>Application de bureau Project enti\u00e8rement install\u00e9e et mise \u00e0 jour. Une licence couvre un PC par personne.<\/div>\n<\/div>\n<\/div>\n<\/th>\n<td class=\"align-middle\">\n<div class=\"cc-cell-content\">\n<div class=\"parsys\">\u00a0<\/div>\n<\/div>\n<\/td>\n<\/tr>\n<\/tbody>\n<\/table>\n<table class=\"table table-grid border-bottom-0 compare-chart compare-chart-3\">\n<tbody>\n<tr class=\"material-surface text-left align-top\">\n<th scope=\"row\">\n<div class=\"cc-rowheader-wrapper\">\n<div class=\"cc-rowheader\">\n<div>G\u00e9rer les calendriers et les co\u00fbts des projets.<\/div>\n<\/div>\n<\/div>\n<\/th>\n<td class=\"align-middle\">\n<div class=\"parsys\">\u00a0<\/div>\n<div>\u00a0<\/div>\n<\/td>\n<\/tr>\n<\/tbody>\n<\/table>\n<table class=\"table table-grid border-bottom-0 compare-chart compare-chart-3\">\n<tbody>\n<tr class=\"material-surface text-left align-top\">\n<th scope=\"row\">\n<div class=\"cc-rowheader-wrapper\">\n<div class=\"cc-rowheader\">\n<div>G\u00e9rer les t\u00e2ches, les rapports et l'intelligence \u00e9conomique.<\/div>\n<\/div>\n<\/div>\n<\/th>\n<td class=\"align-middle\">\n<div class=\"cc-cell-content\">\n<div class=\"d-flex flex-column align-items-center text-center\">\n<div class=\"parsys\">\u00a0<\/div>\n<\/div>\n<\/div>\n<\/td>\n<\/tr>\n<\/tbody>\n<\/table>\n<table class=\"table table-grid border-bottom-0 compare-chart compare-chart-3\">\n<tbody>\n<tr class=\"material-surface text-left align-top\">\n<th scope=\"row\">\n<div class=\"cc-rowheader-wrapper\">\n<div class=\"cc-rowheader\">\n<div>G\u00e9rer les ressources.<\/div>\n<\/div>\n<\/div>\n<\/th>\n<td class=\"align-middle\">\u00a0<\/td>\n<\/tr>\n<\/tbody>\n<\/table>\n<table class=\"table table-grid border-bottom-0 compare-chart compare-chart-3\">\n<tbody>\n<tr class=\"material-surface text-left align-top\">\n<th scope=\"row\">\n<div class=\"cc-rowheader-wrapper\">\n<div class=\"cc-rowheader\">\n<div>Synchronisation avec Project Online et Project Server.<\/div>\n<\/div>\n<\/div>\n<\/th>\n<td class=\"align-middle\">\u00a0<\/td>\n<\/tr>\n<\/tbody>\n<\/table>\n<table class=\"table table-grid border-bottom-0 compare-chart compare-chart-3\">\n<tbody>\n<tr class=\"material-surface text-left align-top\">\n<th scope=\"row\">\n<div class=\"cc-rowheader-wrapper\">\n<div class=\"cc-rowheader\">\n<div>Soumettre des feuilles de temps pour saisir le temps pass\u00e9 sur les projets et hors projets pour la paie, la facturation et d'autres objectifs commerciaux.<\/div>\n<\/div>\n<\/div>\n<\/th>\n<td class=\"align-middle\">\u00a0<\/td>\n<\/tr>\n<\/tbody>\n<\/table>\n<p><b>Pour plus de d\u00e9tails, vous pouvez vous r\u00e9f\u00e9rer \u00e0 Microsoft <\/b><a href=\"https:\/\/www.microsoft.com\/en-gb\/microsoft-365\/planner\/microsoft-planner-plans-and-pricing#x8223045b239541399a415cdf06bdb191\"><b>directive officielle<\/b><\/a><\/p>\n<h4><b>\u26a0\ufe0f Important :<\/b><\/h4>\n<ul>\n<li aria-level=\"1\"><b>Il s'agit d'un produit num\u00e9rique - aucun article physique ne sera exp\u00e9di\u00e9.<\/b><\/li>\n<\/ul>\n\n\n<p><\/p>","protected":false},"excerpt":{"rendered":"<h3><b>\u2705What's Included :<\/b><\/h3>\n<ul>\n<li aria-level=\"1\"><b>Envoi instantan\u00e9 de la licence par courrier \u00e9lectronique<\/b><\/li>\n<\/ul>\n<ul>\n<li aria-level=\"1\"><b>Instructions d'activation \u00e9tape par \u00e9tape<\/b><\/li>\n<\/ul>\n<ul>\n<li aria-level=\"1\"><b>24 heures d'assistance amicale \u00e0 la client\u00e8le en cas de besoin<\/b><\/li>\n<\/ul>\n<ul>\n<li aria-level=\"1\"><b>Pas d'abonnement - Paiement unique<\/b><\/li>\n<\/ul>\n<p>&nbsp;<\/p>","protected":false},"featured_media":51871,"template":"","meta":{"inline_featured_image":false},"product_brand":[],"product_cat":[17],"product_tag":[],"class_list":{"0":"post-51867","1":"product","2":"type-product","3":"status-publish","4":"has-post-thumbnail","6":"product_cat-microsoft-office","8":"first","9":"instock","10":"taxable","11":"shipping-taxable","12":"purchasable","13":"product-type-variable"},"_links":{"self":[{"href":"https:\/\/licencegrid.com\/fr\/wp-json\/wp\/v2\/product\/51867","targetHints":{"allow":["GET"]}}],"collection":[{"href":"https:\/\/licencegrid.com\/fr\/wp-json\/wp\/v2\/product"}],"about":[{"href":"https:\/\/licencegrid.com\/fr\/wp-json\/wp\/v2\/types\/product"}],"wp:featuredmedia":[{"embeddable":true,"href":"https:\/\/licencegrid.com\/fr\/wp-json\/wp\/v2\/media\/51871"}],"wp:attachment":[{"href":"https:\/\/licencegrid.com\/fr\/wp-json\/wp\/v2\/media?parent=51867"}],"wp:term":[{"taxonomy":"product_brand","embeddable":true,"href":"https:\/\/licencegrid.com\/fr\/wp-json\/wp\/v2\/product_brand?post=51867"},{"taxonomy":"product_cat","embeddable":true,"href":"https:\/\/licencegrid.com\/fr\/wp-json\/wp\/v2\/product_cat?post=51867"},{"taxonomy":"product_tag","embeddable":true,"href":"https:\/\/licencegrid.com\/fr\/wp-json\/wp\/v2\/product_tag?post=51867"}],"curies":[{"name":"wp","href":"https:\/\/api.w.org\/{rel}","templated":true}]}}