{"id":51872,"date":"2025-05-07T13:11:31","date_gmt":"2025-05-07T13:11:31","guid":{"rendered":"https:\/\/licencegrid.com\/?post_type=product&#038;p=51872"},"modified":"2025-05-07T13:13:27","modified_gmt":"2025-05-07T13:13:27","slug":"autocad-2025-3-year-subscription-multi-device-access-license-linked-to-your-email","status":"publish","type":"product","link":"https:\/\/licencegrid.com\/fr\/produit\/autocad-2025-3-year-subscription-multi-device-access-license-linked-to-your-email\/","title":{"rendered":"AutoCAD 2025 - Abonnement 3 ans | Acc\u00e8s multi-appareils | Licence li\u00e9e \u00e0 votre email"},"content":{"rendered":"<h3 class=\"wp-block-heading\"><strong>AutoCAD 2025 - Abonnement de 3 ans (Invitation par courriel - Acc\u00e8s multi-appareils)<\/strong><\/h3>\n\n\n\n<p>D\u00e9verrouillez toute la puissance de <strong>AutoCAD 2025<\/strong> avec notre <strong>Plan d'abonnement officiel de 3 ans<\/strong> - livr\u00e9s directement \u00e0 votre adresse \u00e9lectronique via une invitation. Parfait pour les professionnels, les \u00e9tudiants, les architectes et les ing\u00e9nieurs qui souhaitent une formation de haut niveau. <strong>une solution CAO fiable et \u00e0 long terme<\/strong>.<\/p>\n\n\n\n<hr class=\"wp-block-separator has-alpha-channel-opacity\"\/>\n\n\n\n<h4 class=\"wp-block-heading\">\u2705 <strong>Ce que vous obtiendrez :<\/strong><\/h4>\n\n\n\n<ul class=\"wp-block-list\">\n<li><strong>Licence officielle AutoCAD de 3 ans<\/strong> - Livr\u00e9 \u00e0 votre adresse \u00e9lectronique<\/li>\n\n\n\n<li><strong>Acc\u00e8s priv\u00e9 par invitation \u00e9lectronique<\/strong> (Pas de comptes partag\u00e9s)<\/li>\n\n\n\n<li><strong>Utilisation multi-appareils<\/strong> - Activation simultan\u00e9e sur plusieurs appareils<\/li>\n\n\n\n<li><strong>Fonctionnalit\u00e9s compl\u00e8tes d'AutoCAD 2025<\/strong> - Comprend la conception 2D\/3D, des outils de documentation, etc.<\/li>\n\n\n\n<li>Compatible avec <strong>Windows et macOS<\/strong><\/li>\n\n\n\n<li>Directement depuis la plateforme officielle d'Autodesk<\/li>\n\n\n\n<li>S\u00e9curis\u00e9, priv\u00e9 et enti\u00e8rement fonctionnel<\/li>\n<\/ul>\n\n\n\n<hr class=\"wp-block-separator has-alpha-channel-opacity\"\/>\n\n\n\n<h4 class=\"wp-block-heading\">\u2705<strong>Comment cela fonctionne-t-il ?<\/strong><\/h4>\n\n\n\n<ol class=\"wp-block-list\">\n<li>Apr\u00e8s l'achat, envoyez-nous votre adresse \u00e9lectronique.<\/li>\n\n\n\n<li>Nous vous inviterons directement \u00e0 acc\u00e9der \u00e0 votre licence AutoCAD.<\/li>\n\n\n\n<li>Acceptez l'invitation et commencez \u00e0 utiliser AutoCAD sur tous vos appareils.<\/li>\n\n\n\n<li>Appr\u00e9ciez <strong>3 ann\u00e9es compl\u00e8tes d'acc\u00e8s ininterrompu<\/strong> - pas de frais mensuels, pas d'essai.<\/li>\n<\/ol>\n\n\n\n<hr class=\"wp-block-separator has-alpha-channel-opacity\"\/>\n\n\n\n<h4 class=\"wp-block-heading\">\u2705Id\u00e9al pour :<\/h4>\n\n\n\n<ul class=\"wp-block-list\">\n<li>Architectes et ing\u00e9nieurs<\/li>\n\n\n\n<li>Architectes d'int\u00e9rieur<\/li>\n\n\n\n<li>Concepteurs de produits<\/li>\n\n\n\n<li>\u00c9tudiants et \u00e9ducateurs<\/li>\n\n\n\n<li>Professionnel de la construction<\/li>\n<\/ul>\n\n\n\n<p>\u26a0\ufe0f <strong>Offre limit\u00e9e dans le temps<\/strong> - Profitez de notre prix sp\u00e9cial et b\u00e9n\u00e9ficiez d'une exp\u00e9rience AutoCAD de qualit\u00e9 professionnelle pendant 3 ann\u00e9es compl\u00e8tes.<\/p>","protected":false},"excerpt":{"rendered":"<p>\u2714\ufe0f100% Version authentique sans crack \u2714\ufe0fRuns Sur Windows pc et Mac \u2714\ufe0fDownload produit(s) \u00e0 partir du site officiel d'Autodesk \u2714\ufe0f Peut \u00eatre utilis\u00e9 sur plusieurs appareils \u2714\ufe0f Nous ajouterons votre email au syst\u00e8me et vous recevrez une invitation \u00e0 acc\u00e9der \u00e0 votre licence.<\/p>","protected":false},"featured_media":51875,"template":"","meta":{"inline_featured_image":false},"product_brand":[],"product_cat":[30],"product_tag":[],"class_list":{"0":"post-51872","1":"product","2":"type-product","3":"status-publish","4":"has-post-thumbnail","6":"product_cat-autodesk","8":"first","9":"instock","10":"taxable","11":"shipping-taxable","12":"purchasable","13":"product-type-simple"},"_links":{"self":[{"href":"https:\/\/licencegrid.com\/fr\/wp-json\/wp\/v2\/product\/51872","targetHints":{"allow":["GET"]}}],"collection":[{"href":"https:\/\/licencegrid.com\/fr\/wp-json\/wp\/v2\/product"}],"about":[{"href":"https:\/\/licencegrid.com\/fr\/wp-json\/wp\/v2\/types\/product"}],"wp:featuredmedia":[{"embeddable":true,"href":"https:\/\/licencegrid.com\/fr\/wp-json\/wp\/v2\/media\/51875"}],"wp:attachment":[{"href":"https:\/\/licencegrid.com\/fr\/wp-json\/wp\/v2\/media?parent=51872"}],"wp:term":[{"taxonomy":"product_brand","embeddable":true,"href":"https:\/\/licencegrid.com\/fr\/wp-json\/wp\/v2\/product_brand?post=51872"},{"taxonomy":"product_cat","embeddable":true,"href":"https:\/\/licencegrid.com\/fr\/wp-json\/wp\/v2\/product_cat?post=51872"},{"taxonomy":"product_tag","embeddable":true,"href":"https:\/\/licencegrid.com\/fr\/wp-json\/wp\/v2\/product_tag?post=51872"}],"curies":[{"name":"wp","href":"https:\/\/api.w.org\/{rel}","templated":true}]}}