{"id":51893,"date":"2025-05-09T15:46:43","date_gmt":"2025-05-09T15:46:43","guid":{"rendered":"https:\/\/licencegrid.com\/?post_type=product&#038;p=51893"},"modified":"2025-05-09T15:47:11","modified_gmt":"2025-05-09T15:47:11","slug":"microsoft-windows-server-2019-2025-standard-datacenter-editions","status":"publish","type":"product","link":"https:\/\/licencegrid.com\/fr\/produit\/microsoft-windows-server-2019-2025-standard-datacenter-editions\/","title":{"rendered":"Microsoft Windows Server 2019-2025 | \u00c9ditions Standard et Datacenter\u00a0"},"content":{"rendered":"<h4 class=\"wp-block-heading\"><\/h4>\n\n\n\n<p><\/p>\n\n\n\n<h4 class=\"wp-block-heading\">Standard ou Datacenter - Principales diff\u00e9rences<\/h4>\n\n\n\n<figure class=\"wp-block-table\"><table class=\"has-fixed-layout\"><thead><tr><th>Fonctionnalit\u00e9<\/th><th>Standard<\/th><th>Centre de donn\u00e9es<\/th><\/tr><\/thead><tbody><tr><td>Co\u00fbt<\/td><td>Inf\u00e9rieur - pour une utilisation petite\/moyenne<\/td><td>Plus \u00e9lev\u00e9 - con\u00e7u pour \u00eatre mis \u00e0 l'\u00e9chelle<\/td><\/tr><tr><td>Virtualisation<\/td><td>2 VM par serveur<\/td><td>Nombre illimit\u00e9 de machines virtuelles<\/td><\/tr><tr><td>\ufe0f VM blind\u00e9es<\/td><td>\u274c Non inclus<\/td><td>\u2705 Inclus<\/td><\/tr><tr><td>R\u00e9plique de stockage<\/td><td>Limit\u00e9e (1 partenaire, 2TB)<\/td><td>Illimit\u00e9<\/td><\/tr><tr><td>SDN \/ S2D<\/td><td>\u274c Non disponible<\/td><td>\u2705 Inclus<\/td><\/tr><tr><td>Licences<\/td><td>Bas\u00e9 sur le tronc commun (min. 16)<\/td><td>Bas\u00e9 sur le tronc commun (min. 16)<\/td><\/tr><\/tbody><\/table><\/figure>\n\n\n\n<h4 class=\"wp-block-heading\">\u26a0\ufe0f Avis de conformit\u00e9 des licences<\/h4>\n\n\n\n<p>Bien qu'il soit techniquement possible d'installer plus de 2 machines virtuelles avec l'\u00e9dition Standard ou d'activer la licence sur un serveur de plus de 16 c\u0153urs, cela ne signifie pas que la licence ne soit pas activ\u00e9e. <strong>viole les conditions de licence officielles de Microsoft<\/strong>.<\/p>\n\n\n\n<p>Par exemple, si votre serveur a <strong>32 c\u0153urs physiques<\/strong> et vous n'achetez qu'un <strong>Licence 16 c\u0153urs<\/strong>le syst\u00e8me s'installera et s'activera quand m\u00eame avec succ\u00e8s. Cependant, il n'en reste pas moins que le syst\u00e8me s'installe et s'active correctement, <strong>vous n'\u00eates pas autoris\u00e9 \u00e0 ex\u00e9cuter Windows Server l\u00e9galement dans cette configuration<\/strong>. Microsoft vous demande d'acqu\u00e9rir une licence pour tous les c\u0153urs physiques du serveur, avec un minimum de 16 c\u0153urs par serveur et de 8 c\u0153urs par processeur.<\/p>\n\n\n\n<p>En cas d'audit, Microsoft peut consid\u00e9rer cela comme <strong>sous-licence<\/strong> et imposer des sanctions financi\u00e8res, exiger des remboursements ou demander des licences ad\u00e9quates pour couvrir la totalit\u00e9 de la capacit\u00e9 mat\u00e9rielle de votre serveur.<\/p>\n\n\n\n<p>Veillez toujours \u00e0 ce que le nombre de licences de base achet\u00e9es corresponde \u00e0 la configuration physique de votre serveur afin de rester en conformit\u00e9 et d'\u00e9viter tout risque juridique ou financier.<\/p>","protected":false},"excerpt":{"rendered":"<p>Standard vs. Datacenter - Principales diff\u00e9rences Fonctionnalit\u00e9 Standard Datacenter Co\u00fbt Plus bas - pour une utilisation petite\/moyenne Plus \u00e9lev\u00e9 - construit pour une mise \u00e0 l'\u00e9chelle Virtualisation 2 VM par serveur Illimit\u00e9 VMs \ufe0f Shielded VMs \u274c Non inclus \u2705 Inclus Storage Replica Limited (1 partenaire, 2TB) Illimit\u00e9 SDN \/ S2D \u274c Non disponible \u2705 Inclus Licences Bas\u00e9 sur le noyau (min. 16) Bas\u00e9 sur le noyau [...]<\/p>","protected":false},"featured_media":51897,"template":"","meta":{"inline_featured_image":false},"product_brand":[],"product_cat":[20],"product_tag":[],"class_list":{"0":"post-51893","1":"product","2":"type-product","3":"status-publish","4":"has-post-thumbnail","6":"product_cat-server","8":"first","9":"instock","10":"taxable","11":"shipping-taxable","12":"purchasable","13":"product-type-variable"},"_links":{"self":[{"href":"https:\/\/licencegrid.com\/fr\/wp-json\/wp\/v2\/product\/51893","targetHints":{"allow":["GET"]}}],"collection":[{"href":"https:\/\/licencegrid.com\/fr\/wp-json\/wp\/v2\/product"}],"about":[{"href":"https:\/\/licencegrid.com\/fr\/wp-json\/wp\/v2\/types\/product"}],"wp:featuredmedia":[{"embeddable":true,"href":"https:\/\/licencegrid.com\/fr\/wp-json\/wp\/v2\/media\/51897"}],"wp:attachment":[{"href":"https:\/\/licencegrid.com\/fr\/wp-json\/wp\/v2\/media?parent=51893"}],"wp:term":[{"taxonomy":"product_brand","embeddable":true,"href":"https:\/\/licencegrid.com\/fr\/wp-json\/wp\/v2\/product_brand?post=51893"},{"taxonomy":"product_cat","embeddable":true,"href":"https:\/\/licencegrid.com\/fr\/wp-json\/wp\/v2\/product_cat?post=51893"},{"taxonomy":"product_tag","embeddable":true,"href":"https:\/\/licencegrid.com\/fr\/wp-json\/wp\/v2\/product_tag?post=51893"}],"curies":[{"name":"wp","href":"https:\/\/api.w.org\/{rel}","templated":true}]}}