{"id":51907,"date":"2025-05-19T23:25:05","date_gmt":"2025-05-19T23:25:05","guid":{"rendered":"https:\/\/licencegrid.com\/?post_type=product&#038;p=51907"},"modified":"2025-05-19T23:27:10","modified_gmt":"2025-05-19T23:27:10","slug":"microsoft-office-365-pro-plus-1-or-3-year-subscription-1-user-5-devices-per-user-pc-mac-mobile-100gb-cloud-storage","status":"publish","type":"product","link":"https:\/\/licencegrid.com\/fr\/produit\/microsoft-office-365-pro-plus-1-or-3-year-subscription-1-user-5-devices-per-user-pc-mac-mobile-100gb-cloud-storage\/","title":{"rendered":"Microsoft Office 365 Pro Plus - Abonnement de 1 ou 3 ans| 1 utilisateur | 5 appareils par utilisateur | PC, Mac &amp; Mobile | 100 Go de stockage dans le nuage"},"content":{"rendered":"<p><\/p>\n\n\n\n<h4 class=\"wp-block-heading\"><strong>Informations importantes<\/strong><\/h4>\n\n\n\n<p><\/p>\n\n\n\n<p>Vous recevrez un&nbsp;<strong>un courriel et un mot de passe uniques et in\u00e9dits pour Microsoft 365<\/strong>.<\/p>\n\n\n\n<p><strong>L'adresse \u00e9lectronique ne peut pas \u00eatre modifi\u00e9e<\/strong>mais vous&nbsp;<strong>peut modifier le mot de passe<\/strong>.<\/p>\n\n\n\n<p>Ces comptes sont&nbsp;<strong>nouvellement g\u00e9n\u00e9r\u00e9e directement par Microsoft<\/strong>&nbsp;et vendus par client-<strong>nous ne revendons pas de comptes<\/strong>.<\/p>\n\n\n\n<p><\/p>\n\n\n\n<h3 class=\"wp-block-heading\"><strong>Qu'est-ce qui est inclus ?<\/strong><\/h3>\n\n\n\n<p>\u2714\u00a0<strong>Nouveau compte Microsoft 365<\/strong>\u00a0- Identifiants de connexion uniques<br><br>\u2714\u00a0<strong>Applications de bureau compl\u00e8tes<\/strong>\u00a0- Word, Excel, PowerPoint, Outlook, OneNote, Publisher, Access, Skype<br><br>\u2714\u00a0<strong>Stockage massif de 100 Go dans le nuage OneDrive<\/strong>\u00a0- Stocker et acc\u00e9der aux fichiers en toute s\u00e9curit\u00e9<br><br>\u2714\u00a0<strong>Utilisation en ligne ou hors ligne<\/strong>\u00a0- Travailler \u00e0 tout moment et en tout lieu<br><br>\u2714\u00a0<strong>Installation sur 5 appareils maximum<\/strong>\u00a0- Compatible avec PC, Mac, iOS, Android, tablette et t\u00e9l\u00e9phone<br><br>\u2714\u00a0<strong>Mises \u00e0 jour automatiques<\/strong>\u00a0- Restez toujours au courant des derni\u00e8res fonctionnalit\u00e9s<br><br>\u2714\u00a0<strong>Prise en charge multilingue<\/strong>\u00a0- Utilisation dans le monde entier en plusieurs langues<br><br>\u2714\u00a0<strong>Envoi instantan\u00e9 de courriels num\u00e9riques<\/strong>\u00a0- Commencez \u00e0 utiliser votre compte imm\u00e9diatement<br><\/p>\n\n\n\n<h3 class=\"wp-block-heading\"><strong>Lib\u00e9rez votre productivit\u00e9 avec Microsoft Office 365 Pro Plus<\/strong><\/h3>\n\n\n\n<p>Tirez parti de la suite d'outils bureautiques la plus puissante au monde gr\u00e2ce \u00e0 un logiciel de gestion de l'information.\u00a0<strong>Compte Microsoft Office 365 Pro Plus<\/strong>. Que vous soyez \u00e9tudiant, professionnel, entrepreneur ou que vous ayez besoin d'outils de productivit\u00e9 pour votre usage personnel<br><\/p>\n\n\n\n<h4 class=\"wp-block-heading\"><strong>Pourquoi choisir Microsoft Office 365 Pro Plus ?<\/strong><\/h4>\n\n\n\n<p><br>\u2705\u00a0<strong>Suite compl\u00e8te d'applications Microsoft<\/strong>\u00a0- Cr\u00e9er, modifier et collaborer avec\u00a0<strong>Word, Excel, PowerPoint, Outlook, OneNote, Access, etc.<\/strong>.<br><br>\u2705\u00a0<strong>Compatibilit\u00e9 sans faille<\/strong>\u00a0- Travaille dans tous les domaines\u00a0<strong>Windows, Mac, iOS et Android<\/strong>.<br><br>\u2705\u00a0<strong>100 Go de stockage OneDrive<\/strong>\u00a0- Stockage s\u00e9curis\u00e9 dans le nuage pour un acc\u00e8s facile et le partage de fichiers.<br><br>\u2705\u00a0<strong>Mises \u00e0 jour r\u00e9guli\u00e8res<\/strong>\u00a0- Restez inform\u00e9 des derni\u00e8res fonctionnalit\u00e9s et am\u00e9liorations en mati\u00e8re de s\u00e9curit\u00e9.<br><br>\u2705\u00a0<strong>Installation facile<\/strong>\u00a0- Installation rapide gr\u00e2ce \u00e0 des instructions pas \u00e0 pas.<\/p>\n\n\n\n<h3 class=\"wp-block-heading\"><strong>\u00c0 qui cela s'adresse-t-il ?<\/strong><\/h3>\n\n\n\n<p>\u2714&nbsp;<strong>\u00c9tudiants et \u00e9ducateurs<\/strong>&nbsp;- Obtenez les meilleurs outils pour l'apprentissage et l'enseignement.<br><br>\u2714&nbsp;<strong>Professionnels et entreprises<\/strong>&nbsp;- Augmenter la productivit\u00e9 et rationaliser les processus de travail.<br><br>\u2714&nbsp;<strong>Entrepreneurs et ind\u00e9pendants<\/strong>&nbsp;- G\u00e9rez des projets, cr\u00e9ez des rapports et restez organis\u00e9.<br><br>\u2714&nbsp;<strong>Familles et usage personnel<\/strong>&nbsp;- Acc\u00e9dez \u00e0 des applications Office de qualit\u00e9 sup\u00e9rieure pour vos t\u00e2ches quotidiennes.<\/p>\n\n\n\n<h3 class=\"wp-block-heading\"><strong>Pourquoi attendre ? Commencez d\u00e8s aujourd'hui !<\/strong><\/h3>\n\n\n\n<p><\/p>\n\n\n\n<p>\ud83d\ude80&nbsp;<strong>Commandez maintenant et commencez \u00e0 travailler plus intelligemment, pas plus durement !<\/strong><\/p>","protected":false},"excerpt":{"rendered":"<p>Important Information You will receive a&nbsp;unique, brand-new Microsoft 365 email and password. Email cannot be changed, but you&nbsp;can change the password. These accounts are&nbsp;newly generated directly via Microsoft&nbsp;and sold per customer\u2014we do not resell accounts. What\u2019s Included? \u2714\u00a0Brand New Microsoft 365 Account\u00a0\u2013 Unique login credentials \u2714\u00a0Full Desktop Applications\u00a0\u2013 Word, Excel, PowerPoint, Outlook, OneNote, Publisher, Access, [&hellip;]<\/p>","protected":false},"featured_media":51912,"template":"","meta":{"inline_featured_image":false},"product_brand":[],"product_cat":[17],"product_tag":[],"class_list":{"0":"post-51907","1":"product","2":"type-product","3":"status-publish","4":"has-post-thumbnail","6":"product_cat-microsoft-office","8":"first","9":"instock","10":"taxable","11":"shipping-taxable","12":"purchasable","13":"product-type-variable"},"_links":{"self":[{"href":"https:\/\/licencegrid.com\/fr\/wp-json\/wp\/v2\/product\/51907","targetHints":{"allow":["GET"]}}],"collection":[{"href":"https:\/\/licencegrid.com\/fr\/wp-json\/wp\/v2\/product"}],"about":[{"href":"https:\/\/licencegrid.com\/fr\/wp-json\/wp\/v2\/types\/product"}],"wp:featuredmedia":[{"embeddable":true,"href":"https:\/\/licencegrid.com\/fr\/wp-json\/wp\/v2\/media\/51912"}],"wp:attachment":[{"href":"https:\/\/licencegrid.com\/fr\/wp-json\/wp\/v2\/media?parent=51907"}],"wp:term":[{"taxonomy":"product_brand","embeddable":true,"href":"https:\/\/licencegrid.com\/fr\/wp-json\/wp\/v2\/product_brand?post=51907"},{"taxonomy":"product_cat","embeddable":true,"href":"https:\/\/licencegrid.com\/fr\/wp-json\/wp\/v2\/product_cat?post=51907"},{"taxonomy":"product_tag","embeddable":true,"href":"https:\/\/licencegrid.com\/fr\/wp-json\/wp\/v2\/product_tag?post=51907"}],"curies":[{"name":"wp","href":"https:\/\/api.w.org\/{rel}","templated":true}]}}