{"id":51918,"date":"2025-05-19T23:43:19","date_gmt":"2025-05-19T23:43:19","guid":{"rendered":"https:\/\/licencegrid.com\/?post_type=product&#038;p=51918"},"modified":"2025-05-27T10:50:19","modified_gmt":"2025-05-27T10:50:19","slug":"microsoft-office-365-personal-1-year-subscription-1-user-5-device-per-user-pc-mac-mobile-1tb-cloud-storage-2","status":"publish","type":"product","link":"https:\/\/licencegrid.com\/fr\/produit\/microsoft-office-365-personal-1-year-subscription-1-user-5-device-per-user-pc-mac-mobile-1tb-cloud-storage-2\/","title":{"rendered":"Microsoft Office 365 Personal- Abonnement d'un an | 1 utilisateur | 5 appareils par utilisateur | PC, Mac &amp; Mobile | 1To de stockage dans le nuage"},"content":{"rendered":"<p><\/p>\n\n\n\n<h4 class=\"wp-block-heading\">D\u00e9couvrez encore plus d'avantages de Microsoft 365<\/h4>\n\n\n\n<figure class=\"wp-block-image\"><img decoding=\"async\" src=\"https:\/\/cdn-dynmedia-1.microsoft.com\/is\/image\/microsoftcorp\/Defender-CC-H-111x111-1?fmt=png-alpha&amp;wid=111&amp;hei=111&amp;fit=crop\" alt=\"\"\/><\/figure>\n\n\n\n<h3 class=\"wp-block-heading\">Simplifiez votre s\u00e9curit\u00e9 en ligne<\/h3>\n\n\n\n<p>Vous et votre famille \u00eates plus en s\u00e9curit\u00e9 en ligne gr\u00e2ce \u00e0 une surveillance continue des menaces, des alertes en temps r\u00e9el, des astuces et des conseils d'experts de Microsoft Defender.<\/p>\n\n\n\n<figure class=\"wp-block-image\"><img decoding=\"async\" src=\"https:\/\/cdn-dynmedia-1.microsoft.com\/is\/image\/microsoftcorp\/Icon-M365-Office-Mobile-App-logo-111x111-1?fmt=png-alpha&amp;wid=111&amp;hei=111&amp;fit=crop\" alt=\"\"\/><\/figure>\n\n\n\n<h3 class=\"wp-block-heading\">Des applications de productivit\u00e9 puissantes gr\u00e2ce \u00e0 l'IA<\/h3>\n\n\n\n<p>Utilisez Word, Excel et PowerPoint pour collaborer en temps r\u00e9el ou travailler hors ligne, d\u00e9sormais avec Microsoft Copilot.<sup>Note de bas de page1<\/sup><\/p>\n\n\n\n<figure class=\"wp-block-image\"><img decoding=\"async\" src=\"https:\/\/cdn-dynmedia-1.microsoft.com\/is\/image\/microsoftcorp\/Icon-OneDrive-111x111?fmt=png-alpha&amp;wid=111&amp;hei=111&amp;fit=crop\" alt=\"\"\/><\/figure>\n\n\n\n<h3 class=\"wp-block-heading\">Un stockage fiable pour des souvenirs inestimables<\/h3>\n\n\n\n<p>Enregistrez, partagez et modifiez rapidement vos photos et fichiers avec OneDrive et Microsoft 365.<\/p>\n\n\n\n<figure class=\"wp-block-image\"><img decoding=\"async\" src=\"https:\/\/cdn-dynmedia-1.microsoft.com\/is\/image\/microsoftcorp\/Icon-Outlook-111x111?fmt=png-alpha&amp;wid=111&amp;hei=111&amp;fit=crop\" alt=\"\"\/><\/figure>\n\n\n\n<h3 class=\"wp-block-heading\">Tirez le meilleur parti de votre journ\u00e9e<\/h3>\n\n\n\n<p>Avec Outlook comme centre de commande, vous pouvez passer moins de temps \u00e0 organiser votre vie et plus de temps \u00e0 en profiter.<\/p>\n\n\n\n<figure class=\"wp-block-image\"><img decoding=\"async\" src=\"https:\/\/cdn-dynmedia-1.microsoft.com\/is\/image\/microsoftcorp\/OneNote-CC-H-111x111?fmt=png-alpha&amp;wid=111&amp;hei=111&amp;fit=crop\" alt=\"\"\/><\/figure>\n\n\n\n<h3 class=\"wp-block-heading\">Toutes vos id\u00e9es en un seul endroit<\/h3>\n\n\n\n<p>Capturez l'inspiration dans le texte, l'audio, les photos et les vid\u00e9os pour cr\u00e9er votre prochaine grande id\u00e9e avec OneNote.<\/p>\n\n\n\n<figure class=\"wp-block-image\"><img decoding=\"async\" src=\"https:\/\/cdn-dynmedia-1.microsoft.com\/is\/image\/microsoftcorp\/Clipchamp-CC-H-111x111?fmt=png-alpha&amp;wid=111&amp;hei=111&amp;fit=crop\" alt=\"\"\/><\/figure>\n\n\n\n<h3 class=\"wp-block-heading\">Racontez votre histoire, \u00e0 votre mani\u00e8re<\/h3>\n\n\n\n<p>Transformez facilement les souvenirs captur\u00e9s en de superbes vid\u00e9os avec Clipchamp et Microsoft 365.<\/p>\n\n\n\n<p><\/p>\n\n\n\n<figure class=\"wp-block-image\"><img decoding=\"async\" src=\"https:\/\/cdn.cs.1worldsync.com\/syndication\/mediaserverredirect\/18167acda95f7f3ccddba91869f2ee91\/width(1200).png\" alt=\"R\u00e9aliser l&#039;extraordinaire avec l&#039;IA dans Microsoft 365\"\/><\/figure>\n\n\n\n<p><a href=\"https:\/\/cdn.cs.1worldsync.com\/syndication\/mediaserverredirect\/18167acda95f7f3ccddba91869f2ee91\/original.png\"><\/a><\/p>\n\n\n\n<h3 class=\"wp-block-heading\">Des applications de productivit\u00e9 et des outils de cr\u00e9ativit\u00e9 puissants<\/h3>\n\n\n\n<p>Microsoft 365 vient de s'am\u00e9liorer. D\u00e9bloquez de nouvelles capacit\u00e9s, d\u00e9veloppez vos comp\u00e9tences et d\u00e9couvrez des mondes de possibilit\u00e9s avec de nouvelles fonctionnalit\u00e9s aliment\u00e9es par l'IA - le tout dans un seul plan.<\/p>\n\n\n\n<figure class=\"wp-block-image\"><img decoding=\"async\" src=\"https:\/\/cdn.cs.1worldsync.com\/syndication\/mediaserverredirect\/6390c1c5895724c5e8e47985fcd6bfc8\/width(1200).png\" alt=\"Faciliter les t\u00e2ches quotidiennes\"\/><\/figure>\n\n\n\n<p><a href=\"https:\/\/cdn.cs.1worldsync.com\/syndication\/mediaserverredirect\/6390c1c5895724c5e8e47985fcd6bfc8\/original.png\"><\/a><\/p>\n\n\n\n<figure class=\"wp-block-image\"><img decoding=\"async\" src=\"https:\/\/cdn.cs.1worldsync.com\/syndication\/mediaserverredirect\/c278cc4c01c31be22aa5c6c4d39c0c3d\/width(1200).png\" alt=\"Lib\u00e9rez votre cr\u00e9ativit\u00e9\"\/><\/figure>\n\n\n\n<p><a href=\"https:\/\/cdn.cs.1worldsync.com\/syndication\/mediaserverredirect\/c278cc4c01c31be22aa5c6c4d39c0c3d\/original.png\"><\/a><\/p>\n\n\n\n<figure class=\"wp-block-image\"><img decoding=\"async\" src=\"https:\/\/cdn.cs.1worldsync.com\/syndication\/mediaserverredirect\/a8129fb3f59b349c84c78500437670e3\/width(1200).png\" alt=\"Maximisez votre protection\"\/><\/figure>\n\n\n\n<p><a href=\"https:\/\/cdn.cs.1worldsync.com\/syndication\/mediaserverredirect\/a8129fb3f59b349c84c78500437670e3\/original.png\"><\/a><\/p>\n\n\n\n<figure class=\"wp-block-image\"><img decoding=\"async\" src=\"https:\/\/cdn.cs.1worldsync.com\/syndication\/mediaserverredirect\/6390c1c5895724c5e8e47985fcd6bfc8\/width(1200).png\" alt=\"Faciliter les t\u00e2ches quotidiennes\"\/><\/figure>\n\n\n\n<p><a href=\"https:\/\/cdn.cs.1worldsync.com\/syndication\/mediaserverredirect\/6390c1c5895724c5e8e47985fcd6bfc8\/original.png\"><\/a><\/p>\n\n\n\n<figure class=\"wp-block-image\"><img decoding=\"async\" src=\"https:\/\/cdn.cs.1worldsync.com\/syndication\/mediaserverredirect\/c278cc4c01c31be22aa5c6c4d39c0c3d\/width(1200).png\" alt=\"Lib\u00e9rez votre cr\u00e9ativit\u00e9\"\/><\/figure>\n\n\n\n<p><a href=\"https:\/\/cdn.cs.1worldsync.com\/syndication\/mediaserverredirect\/c278cc4c01c31be22aa5c6c4d39c0c3d\/original.png\"><\/a><\/p>\n\n\n\n<figure class=\"wp-block-image\"><img decoding=\"async\" src=\"https:\/\/cdn.cs.1worldsync.com\/syndication\/mediaserverredirect\/a8129fb3f59b349c84c78500437670e3\/width(1200).png\" alt=\"Maximisez votre protection\"\/><\/figure>\n\n\n\n<p><a href=\"https:\/\/cdn.cs.1worldsync.com\/syndication\/mediaserverredirect\/a8129fb3f59b349c84c78500437670e3\/original.png\"><\/a><\/p>\n\n\n\n<figure class=\"wp-block-image\"><img decoding=\"async\" src=\"https:\/\/cdn.cs.1worldsync.com\/syndication\/mediaserverredirect\/6390c1c5895724c5e8e47985fcd6bfc8\/width(1200).png\" alt=\"Faciliter les t\u00e2ches quotidiennes\"\/><\/figure>\n\n\n\n<p><a href=\"https:\/\/cdn.cs.1worldsync.com\/syndication\/mediaserverredirect\/6390c1c5895724c5e8e47985fcd6bfc8\/original.png\"><\/a><\/p>\n\n\n\n<ul class=\"wp-block-list\">\n<li><a href=\"javascript:;\"><\/a><\/li>\n\n\n\n<li><a href=\"javascript:;\"><\/a><\/li>\n\n\n\n<li><a href=\"javascript:;\"><\/a><\/li>\n<\/ul>\n\n\n\n<p><a href=\"javascript:;\"><\/a><a href=\"javascript:;\"><\/a><\/p>\n\n\n\n<h3 class=\"wp-block-heading\">B\u00e9n\u00e9ficiez de la puissance de l'IA avec Microsoft 365<\/h3>\n\n\n\n<figure class=\"wp-block-image\"><img decoding=\"async\" src=\"https:\/\/cdn.cs.1worldsync.com\/syndication\/mediaserverredirect\/baf1a596d3b06b257e862c81ac1f2875\/width(1200).png\" alt=\"Famille Microsoft 365\"\/><\/figure>\n\n\n\n<figure class=\"wp-block-image\"><img decoding=\"async\" src=\"https:\/\/cdn.cs.1worldsync.com\/syndication\/mediaserverredirect\/ceea866506897cf6a29b6c3b298ae5db\/width(1200).png\" alt=\"Simplifiez votre s\u00e9curit\u00e9 en ligne\"\/><\/figure>\n\n\n\n<p><a href=\"https:\/\/cdn.cs.1worldsync.com\/syndication\/mediaserverredirect\/ceea866506897cf6a29b6c3b298ae5db\/original.png\"><\/a><\/p>\n\n\n\n<figure class=\"wp-block-image\"><img decoding=\"async\" src=\"https:\/\/cdn.cs.1worldsync.com\/syndication\/mediaserverredirect\/88116b0801f035ef8594132326838290\/maxsize(400x500).png\" alt=\"Prot\u00e9gez votre vie num\u00e9rique\"\/><\/figure>\n\n\n\n<p><a href=\"https:\/\/cdn.cs.1worldsync.com\/syndication\/mediaserverredirect\/88116b0801f035ef8594132326838290\/original.png\"><\/a><\/p>\n\n\n\n<figure class=\"wp-block-image\"><img decoding=\"async\" src=\"https:\/\/cdn.cs.1worldsync.com\/syndication\/mediaserverredirect\/f6d9ea7d627eb5c532a0c0ea260c30d1\/maxsize(400x500).png\" alt=\"Envoyer des courriels en toute simplicit\u00e9\"\/><\/figure>\n\n\n\n<p><a href=\"https:\/\/cdn.cs.1worldsync.com\/syndication\/mediaserverredirect\/f6d9ea7d627eb5c532a0c0ea260c30d1\/original.png\"><\/a><\/p>\n\n\n\n<figure class=\"wp-block-image\"><img decoding=\"async\" src=\"https:\/\/cdn.cs.1worldsync.com\/syndication\/mediaserverredirect\/7cbf6c5758930d92fa633f16eeb4be9e\/maxsize(400x500).png\" alt=\"\u00c9conomiser en toute confiance\"\/><\/figure>\n\n\n\n<p><a href=\"https:\/\/cdn.cs.1worldsync.com\/syndication\/mediaserverredirect\/7cbf6c5758930d92fa633f16eeb4be9e\/original.png\"><\/a><\/p>\n\n\n\n<figure class=\"wp-block-image\"><img decoding=\"async\" src=\"https:\/\/cdn.cs.1worldsync.com\/syndication\/mediaserverredirect\/3786298798f9e636bec2b1d14f59fc88\/maxsize(400x500).png\" alt=\"Protection jusqu&#039;\u00e0 5 appareils par personne \"\/><\/figure>\n\n\n\n<p><a href=\"https:\/\/cdn.cs.1worldsync.com\/syndication\/mediaserverredirect\/3786298798f9e636bec2b1d14f59fc88\/original.png\"><\/a><\/p>\n\n\n\n<h3 class=\"wp-block-heading\">Prot\u00e9gez votre vie num\u00e9rique<\/h3>\n\n\n\n<p>Prot\u00e9gez vos photos, documents, e-mails et donn\u00e9es personnelles dans Outlook.<\/p>\n\n\n\n<h3 class=\"wp-block-heading\">Envoyer des courriels en toute simplicit\u00e9<\/h3>\n\n\n\n<p>Les fonctions de s\u00e9curit\u00e9 et de gestion permettent de s\u00e9curiser et d'organiser vos courriels, vos calendriers et vos contacts.<\/p>\n\n\n\n<h3 class=\"wp-block-heading\">\u00c9conomiser en toute confiance<\/h3>\n\n\n\n<p>Sauvegardez en toute s\u00e9curit\u00e9 vos photos, vid\u00e9os et documents dans OneDrive gr\u00e2ce \u00e0 la d\u00e9tection int\u00e9gr\u00e9e des ransomwares.<\/p>\n\n\n\n<h3 class=\"wp-block-heading\">Protection jusqu'\u00e0 5 appareils par personne<\/h3>\n\n\n\n<p>Balayage continu<sup>5<\/sup>&nbsp;v\u00e9rifie la pr\u00e9sence de virus, d'applications malveillantes et de ransomwares.<\/p>\n\n\n\n<figure class=\"wp-block-image\"><img decoding=\"async\" src=\"https:\/\/cdn.cs.1worldsync.com\/syndication\/mediaserverredirect\/b2a59715b1dced1edc53234cc3621f86\/width(1200).png\" alt=\"Microsoft 365 vous accompagne dans toutes vos d\u00e9marches\"\/><\/figure>\n\n\n\n<p><a href=\"https:\/\/cdn.cs.1worldsync.com\/syndication\/mediaserverredirect\/b2a59715b1dced1edc53234cc3621f86\/original.png\"><\/a><\/p>\n\n\n\n<h3 class=\"wp-block-heading\">Des applications de productivit\u00e9 avec des fonctions int\u00e9gr\u00e9es qui proposent des recommandations pour vous aider \u00e0 concr\u00e9tiser vos id\u00e9es.<\/h3>\n\n\n\n<figure class=\"wp-block-image\"><img decoding=\"async\" src=\"https:\/\/cdn.cs.1worldsync.com\/syndication\/mediaserverredirect\/02885bb8943850cf4f25d168a814a998\/maxsize(400x500).png\" alt=\"Am\u00e9liorez votre contenu avec Microsoft 365\"\/><\/figure>\n\n\n\n<p><a href=\"https:\/\/cdn.cs.1worldsync.com\/syndication\/mediaserverredirect\/02885bb8943850cf4f25d168a814a998\/original.png\"><\/a><\/p>\n\n\n\n<figure class=\"wp-block-image\"><img decoding=\"async\" src=\"https:\/\/cdn.cs.1worldsync.com\/syndication\/mediaserverredirect\/b8b23be4e10f478087dbcdb7d2cc3c31\/maxsize(400x500).png\" alt=\"De l&#039;ordinaire \u00e0 l&#039;exceptionnel\"\/><\/figure>\n\n\n\n<p><a href=\"https:\/\/cdn.cs.1worldsync.com\/syndication\/mediaserverredirect\/b8b23be4e10f478087dbcdb7d2cc3c31\/original.png\"><\/a><\/p>\n\n\n\n<figure class=\"wp-block-image\"><img decoding=\"async\" src=\"https:\/\/cdn.cs.1worldsync.com\/syndication\/mediaserverredirect\/f8f5beb1afa286f0d627c22e9c3a4dfd\/maxsize(400x500).png\" alt=\"Exprimer ses id\u00e9es clairement et avec assurance\"\/><\/figure>\n\n\n\n<p><a href=\"https:\/\/cdn.cs.1worldsync.com\/syndication\/mediaserverredirect\/f8f5beb1afa286f0d627c22e9c3a4dfd\/original.png\"><\/a><\/p>\n\n\n\n<h3 class=\"wp-block-heading\">Am\u00e9liorez votre contenu avec<br>Microsoft 365<\/h3>\n\n\n\n<p>Choisissez parmi une vari\u00e9t\u00e9 de th\u00e8mes, de designs ou de mises en page et utilisez les outils int\u00e9gr\u00e9s pour finaliser rapidement votre projet.<\/p>\n\n\n\n<h3 class=\"wp-block-heading\">De l'ordinaire \u00e0 l'exceptionnel<\/h3>\n\n\n\n<p>Des suggestions intelligentes de formatage, de police et de style dans Word, Excel et PowerPoint permettent de rendre votre document presque aussi unique que vous, sans effort.<\/p>\n\n\n\n<h3 class=\"wp-block-heading\">Exprimer ses id\u00e9es clairement et avec assurance<\/h3>\n\n\n\n<p>Les outils int\u00e9gr\u00e9s dans Word, PowerPoint et Clipchamp vous permettent de cr\u00e9er, d'affiner et de partager vos id\u00e9es sous forme de mots, de diaporamas et de vid\u00e9os.<\/p>\n\n\n\n<h3 class=\"wp-block-heading\">Un abonnement Microsoft 365 Famille permet de b\u00e9n\u00e9ficier de fonctionnalit\u00e9s premium dans ces applications et services :<\/h3>\n\n\n\n<figure class=\"wp-block-image\"><img decoding=\"async\" src=\"https:\/\/cdn.cs.1worldsync.com\/syndication\/mediaserverredirect\/352cfa323dad248af35010013b3d36f2\/width(1200).jpg\" alt=\"L&#039;abonnement Microsoft 365 Famille d\u00e9bloque des fonctionnalit\u00e9s premium dans les applications et services suivants\"\/><\/figure>\n\n\n\n<p><a href=\"https:\/\/cdn.cs.1worldsync.com\/syndication\/mediaserverredirect\/352cfa323dad248af35010013b3d36f2\/original.jpg\"><\/a><\/p>","protected":false},"excerpt":{"rendered":"<p>Explore even more benefits of Microsoft 365\u202f Simplify your online security Keep you and your family safer online with continuous monitoring for threats, real-time alerts, tips, and expert guidance from Microsoft Defender. Powerful productivity apps with AI Use Word, Excel, and PowerPoint to collaborate in real time or work offline, now with Microsoft Copilot.Footnote1 Trusted [&hellip;]<\/p>","protected":false},"featured_media":51916,"template":"","meta":{"inline_featured_image":false},"product_brand":[],"product_cat":[17],"product_tag":[],"class_list":{"0":"post-51918","1":"product","2":"type-product","3":"status-publish","4":"has-post-thumbnail","6":"product_cat-microsoft-office","8":"first","9":"instock","10":"taxable","11":"shipping-taxable","12":"purchasable","13":"product-type-simple"},"_links":{"self":[{"href":"https:\/\/licencegrid.com\/fr\/wp-json\/wp\/v2\/product\/51918","targetHints":{"allow":["GET"]}}],"collection":[{"href":"https:\/\/licencegrid.com\/fr\/wp-json\/wp\/v2\/product"}],"about":[{"href":"https:\/\/licencegrid.com\/fr\/wp-json\/wp\/v2\/types\/product"}],"wp:featuredmedia":[{"embeddable":true,"href":"https:\/\/licencegrid.com\/fr\/wp-json\/wp\/v2\/media\/51916"}],"wp:attachment":[{"href":"https:\/\/licencegrid.com\/fr\/wp-json\/wp\/v2\/media?parent=51918"}],"wp:term":[{"taxonomy":"product_brand","embeddable":true,"href":"https:\/\/licencegrid.com\/fr\/wp-json\/wp\/v2\/product_brand?post=51918"},{"taxonomy":"product_cat","embeddable":true,"href":"https:\/\/licencegrid.com\/fr\/wp-json\/wp\/v2\/product_cat?post=51918"},{"taxonomy":"product_tag","embeddable":true,"href":"https:\/\/licencegrid.com\/fr\/wp-json\/wp\/v2\/product_tag?post=51918"}],"curies":[{"name":"wp","href":"https:\/\/api.w.org\/{rel}","templated":true}]}}