{"id":51919,"date":"2025-05-20T00:21:32","date_gmt":"2025-05-20T00:21:32","guid":{"rendered":"https:\/\/licencegrid.com\/?post_type=product&#038;p=51919"},"modified":"2025-05-20T00:24:04","modified_gmt":"2025-05-20T00:24:04","slug":"canva-pro-toolkit-1-3-year-plans-linked-to-your-personal-email-unlimited-ai-credits-premium-templates","status":"publish","type":"product","link":"https:\/\/licencegrid.com\/fr\/produit\/canva-pro-toolkit-1-3-year-plans-linked-to-your-personal-email-unlimited-ai-credits-premium-templates\/","title":{"rendered":"Canva Pro Toolkit - 1 &amp; 3 Year Plans | Linked to Your Personal Email | Unlimited AI credits &amp; Premium Templates"},"content":{"rendered":"<h3 class=\"wp-block-heading\">\u2705 Ce qui est inclus dans Canva Pro :<\/h3>\n\n\n\n<ul class=\"wp-block-list\">\n<li>Un \u00e9diteur facile \u00e0 utiliser par glisser-d\u00e9poser<\/li>\n\n\n\n<li>Plus de 2 millions de mod\u00e8les con\u00e7us par des professionnels<\/li>\n\n\n\n<li>Plus de 1000 types de design (par exemple, posts sociaux, documents, pr\u00e9sentations, etc.)<\/li>\n\n\n\n<li>Plus de 4,5 millions de photos d'archives et de graphiques<\/li>\n\n\n\n<li>Conception, image et g\u00e9n\u00e9ration de texte assist\u00e9es par l'IA<\/li>\n\n\n\n<li>Outils et exp\u00e9riences de conception interactive avec l'IA<\/li>\n\n\n\n<li>Combiner plusieurs formats dans une m\u00eame conception<\/li>\n\n\n\n<li>Options de conception, d'impression et de livraison<\/li>\n\n\n\n<li><strong>Acc\u00e8s illimit\u00e9 aux mod\u00e8les premium<\/strong><\/li>\n\n\n\n<li>Plus de 140 millions de photos, vid\u00e9os, graphiques et sons de qualit\u00e9 sup\u00e9rieure<\/li>\n\n\n\n<li>1000 kits de marque pour g\u00e9rer votre marque<\/li>\n\n\n\n<li>Redimensionner et traduire les dessins instantan\u00e9ment<\/li>\n\n\n\n<li>Suppression de l'arri\u00e8re-plan en un clic<\/li>\n\n\n\n<li>Redimensionnement, conversion et suppression de l'arri\u00e8re-plan par lots<\/li>\n\n\n\n<li>Augmentez votre productivit\u00e9 gr\u00e2ce \u00e0 plus de 25 outils d'intelligence artificielle<\/li>\n\n\n\n<li>Programmer et planifier le contenu des m\u00e9dias sociaux<\/li>\n\n\n\n<li><strong>1 To de stockage dans le nuage<\/strong> (niveau Canva Pro)<\/li>\n<\/ul>\n\n\n\n<p>Ce que vous recevrez <\/p>\n\n\n\n<p>1. Vous recevrez l'invitation directement \u00e0 votre adresse \u00e9lectronique personnelle. <\/p>\n\n\n\n<p>2. B\u00e9n\u00e9ficiez d'un acc\u00e8s complet aux fonctions et outils de Canva Pro !<\/p>\n\n\n\n<p><\/p>\n\n\n\n<p>\u2705 Note importante :\u00a0 <\/p>\n\n\n\n<p><\/p>\n\n\n\n<p>Pour vous offrir ce prix incroyable et abordable, votre compte Canva Pro fera partie d'un plan de groupe. <\/p>\n\n\n\n<p>\ud83d\udd12 Vos cr\u00e9ations restent totalement priv\u00e9es et ne peuvent \u00eatre vues par personne d'autre. Vous disposez d'un contr\u00f4le total par le biais des param\u00e8tres de votre compte. <\/p>\n\n\n\n<p>\ud83d\udc49 Si vous pr\u00e9f\u00e9rez un abonnement enti\u00e8rement individuel, vous pouvez l'acheter directement sur Canva.com.<\/p>","protected":false},"excerpt":{"rendered":"<p>\u2705 What\u2019s Included with Canva Pro: \u2705 What You Will Receive 1. You will receive the invitation directly to your personal email address. 2. Enjoy full access to Canva Pro features and tools! \u2705 Important note :\u00a0 To offer you this amazing, affordable price, your Canva Pro account will be part of a group plan. [&hellip;]<\/p>","protected":false},"featured_media":51922,"template":"","meta":{"inline_featured_image":false},"product_brand":[],"product_cat":[],"product_tag":[],"class_list":{"0":"post-51919","1":"product","2":"type-product","3":"status-publish","4":"has-post-thumbnail","7":"first","8":"instock","9":"taxable","10":"shipping-taxable","11":"purchasable","12":"product-type-variable"},"_links":{"self":[{"href":"https:\/\/licencegrid.com\/fr\/wp-json\/wp\/v2\/product\/51919","targetHints":{"allow":["GET"]}}],"collection":[{"href":"https:\/\/licencegrid.com\/fr\/wp-json\/wp\/v2\/product"}],"about":[{"href":"https:\/\/licencegrid.com\/fr\/wp-json\/wp\/v2\/types\/product"}],"wp:featuredmedia":[{"embeddable":true,"href":"https:\/\/licencegrid.com\/fr\/wp-json\/wp\/v2\/media\/51922"}],"wp:attachment":[{"href":"https:\/\/licencegrid.com\/fr\/wp-json\/wp\/v2\/media?parent=51919"}],"wp:term":[{"taxonomy":"product_brand","embeddable":true,"href":"https:\/\/licencegrid.com\/fr\/wp-json\/wp\/v2\/product_brand?post=51919"},{"taxonomy":"product_cat","embeddable":true,"href":"https:\/\/licencegrid.com\/fr\/wp-json\/wp\/v2\/product_cat?post=51919"},{"taxonomy":"product_tag","embeddable":true,"href":"https:\/\/licencegrid.com\/fr\/wp-json\/wp\/v2\/product_tag?post=51919"}],"curies":[{"name":"wp","href":"https:\/\/api.w.org\/{rel}","templated":true}]}}