{"id":54,"date":"2022-02-26T09:21:36","date_gmt":"2022-02-26T09:21:36","guid":{"rendered":"https:\/\/licencegrid.com\/?post_type=product&#038;p=54"},"modified":"2025-05-07T13:00:12","modified_gmt":"2025-05-07T13:00:12","slug":"microsoft-visio-2024-professional","status":"publish","type":"product","link":"https:\/\/licencegrid.com\/fr\/produit\/microsoft-visio-2024-professional\/","title":{"rendered":"Microsoft Visio Professional 2024"},"content":{"rendered":"<p><\/p>\n\n\n<h3 style=\"text-align: center;\">Microsoft Visio Professional 2024<\/h3>\n<h3><b>Microsoft Visio 2024 - Comparaison des licences<\/b><\/h3>\n<table>\n<tbody>\n<tr>\n<td>\n<p><b>\u00c9dition<\/b><\/p>\n<\/td>\n<td>\n<p><b>Li\u00e9 au compte Microsoft ?<\/b><\/p>\n<\/td>\n<td>\n<p><b>Transf\u00e9rable sur un autre PC ?<\/b><\/p>\n<\/td>\n<td>\n<p><b>Validit\u00e9 \/ Abonnement<\/b><\/p>\n<\/td>\n<td>\n<p><b>Peut \u00eatre \u00e9chang\u00e9 sur\u00a0<\/b><\/p>\n<p><a href=\"https:\/\/setup.office.com\/redeem\/enter-key\"><b>setup.office.com<\/b><\/a><\/p>\n<\/td>\n<\/tr>\n<tr>\n<td>\n<p><span style=\"font-weight: 400;\">Microsoft Project \/ Visro 2024 Retail\u00a0<\/span><\/p>\n<\/td>\n<td>\n<p><span style=\"font-weight: 400;\"> Oui<\/span><\/p>\n<\/td>\n<td>\n<p><span style=\"font-weight: 400;\"> Oui<\/span><\/p>\n<\/td>\n<td>\n<p><span style=\"font-weight: 400;\">Unique \/ \u00e0 vie<\/span><\/p>\n<\/td>\n<td>\n<p><span style=\"font-weight: 400;\"> Oui<\/span><\/p>\n<\/td>\n<\/tr>\n<tr>\n<td>\n<p><span style=\"font-weight: 400;\">Microsoft Project \/ Visro 2024 LTSC<\/span><\/p>\n<\/td>\n<td>\n<p><span style=\"font-weight: 400;\"> Non<\/span><\/p>\n<\/td>\n<td>\n<p><span style=\"font-weight: 400;\"> Non<\/span><\/p>\n<\/td>\n<td>\n<p><span style=\"font-weight: 400;\">Unique \/ \u00e0 vie<\/span><\/p>\n<\/td>\n<td>\n<p><span style=\"font-weight: 400;\"> Non<\/span><\/p>\n<p><span style=\"font-weight: 400;\">Il ne peut \u00eatre rembours\u00e9 qu'\u00e0 partir du logiciel.<\/span><\/p>\n<\/td>\n<\/tr>\n<\/tbody>\n<\/table>\n<p>\u00a0<\/p>\n<h3><b>\ud83d\udcdd Visio 2024 Professional - Fonctionnalit\u00e9s<\/b><\/h3>\n<table>\n<tbody>\n<tr>\n<td>\n<p><b>Fonctionnalit\u00e9<\/b><\/p>\n<\/td>\n<td>\n<p><b>Visio Professional 2024<\/b><\/p>\n<\/td>\n<\/tr>\n<tr>\n<td>\n<p><b>Type de licence<\/b><\/p>\n<\/td>\n<td>\n<p><b>Achat unique pour 1 PC<\/b><\/p>\n<\/td>\n<\/tr>\n<tr>\n<td>\n<p><b>Type de diagramme<\/b><\/p>\n<\/td>\n<td>\n<p><b>Sur place<\/b><\/p>\n<\/td>\n<\/tr>\n<tr>\n<td>\n<p><b>Mod\u00e8les, formes, ic\u00f4nes, infographies<\/b><\/p>\n<\/td>\n<td>\n<p><b>\u2705 Toutes les caract\u00e9ristiques standard incluses + plus<\/b><\/p>\n<\/td>\n<\/tr>\n<tr>\n<td>\n<p><b>Dessin tactile (saisie au stylo\/au doigt)<\/b><\/p>\n<\/td>\n<td>\n<p><b>\u2705 Oui<\/b><\/p>\n<\/td>\n<\/tr>\n<tr>\n<td>\n<p><b>Fonctions de collaboration avanc\u00e9es<\/b><\/p>\n<\/td>\n<td>\n<p><b>\u2705 Inclus<\/b><\/p>\n<\/td>\n<\/tr>\n<tr>\n<td>\n<p><b>Mod\u00e8les et formes suppl\u00e9mentaires<\/b><\/p>\n<\/td>\n<td>\n<p><b>\u2705 Oui<\/b><\/p>\n<\/td>\n<\/tr>\n<tr>\n<td>\n<p><b>Prise en charge des normes industrielles (BPMN 2.0, IEEE, UML 2.5)<\/b><\/p>\n<\/td>\n<td>\n<p><b>\u2705 Oui<\/b><\/p>\n<\/td>\n<\/tr>\n<tr>\n<td>\n<p><b>Prise en charge des diagrammes Azure et Kubernetes<\/b><\/p>\n<\/td>\n<td>\n<p><b>\u2705 Oui<\/b><\/p>\n<\/td>\n<\/tr>\n<tr>\n<td>\n<p><b>Liaison de donn\u00e9es en direct (sources internes\/externes)<\/b><\/p>\n<\/td>\n<td>\n<p><b>\u2705 Oui<\/b><\/p>\n<\/td>\n<\/tr>\n<\/tbody>\n<\/table>\n<p><b>Pour plus de d\u00e9tails, vous pouvez vous r\u00e9f\u00e9rer \u00e0 Microsoft <\/b><a href=\"https:\/\/www.microsoft.com\/en-us\/microsoft-365\/visio\/microsoft-visio-plans-and-pricing-compare-visio-options#x7bc32f6fafbc4d64a17cc86500f4b0f4\"><b>directive officielle<\/b><\/a><\/p>\n<h4><b>\u26a0\ufe0f Important :<\/b><\/h4>\n<ul>\n<li aria-level=\"1\"><b>Il s'agit d'un produit num\u00e9rique - aucun article physique ne sera exp\u00e9di\u00e9.<\/b><\/li>\n<\/ul>\n\n\n<p><\/p>","protected":false},"excerpt":{"rendered":"<h3><b>\u2705What's Included :<\/b><\/h3>\n<ul>\n<li aria-level=\"1\"><b>Envoi instantan\u00e9 de la licence par courrier \u00e9lectronique<\/b><\/li>\n<\/ul>\n<ul>\n<li aria-level=\"1\"><b>Instructions d'activation \u00e9tape par \u00e9tape<\/b><\/li>\n<\/ul>\n<ul>\n<li aria-level=\"1\"><b>24 heures d'assistance amicale \u00e0 la client\u00e8le en cas de besoin<\/b><\/li>\n<\/ul>\n<ul>\n<li aria-level=\"1\"><b>Pas d'abonnement - Paiement unique<\/b><\/li>\n<\/ul>\n<p>&nbsp;<\/p>","protected":false},"featured_media":51863,"template":"","meta":{"inline_featured_image":false},"product_brand":[],"product_cat":[17],"product_tag":[],"class_list":{"0":"post-54","1":"product","2":"type-product","3":"status-publish","4":"has-post-thumbnail","6":"product_cat-microsoft-office","8":"first","9":"instock","10":"taxable","11":"shipping-taxable","12":"purchasable","13":"product-type-variable"},"_links":{"self":[{"href":"https:\/\/licencegrid.com\/fr\/wp-json\/wp\/v2\/product\/54","targetHints":{"allow":["GET"]}}],"collection":[{"href":"https:\/\/licencegrid.com\/fr\/wp-json\/wp\/v2\/product"}],"about":[{"href":"https:\/\/licencegrid.com\/fr\/wp-json\/wp\/v2\/types\/product"}],"wp:featuredmedia":[{"embeddable":true,"href":"https:\/\/licencegrid.com\/fr\/wp-json\/wp\/v2\/media\/51863"}],"wp:attachment":[{"href":"https:\/\/licencegrid.com\/fr\/wp-json\/wp\/v2\/media?parent=54"}],"wp:term":[{"taxonomy":"product_brand","embeddable":true,"href":"https:\/\/licencegrid.com\/fr\/wp-json\/wp\/v2\/product_brand?post=54"},{"taxonomy":"product_cat","embeddable":true,"href":"https:\/\/licencegrid.com\/fr\/wp-json\/wp\/v2\/product_cat?post=54"},{"taxonomy":"product_tag","embeddable":true,"href":"https:\/\/licencegrid.com\/fr\/wp-json\/wp\/v2\/product_tag?post=54"}],"curies":[{"name":"wp","href":"https:\/\/api.w.org\/{rel}","templated":true}]}}