{"id":56,"date":"2022-02-26T09:21:36","date_gmt":"2022-02-26T09:21:36","guid":{"rendered":"https:\/\/licencegrid.com\/?post_type=product&#038;p=56"},"modified":"2023-10-26T12:43:38","modified_gmt":"2023-10-26T12:43:38","slug":"microsoft-server-2012-r2-datacenter","status":"publish","type":"product","link":"https:\/\/licencegrid.com\/fr\/produit\/microsoft-server-2012-r2-datacenter\/","title":{"rendered":"Microsoft Server 2012 R2 Datacenter"},"content":{"rendered":"<h3 style=\"text-align: center;\">Optimisez votre centre de donn\u00e9es avec Windows Server 2012 R2 Datacenter<\/h3>\n<p>Dans le domaine des centres de donn\u00e9es, Windows Server 2012 R2 Datacenter est un syst\u00e8me de gestion des ressources de premier ordre qui a \u00e9t\u00e9 con\u00e7u pour r\u00e9pondre aux besoins les plus urgents des entreprises modernes. Avec des performances, une s\u00e9curit\u00e9 et des avantages in\u00e9gal\u00e9s, Windows Server 2012 R2 Datacenter est la solution id\u00e9ale pour les centres de donn\u00e9es et les entreprises.<\/p>\n<p><strong>Les prix les plus bas :<\/strong><\/p>\n<ul>\n<li><strong>Onge\u00ebvenaarde Schaalbaarheid :<\/strong> Am\u00e9liorez ou supprimez votre infrastructure informatique gr\u00e2ce \u00e0 des m\u00e9thodes souples et flexibles.<\/li>\n<li><strong>Virtualisation :<\/strong> Utilisez Hyper-V pour faire fonctionner des machines plus puissantes et optimiser vos ressources.<\/li>\n<li><strong>Krachtige Opslagopties :<\/strong> Vous pouvez am\u00e9liorer vos performances avec des fonctions avanc\u00e9es telles que Storage Spaces et iSCSI Target Server.<\/li>\n<li><strong>La sant\u00e9 au sens large :<\/strong> Am\u00e9liorez la gestion de votre centre de donn\u00e9es \u00e0 l'aide d'outils et d'options d'automatisation appropri\u00e9s.<\/li>\n<\/ul>\n<p><strong>Voordelen :<\/strong> Vous pouvez utiliser Windows Server 2012 R2 Datacenter :<\/p>\n<ul>\n<li>Un temps de fonctionnement maximal et une meilleure efficacit\u00e9 sont r\u00e9alis\u00e9s pour vos besoins professionnels en langues \u00e9trang\u00e8res.<\/li>\n<li>Les \u00e9conomies sont r\u00e9alis\u00e9es gr\u00e2ce \u00e0 la virtualisation et \u00e0 la g\u00e9omatique.<\/li>\n<li>Nos centres de donn\u00e9es sont en mesure de r\u00e9pondre aux besoins de nos clients en mati\u00e8re de s\u00e9curit\u00e9.<\/li>\n<\/ul>\n<p><strong>Systeemvereisten :<\/strong> Pour pr\u00e9parer Windows Server 2012 R2 Datacenter, vous avez besoin des informations suivantes :<\/p>\n<ul>\n<li><strong>Processeur :<\/strong> Processeur 64 bits 1,4 GHz de sneller.<\/li>\n<li><strong>Geheugen :<\/strong> 512 Mo de RAM au minimum.<\/li>\n<li><strong>Opslag :<\/strong> 32 Go de m\u00e9moire ou plus.<\/li>\n<li><strong>Carte graphique :<\/strong> Super VGA (800\u00d7600) de haute r\u00e9solution.<\/li>\n<li><strong>Reliure Internet :<\/strong> Pour les fonctions de base, il est n\u00e9cessaire de disposer d'un acc\u00e8s Internet.<\/li>\n<\/ul>\n<p><strong>Sc\u00e9narios d'utilisation :<\/strong> Si vous disposez d'un centre de donn\u00e9es, d'un service de clouds ou d'un syst\u00e8me de gestion des ressources humaines, Windows Server 2012 R2 Datacenter vous offre les avantages et la s\u00e9curit\u00e9 dont vous avez besoin.<\/p>\n<p><strong>Installation et configuration :<\/strong> Windows Server 2012 R2 Datacenter est facile \u00e0 installer et \u00e0 configurer, avec une documentation et une assistance compl\u00e8tes.<\/p>\n<p><strong>Ondersteuning et Updates :<\/strong> B\u00e9n\u00e9ficiez d'une assistance technique de pointe et de mises \u00e0 jour r\u00e9guli\u00e8res pour que votre centre de donn\u00e9es fonctionne de mani\u00e8re optimale.<\/p>\n<p><strong>Conclusion :<\/strong> Windows Server 2012 R2 Datacenter est la solution pour un centre de donn\u00e9es optimis\u00e9 et efficace. D\u00e9couvrez comment votre centre de donn\u00e9es est g\u00e9r\u00e9 avec ce syst\u00e8me de gestion de la performance \u00e0 grande \u00e9chelle.<\/p>","protected":false},"excerpt":{"rendered":"<p>Dans le domaine des centres de donn\u00e9es, Windows Server 2012 R2 Datacenter est un syst\u00e8me de gestion des ressources de premier ordre qui a \u00e9t\u00e9 con\u00e7u pour r\u00e9pondre aux besoins les plus urgents des entreprises modernes. Avec des performances, une s\u00e9curit\u00e9 et des avantages in\u00e9gal\u00e9s, Windows Server 2012 R2 Datacenter est la solution id\u00e9ale pour les centres de donn\u00e9es et les entreprises.<\/p>\n<h5><img decoding=\"async\" class=\"wp-image-38007 alignnone\" src=\"https:\/\/licencegrid.com\/wp-content\/uploads\/2022\/02\/blue-mark.png\" alt=\"\" width=\"25\" height=\"25\" srcset=\"https:\/\/licencegrid.com\/wp-content\/uploads\/2022\/02\/blue-mark.png 225w, https:\/\/licencegrid.com\/wp-content\/uploads\/2022\/02\/blue-mark-150x150.png 150w\" sizes=\"(max-width: 25px) 100vw, 25px\" \/>\u00a0<strong>Un logiciel simple et efficace !<br \/>\n<\/strong><img decoding=\"async\" class=\"wp-image-38007 alignnone\" src=\"https:\/\/licencegrid.com\/wp-content\/uploads\/2022\/02\/blue-mark.png\" alt=\"\" width=\"25\" height=\"25\" srcset=\"https:\/\/licencegrid.com\/wp-content\/uploads\/2022\/02\/blue-mark.png 225w, https:\/\/licencegrid.com\/wp-content\/uploads\/2022\/02\/blue-mark-150x150.png 150w\" sizes=\"(max-width: 25px) 100vw, 25px\" \/>\u00a0<strong>En deux temps trois mouvements, num\u00e9ris\u00e9 !<br \/>\n<\/strong><img decoding=\"async\" class=\"wp-image-38007 alignnone\" src=\"https:\/\/licencegrid.com\/wp-content\/uploads\/2022\/02\/blue-mark.png\" alt=\"\" width=\"25\" height=\"25\" srcset=\"https:\/\/licencegrid.com\/wp-content\/uploads\/2022\/02\/blue-mark.png 225w, https:\/\/licencegrid.com\/wp-content\/uploads\/2022\/02\/blue-mark-150x150.png 150w\" sizes=\"(max-width: 25px) 100vw, 25px\" \/>\u00a0<strong>Niet goed = Geld terug !<br \/>\n<\/strong><img decoding=\"async\" class=\"wp-image-38007 alignnone\" src=\"https:\/\/licencegrid.com\/wp-content\/uploads\/2022\/02\/blue-mark.png\" alt=\"\" width=\"25\" height=\"25\" srcset=\"https:\/\/licencegrid.com\/wp-content\/uploads\/2022\/02\/blue-mark.png 225w, https:\/\/licencegrid.com\/wp-content\/uploads\/2022\/02\/blue-mark-150x150.png 150w\" sizes=\"(max-width: 25px) 100vw, 25px\" \/> Le service client jusqu'\u00e0 23h00 est disponible !<br \/>\n<img decoding=\"async\" class=\"wp-image-38007 alignnone\" src=\"https:\/\/licencegrid.com\/wp-content\/uploads\/2022\/02\/blue-mark.png\" alt=\"\" width=\"25\" height=\"25\" srcset=\"https:\/\/licencegrid.com\/wp-content\/uploads\/2022\/02\/blue-mark.png 225w, https:\/\/licencegrid.com\/wp-content\/uploads\/2022\/02\/blue-mark-150x150.png 150w\" sizes=\"(max-width: 25px) 100vw, 25px\" \/> Ouvrez une boutique en ligne aux Pays-Bas avec un mot de passe de boutique en ligne !<\/h5>\n<h3><\/h3>","protected":false},"featured_media":100,"template":"","meta":{"inline_featured_image":false},"product_brand":[],"product_cat":[20],"product_tag":[],"class_list":{"0":"post-56","1":"product","2":"type-product","3":"status-publish","4":"has-post-thumbnail","6":"product_cat-server","8":"first","9":"instock","10":"sale","11":"taxable","12":"shipping-taxable","13":"purchasable","14":"product-type-simple"},"_links":{"self":[{"href":"https:\/\/licencegrid.com\/fr\/wp-json\/wp\/v2\/product\/56","targetHints":{"allow":["GET"]}}],"collection":[{"href":"https:\/\/licencegrid.com\/fr\/wp-json\/wp\/v2\/product"}],"about":[{"href":"https:\/\/licencegrid.com\/fr\/wp-json\/wp\/v2\/types\/product"}],"wp:featuredmedia":[{"embeddable":true,"href":"https:\/\/licencegrid.com\/fr\/wp-json\/wp\/v2\/media\/100"}],"wp:attachment":[{"href":"https:\/\/licencegrid.com\/fr\/wp-json\/wp\/v2\/media?parent=56"}],"wp:term":[{"taxonomy":"product_brand","embeddable":true,"href":"https:\/\/licencegrid.com\/fr\/wp-json\/wp\/v2\/product_brand?post=56"},{"taxonomy":"product_cat","embeddable":true,"href":"https:\/\/licencegrid.com\/fr\/wp-json\/wp\/v2\/product_cat?post=56"},{"taxonomy":"product_tag","embeddable":true,"href":"https:\/\/licencegrid.com\/fr\/wp-json\/wp\/v2\/product_tag?post=56"}],"curies":[{"name":"wp","href":"https:\/\/api.w.org\/{rel}","templated":true}]}}