{"id":61,"date":"2022-02-26T09:21:37","date_gmt":"2022-02-26T09:21:37","guid":{"rendered":"https:\/\/licencegrid.com\/?post_type=product&#038;p=61"},"modified":"2023-10-25T16:19:03","modified_gmt":"2023-10-25T16:19:03","slug":"microsoft-server-2019-standard-16-core","status":"publish","type":"product","link":"https:\/\/licencegrid.com\/fr\/produit\/microsoft-server-2019-standard-16-core\/","title":{"rendered":"Microsoft Server 2019 Standard - 16 Core"},"content":{"rendered":"<h3 style=\"text-align: center;\">Des r\u00e9seaux efficaces avec Microsoft Windows Server 2019 Standard<\/h3>\n<p>Entrez dans le monde des r\u00e9seaux efficaces avec Microsoft Windows Server 2019 Standard, un syst\u00e8me de gestion des ressources de premier ordre qui a \u00e9t\u00e9 con\u00e7u pour r\u00e9pondre aux besoins des entreprises et des organisations modernes. Gr\u00e2ce \u00e0 ses fonctionnalit\u00e9s avanc\u00e9es en mati\u00e8re de r\u00e9seau, \u00e0 sa facilit\u00e9 d'utilisation et \u00e0 ses avantages comp\u00e9titifs, Windows Server 2019 Standard est la solution id\u00e9ale pour les petites et moyennes entreprises.<\/p>\n<p><strong>Les prix les plus bas :<\/strong><\/p>\n<ul>\n<li><strong>Active Directory :<\/strong> Les entreprises et les groupes d'entreprises sont tr\u00e8s nombreux et la mise en \u0153uvre des services Active Directory est am\u00e9lior\u00e9e.<\/li>\n<li><strong>Bestands- en Opslagbeheer :<\/strong> B\u00e9n\u00e9ficiez d'avantages consid\u00e9rables gr\u00e2ce \u00e0 des fonctions telles que Storage Spaces et Bestandsrechten.<\/li>\n<li><strong>La mise en r\u00e9seau :<\/strong> Assure la protection de votre r\u00e9seau \u00e0 l'aide de fonctions telles que le pare-feu Windows et la protection de l'acc\u00e8s au r\u00e9seau (NAP).<\/li>\n<li><strong>Services de bureau \u00e0 distance :<\/strong> Nous avons mis en place des applications et des formulaires externes pour nos travailleurs et nos clients.<\/li>\n<\/ul>\n<p><strong>Voordelen :<\/strong> Avec Microsoft Windows Server 2019 Standard, vous n'avez pas \u00e0 vous inqui\u00e9ter :<\/p>\n<ul>\n<li>Votre r\u00e9seau d'entreprises peut \u00eatre entretenu et entretenu de mani\u00e8re efficace gr\u00e2ce \u00e0 des fonctions de gestion performantes.<\/li>\n<li>Des \u00e9changes efficaces et des d\u00e9cisions prises au sein de votre organisation.<\/li>\n<li>Les co\u00fbts sont r\u00e9duits en raison de la virtualisation et de l'augmentation des d\u00e9penses.<\/li>\n<\/ul>\n<p><strong>Systeemvereisten :<\/strong> Pour Microsoft Windows Server 2019 Standard, vous avez besoin de l'information suivante :<\/p>\n<ul>\n<li><strong>Processeur :<\/strong> Processeur 64 bits 1,4 GHz de sneller.<\/li>\n<li><strong>Geheugen :<\/strong> 512 Mo de RAM au minimum.<\/li>\n<li><strong>Opslag :<\/strong> 32 Go de m\u00e9moire ou plus.<\/li>\n<li><strong>Carte graphique :<\/strong> Super VGA (800\u00d7600) de haute r\u00e9solution.<\/li>\n<li><strong>Reliure Internet :<\/strong> Pour les fonctions de base, il est n\u00e9cessaire de disposer d'un acc\u00e8s Internet.<\/li>\n<\/ul>\n<p><strong>Sc\u00e9narios d'utilisation :<\/strong> Si vous disposez d'un r\u00e9seau d'entreprises peu ou moyennement \u00e9tendu, Microsoft Windows Server 2019 Standard vous offre la souplesse et la flexibilit\u00e9 dont vous avez besoin.<\/p>\n<p><strong>Installation et configuration :<\/strong> Microsoft Windows Server 2019 Standard est facile \u00e0 installer et \u00e0 configurer, avec une documentation compl\u00e8te et une assistance en ligne.<\/p>\n<p><strong>Ondersteuning et Updates :<\/strong> B\u00e9n\u00e9ficiez d'une assistance technique de pointe et de mises \u00e0 jour r\u00e9guli\u00e8res pour que votre r\u00e9seau d'entreprise soit fiable et s\u00fbr.<\/p>\n<p><strong>Conclusion :<\/strong> Microsoft Windows Server 2019 Standard est votre partenaire pour un r\u00e9seau efficace et performant. Faites passer votre entreprise \u00e0 un niveau sup\u00e9rieur gr\u00e2ce \u00e0 cette offre de qualit\u00e9.<\/p>","protected":false},"excerpt":{"rendered":"<p>Entrez dans le monde des r\u00e9seaux efficaces avec Microsoft Windows Server 2019 Standard, un syst\u00e8me de gestion des ressources de premier ordre qui a \u00e9t\u00e9 con\u00e7u pour r\u00e9pondre aux besoins des entreprises et des organisations modernes. Gr\u00e2ce \u00e0 ses fonctionnalit\u00e9s avanc\u00e9es en mati\u00e8re de r\u00e9seau, \u00e0 sa facilit\u00e9 d'utilisation et \u00e0 ses avantages comp\u00e9titifs, Windows Server 2019 Standard est la solution id\u00e9ale pour les petites et moyennes entreprises.<\/p>\n<h5><img decoding=\"async\" class=\"wp-image-38007 alignnone\" src=\"https:\/\/licencegrid.com\/wp-content\/uploads\/2022\/02\/blue-mark.png\" alt=\"\" width=\"25\" height=\"25\" srcset=\"https:\/\/licencegrid.com\/wp-content\/uploads\/2022\/02\/blue-mark.png 225w, https:\/\/licencegrid.com\/wp-content\/uploads\/2022\/02\/blue-mark-150x150.png 150w\" sizes=\"(max-width: 25px) 100vw, 25px\" \/>\u00a0<strong>Un logiciel simple et efficace !<br \/>\n<\/strong><img decoding=\"async\" class=\"wp-image-38007 alignnone\" src=\"https:\/\/licencegrid.com\/wp-content\/uploads\/2022\/02\/blue-mark.png\" alt=\"\" width=\"25\" height=\"25\" srcset=\"https:\/\/licencegrid.com\/wp-content\/uploads\/2022\/02\/blue-mark.png 225w, https:\/\/licencegrid.com\/wp-content\/uploads\/2022\/02\/blue-mark-150x150.png 150w\" sizes=\"(max-width: 25px) 100vw, 25px\" \/>\u00a0<strong>En deux temps trois mouvements, num\u00e9ris\u00e9 !<br \/>\n<\/strong><img decoding=\"async\" class=\"wp-image-38007 alignnone\" src=\"https:\/\/licencegrid.com\/wp-content\/uploads\/2022\/02\/blue-mark.png\" alt=\"\" width=\"25\" height=\"25\" srcset=\"https:\/\/licencegrid.com\/wp-content\/uploads\/2022\/02\/blue-mark.png 225w, https:\/\/licencegrid.com\/wp-content\/uploads\/2022\/02\/blue-mark-150x150.png 150w\" sizes=\"(max-width: 25px) 100vw, 25px\" \/>\u00a0<strong>Niet goed = Geld terug !<br \/>\n<\/strong><img decoding=\"async\" class=\"wp-image-38007 alignnone\" src=\"https:\/\/licencegrid.com\/wp-content\/uploads\/2022\/02\/blue-mark.png\" alt=\"\" width=\"25\" height=\"25\" srcset=\"https:\/\/licencegrid.com\/wp-content\/uploads\/2022\/02\/blue-mark.png 225w, https:\/\/licencegrid.com\/wp-content\/uploads\/2022\/02\/blue-mark-150x150.png 150w\" sizes=\"(max-width: 25px) 100vw, 25px\" \/> Le service client jusqu'\u00e0 23h00 est disponible !<br \/>\n<img decoding=\"async\" class=\"wp-image-38007 alignnone\" src=\"https:\/\/licencegrid.com\/wp-content\/uploads\/2022\/02\/blue-mark.png\" alt=\"\" width=\"25\" height=\"25\" srcset=\"https:\/\/licencegrid.com\/wp-content\/uploads\/2022\/02\/blue-mark.png 225w, https:\/\/licencegrid.com\/wp-content\/uploads\/2022\/02\/blue-mark-150x150.png 150w\" sizes=\"(max-width: 25px) 100vw, 25px\" \/> Ouvrez une boutique en ligne aux Pays-Bas avec un mot de passe de boutique en ligne !<\/h5>\n<h3><\/h3>","protected":false},"featured_media":105,"template":"","meta":{"inline_featured_image":false},"product_brand":[],"product_cat":[20],"product_tag":[],"class_list":{"0":"post-61","1":"product","2":"type-product","3":"status-publish","4":"has-post-thumbnail","6":"product_cat-server","8":"first","9":"instock","10":"sale","11":"taxable","12":"shipping-taxable","13":"purchasable","14":"product-type-simple"},"_links":{"self":[{"href":"https:\/\/licencegrid.com\/fr\/wp-json\/wp\/v2\/product\/61","targetHints":{"allow":["GET"]}}],"collection":[{"href":"https:\/\/licencegrid.com\/fr\/wp-json\/wp\/v2\/product"}],"about":[{"href":"https:\/\/licencegrid.com\/fr\/wp-json\/wp\/v2\/types\/product"}],"wp:featuredmedia":[{"embeddable":true,"href":"https:\/\/licencegrid.com\/fr\/wp-json\/wp\/v2\/media\/105"}],"wp:attachment":[{"href":"https:\/\/licencegrid.com\/fr\/wp-json\/wp\/v2\/media?parent=61"}],"wp:term":[{"taxonomy":"product_brand","embeddable":true,"href":"https:\/\/licencegrid.com\/fr\/wp-json\/wp\/v2\/product_brand?post=61"},{"taxonomy":"product_cat","embeddable":true,"href":"https:\/\/licencegrid.com\/fr\/wp-json\/wp\/v2\/product_cat?post=61"},{"taxonomy":"product_tag","embeddable":true,"href":"https:\/\/licencegrid.com\/fr\/wp-json\/wp\/v2\/product_tag?post=61"}],"curies":[{"name":"wp","href":"https:\/\/api.w.org\/{rel}","templated":true}]}}