{"id":78,"date":"2022-02-26T09:22:02","date_gmt":"2022-02-26T09:22:02","guid":{"rendered":"https:\/\/licencegrid.com\/?post_type=product&#038;p=78"},"modified":"2023-10-26T13:12:38","modified_gmt":"2023-10-26T13:12:38","slug":"microsoft-server-2019-datacenter-2-cores","status":"publish","type":"product","link":"https:\/\/licencegrid.com\/fr\/produit\/microsoft-server-2019-datacenter-2-cores\/","title":{"rendered":"Microsoft Server 2019 Datacenter - 2 c\u0153urs"},"content":{"rendered":"<div class=\"flex-1 overflow-hidden\">\n<div class=\"react-scroll-to-bottom--css-leeyc-79elbk h-full dark:bg-gray-800\">\n<div class=\"react-scroll-to-bottom--css-leeyc-1n7m0yu\">\n<div class=\"flex flex-col text-sm gizmo:pb-9 dark:bg-gray-800\">\n<div class=\"group final-completion w-full text-token-text-primary border-b border-black\/10 gizmo:border-0 dark:border-gray-900\/50 gizmo:dark:border-0 bg-gray-50 gizmo:bg-transparent dark:bg-[#444654] gizmo:dark:bg-transparent\" data-testid=\"conversation-turn-33\">\n<div class=\"p-4 gizmo:py-2 justify-center text-base md:gap-6 md:py-6 m-auto\">\n<div class=\"flex flex-1 gap-4 text-base mx-auto md:gap-6 gizmo:gap-3 gizmo:md:px-5 gizmo:lg:px-1 gizmo:xl:px-5 md:max-w-2xl lg:max-w-[38rem] gizmo:md:max-w-3xl gizmo:lg:max-w-[40rem] gizmo:xl:max-w-[48rem] xl:max-w-3xl }\">\n<div class=\"relative flex w-[calc(100%-50px)] flex-col gizmo:w-full lg:w-[calc(100%-115px)] agent-turn\">\n<div class=\"flex-col gap-1 md:gap-3\">\n<div class=\"flex flex-grow flex-col gap-3 max-w-full\">\n<div class=\"min-h-[20px] flex flex-col items-start gap-3 whitespace-pre-wrap break-words overflow-x-auto\">\n<div class=\"markdown prose w-full break-words dark:prose-invert dark\">\n<h3 style=\"text-align: center;\">Les tarifs Datacenter les plus avantageux pour Microsoft Windows Server 2019 Datacenter - 2 Cores<\/h3>\n<p>Profitez de la croissance des centres de donn\u00e9es avec Microsoft Windows Server 2019 Datacenter, qui a \u00e9t\u00e9 con\u00e7u pour r\u00e9pondre aux besoins les plus pressants des entreprises modernes. Gr\u00e2ce \u00e0 la flexibilit\u00e9 de 2 c\u0153urs, Windows Server 2019 Datacenter est l'outil id\u00e9al pour optimiser les performances de votre centre de donn\u00e9es et faciliter les t\u00e2ches administratives.<\/p>\n<p><strong>Les prix les plus bas :<\/strong><\/p>\n<ul>\n<li><strong>La virtualisation \u00e0 grande \u00e9chelle :<\/strong> D\u00e9couvrez et d\u00e9veloppez votre entreprise de qualit\u00e9 avec Hyper-V et cr\u00e9ez une infrastructure performante.<\/li>\n<li><strong>R\u00e9seau d\u00e9fini par logiciel (SDN) :<\/strong> Des r\u00e9seaux tr\u00e8s performants et des prestations de qualit\u00e9 sup\u00e9rieure gr\u00e2ce \u00e0 la mise en r\u00e9seau d\u00e9finie par logiciel.<\/li>\n<li><strong>La sant\u00e9 au sens large :<\/strong> Am\u00e9liorez le fonctionnement de votre centre de donn\u00e9es gr\u00e2ce \u00e0 des outils et des automatismes performants.<\/li>\n<\/ul>\n<p><strong>Voordelen :<\/strong> Avec Microsoft Windows Server 2019 Datacenter - 2 Cores vous pouvez :<\/p>\n<ul>\n<li>Un temps de fonctionnement maximal et une s\u00e9curit\u00e9 accrue sont r\u00e9alis\u00e9s pour les applications informatiques des entreprises.<\/li>\n<li>Les co\u00fbts sont r\u00e9duits en raison de la virtualisation et de l'augmentation des d\u00e9penses.<\/li>\n<li>Votre centre de donn\u00e9es r\u00e9pond aux besoins importants de votre organisation.<\/li>\n<\/ul>\n<p><strong>Systeemvereisten :<\/strong> Pour pouvoir utiliser Microsoft Windows Server 2019 Datacenter - 2 Cores, vous avez besoin de l'information suivante :<\/p>\n<ul>\n<li><strong>Processeur :<\/strong> Processeur 64 bits avec au moins 2 c\u0153urs.<\/li>\n<li><strong>Geheugen :<\/strong> 512 Mo de RAM au minimum.<\/li>\n<li><strong>Opslag :<\/strong> 32 Go de m\u00e9moire ou plus.<\/li>\n<li><strong>Carte graphique :<\/strong> Super VGA (800\u00d7600) de haute r\u00e9solution.<\/li>\n<li><strong>Reliure Internet :<\/strong> Pour les fonctions de base, il est n\u00e9cessaire de disposer d'un acc\u00e8s Internet.<\/li>\n<\/ul>\n<p><strong>Sc\u00e9narios d'utilisation :<\/strong> Si vous avez besoin d'un petit ou d'un moyen centre de donn\u00e9es, ou si vous avez besoin d'une formation professionnelle, Microsoft Windows Server 2019 Datacenter avec 2 c\u0153urs vous offre les avantages et la s\u00e9curit\u00e9 dont vous avez besoin.<\/p>\n<p><strong>Installation et configuration :<\/strong> Microsoft Windows Server 2019 Datacenter - 2 Cores est facile \u00e0 installer et \u00e0 configurer, avec une documentation d\u00e9taill\u00e9e et une assistance en ligne.<\/p>\n<p><strong>Ondersteuning et Updates :<\/strong> B\u00e9n\u00e9ficiez d'une assistance technique de pointe et de mises \u00e0 jour r\u00e9guli\u00e8res pour que votre centre de donn\u00e9es fonctionne de mani\u00e8re optimale.<\/p>\n<p><strong>Conclusion :<\/strong> Microsoft Windows Server 2019 Datacenter - 2 Cores est la solution pour un centre de donn\u00e9es optimis\u00e9 et efficace. Am\u00e9liorez la performance de votre centre de donn\u00e9es avec cette solution g\u00e9ante.<\/p>\n<\/div>\n<\/div>\n<\/div>\n<\/div>\n<\/div>\n<\/div>\n<\/div>\n<\/div>\n<\/div>\n<\/div>\n<\/div>\n<\/div>","protected":false},"excerpt":{"rendered":"<p>Profitez de la croissance des centres de donn\u00e9es avec Microsoft Windows Server 2019 Datacenter, qui a \u00e9t\u00e9 con\u00e7u pour r\u00e9pondre aux besoins les plus pressants des entreprises modernes. Gr\u00e2ce \u00e0 la flexibilit\u00e9 de 2 c\u0153urs, Windows Server 2019 Datacenter est l'outil id\u00e9al pour optimiser les performances de votre centre de donn\u00e9es et faciliter les t\u00e2ches administratives.<\/p>\n<h5><img decoding=\"async\" class=\"wp-image-38007 alignnone\" src=\"https:\/\/licencegrid.com\/wp-content\/uploads\/2022\/02\/blue-mark.png\" alt=\"\" width=\"25\" height=\"25\" srcset=\"https:\/\/licencegrid.com\/wp-content\/uploads\/2022\/02\/blue-mark.png 225w, https:\/\/licencegrid.com\/wp-content\/uploads\/2022\/02\/blue-mark-150x150.png 150w\" sizes=\"(max-width: 25px) 100vw, 25px\" \/>\u00a0<strong>Un logiciel simple et efficace !<br \/>\n<\/strong><img decoding=\"async\" class=\"wp-image-38007 alignnone\" src=\"https:\/\/licencegrid.com\/wp-content\/uploads\/2022\/02\/blue-mark.png\" alt=\"\" width=\"25\" height=\"25\" srcset=\"https:\/\/licencegrid.com\/wp-content\/uploads\/2022\/02\/blue-mark.png 225w, https:\/\/licencegrid.com\/wp-content\/uploads\/2022\/02\/blue-mark-150x150.png 150w\" sizes=\"(max-width: 25px) 100vw, 25px\" \/>\u00a0<strong>En deux temps trois mouvements, num\u00e9ris\u00e9 !<br \/>\n<\/strong><img decoding=\"async\" class=\"wp-image-38007 alignnone\" src=\"https:\/\/licencegrid.com\/wp-content\/uploads\/2022\/02\/blue-mark.png\" alt=\"\" width=\"25\" height=\"25\" srcset=\"https:\/\/licencegrid.com\/wp-content\/uploads\/2022\/02\/blue-mark.png 225w, https:\/\/licencegrid.com\/wp-content\/uploads\/2022\/02\/blue-mark-150x150.png 150w\" sizes=\"(max-width: 25px) 100vw, 25px\" \/>\u00a0<strong>Niet goed = Geld terug !<br \/>\n<\/strong><img decoding=\"async\" class=\"wp-image-38007 alignnone\" src=\"https:\/\/licencegrid.com\/wp-content\/uploads\/2022\/02\/blue-mark.png\" alt=\"\" width=\"25\" height=\"25\" srcset=\"https:\/\/licencegrid.com\/wp-content\/uploads\/2022\/02\/blue-mark.png 225w, https:\/\/licencegrid.com\/wp-content\/uploads\/2022\/02\/blue-mark-150x150.png 150w\" sizes=\"(max-width: 25px) 100vw, 25px\" \/> Le service client jusqu'\u00e0 23h00 est disponible !<br \/>\n<img decoding=\"async\" class=\"wp-image-38007 alignnone\" src=\"https:\/\/licencegrid.com\/wp-content\/uploads\/2022\/02\/blue-mark.png\" alt=\"\" width=\"25\" height=\"25\" srcset=\"https:\/\/licencegrid.com\/wp-content\/uploads\/2022\/02\/blue-mark.png 225w, https:\/\/licencegrid.com\/wp-content\/uploads\/2022\/02\/blue-mark-150x150.png 150w\" sizes=\"(max-width: 25px) 100vw, 25px\" \/> Ouvrez une boutique en ligne aux Pays-Bas avec un mot de passe de boutique en ligne !<\/h5>\n<h3><\/h3>","protected":false},"featured_media":112,"template":"","meta":{"inline_featured_image":false},"product_brand":[],"product_cat":[20],"product_tag":[],"class_list":{"0":"post-78","1":"product","2":"type-product","3":"status-publish","4":"has-post-thumbnail","6":"product_cat-server","8":"first","9":"instock","10":"sale","11":"taxable","12":"shipping-taxable","13":"purchasable","14":"product-type-simple"},"_links":{"self":[{"href":"https:\/\/licencegrid.com\/fr\/wp-json\/wp\/v2\/product\/78","targetHints":{"allow":["GET"]}}],"collection":[{"href":"https:\/\/licencegrid.com\/fr\/wp-json\/wp\/v2\/product"}],"about":[{"href":"https:\/\/licencegrid.com\/fr\/wp-json\/wp\/v2\/types\/product"}],"wp:featuredmedia":[{"embeddable":true,"href":"https:\/\/licencegrid.com\/fr\/wp-json\/wp\/v2\/media\/112"}],"wp:attachment":[{"href":"https:\/\/licencegrid.com\/fr\/wp-json\/wp\/v2\/media?parent=78"}],"wp:term":[{"taxonomy":"product_brand","embeddable":true,"href":"https:\/\/licencegrid.com\/fr\/wp-json\/wp\/v2\/product_brand?post=78"},{"taxonomy":"product_cat","embeddable":true,"href":"https:\/\/licencegrid.com\/fr\/wp-json\/wp\/v2\/product_cat?post=78"},{"taxonomy":"product_tag","embeddable":true,"href":"https:\/\/licencegrid.com\/fr\/wp-json\/wp\/v2\/product_tag?post=78"}],"curies":[{"name":"wp","href":"https:\/\/api.w.org\/{rel}","templated":true}]}}