{"id":80,"date":"2023-10-10T21:00:58","date_gmt":"2023-10-10T21:00:58","guid":{"rendered":"https:\/\/licencegrid.com\/?post_type=product&#038;p=80"},"modified":"2023-10-19T22:38:45","modified_gmt":"2023-10-19T22:38:45","slug":"adobe-cs6-design-web-premium","status":"publish","type":"product","link":"https:\/\/licencegrid.com\/fr\/produit\/adobe-cs6-design-web-premium\/","title":{"rendered":"Adobe CS6 Design &amp; Web Premium"},"content":{"rendered":"<p>Adobe CS6 Design Web Premium est le meilleur outil pour les professionnels. Il permet d'obtenir des images num\u00e9riques de qualit\u00e9 sup\u00e9rieure et des supports de qualit\u00e9 sup\u00e9rieure pour la r\u00e9alisation de projets de construction ou de r\u00e9novation. Cr\u00e9ez les mises en page de pages indrukwekkende pour les travaux de construction avec des typographies originales, cr\u00e9ez des sites web HTML5\/CSS3 qui offrent une vue fantastique sur chaque \u00e9cran et cr\u00e9ez des applications pour les tablettes et les smartphones.<\/p>\n<p>Cr\u00e9er une base de donn\u00e9es num\u00e9rique ouverte<br \/>\nAdobe CS6 Design Web Premium vous permet d'en savoir plus. Cr\u00e9ez de superbes images num\u00e9riques avec le logiciel Adobe Photoshop CS6 Extended, cr\u00e9ez des images vectorielles g\u00e9antes qui s'int\u00e8grent parfaitement \u00e0 d'autres supports avec Adobe Illustrator CS6 et puisez votre inspiration dans les applications Adobe Touch pour votre iPad ou votre tablette Android\u2122.<\/p>\n<p>D\u00e9couvrez les nouveaux crit\u00e8res de s\u00e9lection pour les professionnels de l'emploi<br \/>\nTravaillez de mani\u00e8re optimale sur des supports complexes avec le nouveau moteur graphique Adobe Mercury dans Adobe Photoshop Extended et le syst\u00e8me Mercury Performance dans Adobe Illustrator. Mettre en page des publications pour l'iPad et d'autres tablettes avec Adobe InDesign et cr\u00e9er des sites web HTML5\/CSS3 avec Adobe Dreamweaver.<\/p>\n<p>Id\u00e9al pour les professionnels du web<br \/>\nR\u00e9aliser des sites web de qualit\u00e9 sur la base des nouvelles normes HTML5\/CSS3 et utiliser les fonctionnalit\u00e9s ftp les plus performantes dans Dreamweaver. Cr\u00e9er du contenu pour un grand nombre d'appareils et de plates-formes. Cr\u00e9er des images et des illustrations attrayantes avec Adobe CS6 Design Web Premium.<\/p>\n<p>Ce qu'il faut faire pour gagner de l'argent<br \/>\nUtilisez votre meilleure id\u00e9e sur les m\u00e9dias grand public avec la plus grande bo\u00eete \u00e0 outils pour un travail professionnel. Cr\u00e9ez du contenu de qualit\u00e9 pour les ordinateurs, le web, les tablettes et les smartphones \u00e0 l'aide des applications les plus courantes. Travaillez avec une grande cr\u00e9ativit\u00e9 et un contr\u00f4le sans faille.<\/p>\n<p>Traiter les images dans Illustrator<br \/>\nConvertir des images matricielles en vecteurs complexes \u00e0 l'aide d'un moteur enti\u00e8rement nouveau pour l'analyse des images. Il permet d'obtenir des r\u00e9sultats fiables, des passages sans heurts et des r\u00e9sultats optimaux avec des \u00e9l\u00e9ments de mesure complexes.<\/p>\n<p>Opslaan op de achtergrond in Photoshop Extended<br \/>\nRemplir les conditions de travail, en particulier lorsque l'ordinateur a \u00e9t\u00e9 mis en marche, est n\u00e9cessaire. Les t\u00e2ches s'ex\u00e9cutent automatiquement apr\u00e8s la fermeture de l'ordinateur. Vous pouvez aussi vous d\u00e9barrasser de ces probl\u00e8mes lorsque des outils Photoshop tr\u00e8s performants sont install\u00e9s sur l'\u00e9cran.<\/p>\n<p>Interface de gestion de la salle d'exposition dans Photoshop Extended<br \/>\nL'interface de l'appareil permet d'effectuer des op\u00e9rations de nettoyage num\u00e9rique \u00e0 la vol\u00e9e gr\u00e2ce \u00e0 des r\u00e9glages pr\u00e9cis. Modifiez et am\u00e9liorez la couleur et le motif \u00e0 l'aide de l'indicateur d'acc\u00e8s et cr\u00e9ez et r\u00e9parez de petits masques \u00e0 l'aide de l'indicateur de masquage.<\/p>\n<p>Remboursement des frais d'inscription<\/p>\n<p>Photoshop CS6 Extended<\/p>\n<p>Illustrator CS6<\/p>\n<p>InDesign CS6<\/p>\n<p>Dreamweaver CS6<\/p>\n<p>Flash\u00ae Professional CS6<\/p>\n<p>Fireworks CS6<\/p>\n<p>Acrobat X Pro<\/p>\n<p>Bridge CS6<\/p>\n<p>Media Encoder CS6<\/p>\n<p>Syst\u00e8mes<\/p>\n<p>Processeur Intel Pentium 4- ou AMD Athlon\u00ae 64<\/p>\n<p>Microsoft Windows\u00ae XP (avec Service Pack 3) ou Windows 7 (avec Service Pack 1)<\/p>\n<p>2 GB RAM (3 GB aanbevolen) voor 32 bits ; 2 GB RAM (8 GB aanbevolen) voor 64 bits<\/p>\n<p>11 Go de m\u00e9moire vive sur le disque dur pour l'installation ; lors de l'installation, une m\u00e9moire vive suppl\u00e9mentaire est n\u00e9cessaire (elle ne peut pas \u00eatre install\u00e9e sur des appareils \u00e0 disque Flash \u00e0 usage unique).<\/p>\n<p>Moniteur avec une r\u00e9solution de 1.280 x 800 (1.280 x 1.024 aanbevolen) avec des couleurs \u00e0 16 bits et 512 MB VRAM<\/p>\n<p>Pour le syst\u00e8me OpenGL 2.0 int\u00e9gr\u00e9<\/p>\n<p>Station dvd-rom compatible avec les dvd en deux langues<\/p>\n<p>Java Runtime Environment 1.6 (inbegrepen)<\/p>\n<p>QuickTime 7.6.6 am\u00e9lior\u00e9 pour l'int\u00e9gration des m\u00e9dias HTML5 et des fonctions multim\u00e9dias<\/p>\n<p>Adobe Flash Player 10 est plus performant pour l'exportation de bandes SWF<\/p>\n<p>&nbsp;<\/p>\n<p><a href=\"https:\/\/www.bol.com\/nl\/p\/adobe-design-and-web-premium-cs6-windows-english\/9200000055886525\/\" style=\"display:none\">sortie<\/a><\/p>\n<p><a href=\"https:\/\/www.bol.com\/nl\/p\/adobe-design-en-web-premium-cs6-win-engels\/1003004012253410\/\" style=\"display:none\">sortie<\/a><\/p>\n<p><a href=\"https:\/\/tweakers.net\/pricewatch\/314830\/adobe-creative-suite-cs6-design-and-web-premium.html\" style=\"display:none\">sortie<\/a><\/p>\n<p><a href=\"https:\/\/licencegrid.com\/fr\/product\/adobe-premiere-elements\/\" style=\"display:none\">inb<\/a><\/p>\n<p><a href=\"https:\/\/licencegrid.com\/fr\/produit\/adobe-photoshop-cs6\/\" style=\"display:none\"><\/a><\/p>\n<p><a href=\"https:\/\/licencegrid.com\/fr\/produit\/adobe-cs6-design-standaard\/\" style=\"display:none\"><\/a><\/p>","protected":false},"excerpt":{"rendered":"<h5><img decoding=\"async\" class=\"wp-image-38007 alignnone\" src=\"https:\/\/licencegrid.com\/wp-content\/uploads\/2022\/02\/blue-mark.png\" alt=\"\" width=\"25\" height=\"25\" srcset=\"https:\/\/licencegrid.com\/wp-content\/uploads\/2022\/02\/blue-mark.png 225w, https:\/\/licencegrid.com\/wp-content\/uploads\/2022\/02\/blue-mark-150x150.png 150w\" sizes=\"(max-width: 25px) 100vw, 25px\" \/>\u00a0<strong>Un logiciel simple et efficace !<br \/>\n<\/strong><img decoding=\"async\" class=\"wp-image-38007 alignnone\" src=\"https:\/\/licencegrid.com\/wp-content\/uploads\/2022\/02\/blue-mark.png\" alt=\"\" width=\"25\" height=\"25\" srcset=\"https:\/\/licencegrid.com\/wp-content\/uploads\/2022\/02\/blue-mark.png 225w, https:\/\/licencegrid.com\/wp-content\/uploads\/2022\/02\/blue-mark-150x150.png 150w\" sizes=\"(max-width: 25px) 100vw, 25px\" \/>\u00a0<strong>En deux temps trois mouvements, num\u00e9ris\u00e9 !<br \/>\n<\/strong><img decoding=\"async\" class=\"wp-image-38007 alignnone\" src=\"https:\/\/licencegrid.com\/wp-content\/uploads\/2022\/02\/blue-mark.png\" alt=\"\" width=\"25\" height=\"25\" srcset=\"https:\/\/licencegrid.com\/wp-content\/uploads\/2022\/02\/blue-mark.png 225w, https:\/\/licencegrid.com\/wp-content\/uploads\/2022\/02\/blue-mark-150x150.png 150w\" sizes=\"(max-width: 25px) 100vw, 25px\" \/>\u00a0<strong>Niet goed = Geld terug !<br \/>\n<\/strong><img decoding=\"async\" class=\"wp-image-38007 alignnone\" src=\"https:\/\/licencegrid.com\/wp-content\/uploads\/2022\/02\/blue-mark.png\" alt=\"\" width=\"25\" height=\"25\" srcset=\"https:\/\/licencegrid.com\/wp-content\/uploads\/2022\/02\/blue-mark.png 225w, https:\/\/licencegrid.com\/wp-content\/uploads\/2022\/02\/blue-mark-150x150.png 150w\" sizes=\"(max-width: 25px) 100vw, 25px\" \/> Le service client jusqu'\u00e0 23h00 est disponible !<br \/>\n<img decoding=\"async\" class=\"wp-image-38007 alignnone\" src=\"https:\/\/licencegrid.com\/wp-content\/uploads\/2022\/02\/blue-mark.png\" alt=\"\" width=\"25\" height=\"25\" srcset=\"https:\/\/licencegrid.com\/wp-content\/uploads\/2022\/02\/blue-mark.png 225w, https:\/\/licencegrid.com\/wp-content\/uploads\/2022\/02\/blue-mark-150x150.png 150w\" sizes=\"(max-width: 25px) 100vw, 25px\" \/> Ouvrez une boutique en ligne aux Pays-Bas avec un mot de passe de boutique en ligne !<\/h5>\n<h3><\/h3>","protected":false},"featured_media":114,"template":"","meta":{"inline_featured_image":false},"product_brand":[],"product_cat":[19],"product_tag":[],"class_list":{"0":"post-80","1":"product","2":"type-product","3":"status-publish","4":"has-post-thumbnail","6":"product_cat-multimedia","8":"first","9":"outofstock","10":"sale","11":"taxable","12":"shipping-taxable","13":"purchasable","14":"product-type-simple"},"_links":{"self":[{"href":"https:\/\/licencegrid.com\/fr\/wp-json\/wp\/v2\/product\/80","targetHints":{"allow":["GET"]}}],"collection":[{"href":"https:\/\/licencegrid.com\/fr\/wp-json\/wp\/v2\/product"}],"about":[{"href":"https:\/\/licencegrid.com\/fr\/wp-json\/wp\/v2\/types\/product"}],"wp:featuredmedia":[{"embeddable":true,"href":"https:\/\/licencegrid.com\/fr\/wp-json\/wp\/v2\/media\/114"}],"wp:attachment":[{"href":"https:\/\/licencegrid.com\/fr\/wp-json\/wp\/v2\/media?parent=80"}],"wp:term":[{"taxonomy":"product_brand","embeddable":true,"href":"https:\/\/licencegrid.com\/fr\/wp-json\/wp\/v2\/product_brand?post=80"},{"taxonomy":"product_cat","embeddable":true,"href":"https:\/\/licencegrid.com\/fr\/wp-json\/wp\/v2\/product_cat?post=80"},{"taxonomy":"product_tag","embeddable":true,"href":"https:\/\/licencegrid.com\/fr\/wp-json\/wp\/v2\/product_tag?post=80"}],"curies":[{"name":"wp","href":"https:\/\/api.w.org\/{rel}","templated":true}]}}