{"id":81,"date":"2023-10-10T21:00:58","date_gmt":"2023-10-10T21:00:58","guid":{"rendered":"https:\/\/licencegrid.com\/?post_type=product&#038;p=81"},"modified":"2025-05-07T12:07:19","modified_gmt":"2025-05-07T12:07:19","slug":"autodesk-autocad-lt-2021-1jaar","status":"publish","type":"product","link":"https:\/\/licencegrid.com\/fr\/produit\/autodesk-autocad-lt-2021-1jaar\/","title":{"rendered":"Autodesk AutoCAD LT 2021 (1JAAR)"},"content":{"rendered":"<p>Variante EDU<\/p>\n<p><strong>AutoCAD LT 2021(1JAAR)<\/strong><\/p>\n<p>Ouvrez Autodesk\u00ae AutoCAD LT\u00ae et r\u00e9alisez des dessins et des documents 2D de qualit\u00e9. L'utilisation et l'installation sont simples, et vous disposez de nouvelles fonctions et de nouveaux param\u00e8tres tels que Quick Measure, la nouvelle palette de blocs, la fonction de nettoyage am\u00e9lior\u00e9e et bien d'autres encore.<br \/>\nTravaillez sur les lieux et sur le chemin avec les nouvelles applications Web et mobiles AutoCAD qui vous permettent de travailler \u00e0 tout moment et en toute s\u00e9curit\u00e9. Si vous optez pour AutoCAD LT, vous recevrez les nouvelles mises \u00e0 jour des fonctions, vous b\u00e9n\u00e9ficierez de la fiabilit\u00e9 de la technologie TrustedDWG\u2122 et vous pourrez toujours utiliser les applications AutoCAD-web et mobiles.<\/p>\n<p><strong>Les modifications \u00e0 apporter \u00e0 l'information :<\/strong><\/p>\n<ul>\n<li>\u00a0Profitez de la flexibilit\u00e9 de la construction de logiciels gr\u00e2ce \u00e0 des offres qui varient d'un mois \u00e0 plusieurs ann\u00e9es.<\/li>\n<li>\u00a0Acc\u00e8s \u00e0 vos outils de travail les plus courants via les ordinateurs de bureau, le web et les t\u00e9l\u00e9phones portables.<\/li>\n<li>\u00a0D\u00e9couvrez les nouvelles fonctionnalit\u00e9s pour vos produits et services, pr\u00e9sent\u00e9es dans les mises \u00e0 jour exclusives pour les abonn\u00e9s.<\/li>\n<\/ul>\n<p><strong>Vous pouvez compter sur des fonctions innovantes et performantes :<\/strong><\/p>\n<p><strong>Nouveau panier d'\u00e9picerie en ligne<\/strong><br \/>\nIl s'agit d'un dessin tr\u00e8s color\u00e9, avec un contraste tr\u00e8s prononc\u00e9, des pictogrammes tr\u00e8s nets et une interface moderne de couleur bleue.<\/p>\n<p>Snelle meting<br \/>\nLa mise en \u0153uvre de toutes les mesures l\u00e9g\u00e8res pour la main dans le cadre d'une prise en charge par le biais d'un chemin de fer peut s'av\u00e9rer tr\u00e8s difficile.<br \/>\n.<\/p>\n<p><strong>Blok Palet<\/strong><br \/>\nVous pouvez effectuer des pr\u00e9l\u00e8vements efficaces sur une liste r\u00e9cente ou sur des supports sp\u00e9cifiques et utiliser les galeries d'images. Les \u00e9tiquettes sont incluses dans votre flux de travail avec la nouvelle option \"Herhaalplaatsing\".<\/p>\n<p><strong>Opruimen (herzien)<\/strong><br \/>\nVous pouvez obtenir plus d'objets en un clin d'\u0153il gr\u00e2ce \u00e0 une s\u00e9lection rigoureuse et \u00e0 un changement d'objet. Des objets uniques sont ajout\u00e9s \u00e0 la liste pour une utilisation optimale de la mer.<\/p>\n<p><strong>Mentions l\u00e9gales DWG correspondantes<\/strong><br \/>\nIl s'agit de v\u00e9rifier les deux versements d'une prise de vue ou d'un support XRef par rapport \u00e0 l'orifice de l'oreille. Identifier clairement les variations graphiques et importer les nouveaux \u00e9l\u00e9ments dans votre image.<\/p>\n<p><strong>La reliure est faite avec des feuilles de nuage<\/strong><br \/>\nVous pouvez acc\u00e9der \u00e0 vos fichiers DWG par l'interm\u00e9diaire d'autres fournisseurs de services de cloud computing et d'Autodesk Drive, qui est disponible avec un abonnement.<\/p>\n<p><strong>Les mesures de protection contre les incendies<\/strong><br \/>\nR\u00e9duisez votre travail en une fraction de seconde. Installez AutoCAD LT sur une demi-porteuse \u00e0 l'arri\u00e8re de l'heure voulue.<\/p>","protected":false},"excerpt":{"rendered":"<h5><img decoding=\"async\" class=\"wp-image-38007 alignnone\" src=\"https:\/\/licencegrid.com\/wp-content\/uploads\/2022\/02\/blue-mark.png\" alt=\"\" width=\"25\" height=\"25\" srcset=\"https:\/\/licencegrid.com\/wp-content\/uploads\/2022\/02\/blue-mark.png 225w, https:\/\/licencegrid.com\/wp-content\/uploads\/2022\/02\/blue-mark-150x150.png 150w\" sizes=\"(max-width: 25px) 100vw, 25px\" \/>\u00a0<strong>Un logiciel simple et efficace !<br \/>\n<\/strong><img decoding=\"async\" class=\"wp-image-38007 alignnone\" src=\"https:\/\/licencegrid.com\/wp-content\/uploads\/2022\/02\/blue-mark.png\" alt=\"\" width=\"25\" height=\"25\" srcset=\"https:\/\/licencegrid.com\/wp-content\/uploads\/2022\/02\/blue-mark.png 225w, https:\/\/licencegrid.com\/wp-content\/uploads\/2022\/02\/blue-mark-150x150.png 150w\" sizes=\"(max-width: 25px) 100vw, 25px\" \/>\u00a0<strong>En deux temps trois mouvements, num\u00e9ris\u00e9 !<br \/>\n<\/strong><img decoding=\"async\" class=\"wp-image-38007 alignnone\" src=\"https:\/\/licencegrid.com\/wp-content\/uploads\/2022\/02\/blue-mark.png\" alt=\"\" width=\"25\" height=\"25\" srcset=\"https:\/\/licencegrid.com\/wp-content\/uploads\/2022\/02\/blue-mark.png 225w, https:\/\/licencegrid.com\/wp-content\/uploads\/2022\/02\/blue-mark-150x150.png 150w\" sizes=\"(max-width: 25px) 100vw, 25px\" \/>\u00a0<strong>Niet goed = Geld terug !<br \/>\n<\/strong><img decoding=\"async\" class=\"wp-image-38007 alignnone\" src=\"https:\/\/licencegrid.com\/wp-content\/uploads\/2022\/02\/blue-mark.png\" alt=\"\" width=\"25\" height=\"25\" srcset=\"https:\/\/licencegrid.com\/wp-content\/uploads\/2022\/02\/blue-mark.png 225w, https:\/\/licencegrid.com\/wp-content\/uploads\/2022\/02\/blue-mark-150x150.png 150w\" sizes=\"(max-width: 25px) 100vw, 25px\" \/> Le service client jusqu'\u00e0 23h00 est disponible !<br \/>\n<img decoding=\"async\" class=\"wp-image-38007 alignnone\" src=\"https:\/\/licencegrid.com\/wp-content\/uploads\/2022\/02\/blue-mark.png\" alt=\"\" width=\"25\" height=\"25\" srcset=\"https:\/\/licencegrid.com\/wp-content\/uploads\/2022\/02\/blue-mark.png 225w, https:\/\/licencegrid.com\/wp-content\/uploads\/2022\/02\/blue-mark-150x150.png 150w\" sizes=\"(max-width: 25px) 100vw, 25px\" \/> Ouvrez une boutique en ligne aux Pays-Bas avec un mot de passe de boutique en ligne !<\/h5>\n<h3><\/h3>","protected":false},"featured_media":115,"template":"","meta":{"inline_featured_image":false},"product_brand":[],"product_cat":[19],"product_tag":[],"class_list":{"0":"post-81","1":"product","2":"type-product","3":"status-publish","4":"has-post-thumbnail","6":"product_cat-multimedia","8":"first","9":"outofstock","10":"sale","11":"taxable","12":"shipping-taxable","13":"purchasable","14":"product-type-simple"},"_links":{"self":[{"href":"https:\/\/licencegrid.com\/fr\/wp-json\/wp\/v2\/product\/81","targetHints":{"allow":["GET"]}}],"collection":[{"href":"https:\/\/licencegrid.com\/fr\/wp-json\/wp\/v2\/product"}],"about":[{"href":"https:\/\/licencegrid.com\/fr\/wp-json\/wp\/v2\/types\/product"}],"wp:featuredmedia":[{"embeddable":true,"href":"https:\/\/licencegrid.com\/fr\/wp-json\/wp\/v2\/media\/115"}],"wp:attachment":[{"href":"https:\/\/licencegrid.com\/fr\/wp-json\/wp\/v2\/media?parent=81"}],"wp:term":[{"taxonomy":"product_brand","embeddable":true,"href":"https:\/\/licencegrid.com\/fr\/wp-json\/wp\/v2\/product_brand?post=81"},{"taxonomy":"product_cat","embeddable":true,"href":"https:\/\/licencegrid.com\/fr\/wp-json\/wp\/v2\/product_cat?post=81"},{"taxonomy":"product_tag","embeddable":true,"href":"https:\/\/licencegrid.com\/fr\/wp-json\/wp\/v2\/product_tag?post=81"}],"curies":[{"name":"wp","href":"https:\/\/api.w.org\/{rel}","templated":true}]}}