{"id":83,"date":"2023-10-10T20:56:17","date_gmt":"2023-10-10T20:56:17","guid":{"rendered":"https:\/\/licencegrid.com\/?post_type=product&#038;p=83"},"modified":"2023-10-28T16:03:09","modified_gmt":"2023-10-28T16:03:09","slug":"eset-internet-security-2021-3-gebruikers-1-jaar","status":"publish","type":"product","link":"https:\/\/licencegrid.com\/fr\/produit\/eset-internet-security-2021-3-gebruikers-1-jaar\/","title":{"rendered":"ESET Internet Security - 1 utilisateur - 1 an"},"content":{"rendered":"<h3 style=\"text-align: center;\">ESET Internet Security - 1 utilisateur - 1 an<\/h3>\n<p>ESET Internet Security est un logiciel de protection tr\u00e8s complet qui a \u00e9t\u00e9 sp\u00e9cialement con\u00e7u pour am\u00e9liorer votre s\u00e9curit\u00e9 en ligne. Avec la licence 1 jour pour 1 PC, vous \u00eates prot\u00e9g\u00e9 pendant un an contre les diff\u00e9rents probl\u00e8mes en ligne, notamment les virus, les logiciels malveillants, les attaques par hame\u00e7onnage et bien plus encore.<\/p>\n<p><strong>Les prix les plus bas :<\/strong> ESET Internet Security offre une large gamme de services de protection et d'assistance, notamment en mati\u00e8re de s\u00e9curit\u00e9 :<\/p>\n<ul>\n<li><strong>Antivirus et Antispyware :<\/strong> Prot\u00e9gez votre PC contre les virus, les logiciels malveillants et les logiciels espions afin de pr\u00e9server vos donn\u00e9es et votre vie priv\u00e9e.<\/li>\n<li><strong>Pare-feu :<\/strong> Il s'agit de mettre en place un syst\u00e8me s\u00e9curis\u00e9 et d'utiliser votre r\u00e9seau pour un service en ligne en toute tranquillit\u00e9.<\/li>\n<li><strong>Antiphishing :<\/strong> D\u00e9tecter et bloquer les tentatives d'hame\u00e7onnage afin d'\u00e9viter que vos donn\u00e9es personnelles ne soient divulgu\u00e9es \u00e0 des tiers.<\/li>\n<li><strong>La gestion des transactions financi\u00e8res :<\/strong> R\u00e9alisez des transactions en ligne et des op\u00e9rations bancaires avec des frais suppl\u00e9mentaires.<\/li>\n<li><strong>Ouderlijk Toezicht :<\/strong> Pour que vos enfants puissent cr\u00e9er un environnement en ligne s\u00e9curis\u00e9, vous devez conna\u00eetre et contr\u00f4ler les sites web et les contenus qui sont utiles \u00e0 vos enfants.<\/li>\n<li><strong>Mises \u00e0 jour r\u00e9guli\u00e8res :<\/strong> Les mises \u00e0 jour automatiques garantissent que vous \u00eates toujours \u00e0 l'aff\u00fbt des nouvelles r\u00e9glementations.<\/li>\n<li><strong>Lage Systeembelasting :<\/strong> ESET Internet Security n'a qu'une incidence minimale sur les param\u00e8tres du syst\u00e8me, ce qui vous permet de travailler et de naviguer sans \u00eatre d\u00e9rang\u00e9.<\/li>\n<\/ul>\n<p><strong>Compatibilit\u00e9 :<\/strong> ESET Internet Security est compatible avec les syst\u00e8mes d'exploitation Windows et peut \u00eatre associ\u00e9 aux meilleurs logiciels et programmes.<\/p>\n<p><strong>Systeemvereisten :<\/strong> Pour installer et utiliser ESET Internet Security, vous devez v\u00e9rifier que votre ordinateur pr\u00e9sente les caract\u00e9ristiques minimales suivantes :<\/p>\n<ul>\n<li><strong>Besturingssysteem :<\/strong> Windows 7\/8\/10.<\/li>\n<li><strong>Processeur :<\/strong> 1 GHz d'h\u00e9lice.<\/li>\n<li><strong>Geheugen (RAM) :<\/strong> Minimaal 1 GB RAM pour 32-bit, 2 GB pour 64-bit.<\/li>\n<li><strong>Tr\u00e8s bien :<\/strong> 1,5 Go de donn\u00e9es au minimum.<\/li>\n<li><strong>Reliure Internet :<\/strong> Pour l'activation et les mises \u00e0 jour.<\/li>\n<\/ul>","protected":false},"excerpt":{"rendered":"<p>ESET Internet Security est un logiciel de protection tr\u00e8s complet qui a \u00e9t\u00e9 sp\u00e9cialement con\u00e7u pour am\u00e9liorer votre s\u00e9curit\u00e9 en ligne. Avec la licence 1 jour pour 1 PC, vous \u00eates prot\u00e9g\u00e9 pendant un an contre les diff\u00e9rents probl\u00e8mes en ligne, notamment les virus, les logiciels malveillants, les attaques par hame\u00e7onnage et bien plus encore.<\/p>\n<h5><img decoding=\"async\" class=\"wp-image-38007 alignnone\" src=\"https:\/\/licencegrid.com\/wp-content\/uploads\/2022\/02\/blue-mark.png\" alt=\"\" width=\"25\" height=\"25\" srcset=\"https:\/\/licencegrid.com\/wp-content\/uploads\/2022\/02\/blue-mark.png 225w, https:\/\/licencegrid.com\/wp-content\/uploads\/2022\/02\/blue-mark-150x150.png 150w\" sizes=\"(max-width: 25px) 100vw, 25px\" \/>\u00a0<strong>Un logiciel simple et efficace !<br \/>\n<\/strong><img decoding=\"async\" class=\"wp-image-38007 alignnone\" src=\"https:\/\/licencegrid.com\/wp-content\/uploads\/2022\/02\/blue-mark.png\" alt=\"\" width=\"25\" height=\"25\" srcset=\"https:\/\/licencegrid.com\/wp-content\/uploads\/2022\/02\/blue-mark.png 225w, https:\/\/licencegrid.com\/wp-content\/uploads\/2022\/02\/blue-mark-150x150.png 150w\" sizes=\"(max-width: 25px) 100vw, 25px\" \/>\u00a0<strong>En deux temps trois mouvements, num\u00e9ris\u00e9 !<br \/>\n<\/strong><img decoding=\"async\" class=\"wp-image-38007 alignnone\" src=\"https:\/\/licencegrid.com\/wp-content\/uploads\/2022\/02\/blue-mark.png\" alt=\"\" width=\"25\" height=\"25\" srcset=\"https:\/\/licencegrid.com\/wp-content\/uploads\/2022\/02\/blue-mark.png 225w, https:\/\/licencegrid.com\/wp-content\/uploads\/2022\/02\/blue-mark-150x150.png 150w\" sizes=\"(max-width: 25px) 100vw, 25px\" \/>\u00a0<strong>Niet goed = Geld terug !<br \/>\n<\/strong><img decoding=\"async\" class=\"wp-image-38007 alignnone\" src=\"https:\/\/licencegrid.com\/wp-content\/uploads\/2022\/02\/blue-mark.png\" alt=\"\" width=\"25\" height=\"25\" srcset=\"https:\/\/licencegrid.com\/wp-content\/uploads\/2022\/02\/blue-mark.png 225w, https:\/\/licencegrid.com\/wp-content\/uploads\/2022\/02\/blue-mark-150x150.png 150w\" sizes=\"(max-width: 25px) 100vw, 25px\" \/> Le service client jusqu'\u00e0 23h00 est disponible !<br \/>\n<img decoding=\"async\" class=\"wp-image-38007 alignnone\" src=\"https:\/\/licencegrid.com\/wp-content\/uploads\/2022\/02\/blue-mark.png\" alt=\"\" width=\"25\" height=\"25\" srcset=\"https:\/\/licencegrid.com\/wp-content\/uploads\/2022\/02\/blue-mark.png 225w, https:\/\/licencegrid.com\/wp-content\/uploads\/2022\/02\/blue-mark-150x150.png 150w\" sizes=\"(max-width: 25px) 100vw, 25px\" \/> Ouvrez une boutique en ligne aux Pays-Bas avec un mot de passe de boutique en ligne !<\/h5>","protected":false},"featured_media":38390,"template":"","meta":{"inline_featured_image":false},"product_brand":[],"product_cat":[18],"product_tag":[],"class_list":{"0":"post-83","1":"product","2":"type-product","3":"status-publish","4":"has-post-thumbnail","6":"product_cat-antivirus","8":"first","9":"instock","10":"sale","11":"taxable","12":"shipping-taxable","13":"purchasable","14":"product-type-simple"},"_links":{"self":[{"href":"https:\/\/licencegrid.com\/fr\/wp-json\/wp\/v2\/product\/83","targetHints":{"allow":["GET"]}}],"collection":[{"href":"https:\/\/licencegrid.com\/fr\/wp-json\/wp\/v2\/product"}],"about":[{"href":"https:\/\/licencegrid.com\/fr\/wp-json\/wp\/v2\/types\/product"}],"wp:featuredmedia":[{"embeddable":true,"href":"https:\/\/licencegrid.com\/fr\/wp-json\/wp\/v2\/media\/38390"}],"wp:attachment":[{"href":"https:\/\/licencegrid.com\/fr\/wp-json\/wp\/v2\/media?parent=83"}],"wp:term":[{"taxonomy":"product_brand","embeddable":true,"href":"https:\/\/licencegrid.com\/fr\/wp-json\/wp\/v2\/product_brand?post=83"},{"taxonomy":"product_cat","embeddable":true,"href":"https:\/\/licencegrid.com\/fr\/wp-json\/wp\/v2\/product_cat?post=83"},{"taxonomy":"product_tag","embeddable":true,"href":"https:\/\/licencegrid.com\/fr\/wp-json\/wp\/v2\/product_tag?post=83"}],"curies":[{"name":"wp","href":"https:\/\/api.w.org\/{rel}","templated":true}]}}