{"id":84,"date":"2022-02-26T09:22:02","date_gmt":"2022-02-26T09:22:02","guid":{"rendered":"https:\/\/licencegrid.com\/?post_type=product&#038;p=84"},"modified":"2023-11-05T19:54:42","modified_gmt":"2023-11-05T19:54:42","slug":"windows-remote-desktop-services-2019-10-user-cals","status":"publish","type":"product","link":"https:\/\/licencegrid.com\/fr\/produit\/windows-remote-desktop-services-2019-10-user-cals\/","title":{"rendered":"Windows Remote Desktop Services 2019 10 CAL's de l'utilisateur"},"content":{"rendered":"<p>Remote Desktop Services (RDS) 2019 Gebruiker CALs (Client Access Licenties) sont une aide essentielle pour les organisations qui ont besoin d'un moyen fiable et transparent pour acc\u00e9der de l'ext\u00e9rieur \u00e0 des applications, \u00e0 des donn\u00e9es et \u00e0 des documents. Avec ce lot de 10 CAL pour les utilisateurs de RDS 2019, vous pouvez faire en sorte que davantage d'utilisateurs au sein de votre organisation acc\u00e8dent \u00e0 la fonctionnalit\u00e9 de pointe de RDS pour une productivit\u00e9 et une collaboration accrues.<\/p>\n<p><strong>Les points forts de l'entreprise :<\/strong><\/p>\n<ol>\n<li><strong>Un outil de travail externe et un outil de bureau vertueux :<\/strong> Le RDS 2019 offre la possibilit\u00e9 aux fournisseurs externes de s'acquitter de leurs obligations administratives, de leurs demandes et de leurs d\u00e9cisions, tout en garantissant la flexibilit\u00e9 et la mobilit\u00e9.<\/li>\n<li><strong>Multi-User Omgeving :<\/strong> Avec RDS, un plus grand nombre d'utilisateurs peuvent se connecter \u00e0 un seul serveur, ce qui r\u00e9duit la consommation de mat\u00e9riel et les co\u00fbts.<\/li>\n<li><strong>Veiligheid en Beheer :<\/strong> Les CALs sont des outils qui permettent de g\u00e9rer les commandes, les r\u00e8gles de fonctionnement et les droits de l'utilisateur afin de garantir la s\u00e9curit\u00e9 des donn\u00e9es et des applications.<\/li>\n<li><strong>Schaalbaarheid :<\/strong> Le paquet de 10 CAL est une aide \u00e0 la recherche, ce qui permet \u00e0 votre organisation de se d\u00e9velopper rapidement pour obtenir des licences suppl\u00e9mentaires.<\/li>\n<li><strong>Optimisation de l'environnement :<\/strong> Le RDS r\u00e9duit l'efficacit\u00e9 des ressources en permettant l'acc\u00e8s \u00e0 des applications et \u00e0 des services de base, ce qui se traduit par des co\u00fbts d'exploitation plus faibles.<\/li>\n<\/ol>\n<p><strong>Compatibilit\u00e9 :<\/strong><\/p>\n<p>Ces CAL d'utilisateur sont compatibles avec Microsoft Windows Server 2019 et RDS 2019. Elles permettent aux utilisateurs de se connecter aux serveurs RDS et de tirer parti des fonctionnalit\u00e9s et des avantages exceptionnels offerts par ces plates-formes.<\/p>\n<p><strong>Sc\u00e9narios d'utilisation :<\/strong><\/p>\n<p>RDS 2019 Gebruiker CALs met een pakket van 10 CALs zijn ideaal for organisaties van verschillende groottes en industrie\u00ebn, waaronder bedrijven, onderwijsinstellingen en overheidsinstanties, die behoefte hebben aan veilige externe toegang, samenwerking en applicatiebeheer. Si vous \u00eates un employ\u00e9, un \u00e9tudiant ou un partenaire externe et que vous souhaitez vous pr\u00e9valoir d'une autorisation ou d'une demande valable, ces licences vous permettront de b\u00e9n\u00e9ficier d'un service d'aide \u00e0 l'emploi complet et transparent.<\/p>\n<p>Avec RDS 2019 Gebruiker CALs, 10 CAL-pakket, vous avez tout ce qu'il faut pour am\u00e9liorer la productivit\u00e9 de votre organisation et offrir une certaine flexibilit\u00e9 aux utilisateurs, en profitant de la puissance et de l'efficacit\u00e9 de Microsoft Remote Desktop Services. Cet ensemble offre la flexibilit\u00e9 n\u00e9cessaire pour r\u00e9pondre aux besoins de votre organisation en mati\u00e8re d'acc\u00e8s et de partage externes.<\/p>","protected":false},"excerpt":{"rendered":"<p>De <strong>Windows Server 2019 1 RDS User CAL<\/strong> Le syst\u00e8me RDS-CAL permet \u00e0 un utilisateur d'acc\u00e9der \u00e0 la totalit\u00e9 des services RDS du syst\u00e8me de gestion Microsoft. Le RDS-CAL s'ajoute aux CAL n\u00e9cessaires \u00e0 l'installation d'une plate-forme de bureau ou d'application.<\/p>\n<p><img decoding=\"async\" class=\"wp-image-38007 alignnone\" src=\"https:\/\/licencegrid.com\/wp-content\/uploads\/2022\/02\/blue-mark.png\" alt=\"\" width=\"25\" height=\"25\" srcset=\"https:\/\/licencegrid.com\/wp-content\/uploads\/2022\/02\/blue-mark.png 225w, https:\/\/licencegrid.com\/wp-content\/uploads\/2022\/02\/blue-mark-150x150.png 150w\" sizes=\"(max-width: 25px) 100vw, 25px\" \/>\u00a0<strong>Un logiciel simple et efficace !<br \/>\n<\/strong><img decoding=\"async\" class=\"wp-image-38007 alignnone\" src=\"https:\/\/licencegrid.com\/wp-content\/uploads\/2022\/02\/blue-mark.png\" alt=\"\" width=\"25\" height=\"25\" srcset=\"https:\/\/licencegrid.com\/wp-content\/uploads\/2022\/02\/blue-mark.png 225w, https:\/\/licencegrid.com\/wp-content\/uploads\/2022\/02\/blue-mark-150x150.png 150w\" sizes=\"(max-width: 25px) 100vw, 25px\" \/>\u00a0<strong>En deux temps trois mouvements, num\u00e9ris\u00e9 !<br \/>\n<\/strong><img decoding=\"async\" class=\"wp-image-38007 alignnone\" src=\"https:\/\/licencegrid.com\/wp-content\/uploads\/2022\/02\/blue-mark.png\" alt=\"\" width=\"25\" height=\"25\" srcset=\"https:\/\/licencegrid.com\/wp-content\/uploads\/2022\/02\/blue-mark.png 225w, https:\/\/licencegrid.com\/wp-content\/uploads\/2022\/02\/blue-mark-150x150.png 150w\" sizes=\"(max-width: 25px) 100vw, 25px\" \/>\u00a0<strong>Niet goed = Geld terug !<br \/>\n<\/strong><img decoding=\"async\" class=\"wp-image-38007 alignnone\" src=\"https:\/\/licencegrid.com\/wp-content\/uploads\/2022\/02\/blue-mark.png\" alt=\"\" width=\"25\" height=\"25\" srcset=\"https:\/\/licencegrid.com\/wp-content\/uploads\/2022\/02\/blue-mark.png 225w, https:\/\/licencegrid.com\/wp-content\/uploads\/2022\/02\/blue-mark-150x150.png 150w\" sizes=\"(max-width: 25px) 100vw, 25px\" \/> <strong>Le service client jusqu'\u00e0 23h00 est disponible !<\/strong><br \/>\n<img decoding=\"async\" class=\"wp-image-38007 alignnone\" src=\"https:\/\/licencegrid.com\/wp-content\/uploads\/2022\/02\/blue-mark.png\" alt=\"\" width=\"25\" height=\"25\" srcset=\"https:\/\/licencegrid.com\/wp-content\/uploads\/2022\/02\/blue-mark.png 225w, https:\/\/licencegrid.com\/wp-content\/uploads\/2022\/02\/blue-mark-150x150.png 150w\" sizes=\"(max-width: 25px) 100vw, 25px\" \/><strong> Ouvrez une boutique en ligne aux Pays-Bas avec un mot de passe de boutique en ligne !<\/strong><\/p>\n<h3><\/h3>","protected":false},"featured_media":118,"template":"","meta":{"inline_featured_image":false},"product_brand":[],"product_cat":[20],"product_tag":[],"class_list":{"0":"post-84","1":"product","2":"type-product","3":"status-publish","4":"has-post-thumbnail","6":"product_cat-server","8":"first","9":"instock","10":"sale","11":"taxable","12":"shipping-taxable","13":"purchasable","14":"product-type-simple"},"_links":{"self":[{"href":"https:\/\/licencegrid.com\/fr\/wp-json\/wp\/v2\/product\/84","targetHints":{"allow":["GET"]}}],"collection":[{"href":"https:\/\/licencegrid.com\/fr\/wp-json\/wp\/v2\/product"}],"about":[{"href":"https:\/\/licencegrid.com\/fr\/wp-json\/wp\/v2\/types\/product"}],"wp:featuredmedia":[{"embeddable":true,"href":"https:\/\/licencegrid.com\/fr\/wp-json\/wp\/v2\/media\/118"}],"wp:attachment":[{"href":"https:\/\/licencegrid.com\/fr\/wp-json\/wp\/v2\/media?parent=84"}],"wp:term":[{"taxonomy":"product_brand","embeddable":true,"href":"https:\/\/licencegrid.com\/fr\/wp-json\/wp\/v2\/product_brand?post=84"},{"taxonomy":"product_cat","embeddable":true,"href":"https:\/\/licencegrid.com\/fr\/wp-json\/wp\/v2\/product_cat?post=84"},{"taxonomy":"product_tag","embeddable":true,"href":"https:\/\/licencegrid.com\/fr\/wp-json\/wp\/v2\/product_tag?post=84"}],"curies":[{"name":"wp","href":"https:\/\/api.w.org\/{rel}","templated":true}]}}