{"id":95,"date":"2023-10-10T20:57:51","date_gmt":"2023-10-10T20:57:51","guid":{"rendered":"https:\/\/licencegrid.com\/?post_type=product&#038;p=95"},"modified":"2024-01-11T11:52:12","modified_gmt":"2024-01-11T11:52:12","slug":"adobe-cc-premiere-pro-2022-macos-windows-1-apparaat-1-jaar","status":"publish","type":"product","link":"https:\/\/licencegrid.com\/fr\/produit\/adobe-cc-premiere-pro-2022-macos-windows-1-apparaat-1-jaar\/","title":{"rendered":"Adobe CC Premiere Pro - MacOS\/Windows - 1 application - 1 an"},"content":{"rendered":"<p>Adobe Premiere Pro CC est le logiciel de cr\u00e9ation vid\u00e9o le plus performant pour les professionnels et les vid\u00e9astes en herbe. Cet outil de cr\u00e9ation vid\u00e9o de premier plan offre un large \u00e9ventail de fonctionnalit\u00e9s et de fonctions importantes, ce qui vous donne la possibilit\u00e9 d'exprimer votre cr\u00e9ativit\u00e9 dans des images visuelles de grande qualit\u00e9. Si vous travaillez sur des films courts, des documentaires, des publicit\u00e9s ou des vid\u00e9os YouTube, Adobe Premiere Pro CC est l'outil id\u00e9al pour le montage vid\u00e9o.<\/p>\n<p><strong>Les points forts de l'entreprise :<\/strong><\/p>\n<ol>\n<li><strong>Une vid\u00e9o de qualit\u00e9 :<\/strong> Adobe Premiere Pro CC vous offre un large \u00e9ventail de fonctionnalit\u00e9s de traitement des images, telles que le montage, la d\u00e9coupe, l'\u00e9chantillonnage, la surimpression et bien d'autres encore. L'interface intuitive vous permet de travailler en toute simplicit\u00e9.<\/li>\n<li><strong>Les prestations de service :<\/strong> Cette version est optimis\u00e9e en termes de performances, avec des rendus de qualit\u00e9 et un fonctionnement souple. Gr\u00e2ce aux am\u00e9liorations apport\u00e9es au mat\u00e9riel, vous pouvez r\u00e9aliser vos projets de mani\u00e8re plus efficace, notamment dans le cadre de projets de grande envergure.<\/li>\n<li><strong>Correction des erreurs et classement :<\/strong> Adobe Premiere Pro CC dispose d'outils de correction des couleurs performants, notamment Lumetri Color, pour am\u00e9liorer l'affichage de vos vid\u00e9os. Il permet de corriger la couleur, l'intensit\u00e9 et le contraste afin d'obtenir un meilleur rendu visuel.<\/li>\n<li><strong>Un travail d'orf\u00e8vre :<\/strong> Outre le traitement vid\u00e9o, Adobe Premiere Pro offre des fonctionnalit\u00e9s audio exceptionnelles. Vous pouvez utiliser l'audio, produire des effets et optimiser le gel pour une utilisation optimale.<\/li>\n<li><strong>Mise en \u0153uvre de la vid\u00e9o VR et de la vid\u00e9o \u00e0 360 degr\u00e9s :<\/strong> Ce logiciel est destin\u00e9 \u00e0 la production et \u00e0 l'exportation de vid\u00e9os en RV et \u00e0 360 degr\u00e9s, ce qui vous permet de cr\u00e9er un contenu innovant pour les nouveaux formats de m\u00e9dias.<\/li>\n<li><strong>Int\u00e9gration avec Adobe Creative Cloud :<\/strong> Adobe Premiere Pro CC est d\u00e9j\u00e0 int\u00e9gr\u00e9 \u00e0 d'autres applications Adobe Creative Cloud telles qu'After Effects, Photoshop et Audition. Il est ainsi plus facile d'am\u00e9liorer votre flux de travail et de travailler efficacement ensemble au sein de l'\u00e9cosyst\u00e8me Adobe.<\/li>\n<li><strong>Sauvegarde automatique et sauvegarde dans le nuage :<\/strong> Votre travail est toujours plus performant gr\u00e2ce \u00e0 la fonction d'archivage automatique. De plus, vous pouvez lancer des projets dans le nuage d'Adobe, \u00e0 condition que vous ayez acc\u00e8s \u00e0 tous les appareils.<\/li>\n<\/ol>\n<p><strong>Systeemvereisten :<\/strong><\/p>\n<p><strong>Les syst\u00e8mes minimaux :<\/strong><\/p>\n<ul>\n<li><strong>Besturingssysteem :<\/strong> Windows 10 (64-bit) ou macOS 10.15 ou hoger.<\/li>\n<li><strong>Processeur :<\/strong> Processeur Intel ou AMD \u00e0 64 bits, 2 GHz de puissance.<\/li>\n<li><strong>Geheugen (RAM) :<\/strong> 8 Go de RAM (16 Go ou plus pour les applications 4K et plus).<\/li>\n<li><strong>Carte graphique :<\/strong> GPU avec 4 Go de VRAM (2 Go ou plus pour la conversion du GPU).<\/li>\n<li><strong>Opslag :<\/strong> Au moins 8 Go d'espace disque sur le disque dur pour l'installation ; de l'espace disque suppl\u00e9mentaire est disponible au moment de l'installation.<\/li>\n<li><strong>Scherm :<\/strong> Scherm avec une r\u00e9solution de 1280 x 800 pixels.<\/li>\n<li><strong>Reliure Internet :<\/strong> Organisme charg\u00e9 de la mise en \u0153uvre des logiciels, de la validation des abonnements et de l'acc\u00e8s aux services en ligne.<\/li>\n<\/ul>\n<p><strong>Des syst\u00e8mes complets pour les fonctions de base :<\/strong><\/p>\n<ul>\n<li><strong>Pour la vid\u00e9o VR et 360 degr\u00e9s :<\/strong> Un casque VR compatible et un syst\u00e8me de lecture de contenu VR sont indispensables pour le travail en RV.<\/li>\n<li><strong>Pour l'installation du mat\u00e9riel :<\/strong> Adobe dispose de GPU sp\u00e9cifiques pour la conversion mat\u00e9rielle avec CUDA et OpenCL.<\/li>\n<\/ul>\n<p>Adobe Premiere Pro CC est le logiciel cl\u00e9 des professionnels dans le monde entier gr\u00e2ce \u00e0 ses fonctionnalit\u00e9s uniques et \u00e0 son int\u00e9gration compl\u00e8te avec d'autres outils Adobe. Que vous soyez un vid\u00e9aste de longue date ou que vous ayez commenc\u00e9 \u00e0 utiliser des produits vid\u00e9o, ce logiciel vous offre la puissance et la souplesse dont vous avez besoin pour mener vos projets vid\u00e9o \u00e0 un niveau sup\u00e9rieur. R\u00e9alisez des montages visuels avec Adobe Premiere Pro CC et mettez vos projets \u00e0 l'\u00e9preuve.<\/p>","protected":false},"excerpt":{"rendered":"<p>Adobe Premiere Pro CC est le logiciel de cr\u00e9ation vid\u00e9o le plus performant pour les professionnels et les vid\u00e9astes en herbe. Cet outil de cr\u00e9ation vid\u00e9o de premier plan offre un large \u00e9ventail de fonctionnalit\u00e9s et de fonctions importantes, ce qui vous donne la possibilit\u00e9 d'exprimer votre cr\u00e9ativit\u00e9 dans des images visuelles de grande qualit\u00e9. Si vous travaillez sur des films courts, des documentaires, des publicit\u00e9s ou des vid\u00e9os YouTube, Adobe Premiere Pro CC est l'outil id\u00e9al pour le montage vid\u00e9o.<\/p>\n<p><img decoding=\"async\" class=\"wp-image-38007 alignnone\" src=\"https:\/\/licencegrid.com\/wp-content\/uploads\/2022\/02\/blue-mark.png\" alt=\"\" width=\"25\" height=\"25\" srcset=\"https:\/\/licencegrid.com\/wp-content\/uploads\/2022\/02\/blue-mark.png 225w, https:\/\/licencegrid.com\/wp-content\/uploads\/2022\/02\/blue-mark-150x150.png 150w\" sizes=\"(max-width: 25px) 100vw, 25px\" \/>\u00a0<strong>Un logiciel simple et efficace !<br \/>\n<\/strong><img decoding=\"async\" class=\"wp-image-38007 alignnone\" src=\"https:\/\/licencegrid.com\/wp-content\/uploads\/2022\/02\/blue-mark.png\" alt=\"\" width=\"25\" height=\"25\" srcset=\"https:\/\/licencegrid.com\/wp-content\/uploads\/2022\/02\/blue-mark.png 225w, https:\/\/licencegrid.com\/wp-content\/uploads\/2022\/02\/blue-mark-150x150.png 150w\" sizes=\"(max-width: 25px) 100vw, 25px\" \/>\u00a0<strong>En deux temps trois mouvements, num\u00e9ris\u00e9 !<br \/>\n<\/strong><img decoding=\"async\" class=\"wp-image-38007 alignnone\" src=\"https:\/\/licencegrid.com\/wp-content\/uploads\/2022\/02\/blue-mark.png\" alt=\"\" width=\"25\" height=\"25\" srcset=\"https:\/\/licencegrid.com\/wp-content\/uploads\/2022\/02\/blue-mark.png 225w, https:\/\/licencegrid.com\/wp-content\/uploads\/2022\/02\/blue-mark-150x150.png 150w\" sizes=\"(max-width: 25px) 100vw, 25px\" \/>\u00a0<strong>Niet goed = Geld terug !<br \/>\n<\/strong><img decoding=\"async\" class=\"wp-image-38007 alignnone\" src=\"https:\/\/licencegrid.com\/wp-content\/uploads\/2022\/02\/blue-mark.png\" alt=\"\" width=\"25\" height=\"25\" srcset=\"https:\/\/licencegrid.com\/wp-content\/uploads\/2022\/02\/blue-mark.png 225w, https:\/\/licencegrid.com\/wp-content\/uploads\/2022\/02\/blue-mark-150x150.png 150w\" sizes=\"(max-width: 25px) 100vw, 25px\" \/> <strong>Le service client jusqu'\u00e0 23h00 est disponible !<\/strong><br \/>\n<img decoding=\"async\" class=\"wp-image-38007 alignnone\" src=\"https:\/\/licencegrid.com\/wp-content\/uploads\/2022\/02\/blue-mark.png\" alt=\"\" width=\"25\" height=\"25\" srcset=\"https:\/\/licencegrid.com\/wp-content\/uploads\/2022\/02\/blue-mark.png 225w, https:\/\/licencegrid.com\/wp-content\/uploads\/2022\/02\/blue-mark-150x150.png 150w\" sizes=\"(max-width: 25px) 100vw, 25px\" \/> <strong>Ouvrez une boutique en ligne aux Pays-Bas avec un mot de passe de boutique en ligne !<\/strong><\/p>\n<h3><\/h3>","protected":false},"featured_media":126,"template":"","meta":{"inline_featured_image":false},"product_brand":[],"product_cat":[19],"product_tag":[],"class_list":{"0":"post-95","1":"product","2":"type-product","3":"status-publish","4":"has-post-thumbnail","6":"product_cat-multimedia","8":"first","9":"outofstock","10":"sale","11":"taxable","12":"shipping-taxable","13":"purchasable","14":"product-type-simple"},"_links":{"self":[{"href":"https:\/\/licencegrid.com\/fr\/wp-json\/wp\/v2\/product\/95","targetHints":{"allow":["GET"]}}],"collection":[{"href":"https:\/\/licencegrid.com\/fr\/wp-json\/wp\/v2\/product"}],"about":[{"href":"https:\/\/licencegrid.com\/fr\/wp-json\/wp\/v2\/types\/product"}],"wp:featuredmedia":[{"embeddable":true,"href":"https:\/\/licencegrid.com\/fr\/wp-json\/wp\/v2\/media\/126"}],"wp:attachment":[{"href":"https:\/\/licencegrid.com\/fr\/wp-json\/wp\/v2\/media?parent=95"}],"wp:term":[{"taxonomy":"product_brand","embeddable":true,"href":"https:\/\/licencegrid.com\/fr\/wp-json\/wp\/v2\/product_brand?post=95"},{"taxonomy":"product_cat","embeddable":true,"href":"https:\/\/licencegrid.com\/fr\/wp-json\/wp\/v2\/product_cat?post=95"},{"taxonomy":"product_tag","embeddable":true,"href":"https:\/\/licencegrid.com\/fr\/wp-json\/wp\/v2\/product_tag?post=95"}],"curies":[{"name":"wp","href":"https:\/\/api.w.org\/{rel}","templated":true}]}}