{"id":293,"date":"2022-03-03T17:04:24","date_gmt":"2022-03-03T17:04:24","guid":{"rendered":"https:\/\/licencegrid.com\/?page_id=293"},"modified":"2025-05-07T13:34:53","modified_gmt":"2025-05-07T13:34:53","slug":"over-ons","status":"publish","type":"page","link":"https:\/\/licencegrid.com\/pl\/over-ons\/","title":{"rendered":"W\u0142\u0105czone"},"content":{"rendered":"<div data-elementor-type=\"wp-page\" data-elementor-id=\"293\" class=\"elementor elementor-293\" data-elementor-post-type=\"page\">\n\t\t\t\t\t\t<section class=\"elementor-section elementor-top-section elementor-element elementor-element-fe573c3 elementor-section-content-middle elementor-reverse-mobile elementor-section-boxed elementor-section-height-default elementor-section-height-default\" data-id=\"fe573c3\" data-element_type=\"section\">\n\t\t\t\t\t\t<div class=\"elementor-container elementor-column-gap-default\">\n\t\t\t\t\t<div class=\"elementor-column elementor-col-50 elementor-top-column elementor-element elementor-element-19440f0\" data-id=\"19440f0\" data-element_type=\"column\">\n\t\t\t<div class=\"elementor-widget-wrap elementor-element-populated\">\n\t\t\t\t\t\t<div class=\"elementor-element elementor-element-b8dbd7a elementor-widget elementor-widget-heading\" data-id=\"b8dbd7a\" data-element_type=\"widget\" data-widget_type=\"heading.default\">\n\t\t\t\t<div class=\"elementor-widget-container\">\n\t\t\t\t\t<h1 class=\"elementor-heading-title elementor-size-default\">O nas <\/h1>\t\t\t\t<\/div>\n\t\t\t\t<\/div>\n\t\t\t\t<div class=\"elementor-element elementor-element-5642da4 elementor-widget elementor-widget-text-editor\" data-id=\"5642da4\" data-element_type=\"widget\" data-widget_type=\"text-editor.default\">\n\t\t\t\t<div class=\"elementor-widget-container\">\n\t\t\t\t\t\t\t\t\t<p>W E-Licensenest specjalizujemy si\u0119 w dziedzinie ICT.<\/p><p><br data-rich-text-line-break=\"true\" \/><strong>Sprzedajemy oprogramowanie Oferujemy wszystkie rodzaje oprogramowania;<\/strong> Oprogramowanie antywirusowe, systemy operacyjne, oprogramowanie biurowe, oprogramowanie do edycji zdj\u0119\u0107 itp. Sprzedaj\u0105c oprogramowanie, oferujemy us\u0142ug\u0119, kt\u00f3ra wspiera u\u017cytkownika od A do Z. Nie zadowalamy si\u0119 mniej ni\u017c 100% satysfakcji.<br data-rich-text-line-break=\"true\" \/><br data-rich-text-line-break=\"true\" \/><br data-rich-text-line-break=\"true\" \/>Codziennie pracujemy nad rozszerzeniem naszych produkt\u00f3w\/us\u0142ug, a w przysz\u0142o\u015bci b\u0119dziemy mogli zaoferowa\u0107 wi\u0119cej produkt\u00f3w\/us\u0142ug.<\/p>\t\t\t\t\t\t\t\t<\/div>\n\t\t\t\t<\/div>\n\t\t\t\t<div class=\"elementor-element elementor-element-4711e6d elementor-widget elementor-widget-button\" data-id=\"4711e6d\" data-element_type=\"widget\" data-widget_type=\"button.default\">\n\t\t\t\t<div class=\"elementor-widget-container\">\n\t\t\t\t\t\t\t\t\t<div class=\"elementor-button-wrapper\">\n\t\t\t\t\t<a class=\"elementor-button elementor-button-link elementor-size-sm\" href=\"https:\/\/licencegrid.com\/pl\/contact\/\">\n\t\t\t\t\t\t<span class=\"elementor-button-content-wrapper\">\n\t\t\t\t\t\t\t\t\t<span class=\"elementor-button-text\">skontaktuj si\u0119 z nami<\/span>\n\t\t\t\t\t<\/span>\n\t\t\t\t\t<\/a>\n\t\t\t\t<\/div>\n\t\t\t\t\t\t\t\t<\/div>\n\t\t\t\t<\/div>\n\t\t\t\t\t<\/div>\n\t\t<\/div>\n\t\t\t\t<div class=\"elementor-column elementor-col-50 elementor-top-column elementor-element elementor-element-6fd84c0\" data-id=\"6fd84c0\" data-element_type=\"column\">\n\t\t\t<div class=\"elementor-widget-wrap elementor-element-populated\">\n\t\t\t\t\t\t<div class=\"elementor-element elementor-element-898199d elementor-widget elementor-widget-image\" data-id=\"898199d\" data-element_type=\"widget\" data-widget_type=\"image.default\">\n\t\t\t\t<div class=\"elementor-widget-container\">\n\t\t\t\t\t\t\t\t\t\t\t\t\t\t\t<img fetchpriority=\"high\" decoding=\"async\" width=\"1023\" height=\"240\" src=\"https:\/\/licencegrid.com\/wp-content\/uploads\/2025\/05\/cropped-4b3cb68e-8316-4bb5-bcb1-bfc472ce0025.png\" class=\"attachment-large size-large wp-image-51880\" alt=\"\" srcset=\"https:\/\/licencegrid.com\/wp-content\/uploads\/2025\/05\/cropped-4b3cb68e-8316-4bb5-bcb1-bfc472ce0025.png 1023w, https:\/\/licencegrid.com\/wp-content\/uploads\/2025\/05\/cropped-4b3cb68e-8316-4bb5-bcb1-bfc472ce0025-300x70.png 300w, https:\/\/licencegrid.com\/wp-content\/uploads\/2025\/05\/cropped-4b3cb68e-8316-4bb5-bcb1-bfc472ce0025-768x180.png 768w, https:\/\/licencegrid.com\/wp-content\/uploads\/2025\/05\/cropped-4b3cb68e-8316-4bb5-bcb1-bfc472ce0025-18x4.png 18w, https:\/\/licencegrid.com\/wp-content\/uploads\/2025\/05\/cropped-4b3cb68e-8316-4bb5-bcb1-bfc472ce0025-990x232.png 990w, https:\/\/licencegrid.com\/wp-content\/uploads\/2025\/05\/cropped-4b3cb68e-8316-4bb5-bcb1-bfc472ce0025-441x103.png 441w, https:\/\/licencegrid.com\/wp-content\/uploads\/2025\/05\/cropped-4b3cb68e-8316-4bb5-bcb1-bfc472ce0025-600x141.png 600w, https:\/\/licencegrid.com\/wp-content\/uploads\/2025\/05\/cropped-4b3cb68e-8316-4bb5-bcb1-bfc472ce0025-150x35.png 150w\" sizes=\"(max-width: 360px) 147px, (max-width: 1023px) 100vw, 1023px\" \/>\t\t\t\t\t\t\t\t\t\t\t\t\t\t\t<\/div>\n\t\t\t\t<\/div>\n\t\t\t\t\t<\/div>\n\t\t<\/div>\n\t\t\t\t\t<\/div>\n\t\t<\/section>\n\t\t\t\t<section class=\"elementor-section elementor-top-section elementor-element elementor-element-4f435c2 elementor-section-boxed elementor-section-height-default elementor-section-height-default\" data-id=\"4f435c2\" data-element_type=\"section\">\n\t\t\t\t\t\t<div class=\"elementor-container elementor-column-gap-default\">\n\t\t\t\t\t<div class=\"elementor-column elementor-col-33 elementor-top-column elementor-element elementor-element-5ba19f0\" data-id=\"5ba19f0\" data-element_type=\"column\">\n\t\t\t<div class=\"elementor-widget-wrap elementor-element-populated\">\n\t\t\t\t\t\t<div class=\"elementor-element elementor-element-86e32e4 elementor-widget elementor-widget-counter\" data-id=\"86e32e4\" data-element_type=\"widget\" data-widget_type=\"counter.default\">\n\t\t\t\t<div class=\"elementor-widget-container\">\n\t\t\t\t\t\t\t<div class=\"elementor-counter\">\n\t\t\t<div class=\"elementor-counter-title\">DOST\u0118PNE GODZINY DZIENNIE<\/div>\t\t\t<div class=\"elementor-counter-number-wrapper\">\n\t\t\t\t<span class=\"elementor-counter-number-prefix\"><\/span>\n\t\t\t\t<span class=\"elementor-counter-number\" data-duration=\"4000\" data-to-value=\"24\" data-from-value=\"0\" data-delimiter=\",\">0<\/span>\n\t\t\t\t<span class=\"elementor-counter-number-suffix\"><\/span>\n\t\t\t<\/div>\n\t\t<\/div>\n\t\t\t\t\t\t<\/div>\n\t\t\t\t<\/div>\n\t\t\t\t\t<\/div>\n\t\t<\/div>\n\t\t\t\t<div class=\"elementor-column elementor-col-33 elementor-top-column elementor-element elementor-element-e10129e\" data-id=\"e10129e\" data-element_type=\"column\">\n\t\t\t<div class=\"elementor-widget-wrap elementor-element-populated\">\n\t\t\t\t\t\t<div class=\"elementor-element elementor-element-92aeffc elementor-widget elementor-widget-counter\" data-id=\"92aeffc\" data-element_type=\"widget\" data-widget_type=\"counter.default\">\n\t\t\t\t<div class=\"elementor-widget-container\">\n\t\t\t\t\t\t\t<div class=\"elementor-counter\">\n\t\t\t<div class=\"elementor-counter-title\">SPRZEDANE LICENCJE<\/div>\t\t\t<div class=\"elementor-counter-number-wrapper\">\n\t\t\t\t<span class=\"elementor-counter-number-prefix\"><\/span>\n\t\t\t\t<span class=\"elementor-counter-number\" data-duration=\"4000\" data-to-value=\"15000\" data-from-value=\"0\" data-delimiter=\",\">0<\/span>\n\t\t\t\t<span class=\"elementor-counter-number-suffix\"><\/span>\n\t\t\t<\/div>\n\t\t<\/div>\n\t\t\t\t\t\t<\/div>\n\t\t\t\t<\/div>\n\t\t\t\t\t<\/div>\n\t\t<\/div>\n\t\t\t\t<div class=\"elementor-column elementor-col-33 elementor-top-column elementor-element elementor-element-5a991fc\" data-id=\"5a991fc\" data-element_type=\"column\">\n\t\t\t<div class=\"elementor-widget-wrap elementor-element-populated\">\n\t\t\t\t\t\t<div class=\"elementor-element elementor-element-43ae328 elementor-widget elementor-widget-counter\" data-id=\"43ae328\" data-element_type=\"widget\" data-widget_type=\"counter.default\">\n\t\t\t\t<div class=\"elementor-widget-container\">\n\t\t\t\t\t\t\t<div class=\"elementor-counter\">\n\t\t\t<div class=\"elementor-counter-title\">ZADOWOLENI KLIENCI<\/div>\t\t\t<div class=\"elementor-counter-number-wrapper\">\n\t\t\t\t<span class=\"elementor-counter-number-prefix\"><\/span>\n\t\t\t\t<span class=\"elementor-counter-number\" data-duration=\"4000\" data-to-value=\"3500\" data-from-value=\"0\" data-delimiter=\",\">0<\/span>\n\t\t\t\t<span class=\"elementor-counter-number-suffix\"><\/span>\n\t\t\t<\/div>\n\t\t<\/div>\n\t\t\t\t\t\t<\/div>\n\t\t\t\t<\/div>\n\t\t\t\t\t<\/div>\n\t\t<\/div>\n\t\t\t\t\t<\/div>\n\t\t<\/section>\n\t\t\t\t<\/div>","protected":false},"excerpt":{"rendered":"<p>About us We at E-Licensenest are specialized in the field of ICT. We sell Software We offer all kinds of software; Antivirus, Operating systems, Office software, Photo editing software etc. When selling software, a service is offered that supports you from A to Z. We do not settle for less than 100% satisfaction.We work daily [&hellip;]<\/p>","protected":false},"author":1,"featured_media":0,"parent":0,"menu_order":0,"comment_status":"closed","ping_status":"closed","template":"elementor_header_footer","meta":{"inline_featured_image":false,"footnotes":""},"class_list":["post-293","page","type-page","status-publish","hentry"],"_links":{"self":[{"href":"https:\/\/licencegrid.com\/pl\/wp-json\/wp\/v2\/pages\/293","targetHints":{"allow":["GET"]}}],"collection":[{"href":"https:\/\/licencegrid.com\/pl\/wp-json\/wp\/v2\/pages"}],"about":[{"href":"https:\/\/licencegrid.com\/pl\/wp-json\/wp\/v2\/types\/page"}],"author":[{"embeddable":true,"href":"https:\/\/licencegrid.com\/pl\/wp-json\/wp\/v2\/users\/1"}],"replies":[{"embeddable":true,"href":"https:\/\/licencegrid.com\/pl\/wp-json\/wp\/v2\/comments?post=293"}],"version-history":[{"count":3,"href":"https:\/\/licencegrid.com\/pl\/wp-json\/wp\/v2\/pages\/293\/revisions"}],"predecessor-version":[{"id":51884,"href":"https:\/\/licencegrid.com\/pl\/wp-json\/wp\/v2\/pages\/293\/revisions\/51884"}],"wp:attachment":[{"href":"https:\/\/licencegrid.com\/pl\/wp-json\/wp\/v2\/media?parent=293"}],"curies":[{"name":"wp","href":"https:\/\/api.w.org\/{rel}","templated":true}]}}