{"id":3,"date":"2022-02-26T08:29:23","date_gmt":"2022-02-26T08:29:23","guid":{"rendered":"https:\/\/licencegrid.com\/?page_id=3"},"modified":"2025-05-07T13:41:23","modified_gmt":"2025-05-07T13:41:23","slug":"privacybeleid","status":"publish","type":"page","link":"https:\/\/licencegrid.com\/pl\/privacybeleid\/","title":{"rendered":"Prywatno\u015b\u0107"},"content":{"rendered":"<div data-elementor-type=\"wp-page\" data-elementor-id=\"3\" class=\"elementor elementor-3\" data-elementor-post-type=\"page\">\n\t\t\t\t\t\t<section class=\"elementor-section elementor-top-section elementor-element elementor-element-608aeb6 elementor-section-boxed elementor-section-height-default elementor-section-height-default\" data-id=\"608aeb6\" data-element_type=\"section\" data-settings=\"{&quot;background_background&quot;:&quot;classic&quot;}\">\n\t\t\t\t\t\t<div class=\"elementor-container elementor-column-gap-default\">\n\t\t\t\t\t<div class=\"elementor-column elementor-col-100 elementor-top-column elementor-element elementor-element-1fc69a9\" data-id=\"1fc69a9\" data-element_type=\"column\">\n\t\t\t<div class=\"elementor-widget-wrap elementor-element-populated\">\n\t\t\t\t\t\t<div class=\"elementor-element elementor-element-a5407db elementor-widget elementor-widget-heading\" data-id=\"a5407db\" data-element_type=\"widget\" data-widget_type=\"heading.default\">\n\t\t\t\t<div class=\"elementor-widget-container\">\n\t\t\t\t\t<h1 class=\"elementor-heading-title elementor-size-default\">Polityka prywatno\u015bci<\/h1>\t\t\t\t<\/div>\n\t\t\t\t<\/div>\n\t\t\t\t<div class=\"elementor-element elementor-element-e2cd66b elementor-widget elementor-widget-text-editor\" data-id=\"e2cd66b\" data-element_type=\"widget\" data-widget_type=\"text-editor.default\">\n\t\t\t\t<div class=\"elementor-widget-container\">\n\t\t\t\t\t\t\t\t\t<p>Zdajemy sobie spraw\u0119, \u017ce u\u017cytkownicy obdarzaj\u0105 nas zaufaniem. Dlatego uwa\u017camy, \u017ce naszym obowi\u0105zkiem jest ochrona prywatno\u015bci u\u017cytkownik\u00f3w. Na tej stronie informujemy, jakie dane gromadzimy podczas korzystania z naszej witryny internetowej, dlaczego je gromadzimy i jak je wykorzystujemy, aby poprawi\u0107 komfort u\u017cytkowania. W ten spos\u00f3b u\u017cytkownik dok\u0142adnie rozumie, jak dzia\u0142amy.<\/p><p>Niniejsza polityka prywatno\u015bci dotyczy us\u0142ug \u015bwiadczonych przez SoftLoad. Nale\u017cy pami\u0119ta\u0107, \u017ce SoftLoad nie ponosi odpowiedzialno\u015bci za polityk\u0119 prywatno\u015bci innych stron i \u017ar\u00f3de\u0142. Korzystanie z tej strony internetowej oznacza akceptacj\u0119 polityki prywatno\u015bci.<\/p><p>\u00a0<\/p><div id=\"tw-target-text-container\" class=\"tw-ta-container tw-nfl\" tabindex=\"0\" role=\"text\"><pre id=\"tw-target-text\" class=\"tw-data-text tw-text-large tw-ta\" dir=\"ltr\" data-placeholder=\"Translation\" data-ved=\"2ahUKEwj735uRoJGNAxXQ8LsIHS-ZELAQ3ewLegQIChAV\" aria-label=\"Przet\u0142umaczony tekst: Nasze wykorzystanie zebranych danych\"><span class=\"Y2IQFc\" lang=\"en\">Wykorzystywanie przez nas zebranych danych<\/span><\/pre><\/div><p>Korzystanie z naszych us\u0142ug Podczas rejestracji w jednej z naszych us\u0142ug prosimy o podanie danych osobowych. Dane te s\u0105 wykorzystywane do \u015bwiadczenia us\u0142ugi. Dane te s\u0105 przechowywane na bezpiecznych serwerach SoftLoad lub na serwerach os\u00f3b trzecich. Nie \u0142\u0105czymy tych danych z innymi danymi osobowymi, kt\u00f3re posiadamy.<\/p><pre id=\"tw-target-text\" class=\"tw-data-text tw-text-large tw-ta\" dir=\"ltr\" data-placeholder=\"Translation\" data-ved=\"2ahUKEwj735uRoJGNAxXQ8LsIHS-ZELAQ3ewLegQIChAV\" aria-label=\"Przet\u0142umaczony tekst: Komunikacja\"><span class=\"Y2IQFc\" lang=\"en\">Komunikacja<\/span><\/pre><p>Gdy u\u017cytkownik wysy\u0142a nam wiadomo\u015bci e-mail lub inne wiadomo\u015bci, mo\u017cemy je zachowa\u0107. Czasami prosimy o podanie danych osobowych, kt\u00f3re s\u0105 istotne w danej sytuacji. Umo\u017cliwia to przetwarzanie pyta\u0144 i odpowiadanie na pro\u015bby. Dane te s\u0105 przechowywane na bezpiecznych serwerach SoftLoad lub serwerach os\u00f3b trzecich. Nie \u0142\u0105czymy tych danych z innymi danymi osobowymi, kt\u00f3re posiadamy.<\/p><pre id=\"tw-target-text\" class=\"tw-data-text tw-text-large tw-ta\" dir=\"ltr\" data-placeholder=\"Translation\" data-ved=\"2ahUKEwj735uRoJGNAxXQ8LsIHS-ZELAQ3ewLegQIChAV\" aria-label=\"Przet\u0142umaczony tekst: Pliki cookie\"><span class=\"Y2IQFc\" lang=\"en\">Pliki cookie<\/span><\/pre><p><br \/>Gromadzimy dane do cel\u00f3w badawczych, aby lepiej zrozumie\u0107 naszych klient\u00f3w, dzi\u0119ki czemu mo\u017cemy odpowiednio dostosowa\u0107 nasze us\u0142ugi. Niniejsza strona internetowa wykorzystuje pliki \"cookies\" (pliki tekstowe umieszczane na komputerze u\u017cytkownika) w celu umo\u017cliwienia witrynie przeanalizowania sposobu, w jaki u\u017cytkownicy z niej korzystaj\u0105. Informacje generowane przez pliki cookie na temat korzystania ze strony internetowej mog\u0105 by\u0107 przesy\u0142ane do bezpiecznych serwer\u00f3w SoftLoad lub serwer\u00f3w os\u00f3b trzecich. U\u017cywamy tych informacji do \u015bledzenia sposobu, w jaki u\u017cytkownik korzysta ze strony internetowej, do tworzenia raport\u00f3w dotycz\u0105cych aktywno\u015bci na stronie internetowej oraz do \u015bwiadczenia innych us\u0142ug zwi\u0105zanych z aktywno\u015bci\u0105 na stronie internetowej i korzystaniem z Internetu.<\/p><pre id=\"tw-target-text\" class=\"tw-data-text tw-text-large tw-ta\" dir=\"ltr\" data-placeholder=\"Translation\" data-ved=\"2ahUKEwj735uRoJGNAxXQ8LsIHS-ZELAQ3ewLegQIChAV\" aria-label=\"Przet\u0142umaczony tekst: Cele\"><span class=\"Y2IQFc\" lang=\"en\">Cele<\/span><\/pre><p><br \/>Nie gromadzimy ani nie wykorzystujemy informacji do cel\u00f3w innych ni\u017c opisane w niniejszej Polityce prywatno\u015bci, chyba \u017ce uzyskamy uprzedni\u0105 zgod\u0119 u\u017cytkownika.<\/p><div id=\"tw-target-text-container\" class=\"tw-ta-container tw-nfl\" tabindex=\"0\" role=\"text\"><pre id=\"tw-target-text\" class=\"tw-data-text tw-text-large tw-ta\" dir=\"ltr\" data-placeholder=\"Translation\" data-ved=\"2ahUKEwj735uRoJGNAxXQ8LsIHS-ZELAQ3ewLegQIChAV\" aria-label=\"Przet\u0142umaczony tekst: Strony trzecie\"><span class=\"Y2IQFc\" lang=\"en\">Strony trzecie<\/span><\/pre><\/div><p>Informacje te nie s\u0105 udost\u0119pniane stronom trzecim, z wyj\u0105tkiem aplikacji internetowych, z kt\u00f3rych korzystamy w naszym sklepie internetowym. Obejmuje to system oceny WebwinkelKeur. Dane te b\u0119d\u0105 wykorzystywane wy\u0142\u0105cznie do cel\u00f3w danej aplikacji i nie b\u0119d\u0105 dalej rozpowszechniane. Ponadto w niekt\u00f3rych przypadkach informacje mog\u0105 by\u0107 udost\u0119pniane wewn\u0119trznie. Nasi pracownicy s\u0105 zobowi\u0105zani do zachowania poufno\u015bci danych.<\/p><pre id=\"tw-target-text\" class=\"tw-data-text tw-text-large tw-ta\" dir=\"ltr\" data-placeholder=\"Translation\" data-ved=\"2ahUKEwj735uRoJGNAxXQ8LsIHS-ZELAQ3ewLegQIChAV\" aria-label=\"Przet\u0142umaczony tekst: Zmiany\"><span class=\"Y2IQFc\" lang=\"en\">Zmiany<\/span><\/pre><p><br \/>Niniejsze o\u015bwiadczenie o ochronie prywatno\u015bci jest dostosowane do korzystania i mo\u017cliwo\u015bci tej witryny. Wszelkie dostosowania i\/lub zmiany na tej stronie mog\u0105 prowadzi\u0107 do zmian w niniejszym o\u015bwiadczeniu o ochronie prywatno\u015bci. Dlatego zaleca si\u0119 regularne zapoznawanie si\u0119 z niniejszym o\u015bwiadczeniem o ochronie prywatno\u015bci.<\/p><pre id=\"tw-target-text\" class=\"tw-data-text tw-text-large tw-ta\" dir=\"ltr\" data-placeholder=\"Translation\" data-ved=\"2ahUKEwj735uRoJGNAxXQ8LsIHS-ZELAQ3ewLegQIChAV\" aria-label=\"Przet\u0142umaczony tekst: Wyb\u00f3r danych osobowych\"><span class=\"Y2IQFc\" lang=\"en\">Wyb\u00f3r danych osobowych<\/span>Zapewniamy wszystkim bezoekers de mogelijkheid tot het inzien, veranderen, of verwijderen alle persoonlijke informatie die op moment aan ons is verstrekt.<\/pre><p>Dostosowanie\/rezygnacja z subskrypcji us\u0142ugi newslettera Na dole ka\u017cdego mailingu znajduje si\u0119 opcja dostosowania danych lub rezygnacji z subskrypcji. Je\u015bli chcesz dostosowa\u0107 swoje dane lub usun\u0105\u0107 si\u0119 z naszych plik\u00f3w, mo\u017cesz skontaktowa\u0107 si\u0119 z nami. Dane kontaktowe znajduj\u0105 si\u0119 poni\u017cej. Wi\u0119kszo\u015b\u0107 przegl\u0105darek jest domy\u015blnie ustawiona na akceptowanie plik\u00f3w cookie, ale mo\u017cna zresetowa\u0107 przegl\u0105dark\u0119, aby odrzuca\u0142a wszystkie pliki cookie lub wskazywa\u0142a, kiedy plik cookie jest wysy\u0142any. Mo\u017cliwe jest jednak, \u017ce niekt\u00f3re funkcje i us\u0142ugi na naszej i innych stronach internetowych nie b\u0119d\u0105 dzia\u0142a\u0107 poprawnie, je\u015bli pliki cookie s\u0105 wy\u0142\u0105czone w przegl\u0105darce. Pytania i opinie Regularnie sprawdzamy, czy przestrzegamy niniejszej polityki prywatno\u015bci. W razie jakichkolwiek pyta\u0144 dotycz\u0105cych niniejszej polityki prywatno\u015bci mo\u017cna si\u0119 z nami skontaktowa\u0107:<\/p><p>info@licencegrid.com<\/p><p><div class=\"video-container\"><blockquote class=\"wp-embedded-content\" data-secret=\"a4f1UxlJka\"><a href=\"https:\/\/licencegrid.com\/pl\/\">Strona g\u0142\u00f3wna<\/a><\/blockquote><iframe class=\"wp-embedded-content\" sandbox=\"allow-scripts\" security=\"restricted\" style=\"position: absolute; visibility: hidden;\" title=\"&quot;Strona g\u0142\u00f3wna&quot; - LicenceGrid\" src=\"https:\/\/licencegrid.com\/embed\/#?secret=Hg9L5KLXIo#?secret=a4f1UxlJka\" data-secret=\"a4f1UxlJka\" width=\"600\" height=\"338\" frameborder=\"0\" marginwidth=\"0\" marginheight=\"0\" scrolling=\"no\"><\/iframe><\/div><\/p><p>Nie udost\u0119pniamy danych osobowych u\u017cytkownika stronom trzecim bez jego zgody. Doceniamy zaufanie, jakim nas obdarzasz i zrobimy wszystko, co w naszej mocy, aby chroni\u0107 Twoje dane osobowe. Dane osobowe s\u0105 wykorzystywane wy\u0142\u0105cznie do \u015bwiadczenia us\u0142ug, dla kt\u00f3rych zosta\u0142y nam powierzone. Mo\u017cesz usun\u0105\u0107 swoje dane, wysy\u0142aj\u0105c nam wiadomo\u015b\u0107 e-mail. https:\/\/licencegrid.com wykorzystuje pliki cookie i inne technologie w celu zwi\u0119kszenia komfortu korzystania z Internetu i \u015bledzenia sposobu korzystania z witryny, aby\u015bmy mogli na tej podstawie poprawi\u0107 jako\u015b\u0107 naszych us\u0142ug. Dzi\u0119ki plikom cookie mo\u017cemy wy\u015bwietla\u0107 r\u00f3\u017cne reklamy, sieci reklamowe (w tym Google Adsense), kt\u00f3re reklamuj\u0105 si\u0119 na tej stronie, mog\u0105 umieszcza\u0107 pliki cookie na komputerze u\u017cytkownika lub mog\u0105 wykorzystywa\u0107 sygna\u0142y nawigacyjne w celu gromadzenia informacji. https:\/\/licencegrid.com nie ma dost\u0119pu ani kontroli nad tymi plikami cookie, kt\u00f3re s\u0105 u\u017cywane przez zewn\u0119trznych reklamodawc\u00f3w. Nale\u017cy zapozna\u0107 si\u0119 z polityk\u0105 prywatno\u015bci tych stron trzecich, aby uzyska\u0107 bardziej szczeg\u00f3\u0142owe informacje na temat ich praktyk, a tak\u017ce instrukcje dotycz\u0105ce rezygnacji z niekt\u00f3rych rzeczy. Polityka prywatno\u015bci https:\/\/licencegrid.com nie ma tutaj zastosowania, nie mamy kontroli nad dzia\u0142aniami takich innych reklamodawc\u00f3w lub stron internetowych. Podczas odwiedzania naszej strony internetowej lub korzystania z niekt\u00f3rych naszych produkt\u00f3w, nasze serwery automatycznie rejestruj\u0105 informacje, takie jak adres URL, adres IP, typ i j\u0119zyk przegl\u0105darki oraz dat\u0119 i godzin\u0119 wizyty.<\/p>\t\t\t\t\t\t\t\t<\/div>\n\t\t\t\t<\/div>\n\t\t\t\t\t<\/div>\n\t\t<\/div>\n\t\t\t\t\t<\/div>\n\t\t<\/section>\n\t\t\t\t<\/div>","protected":false},"excerpt":{"rendered":"<p>Privacy Policy We are aware that you place your trust in us. We therefore see it as our responsibility to protect your privacy. On this page we let you know what data we collect when you use our website, why we collect this data and how we use it to improve your user experience. This [&hellip;]<\/p>","protected":false},"author":1,"featured_media":0,"parent":0,"menu_order":0,"comment_status":"closed","ping_status":"open","template":"elementor_header_footer","meta":{"inline_featured_image":false,"footnotes":""},"class_list":["post-3","page","type-page","status-publish","hentry"],"_links":{"self":[{"href":"https:\/\/licencegrid.com\/pl\/wp-json\/wp\/v2\/pages\/3","targetHints":{"allow":["GET"]}}],"collection":[{"href":"https:\/\/licencegrid.com\/pl\/wp-json\/wp\/v2\/pages"}],"about":[{"href":"https:\/\/licencegrid.com\/pl\/wp-json\/wp\/v2\/types\/page"}],"author":[{"embeddable":true,"href":"https:\/\/licencegrid.com\/pl\/wp-json\/wp\/v2\/users\/1"}],"replies":[{"embeddable":true,"href":"https:\/\/licencegrid.com\/pl\/wp-json\/wp\/v2\/comments?post=3"}],"version-history":[{"count":3,"href":"https:\/\/licencegrid.com\/pl\/wp-json\/wp\/v2\/pages\/3\/revisions"}],"predecessor-version":[{"id":51890,"href":"https:\/\/licencegrid.com\/pl\/wp-json\/wp\/v2\/pages\/3\/revisions\/51890"}],"wp:attachment":[{"href":"https:\/\/licencegrid.com\/pl\/wp-json\/wp\/v2\/media?parent=3"}],"curies":[{"name":"wp","href":"https:\/\/api.w.org\/{rel}","templated":true}]}}