{"id":37285,"date":"2022-07-08T15:07:31","date_gmt":"2022-07-08T15:07:31","guid":{"rendered":"https:\/\/licencegrid.com\/?page_id=37285"},"modified":"2025-05-07T13:42:18","modified_gmt":"2025-05-07T13:42:18","slug":"onze-producten","status":"publish","type":"page","link":"https:\/\/licencegrid.com\/pl\/onze-producten\/","title":{"rendered":"Nasze produkty"},"content":{"rendered":"<h2 class=\"wp-block-heading\"><\/h2>\n\n\n\n<p><\/p>\n\n\n\n<pre id=\"tw-target-text\" class=\"wp-block-preformatted\">Czy to w og\u00f3le legalne?<\/pre>\n\n\n\n<p><\/p>\n\n\n\n<p>Tak, Trybuna\u0142 Europejski zdecydowa\u0142, \u017ce dystrybucja wcze\u015bniej u\u017cywanych licencji na terenie Unii Europejskiej wchodzi w zakres handlu produktami u\u017cywanymi.<\/p>\n\n\n\n<p><\/p>\n\n\n\n<pre id=\"tw-target-text\" class=\"wp-block-preformatted\">Dlaczego warto kupowa\u0107 od ciebie, a nie od innych?<\/pre>\n\n\n\n<p><\/p>\n\n\n\n<p>W SoftLoad k\u0142adziemy du\u017cy nacisk na zadowolenie klienta. Mo\u017cna to r\u00f3wnie\u017c przeczyta\u0107 w naszych recenzjach na trustpilot. Pomo\u017cemy ka\u017cdemu w miar\u0119 naszych mo\u017cliwo\u015bci na odleg\u0142o\u015b\u0107. Jeste\u015bmy dost\u0119pni do godziny 23:00 i pomo\u017cemy ka\u017cdemu w tym czasie.<\/p>","protected":false},"excerpt":{"rendered":"<p>Is this even legal? Yes, the European Court has decided that the distribution of previously used licenses within the European Union falls under the trade in second-hand products. Why buy from you and not others? We at SoftLoad focus very much on customer satisfaction. This can also be read on our reviews on trustpilot. We [&hellip;]<\/p>","protected":false},"author":6785,"featured_media":0,"parent":0,"menu_order":0,"comment_status":"closed","ping_status":"closed","template":"","meta":{"inline_featured_image":false,"footnotes":""},"class_list":["post-37285","page","type-page","status-publish","hentry"],"_links":{"self":[{"href":"https:\/\/licencegrid.com\/pl\/wp-json\/wp\/v2\/pages\/37285","targetHints":{"allow":["GET"]}}],"collection":[{"href":"https:\/\/licencegrid.com\/pl\/wp-json\/wp\/v2\/pages"}],"about":[{"href":"https:\/\/licencegrid.com\/pl\/wp-json\/wp\/v2\/types\/page"}],"author":[{"embeddable":true,"href":"https:\/\/licencegrid.com\/pl\/wp-json\/wp\/v2\/users\/6785"}],"replies":[{"embeddable":true,"href":"https:\/\/licencegrid.com\/pl\/wp-json\/wp\/v2\/comments?post=37285"}],"version-history":[{"count":1,"href":"https:\/\/licencegrid.com\/pl\/wp-json\/wp\/v2\/pages\/37285\/revisions"}],"predecessor-version":[{"id":51891,"href":"https:\/\/licencegrid.com\/pl\/wp-json\/wp\/v2\/pages\/37285\/revisions\/51891"}],"wp:attachment":[{"href":"https:\/\/licencegrid.com\/pl\/wp-json\/wp\/v2\/media?parent=37285"}],"curies":[{"name":"wp","href":"https:\/\/api.w.org\/{rel}","templated":true}]}}