{"id":106,"date":"2023-10-10T20:57:49","date_gmt":"2023-10-10T20:57:49","guid":{"rendered":"https:\/\/licencegrid.com\/?post_type=product&#038;p=106"},"modified":"2024-01-11T11:52:26","modified_gmt":"2024-01-11T11:52:26","slug":"adobe-cc-ai-2022-macos-windows-1-apparaat-1-jaar","status":"publish","type":"product","link":"https:\/\/licencegrid.com\/pl\/produkt\/adobe-cc-ai-2022-macos-windows-1-apparaat-1-jaar\/","title":{"rendered":"Adobe CC Ai - MacOS\/Windows - 1 Apparaat - 1 Jaar"},"content":{"rendered":"<p>Adobe Creative Cloud AI to najnowszy i najbardziej zaawansowany pakiet oprogramowania dla kreatywnych profesjonalist\u00f3w. Ten zaawansowany zestaw narz\u0119dzi \u0142\u0105czy w sobie najwa\u017cniejsze funkcje Adobe Creative Cloud z inteligentn\u0105 sztuczn\u0105 inteligencj\u0105 (AI), aby umo\u017cliwi\u0107 rewolucj\u0119 w kreatywno\u015bci. Je\u015bli jeste\u015b grafikiem, fotografem, tw\u00f3rc\u0105 wideo lub webmasterem, Adobe Creative Cloud AI pomo\u017ce Ci usprawni\u0107 proces tw\u00f3rczy i skierowa\u0107 Twoje projekty na nowe tory.<\/p>\n<p><strong>Najwa\u017cniejsze informacje:<\/strong><\/p>\n<ol>\n<li><strong>AI-aangedreven creativiteit:<\/strong> Adobe Creative Cloud AI wykorzystuje zaawansowan\u0105 inteligencj\u0119 kunstmatyczn\u0105, aby pom\u00f3c w tworzeniu nowych mo\u017cliwo\u015bci tw\u00f3rczych. Je\u015bli nie masz ochoty na inspiracj\u0119, retusz zdj\u0119\u0107, optymalizacj\u0119 wideo lub tworzenie element\u00f3w graficznych, AI jest dla Ciebie pomocna.<\/li>\n<li><strong>Wi\u0119ksza produktywno\u015b\u0107:<\/strong> Ta wersja wprowadza zmiany w przep\u0142ywie pracy i zawiera nowe funkcje zwi\u0119kszaj\u0105ce produktywno\u015b\u0107. Dzi\u0119ki najnowocze\u015bniejszym narz\u0119dziom, takim jak zaawansowane mechanizmy przetwarzania, uproszczona automatyzacja i integracja z Adobe Document Cloud, mo\u017cesz pracowa\u0107 wydajniej ni\u017c kiedykolwiek wcze\u015bniej.<\/li>\n<li><strong>Creatieve samenwerking:<\/strong> Adobe Creative Cloud AI umo\u017cliwia jeszcze lepsz\u0105 samodzieln\u0105 prac\u0119. Dzi\u0119ki zaawansowanym narz\u0119dziom do tworzenia i obs\u0142ugi najlepszych zlece\u0144, pracy samodzielnej w czasie rzeczywistym i w\u0142\u0105czaniu projekt\u00f3w do wszystkich aplikacji, mo\u017cesz w \u0142atwy spos\u00f3b pracowa\u0107 samodzielnie z kolegami i wsp\u00f3\u0142pracownikami.<\/li>\n<li><strong>Uitgebreide creatieve gereedschapskist:<\/strong> Ten pakiet zawiera popularne aplikacje kreatywne, takie jak Photoshop, Illustrator, Premiere Pro i After Effects, a nawet nowe funkcje AI dla ka\u017cdego z tych program\u00f3w. Adobe Creative Cloud AI zawiera wszystko, czego potrzebujesz, je\u015bli nie chcesz zajmowa\u0107 si\u0119 beeldbewerkingiem, ilustracj\u0105, wideobewerkingiem lub animacj\u0105.<\/li>\n<li><strong>Regularne aktualizacje i cloudopslag:<\/strong> Adobe Creative Cloud AI zapewnia dost\u0119p do nowych aktualizacji i funkcji, o ile s\u0105 one dost\u0119pne. Ponadto zyskujesz 100 GB na dost\u0119p do chmury, dzi\u0119ki czemu mo\u017cesz w pe\u0142ni korzysta\u0107 z najlepszych rozwi\u0105za\u0144 i \u0142atwo udost\u0119pnia\u0107 je innym.<\/li>\n<\/ol>\n<p>Adobe Creative Cloud AI (dost\u0119pny od 1 roku) to wyj\u0105tkowe narz\u0119dzie dla wszystkich kreatywnych profesjonalist\u00f3w, kt\u00f3rzy stawiaj\u0105 na innowacyjno\u015b\u0107 i rozw\u00f3j w swojej pracy. Dzi\u0119ki inteligentnym rozwi\u0105zaniom i wysokiej jako\u015bci us\u0142ugom Adobe, pakiet ten stanowi nowe mo\u017cliwo\u015bci dla kreatywnych u\u017cytkownik\u00f3w. Zacznij od dzi\u015b z Adobe Creative Cloud AI 2022 i zobacz, jak Twoja kreatywno\u015b\u0107 mo\u017ce si\u0119 rozwija\u0107.<\/p>","protected":false},"excerpt":{"rendered":"<p>Adobe Creative Cloud AI to najnowszy i najbardziej zaawansowany pakiet oprogramowania dla kreatywnych profesjonalist\u00f3w. Ten zaawansowany zestaw narz\u0119dzi \u0142\u0105czy w sobie najwa\u017cniejsze funkcje Adobe Creative Cloud z inteligentn\u0105 sztuczn\u0105 inteligencj\u0105 (AI), aby umo\u017cliwi\u0107 rewolucj\u0119 w kreatywno\u015bci. Je\u015bli jeste\u015b grafikiem, fotografem, tw\u00f3rc\u0105 wideo lub webmasterem, Adobe Creative Cloud AI pomo\u017ce Ci usprawni\u0107 proces tw\u00f3rczy i skierowa\u0107 Twoje projekty na nowe tory.<\/p>\n<h5><img decoding=\"async\" class=\"wp-image-38007 alignnone\" src=\"https:\/\/licencegrid.com\/wp-content\/uploads\/2022\/02\/blue-mark.png\" alt=\"\" width=\"25\" height=\"25\" srcset=\"https:\/\/licencegrid.com\/wp-content\/uploads\/2022\/02\/blue-mark.png 225w, https:\/\/licencegrid.com\/wp-content\/uploads\/2022\/02\/blue-mark-150x150.png 150w\" sizes=\"(max-width: 25px) 100vw, 25px\" \/>\u00a0<strong>Szybka i prosta obs\u0142uga oprogramowania!<br \/>\n<\/strong><img decoding=\"async\" class=\"wp-image-38007 alignnone\" src=\"https:\/\/licencegrid.com\/wp-content\/uploads\/2022\/02\/blue-mark.png\" alt=\"\" width=\"25\" height=\"25\" srcset=\"https:\/\/licencegrid.com\/wp-content\/uploads\/2022\/02\/blue-mark.png 225w, https:\/\/licencegrid.com\/wp-content\/uploads\/2022\/02\/blue-mark-150x150.png 150w\" sizes=\"(max-width: 25px) 100vw, 25px\" \/>\u00a0<strong>Binnen enkele seconden, digitaal geleverd!<br \/>\n<\/strong><img decoding=\"async\" class=\"wp-image-38007 alignnone\" src=\"https:\/\/licencegrid.com\/wp-content\/uploads\/2022\/02\/blue-mark.png\" alt=\"\" width=\"25\" height=\"25\" srcset=\"https:\/\/licencegrid.com\/wp-content\/uploads\/2022\/02\/blue-mark.png 225w, https:\/\/licencegrid.com\/wp-content\/uploads\/2022\/02\/blue-mark-150x150.png 150w\" sizes=\"(max-width: 25px) 100vw, 25px\" \/>\u00a0<strong>Niet goed = Geld terug!<br \/>\n<\/strong><img decoding=\"async\" class=\"wp-image-38007 alignnone\" src=\"https:\/\/licencegrid.com\/wp-content\/uploads\/2022\/02\/blue-mark.png\" alt=\"\" width=\"25\" height=\"25\" srcset=\"https:\/\/licencegrid.com\/wp-content\/uploads\/2022\/02\/blue-mark.png 225w, https:\/\/licencegrid.com\/wp-content\/uploads\/2022\/02\/blue-mark-150x150.png 150w\" sizes=\"(max-width: 25px) 100vw, 25px\" \/> Klantenservice tot 23:00 bereikbaar!<br \/>\n<img decoding=\"async\" class=\"wp-image-38007 alignnone\" src=\"https:\/\/licencegrid.com\/wp-content\/uploads\/2022\/02\/blue-mark.png\" alt=\"\" width=\"25\" height=\"25\" srcset=\"https:\/\/licencegrid.com\/wp-content\/uploads\/2022\/02\/blue-mark.png 225w, https:\/\/licencegrid.com\/wp-content\/uploads\/2022\/02\/blue-mark-150x150.png 150w\" sizes=\"(max-width: 25px) 100vw, 25px\" \/> Skorzystaj z holenderskiego sklepu internetowego z kluczem do sklepu internetowego!<\/h5>\n<h3><\/h3>","protected":false},"featured_media":128,"template":"","meta":{"inline_featured_image":false},"product_brand":[],"product_cat":[19],"product_tag":[],"class_list":{"0":"post-106","1":"product","2":"type-product","3":"status-publish","4":"has-post-thumbnail","6":"product_cat-multimedia","8":"first","9":"outofstock","10":"sale","11":"taxable","12":"shipping-taxable","13":"purchasable","14":"product-type-simple"},"_links":{"self":[{"href":"https:\/\/licencegrid.com\/pl\/wp-json\/wp\/v2\/product\/106","targetHints":{"allow":["GET"]}}],"collection":[{"href":"https:\/\/licencegrid.com\/pl\/wp-json\/wp\/v2\/product"}],"about":[{"href":"https:\/\/licencegrid.com\/pl\/wp-json\/wp\/v2\/types\/product"}],"wp:featuredmedia":[{"embeddable":true,"href":"https:\/\/licencegrid.com\/pl\/wp-json\/wp\/v2\/media\/128"}],"wp:attachment":[{"href":"https:\/\/licencegrid.com\/pl\/wp-json\/wp\/v2\/media?parent=106"}],"wp:term":[{"taxonomy":"product_brand","embeddable":true,"href":"https:\/\/licencegrid.com\/pl\/wp-json\/wp\/v2\/product_brand?post=106"},{"taxonomy":"product_cat","embeddable":true,"href":"https:\/\/licencegrid.com\/pl\/wp-json\/wp\/v2\/product_cat?post=106"},{"taxonomy":"product_tag","embeddable":true,"href":"https:\/\/licencegrid.com\/pl\/wp-json\/wp\/v2\/product_tag?post=106"}],"curies":[{"name":"wp","href":"https:\/\/api.w.org\/{rel}","templated":true}]}}