{"id":107,"date":"2023-10-10T20:57:50","date_gmt":"2023-10-10T20:57:50","guid":{"rendered":"https:\/\/licencegrid.com\/?post_type=product&#038;p=107"},"modified":"2025-05-07T12:07:10","modified_gmt":"2025-05-07T12:07:10","slug":"adobe-acrobat-pro-dc-1-jaar-1-gebruiker-pc-mac","status":"publish","type":"product","link":"https:\/\/licencegrid.com\/pl\/produkt\/adobe-acrobat-pro-dc-1-jaar-1-gebruiker-pc-mac\/","title":{"rendered":"Adobe Acrobat Professional 2020 - MacOS\/Windows"},"content":{"rendered":"<p>Adobe Acrobat Pro DC to najpopularniejsze oprogramowanie do obs\u0142ugi plik\u00f3w PDF dla u\u017cytkownik\u00f3w profesjonalnych i firm. To wyj\u0105tkowe oprogramowanie do obs\u0142ugi plik\u00f3w PDF umo\u017cliwia tworzenie, przetwarzanie, konwertowanie i dostarczanie wi\u0119kszej liczby dokument\u00f3w, zapewniaj\u0105c pe\u0142n\u0105 kontrol\u0119 nad cyfrowymi dokumentami i przep\u0142ywem pracy. Je\u015bli pracujesz w firmie, jako freelancer lub w przedsi\u0119biorstwie, Adobe Acrobat Pro DC oferuje narz\u0119dzia niezb\u0119dne do wydajnej pracy i tworzenia profesjonalnych dokument\u00f3w.<\/p>\n<p><strong>Najwa\u017cniejsze informacje:<\/strong><\/p>\n<ol>\n<li><strong>Tworzenie i przetwarzanie plik\u00f3w PDF:<\/strong> Adobe Acrobat Pro DC umo\u017cliwia tworzenie dokument\u00f3w PDF w r\u00f3\u017cnych formatach i przesy\u0142anie ich do innych u\u017cytkownik\u00f3w. Dzi\u0119ki interfejsowi Adobe mo\u017cna tworzy\u0107 teksty i elementy dodatkowe, weryfikowa\u0107 je lub przetwarza\u0107, zmienia\u0107 strony i wiele wi\u0119cej.<\/li>\n<li><strong>Narz\u0119dzia do konwersji:<\/strong> Konwertuj pliki PDF na inne programy, takie jak Word, Excel lub PowerPoint, a tak\u017ce zachowaj przejrzysto\u015b\u0107 i jako\u015b\u0107 swoich dokument\u00f3w.<\/li>\n<li><strong>Zarz\u0105dzanie dokumentami:<\/strong> Najlepsze informacje z zaawansowanymi funkcjami u\u0142atwie\u0144 dost\u0119pu. Program Adobe Acrobat Pro DC umo\u017cliwia wprowadzanie s\u0142\u00f3w kluczowych, obs\u0142ug\u0119 maszyn, wykonywanie cyfrowych operacji r\u0119cznych oraz wersjonowanie dokument\u00f3w.<\/li>\n<li><strong>Efektywna wsp\u00f3\u0142praca:<\/strong> Usprawnij wsp\u00f3\u0142prac\u0119 w zespo\u0142ach za pomoc\u0105 narz\u0119dzi, znacznik\u00f3w i narz\u0119dzi do weryfikacji. B\u0119dziesz m\u00f3g\u0142 weryfikowa\u0107 wa\u017cne informacje zwrotne i wskaz\u00f3wki, dzi\u0119ki kt\u00f3rym proces przegl\u0105du b\u0119dzie przebiega\u0142 sprawnie.<\/li>\n<li><strong>Integracja z chmur\u0105 obliczeniow\u0105:<\/strong> Adobe Acrobat Pro DC jest zintegrowany z Adobe Document Cloud, dzi\u0119ki czemu dokumenty mog\u0105 by\u0107 otwierane i dostarczane w chmurze. Dzi\u0119ki temu mo\u017cna uzyska\u0107 dost\u0119p do wszystkich najlepszych rozwi\u0105za\u0144 za po\u015brednictwem jednej aplikacji.<\/li>\n<li><strong>Mobiele toegang:<\/strong> Aplikacja Adobe Acrobat Reader umo\u017cliwia dost\u0119p do dokument\u00f3w PDF. Dokumenty mo\u017cna pobiera\u0107, przetwarza\u0107 i edytowa\u0107 na urz\u0105dzeniu mobilnym.<\/li>\n<\/ol>\n<p>Adobe Acrobat Pro DC zawiera narz\u0119dzia, kt\u00f3rych potrzebujemy do tworzenia dokument\u00f3w i osi\u0105gania profesjonalnych wynik\u00f3w. Je\u015bli nie tworzysz, nie przetwarzasz, nie konwertujesz ani nie zapisujesz plik\u00f3w PDF, oprogramowanie to jest niezb\u0119dne dla profesjonalist\u00f3w pracuj\u0105cych z dokumentami cyfrowymi. Dzi\u0119ki niemu mo\u017cna zwi\u0119kszy\u0107 produktywno\u015b\u0107 i poprawi\u0107 jako\u015b\u0107 dokument\u00f3w. Uzyskaj dost\u0119p do Adobe Acrobat Pro DC i wzmocnij swoje dokumenty na najwy\u017cszym poziomie.<\/p>","protected":false},"excerpt":{"rendered":"<p>Adobe Acrobat Pro DC to najpopularniejsze oprogramowanie do obs\u0142ugi plik\u00f3w PDF dla u\u017cytkownik\u00f3w profesjonalnych i firm. To wyj\u0105tkowe oprogramowanie do obs\u0142ugi plik\u00f3w PDF umo\u017cliwia tworzenie, przetwarzanie, konwertowanie i dostarczanie wi\u0119kszej liczby dokument\u00f3w, zapewniaj\u0105c pe\u0142n\u0105 kontrol\u0119 nad cyfrowymi dokumentami i przep\u0142ywem pracy. Je\u015bli pracujesz w firmie, jako freelancer lub w przedsi\u0119biorstwie, Adobe Acrobat Pro DC oferuje narz\u0119dzia niezb\u0119dne do wydajnej pracy i tworzenia profesjonalnych dokument\u00f3w.<\/p>\n<h5><img decoding=\"async\" class=\"wp-image-38007 alignnone\" src=\"https:\/\/licencegrid.com\/wp-content\/uploads\/2022\/02\/blue-mark.png\" alt=\"\" width=\"25\" height=\"25\" srcset=\"https:\/\/licencegrid.com\/wp-content\/uploads\/2022\/02\/blue-mark.png 225w, https:\/\/licencegrid.com\/wp-content\/uploads\/2022\/02\/blue-mark-150x150.png 150w\" sizes=\"(max-width: 25px) 100vw, 25px\" \/>\u00a0<strong>Szybka i prosta obs\u0142uga oprogramowania!<br \/>\n<\/strong><img decoding=\"async\" class=\"wp-image-38007 alignnone\" src=\"https:\/\/licencegrid.com\/wp-content\/uploads\/2022\/02\/blue-mark.png\" alt=\"\" width=\"25\" height=\"25\" srcset=\"https:\/\/licencegrid.com\/wp-content\/uploads\/2022\/02\/blue-mark.png 225w, https:\/\/licencegrid.com\/wp-content\/uploads\/2022\/02\/blue-mark-150x150.png 150w\" sizes=\"(max-width: 25px) 100vw, 25px\" \/>\u00a0<strong>Binnen enkele seconden, digitaal geleverd!<br \/>\n<\/strong><img decoding=\"async\" class=\"wp-image-38007 alignnone\" src=\"https:\/\/licencegrid.com\/wp-content\/uploads\/2022\/02\/blue-mark.png\" alt=\"\" width=\"25\" height=\"25\" srcset=\"https:\/\/licencegrid.com\/wp-content\/uploads\/2022\/02\/blue-mark.png 225w, https:\/\/licencegrid.com\/wp-content\/uploads\/2022\/02\/blue-mark-150x150.png 150w\" sizes=\"(max-width: 25px) 100vw, 25px\" \/>\u00a0<strong>Niet goed = Geld terug!<br \/>\n<\/strong><img decoding=\"async\" class=\"wp-image-38007 alignnone\" src=\"https:\/\/licencegrid.com\/wp-content\/uploads\/2022\/02\/blue-mark.png\" alt=\"\" width=\"25\" height=\"25\" srcset=\"https:\/\/licencegrid.com\/wp-content\/uploads\/2022\/02\/blue-mark.png 225w, https:\/\/licencegrid.com\/wp-content\/uploads\/2022\/02\/blue-mark-150x150.png 150w\" sizes=\"(max-width: 25px) 100vw, 25px\" \/> Klantenservice tot 23:00 bereikbaar!<br \/>\n<img decoding=\"async\" class=\"wp-image-38007 alignnone\" src=\"https:\/\/licencegrid.com\/wp-content\/uploads\/2022\/02\/blue-mark.png\" alt=\"\" width=\"25\" height=\"25\" srcset=\"https:\/\/licencegrid.com\/wp-content\/uploads\/2022\/02\/blue-mark.png 225w, https:\/\/licencegrid.com\/wp-content\/uploads\/2022\/02\/blue-mark-150x150.png 150w\" sizes=\"(max-width: 25px) 100vw, 25px\" \/> Skorzystaj z holenderskiego sklepu internetowego z kluczem do sklepu internetowego!<\/h5>\n<h3><\/h3>","protected":false},"featured_media":38908,"template":"","meta":{"inline_featured_image":false},"product_brand":[],"product_cat":[19],"product_tag":[],"class_list":{"0":"post-107","1":"product","2":"type-product","3":"status-publish","4":"has-post-thumbnail","6":"product_cat-multimedia","8":"first","9":"instock","10":"sale","11":"taxable","12":"shipping-taxable","13":"purchasable","14":"product-type-simple"},"_links":{"self":[{"href":"https:\/\/licencegrid.com\/pl\/wp-json\/wp\/v2\/product\/107","targetHints":{"allow":["GET"]}}],"collection":[{"href":"https:\/\/licencegrid.com\/pl\/wp-json\/wp\/v2\/product"}],"about":[{"href":"https:\/\/licencegrid.com\/pl\/wp-json\/wp\/v2\/types\/product"}],"wp:featuredmedia":[{"embeddable":true,"href":"https:\/\/licencegrid.com\/pl\/wp-json\/wp\/v2\/media\/38908"}],"wp:attachment":[{"href":"https:\/\/licencegrid.com\/pl\/wp-json\/wp\/v2\/media?parent=107"}],"wp:term":[{"taxonomy":"product_brand","embeddable":true,"href":"https:\/\/licencegrid.com\/pl\/wp-json\/wp\/v2\/product_brand?post=107"},{"taxonomy":"product_cat","embeddable":true,"href":"https:\/\/licencegrid.com\/pl\/wp-json\/wp\/v2\/product_cat?post=107"},{"taxonomy":"product_tag","embeddable":true,"href":"https:\/\/licencegrid.com\/pl\/wp-json\/wp\/v2\/product_tag?post=107"}],"curies":[{"name":"wp","href":"https:\/\/api.w.org\/{rel}","templated":true}]}}