{"id":14,"date":"2022-02-26T09:21:11","date_gmt":"2022-02-26T09:21:11","guid":{"rendered":"https:\/\/licencegrid.com\/?post_type=product&#038;p=14"},"modified":"2025-05-07T11:46:59","modified_gmt":"2025-05-07T11:46:59","slug":"windows-10-pro","status":"publish","type":"product","link":"https:\/\/licencegrid.com\/pl\/produkt\/windows-10-pro\/","title":{"rendered":"Do\u017cywotnia licencja na Windows 10\/11 (home - pro)"},"content":{"rendered":"<h3 class=\"wp-block-heading\"><strong>Przenaszalna a nieprzenaszalna licencja Windows - pe\u0142ne por\u00f3wnanie<\/strong><\/h3>\n\n\n\n<figure class=\"wp-block-table\"><table class=\"has-fixed-layout\"><tbody><tr><td><strong>Cecha<\/strong><\/td><td><strong>Licencja zbywalna<\/strong><\/td><td><strong>Licencja niezbywalna<\/strong><\/td><\/tr><tr><td><strong>Mo\u017cliwo\u015b\u0107 przeniesienia na inny komputer<\/strong><\/td><td><strong>Tak<\/strong><\/td><td><strong>Nie - powi\u0105zany z pierwszym urz\u0105dzeniem, na kt\u00f3rym zosta\u0142 aktywowany.<\/strong><\/td><\/tr><tr><td><strong>Mo\u017cliwo\u015b\u0107 po\u0142\u0105czenia z dowolnym kontem Microsoft<\/strong><\/td><td><strong>Tak<\/strong><\/td><td><strong>Nie<\/strong><\/td><\/tr><tr><td><strong>Reaktywacja po zmianie sprz\u0119tu<\/strong><\/td><td><strong>\u2705 \u0141atwe rozwi\u0105zywanie problem\u00f3w poprzez aktywacj\u0119<\/strong><\/td><td><strong>\u274c Cz\u0119sto zawodzi - mo\u017ce by\u0107 wymagana nowa licencja<\/strong><\/td><\/tr><tr><td><strong>Wycena<\/strong><\/td><td><strong>Wy\u017cszy (ale bardziej elastyczny)<\/strong><\/td><td><strong>\ud83d\udcb0 Ni\u017cszy (ale zablokowany)<\/strong><\/td><\/tr><\/tbody><\/table><\/figure>\n\n\n\n<p><\/p>\n\n\n\n<p><\/p>\n\n\n\n<h3 class=\"wp-block-heading\"><strong>Dlaczego warto uaktualni\u0107 do wersji pro ju\u017c dzi\u015b\u00a0<\/strong><\/h3>\n\n\n\n<figure class=\"wp-block-table\"><table class=\"has-fixed-layout\"><tbody><tr><td><strong>Cecha<\/strong><\/td><td><strong>Windows Home<\/strong><\/td><td><strong>Windows Pro<\/strong><\/td><\/tr><tr><td><strong>Szyfrowanie BitLocker<\/strong><\/td><td>Niedost\u0119pne<\/td><td>W zestawie<\/td><\/tr><tr><td><strong>Pulpit zdalny (host)<\/strong><\/td><td>Nie mo\u017cna hostowa\u0107<\/td><td>Mo\u017ce obs\u0142ugiwa\u0107 po\u0142\u0105czenia zdalne<\/td><\/tr><tr><td><strong>Edytor zasad grupy<\/strong><\/td><td>Niedost\u0119pne<\/td><td>W zestawie<\/td><\/tr><tr><td><strong>Do\u0142\u0105czanie do domeny \/ do\u0142\u0105czanie do us\u0142ugi Azure AD<\/strong><\/td><td>Nieobs\u0142ugiwane<\/td><td>Obs\u0142ugiwane<\/td><\/tr><tr><td><strong>Windows Sandbox \/ Hyper-V<\/strong><\/td><td>Nieobs\u0142ugiwane<\/td><td>Dost\u0119pne (do wirtualizacji i testowania)<\/td><\/tr><tr><td><strong>Przydzielony dost\u0119p \/ tryb kiosku<\/strong><\/td><td>Niedost\u0119pne<\/td><td>Dost\u0119pne<\/td><\/tr><tr><td><strong>Windows Update dla Firm<\/strong><\/td><td>Brak w zestawie<\/td><td>W zestawie<\/td><\/tr><tr><td><strong>Maksymalna obs\u0142uga pami\u0119ci RAM<\/strong><\/td><td>Do 128 GB (Win 11)<\/td><td>Do 2 TB (Win 11)<br><br><br><br><\/td><\/tr><\/tbody><\/table><\/figure>\n\n\n\n<h4 class=\"wp-block-heading\"><strong>\u26a0\ufe0f Wa\u017cne:<\/strong><\/h4>\n\n\n\n<ul class=\"wp-block-list\">\n<li><strong>Jest to produkt cyfrowy - nie zostanie wys\u0142any \u017caden przedmiot fizyczny.<\/strong><\/li>\n<\/ul>\n\n\n\n<p><\/p>","protected":false},"excerpt":{"rendered":"<h3><b>Co wchodzi w sk\u0142ad zestawu?<\/b><\/h3>\n<ul>\n<li aria-level=\"1\"><b>Oryginalny klucz licencyjny Windows\u00a0<\/b><\/li>\n<\/ul>\n<ul>\n<li aria-level=\"1\"><b>Natychmiastowe dostarczanie wiadomo\u015bci e-mail<\/b><\/li>\n<\/ul>\n<ul>\n<li aria-level=\"1\"><b>Instrukcje aktywacji krok po kroku<\/b><\/li>\n<\/ul>\n<ul>\n<li aria-level=\"1\"><b>24-godzinna przyjazna obs\u0142uga klienta w razie potrzeby<\/b><\/li>\n<\/ul>\n<p>&nbsp;<\/p>","protected":false},"featured_media":51858,"template":"","meta":{"inline_featured_image":false},"product_brand":[],"product_cat":[16],"product_tag":[],"class_list":{"0":"post-14","1":"product","2":"type-product","3":"status-publish","4":"has-post-thumbnail","6":"product_cat-operation-system","8":"first","9":"instock","10":"taxable","11":"shipping-taxable","12":"purchasable","13":"product-type-variable"},"_links":{"self":[{"href":"https:\/\/licencegrid.com\/pl\/wp-json\/wp\/v2\/product\/14","targetHints":{"allow":["GET"]}}],"collection":[{"href":"https:\/\/licencegrid.com\/pl\/wp-json\/wp\/v2\/product"}],"about":[{"href":"https:\/\/licencegrid.com\/pl\/wp-json\/wp\/v2\/types\/product"}],"wp:featuredmedia":[{"embeddable":true,"href":"https:\/\/licencegrid.com\/pl\/wp-json\/wp\/v2\/media\/51858"}],"wp:attachment":[{"href":"https:\/\/licencegrid.com\/pl\/wp-json\/wp\/v2\/media?parent=14"}],"wp:term":[{"taxonomy":"product_brand","embeddable":true,"href":"https:\/\/licencegrid.com\/pl\/wp-json\/wp\/v2\/product_brand?post=14"},{"taxonomy":"product_cat","embeddable":true,"href":"https:\/\/licencegrid.com\/pl\/wp-json\/wp\/v2\/product_cat?post=14"},{"taxonomy":"product_tag","embeddable":true,"href":"https:\/\/licencegrid.com\/pl\/wp-json\/wp\/v2\/product_tag?post=14"}],"curies":[{"name":"wp","href":"https:\/\/api.w.org\/{rel}","templated":true}]}}