{"id":28,"date":"2022-02-26T09:21:13","date_gmt":"2022-02-26T09:21:13","guid":{"rendered":"https:\/\/licencegrid.com\/?post_type=product&#038;p=28"},"modified":"2023-10-25T17:54:10","modified_gmt":"2023-10-25T17:54:10","slug":"office-2019-home-and-business","status":"publish","type":"product","link":"https:\/\/licencegrid.com\/pl\/produkt\/office-2019-home-and-business\/","title":{"rendered":"Office 2019 dla U\u017cytkownik\u00f3w Domowych i Ma\u0142ych Firm"},"content":{"rendered":"<h3 style=\"text-align: center;\">Microsoft Office 2019 dla U\u017cytkownik\u00f3w Domowych i Ma\u0142ych Firm<\/h3>\n<p>Microsoft Office 2019 dla U\u017cytkownik\u00f3w Domowych i Ma\u0142ych Firm to kompletny pakiet narz\u0119dzi przeznaczony specjalnie dla ma\u0142ych firm i przedsi\u0119biorstw, kt\u00f3re potrzebuj\u0105 zaawansowanych narz\u0119dzi do zwi\u0119kszania produktywno\u015bci, organizacji i komunikacji. Pakiet ten zawiera aplikacje niezb\u0119dne do realizacji projekt\u00f3w biznesowych i osobistych.<\/p>\n<p><strong>Aplikacje wewn\u0119trzne:<\/strong> Office 2019 Home and Business zawiera nast\u0119puj\u0105ce niezb\u0119dne aplikacje:<\/p>\n<ul>\n<li><strong>Microsoft Word:<\/strong> Do tworzenia i wystawiania profesjonalnych dokument\u00f3w i raport\u00f3w.<\/li>\n<li><strong>Microsoft Excel:<\/strong> Do analizowania wynik\u00f3w, zarz\u0105dzania finansami i tworzenia zaawansowanych arkuszy kalkulacyjnych.<\/li>\n<li><strong>Microsoft PowerPoint:<\/strong> W celu uzyskania dodatkowych informacji o prezentacjach dla klient\u00f3w.<\/li>\n<li><strong>Microsoft Outlook:<\/strong> Do obs\u0142ugi wiadomo\u015bci e-mail, kontakt\u00f3w i kontakt\u00f3w.<\/li>\n<li><strong>Microsoft OneNote:<\/strong> Do tworzenia notatek, tworzenia pomys\u0142\u00f3w i organizowania blok\u00f3w notatek.<\/li>\n<\/ul>\n<p><strong>Kenmerken en Voordelen:<\/strong><\/p>\n<ul>\n<li><em>Narz\u0119dzia zwi\u0119kszaj\u0105ce produktywno\u015b\u0107:<\/em> Wraz z Word, Excel i PowerPoint zapoznasz si\u0119 z najwa\u017cniejszymi aplikacjami Office potrzebnymi do tworzenia dokument\u00f3w, analiz i prezentacji.<\/li>\n<li><em>Effici\u00ebnt Zakelijk Beheer:<\/em> Outlook pomaga organizowa\u0107 wiadomo\u015bci e-mail, kontakty i kontakty, dzi\u0119ki czemu mo\u017cna efektywnie komunikowa\u0107 si\u0119 i planowa\u0107.<\/li>\n<li><em>Kontrola finansowa:<\/em> Excel jest idealnym narz\u0119dziem do zarz\u0105dzania finansami, bud\u017cetowania i analiz.<\/li>\n<li><em>Notities en Organisatie:<\/em> OneNote to uporz\u0105dkowane i intuicyjne narz\u0119dzie do tworzenia i organizowania notatek i pomys\u0142\u00f3w.<\/li>\n<\/ul>\n<p><strong>Kompatybilno\u015b\u0107:<\/strong> Microsoft Office 2019 Home and Business jest kompatybilny z innymi wersjami pakietu Office, dzi\u0119ki czemu mo\u017cna otwiera\u0107 i przetwarza\u0107 najlepsze dokumenty. Ponadto pakiet ten mo\u017cna zintegrowa\u0107 z us\u0142ugami w chmurze, dzi\u0119ki czemu mo\u017cna uzyska\u0107 dost\u0119p do dokument\u00f3w i wiadomo\u015bci.<\/p>\n<p><strong>Systeemvereisten:<\/strong> Aby zainstalowa\u0107 i korzysta\u0107 z pakietu Office 2019 dla U\u017cytkownik\u00f3w Domowych i Ma\u0142ych Firm, nale\u017cy zainstalowa\u0107 komputer z odpowiednimi minimalnymi wymaganiami systemowymi:<\/p>\n<ul>\n<li><strong>Najlepszy system:<\/strong> Windows 10 of hoger.<\/li>\n<li><strong>Procesor:<\/strong> 1,6 GHz, dwurdzeniowy.<\/li>\n<li><strong>Geheugen (RAM):<\/strong> Minimum 4 GB pami\u0119ci RAM dla systemu Windows.<\/li>\n<li><strong>Vaste schijf:<\/strong> Minimaal 4 GB vrije schijfruimte voor Windows.<\/li>\n<li><strong>Beeldscherm:<\/strong> Ekran o rozdzielczo\u015bci co najmniej 1280 x 800 pikseli.<\/li>\n<\/ul>","protected":false},"excerpt":{"rendered":"<p>Word 2019, Excel 2019, PowerPoint 2019, OneNote 2019 i Outlook 2019. Idealny dla pocz\u0105tkuj\u0105cych u\u017cytkownik\u00f3w!<\/p>\n<h5><img decoding=\"async\" class=\"wp-image-38007 alignnone\" src=\"https:\/\/licencegrid.com\/wp-content\/uploads\/2022\/02\/blue-mark.png\" alt=\"\" width=\"25\" height=\"25\" srcset=\"https:\/\/licencegrid.com\/wp-content\/uploads\/2022\/02\/blue-mark.png 225w, https:\/\/licencegrid.com\/wp-content\/uploads\/2022\/02\/blue-mark-150x150.png 150w\" sizes=\"(max-width: 25px) 100vw, 25px\" \/>\u00a0<strong>Szybka i prosta obs\u0142uga oprogramowania!<br \/>\n<\/strong><img decoding=\"async\" class=\"wp-image-38007 alignnone\" src=\"https:\/\/licencegrid.com\/wp-content\/uploads\/2022\/02\/blue-mark.png\" alt=\"\" width=\"25\" height=\"25\" srcset=\"https:\/\/licencegrid.com\/wp-content\/uploads\/2022\/02\/blue-mark.png 225w, https:\/\/licencegrid.com\/wp-content\/uploads\/2022\/02\/blue-mark-150x150.png 150w\" sizes=\"(max-width: 25px) 100vw, 25px\" \/>\u00a0<strong>Binnen enkele seconden, digitaal geleverd!<br \/>\n<\/strong><img decoding=\"async\" class=\"wp-image-38007 alignnone\" src=\"https:\/\/licencegrid.com\/wp-content\/uploads\/2022\/02\/blue-mark.png\" alt=\"\" width=\"25\" height=\"25\" srcset=\"https:\/\/licencegrid.com\/wp-content\/uploads\/2022\/02\/blue-mark.png 225w, https:\/\/licencegrid.com\/wp-content\/uploads\/2022\/02\/blue-mark-150x150.png 150w\" sizes=\"(max-width: 25px) 100vw, 25px\" \/>\u00a0<strong>Niet goed = Geld terug!<br \/>\n<\/strong><img decoding=\"async\" class=\"wp-image-38007 alignnone\" src=\"https:\/\/licencegrid.com\/wp-content\/uploads\/2022\/02\/blue-mark.png\" alt=\"\" width=\"25\" height=\"25\" srcset=\"https:\/\/licencegrid.com\/wp-content\/uploads\/2022\/02\/blue-mark.png 225w, https:\/\/licencegrid.com\/wp-content\/uploads\/2022\/02\/blue-mark-150x150.png 150w\" sizes=\"(max-width: 25px) 100vw, 25px\" \/> Klantenservice tot 23:00 bereikbaar!<br \/>\n<img decoding=\"async\" class=\"wp-image-38007 alignnone\" src=\"https:\/\/licencegrid.com\/wp-content\/uploads\/2022\/02\/blue-mark.png\" alt=\"\" width=\"25\" height=\"25\" srcset=\"https:\/\/licencegrid.com\/wp-content\/uploads\/2022\/02\/blue-mark.png 225w, https:\/\/licencegrid.com\/wp-content\/uploads\/2022\/02\/blue-mark-150x150.png 150w\" sizes=\"(max-width: 25px) 100vw, 25px\" \/> Skorzystaj z holenderskiego sklepu internetowego z kluczem do sklepu internetowego!<\/h5>\n<h3><\/h3>","protected":false},"featured_media":69,"template":"","meta":{"inline_featured_image":false},"product_brand":[],"product_cat":[17],"product_tag":[],"class_list":{"0":"post-28","1":"product","2":"type-product","3":"status-publish","4":"has-post-thumbnail","6":"product_cat-microsoft-office","8":"first","9":"instock","10":"sale","11":"taxable","12":"shipping-taxable","13":"purchasable","14":"product-type-simple"},"_links":{"self":[{"href":"https:\/\/licencegrid.com\/pl\/wp-json\/wp\/v2\/product\/28","targetHints":{"allow":["GET"]}}],"collection":[{"href":"https:\/\/licencegrid.com\/pl\/wp-json\/wp\/v2\/product"}],"about":[{"href":"https:\/\/licencegrid.com\/pl\/wp-json\/wp\/v2\/types\/product"}],"wp:featuredmedia":[{"embeddable":true,"href":"https:\/\/licencegrid.com\/pl\/wp-json\/wp\/v2\/media\/69"}],"wp:attachment":[{"href":"https:\/\/licencegrid.com\/pl\/wp-json\/wp\/v2\/media?parent=28"}],"wp:term":[{"taxonomy":"product_brand","embeddable":true,"href":"https:\/\/licencegrid.com\/pl\/wp-json\/wp\/v2\/product_brand?post=28"},{"taxonomy":"product_cat","embeddable":true,"href":"https:\/\/licencegrid.com\/pl\/wp-json\/wp\/v2\/product_cat?post=28"},{"taxonomy":"product_tag","embeddable":true,"href":"https:\/\/licencegrid.com\/pl\/wp-json\/wp\/v2\/product_tag?post=28"}],"curies":[{"name":"wp","href":"https:\/\/api.w.org\/{rel}","templated":true}]}}