{"id":31,"date":"2023-10-10T20:56:38","date_gmt":"2023-10-10T20:56:38","guid":{"rendered":"https:\/\/licencegrid.com\/?post_type=product&#038;p=31"},"modified":"2023-10-28T18:12:22","modified_gmt":"2023-10-28T18:12:22","slug":"mcafee-internet-security-1pc-1-jaar","status":"publish","type":"product","link":"https:\/\/licencegrid.com\/pl\/produkt\/mcafee-internet-security-1pc-1-jaar\/","title":{"rendered":"McAfee Internet Security 1PC - 1 JAAR"},"content":{"rendered":"<p>McAfee Internet Security to innowacyjne oprogramowanie zabezpieczaj\u0105ce, stworzone specjalnie z my\u015bl\u0105 o ochronie Twojej aktywno\u015bci w Internecie. Licencja na okres 1 roku na 1 komputer zapewnia ochron\u0119 przed zagro\u017ceniami internetowymi, w tym wirusami, z\u0142o\u015bliwym oprogramowaniem, atakami phishingowymi i innymi.<\/p>\n<p><strong>Belangrijkste Kenmerken:<\/strong> McAfee Internet Security oferuje szerok\u0105 gam\u0119 zabezpiecze\u0144 i opcji, takich jak:<\/p>\n<ul>\n<li><strong>Antivirus en Antispyware:<\/strong> Zabezpiecz sw\u00f3j komputer przed wirusami, z\u0142o\u015bliwym oprogramowaniem i programami szpieguj\u0105cymi, aby chroni\u0107 swoje dane i prywatno\u015b\u0107.<\/li>\n<li><strong>Zapora sieciowa:<\/strong> Zapewnij sobie dost\u0119p do systemu w spos\u00f3b automatyczny i korzystaj z sieci, aby m\u00f3c bez przeszk\u00f3d korzysta\u0107 z us\u0142ug online.<\/li>\n<li><strong>Antyphishing:<\/strong> Wykrywaj i blokuj phishing, aby mie\u0107 pewno\u015b\u0107, \u017ce dane osobowe znajduj\u0105 si\u0119 w niepowo\u0142anych r\u0119kach.<\/li>\n<li><strong>Zarz\u0105dzanie transakcjami finansowymi:<\/strong> Korzystaj z zak\u0142ad\u00f3w online i transakcji bankowych z dodatkowymi warunkami.<\/li>\n<li><strong>Przegl\u0105danie na \u017cywo:<\/strong> Mo\u017cliwo\u015b\u0107 p\u0142ynnego przegl\u0105dania stron internetowych i pobierania plik\u00f3w w czasie rzeczywistym.<\/li>\n<li><strong>Geoptimaliseerd Systeemgebruik:<\/strong> Ochrona przed utrat\u0105 danych firmy McAfee ma minimalny wp\u0142yw na statystyki systemu w celu zapewnienia niezawodnego dzia\u0142ania.<\/li>\n<\/ul>\n<p><strong>Kompatybilno\u015b\u0107:<\/strong> McAfee Internet Security jest kompatybilny z systemami Windows i mo\u017ce by\u0107 bezpo\u015brednio zintegrowany z najlepszym oprogramowaniem i programami.<\/p>\n<p><strong>Systeemvereisten:<\/strong> Aby zainstalowa\u0107 i korzysta\u0107 z programu McAfee Internet Security, nale\u017cy zapozna\u0107 si\u0119 z komputerem zawieraj\u0105cym nast\u0119puj\u0105ce minimalne wymagania systemowe:<\/p>\n<ul>\n<li><strong>Najlepszy system:<\/strong> Windows 7\/8\/10.<\/li>\n<li><strong>Procesor:<\/strong> 1 GHz sneller.<\/li>\n<li><strong>Geheugen (RAM):<\/strong> Minimum 2 GB pami\u0119ci RAM.<\/li>\n<li><strong>Vaste schijf:<\/strong> Minimaal 500 MB vrije schijfruimte.<\/li>\n<li><strong>Internetverbinding:<\/strong> Do aktywacji i aktualizacji.<\/li>\n<\/ul>","protected":false},"excerpt":{"rendered":"<p>McAfee Internet Security \u0142\u0105czy \"wielokrotnie nagradzany AntiVirus Cloud\" z inteligentn\u0105 ochron\u0105 online w praktycznym pakiecie.<\/p>\n<h5><img decoding=\"async\" class=\"wp-image-38007 alignnone\" src=\"https:\/\/licencegrid.com\/wp-content\/uploads\/2022\/02\/blue-mark.png\" alt=\"\" width=\"25\" height=\"25\" srcset=\"https:\/\/licencegrid.com\/wp-content\/uploads\/2022\/02\/blue-mark.png 225w, https:\/\/licencegrid.com\/wp-content\/uploads\/2022\/02\/blue-mark-150x150.png 150w\" sizes=\"(max-width: 25px) 100vw, 25px\" \/>\u00a0<strong>Szybka i prosta obs\u0142uga oprogramowania!<br \/>\n<\/strong><img decoding=\"async\" class=\"wp-image-38007 alignnone\" src=\"https:\/\/licencegrid.com\/wp-content\/uploads\/2022\/02\/blue-mark.png\" alt=\"\" width=\"25\" height=\"25\" srcset=\"https:\/\/licencegrid.com\/wp-content\/uploads\/2022\/02\/blue-mark.png 225w, https:\/\/licencegrid.com\/wp-content\/uploads\/2022\/02\/blue-mark-150x150.png 150w\" sizes=\"(max-width: 25px) 100vw, 25px\" \/>\u00a0<strong>Binnen enkele seconden, digitaal geleverd!<br \/>\n<\/strong><img decoding=\"async\" class=\"wp-image-38007 alignnone\" src=\"https:\/\/licencegrid.com\/wp-content\/uploads\/2022\/02\/blue-mark.png\" alt=\"\" width=\"25\" height=\"25\" srcset=\"https:\/\/licencegrid.com\/wp-content\/uploads\/2022\/02\/blue-mark.png 225w, https:\/\/licencegrid.com\/wp-content\/uploads\/2022\/02\/blue-mark-150x150.png 150w\" sizes=\"(max-width: 25px) 100vw, 25px\" \/>\u00a0<strong>Niet goed = Geld terug!<br \/>\n<\/strong><img decoding=\"async\" class=\"wp-image-38007 alignnone\" src=\"https:\/\/licencegrid.com\/wp-content\/uploads\/2022\/02\/blue-mark.png\" alt=\"\" width=\"25\" height=\"25\" srcset=\"https:\/\/licencegrid.com\/wp-content\/uploads\/2022\/02\/blue-mark.png 225w, https:\/\/licencegrid.com\/wp-content\/uploads\/2022\/02\/blue-mark-150x150.png 150w\" sizes=\"(max-width: 25px) 100vw, 25px\" \/> Klantenservice tot 23:00 bereikbaar!<br \/>\n<img decoding=\"async\" class=\"wp-image-38007 alignnone\" src=\"https:\/\/licencegrid.com\/wp-content\/uploads\/2022\/02\/blue-mark.png\" alt=\"\" width=\"25\" height=\"25\" srcset=\"https:\/\/licencegrid.com\/wp-content\/uploads\/2022\/02\/blue-mark.png 225w, https:\/\/licencegrid.com\/wp-content\/uploads\/2022\/02\/blue-mark-150x150.png 150w\" sizes=\"(max-width: 25px) 100vw, 25px\" \/> Skorzystaj z holenderskiego sklepu internetowego z kluczem do sklepu internetowego!<\/h5>\n<h3><\/h3>","protected":false},"featured_media":72,"template":"","meta":{"inline_featured_image":false},"product_brand":[],"product_cat":[18],"product_tag":[],"class_list":{"0":"post-31","1":"product","2":"type-product","3":"status-publish","4":"has-post-thumbnail","6":"product_cat-antivirus","8":"first","9":"instock","10":"sale","11":"taxable","12":"shipping-taxable","13":"purchasable","14":"product-type-simple"},"_links":{"self":[{"href":"https:\/\/licencegrid.com\/pl\/wp-json\/wp\/v2\/product\/31","targetHints":{"allow":["GET"]}}],"collection":[{"href":"https:\/\/licencegrid.com\/pl\/wp-json\/wp\/v2\/product"}],"about":[{"href":"https:\/\/licencegrid.com\/pl\/wp-json\/wp\/v2\/types\/product"}],"wp:featuredmedia":[{"embeddable":true,"href":"https:\/\/licencegrid.com\/pl\/wp-json\/wp\/v2\/media\/72"}],"wp:attachment":[{"href":"https:\/\/licencegrid.com\/pl\/wp-json\/wp\/v2\/media?parent=31"}],"wp:term":[{"taxonomy":"product_brand","embeddable":true,"href":"https:\/\/licencegrid.com\/pl\/wp-json\/wp\/v2\/product_brand?post=31"},{"taxonomy":"product_cat","embeddable":true,"href":"https:\/\/licencegrid.com\/pl\/wp-json\/wp\/v2\/product_cat?post=31"},{"taxonomy":"product_tag","embeddable":true,"href":"https:\/\/licencegrid.com\/pl\/wp-json\/wp\/v2\/product_tag?post=31"}],"curies":[{"name":"wp","href":"https:\/\/api.w.org\/{rel}","templated":true}]}}