{"id":32,"date":"2023-10-10T20:56:38","date_gmt":"2023-10-10T20:56:38","guid":{"rendered":"https:\/\/licencegrid.com\/?post_type=product&#038;p=32"},"modified":"2023-11-05T19:50:44","modified_gmt":"2023-11-05T19:50:44","slug":"mcafee-antivirus-plus","status":"publish","type":"product","link":"https:\/\/licencegrid.com\/pl\/produkt\/mcafee-antivirus-plus\/","title":{"rendered":"McAfee Antivirus Plus"},"content":{"rendered":"<p>McAfee Antivirus Plus jest zaawansowanym oprogramowaniem antywirusowym stworzonym w celu ochrony cyfrowego \u015bwiata przed wirusami, z\u0142o\u015bliwym oprogramowaniem, programami szpieguj\u0105cymi i innymi zagro\u017ceniami internetowymi. To doskona\u0142e oprogramowanie antywirusowe zapewnia ochron\u0119 nie tylko komputera, ale tak\u017ce wszystkich urz\u0105dze\u0144 i zapewnia bezpiecze\u0144stwo cyfrowe.<\/p>\n<p><strong>Najwa\u017cniejsze informacje:<\/strong><\/p>\n<ol>\n<li><strong>Bescherming w czasie rzeczywistym:<\/strong> McAfee Antivirus Plus zapewnia ci\u0105g\u0142\u0105 ochron\u0119 przed wirusami i z\u0142o\u015bliwym oprogramowaniem w czasie rzeczywistym, dzi\u0119ki czemu komputer i dane s\u0105 chronione.<\/li>\n<li><strong>Firewall i ochrona sieci:<\/strong> Wbudowana zapora sieciowa i rozwi\u0105zania sieciowe umo\u017cliwiaj\u0105 dost\u0119p do wielu zagro\u017ce\u0144, kt\u00f3re naruszaj\u0105 prywatno\u015b\u0107 i to\u017csamo\u015b\u0107 u\u017cytkownik\u00f3w.<\/li>\n<li><strong>Webbeveiliging:<\/strong> Oprogramowanie to chroni przed potencjalnie niebezpiecznymi witrynami internetowymi i blokuje strony phishingowe, dzi\u0119ki czemu mo\u017cna surfowa\u0107 w ukryciu.<\/li>\n<li><strong>Optimalisatie van Systeemprestaties:<\/strong> McAfee Antivirus Plus weryfikuje statystyki systemowe za pomoc\u0105 niezale\u017cnych rozwi\u0105za\u0144 i automatycznych aktualizacji na komputerze.<\/li>\n<li><strong>Veilige Gegevensversleuteling:<\/strong> Podane informacje mog\u0105 by\u0107 w spos\u00f3b nie budz\u0105cy w\u0105tpliwo\u015bci opresjonowane i wersjonowane.<\/li>\n<li><strong>Obs\u0142uga wielu urz\u0105dze\u0144:<\/strong> Dzi\u0119ki abonamentowi mo\u017cna korzysta\u0107 ze wszystkich urz\u0105dze\u0144, w tym komputer\u00f3w PC i Mac, smartfon\u00f3w i tablet\u00f3w.<\/li>\n<li><strong>24\/7 Klantenondersteuning:<\/strong> McAfee zapewnia dost\u0119p do zaawansowanej obs\u0142ugi, dzi\u0119ki czemu mo\u017cna szybko usun\u0105\u0107 zagro\u017cenia i problemy.<\/li>\n<\/ol>\n<p><strong>Systeemvereisten:<\/strong><\/p>\n<p>Aby program McAfee Antivirus Plus zosta\u0142 zainstalowany i dzia\u0142a\u0142 optymalnie, nale\u017cy zapozna\u0107 si\u0119 z minimalnymi wymaganiami systemowymi:<\/p>\n<ul>\n<li>Najlepszy system operacyjny: Windows 7, 8, 8.1 z 10 (32-bit z 64-bit)<\/li>\n<li>Procesor: 1 GHz sneller<\/li>\n<li>Pami\u0119\u0107 RAM: 2 GB<\/li>\n<li>Twarda pami\u0119\u0107: 500 MB vrije ruimte<\/li>\n<li>Internetverbinding: Dost\u0119p do aktualizacji i us\u0142ug w czasie rzeczywistym<\/li>\n<\/ul>\n<p>McAfee Antivirus Plus to niezawodne oprogramowanie chroni\u0105ce przed zagro\u017ceniami cyfrowymi, kt\u00f3re umo\u017cliwia korzystanie z Internetu, bankowo\u015bci elektronicznej, poczty e-mail lub innych us\u0142ug. Dzi\u0119ki ci\u0105g\u0142ym aktualizacjom i nowoczesnym technologiom, oprogramowanie to jest niezawodne, a urz\u0105dzenia i oprogramowanie s\u0105 zabezpieczone przed nowymi zagro\u017ceniami. Jest to niezb\u0119dne narz\u0119dzie dla wszystkich tych, kt\u00f3rzy oczekuj\u0105 bezpiecze\u0144stwa online.<\/p>","protected":false},"excerpt":{"rendered":"<p>McAfee Antivirus Plus jest zaawansowanym oprogramowaniem antywirusowym stworzonym w celu ochrony cyfrowego \u015bwiata przed wirusami, z\u0142o\u015bliwym oprogramowaniem, programami szpieguj\u0105cymi i innymi zagro\u017ceniami internetowymi. To doskona\u0142e oprogramowanie antywirusowe zapewnia ochron\u0119 nie tylko komputera, ale tak\u017ce wszystkich urz\u0105dze\u0144 i zapewnia bezpiecze\u0144stwo cyfrowe.<\/p>\n<h5><img decoding=\"async\" class=\"wp-image-38007 alignnone\" src=\"https:\/\/licencegrid.com\/wp-content\/uploads\/2022\/02\/blue-mark.png\" alt=\"\" width=\"25\" height=\"25\" srcset=\"https:\/\/licencegrid.com\/wp-content\/uploads\/2022\/02\/blue-mark.png 225w, https:\/\/licencegrid.com\/wp-content\/uploads\/2022\/02\/blue-mark-150x150.png 150w\" sizes=\"(max-width: 25px) 100vw, 25px\" \/>\u00a0<strong>Szybka i prosta obs\u0142uga oprogramowania!<br \/>\n<\/strong><img decoding=\"async\" class=\"wp-image-38007 alignnone\" src=\"https:\/\/licencegrid.com\/wp-content\/uploads\/2022\/02\/blue-mark.png\" alt=\"\" width=\"25\" height=\"25\" srcset=\"https:\/\/licencegrid.com\/wp-content\/uploads\/2022\/02\/blue-mark.png 225w, https:\/\/licencegrid.com\/wp-content\/uploads\/2022\/02\/blue-mark-150x150.png 150w\" sizes=\"(max-width: 25px) 100vw, 25px\" \/>\u00a0<strong>Binnen enkele seconden, digitaal geleverd!<br \/>\n<\/strong><img decoding=\"async\" class=\"wp-image-38007 alignnone\" src=\"https:\/\/licencegrid.com\/wp-content\/uploads\/2022\/02\/blue-mark.png\" alt=\"\" width=\"25\" height=\"25\" srcset=\"https:\/\/licencegrid.com\/wp-content\/uploads\/2022\/02\/blue-mark.png 225w, https:\/\/licencegrid.com\/wp-content\/uploads\/2022\/02\/blue-mark-150x150.png 150w\" sizes=\"(max-width: 25px) 100vw, 25px\" \/>\u00a0<strong>Niet goed = Geld terug!<br \/>\n<\/strong><img decoding=\"async\" class=\"wp-image-38007 alignnone\" src=\"https:\/\/licencegrid.com\/wp-content\/uploads\/2022\/02\/blue-mark.png\" alt=\"\" width=\"25\" height=\"25\" srcset=\"https:\/\/licencegrid.com\/wp-content\/uploads\/2022\/02\/blue-mark.png 225w, https:\/\/licencegrid.com\/wp-content\/uploads\/2022\/02\/blue-mark-150x150.png 150w\" sizes=\"(max-width: 25px) 100vw, 25px\" \/> Klantenservice tot 23:00 bereikbaar!<br \/>\n<img decoding=\"async\" class=\"wp-image-38007 alignnone\" src=\"https:\/\/licencegrid.com\/wp-content\/uploads\/2022\/02\/blue-mark.png\" alt=\"\" width=\"25\" height=\"25\" srcset=\"https:\/\/licencegrid.com\/wp-content\/uploads\/2022\/02\/blue-mark.png 225w, https:\/\/licencegrid.com\/wp-content\/uploads\/2022\/02\/blue-mark-150x150.png 150w\" sizes=\"(max-width: 25px) 100vw, 25px\" \/> Skorzystaj z holenderskiego sklepu internetowego z kluczem do sklepu internetowego!<\/h5>\n<h3><\/h3>","protected":false},"featured_media":73,"template":"","meta":{"inline_featured_image":false},"product_brand":[],"product_cat":[18],"product_tag":[],"class_list":{"0":"post-32","1":"product","2":"type-product","3":"status-publish","4":"has-post-thumbnail","6":"product_cat-antivirus","8":"first","9":"instock","10":"sale","11":"taxable","12":"shipping-taxable","13":"purchasable","14":"product-type-simple"},"_links":{"self":[{"href":"https:\/\/licencegrid.com\/pl\/wp-json\/wp\/v2\/product\/32","targetHints":{"allow":["GET"]}}],"collection":[{"href":"https:\/\/licencegrid.com\/pl\/wp-json\/wp\/v2\/product"}],"about":[{"href":"https:\/\/licencegrid.com\/pl\/wp-json\/wp\/v2\/types\/product"}],"wp:featuredmedia":[{"embeddable":true,"href":"https:\/\/licencegrid.com\/pl\/wp-json\/wp\/v2\/media\/73"}],"wp:attachment":[{"href":"https:\/\/licencegrid.com\/pl\/wp-json\/wp\/v2\/media?parent=32"}],"wp:term":[{"taxonomy":"product_brand","embeddable":true,"href":"https:\/\/licencegrid.com\/pl\/wp-json\/wp\/v2\/product_brand?post=32"},{"taxonomy":"product_cat","embeddable":true,"href":"https:\/\/licencegrid.com\/pl\/wp-json\/wp\/v2\/product_cat?post=32"},{"taxonomy":"product_tag","embeddable":true,"href":"https:\/\/licencegrid.com\/pl\/wp-json\/wp\/v2\/product_tag?post=32"}],"curies":[{"name":"wp","href":"https:\/\/api.w.org\/{rel}","templated":true}]}}